{"id":14274,"date":"2026-01-02T12:52:52","date_gmt":"2026-01-02T10:52:52","guid":{"rendered":"https:\/\/mekulo.com\/dk\/produkt\/forbedret-vandrenser-til-vandhaner\/"},"modified":"2026-01-02T18:23:30","modified_gmt":"2026-01-02T16:23:30","slug":"forbedret-vandrenser-til-vandhaner","status":"publish","type":"product","link":"https:\/\/mekulo.com\/dk\/produkt\/forbedret-vandrenser-til-vandhaner\/","title":{"rendered":"Forbedret vandrenser til vandhaner"},"content":{"rendered":"<p style=\"text-align: center;\" data-start=\"55\" data-end=\"115\"><strong>Nyd Renere Og Mere Sikkert Drikkevand Direkte Fra Hanen. \ud83d\udeb0<\/strong><\/p>\n<p data-start=\"140\" data-end=\"465\"><img fetchpriority=\"high\" decoding=\"async\" class=\" wp-image-47417 aligncenter\" src=\"https:\/\/keluvo.com\/template\/wp-content\/uploads\/sites\/5\/2025\/12\/spp_20240515175807_b6624d1c7ebf67342a2fc866851aab9c.webp\" alt=\"\" width=\"501\" height=\"501\" \/><\/p>\n<h2 style=\"text-align: center;\" data-start=\"472\" data-end=\"494\">\ud83d\udca7 Vigtigste fordele<\/h2>\n<p data-start=\"497\" data-end=\"576\">\ud83d\udeb0 Avanceret filtrering &#8211; Fjerner bakterier, sediment, rust og urenheder.<\/p>\n<p data-start=\"579\" data-end=\"656\">\ud83e\uddea Ultrafin n\u00f8jagtighed &#8211; Filtrerer partikler st\u00f8rre end 0,01 mikrometer.<\/p>\n<p data-start=\"659\" data-end=\"731\">\ud83d\udee1\ufe0f Sundhedsbeskyttelse &#8211; Reducerer klor, bly og organisk materiale.<\/p>\n<p data-start=\"734\" data-end=\"797\">\ud83d\udd29 Rustfrit st\u00e5lhus &#8211; Rustbestandigt og langtidsholdbart.<\/p>\n<p data-start=\"800\" data-end=\"861\">\ud83e\uddf0 Nem installation &#8211; Fastg\u00f8res til de fleste vandhaner p\u00e5 f\u00e5 minutter.<\/p>\n<p data-start=\"864\" data-end=\"937\">\ud83c\udf31 Milj\u00f8venlig &amp; BPA-fri &#8211; Sikker til daglig brug og milj\u00f8et.<\/p>\n<p data-start=\"864\" data-end=\"937\"><img decoding=\"async\" class=\" wp-image-47416 aligncenter\" src=\"https:\/\/keluvo.com\/template\/wp-content\/uploads\/sites\/5\/2025\/12\/spp_20240515175800_26daad58eb7d5a9a062af0b0c13c472b.webp\" alt=\"\" width=\"501\" height=\"501\" \/><\/p>\n<h2 style=\"text-align: center;\" data-start=\"944\" data-end=\"963\">\u25b6\ufe0f S\u00e5dan Bruges<\/h2>\n<ol data-start=\"964\" data-end=\"1217\">\n<li data-start=\"964\" data-end=\"1014\">\n<p data-start=\"967\" data-end=\"1014\">Fjern den eksisterende belufter fra din vandhane.<\/p>\n<\/li>\n<li data-start=\"1015\" data-end=\"1065\">\n<p data-start=\"1018\" data-end=\"1065\">Fastg\u00f8r vandrenseren til vandhanen med h\u00e5nden.<\/p>\n<\/li>\n<li data-start=\"1066\" data-end=\"1115\">\n<p data-start=\"1069\" data-end=\"1115\">T\u00e6nd for vandet, og kontroller, om der er korrekt flow.<\/p>\n<\/li>\n<li data-start=\"1116\" data-end=\"1173\">\n<p data-start=\"1119\" data-end=\"1173\">Brug filtreret vand direkte til at drikke eller lave mad.<\/p>\n<\/li>\n<li data-start=\"1174\" data-end=\"1217\">\n<p data-start=\"1177\" data-end=\"1217\">Skyl eller reng\u00f8r filteret, n\u00e5r det er n\u00f8dvendigt.<\/p>\n<\/li>\n<\/ol>\n<h2 style=\"text-align: center;\" data-start=\"1224\" data-end=\"1248\">\ud83d\udccf Produktdetaljer<\/h2>\n<ul data-start=\"1249\" data-end=\"1487\">\n<li data-start=\"1249\" data-end=\"1278\">\n<p data-start=\"1251\" data-end=\"1278\">Materiale: Rustfrit st\u00e5l<\/p>\n<\/li>\n<li data-start=\"1249\" data-end=\"1278\">\n<p data-start=\"1251\" data-end=\"1278\">Ventilmateriale: Legering<\/p>\n<\/li>\n<li data-start=\"1249\" data-end=\"1278\">\n<p data-start=\"1251\" data-end=\"1278\">Filtreringsn\u00f8jagtighed: 0,01 mikrometer<\/p>\n<\/li>\n<li data-start=\"1321\" data-end=\"1371\">\n<p data-start=\"1323\" data-end=\"1371\">Filterlevetid: Op til 6 m\u00e5neder eller 1200 liter<\/p>\n<\/li>\n<li data-start=\"1372\" data-end=\"1410\">\n<p data-start=\"1374\" data-end=\"1410\">Filtertype: Vaskbar og genanvendelig<\/p>\n<\/li>\n<li data-start=\"1411\" data-end=\"1456\">\n<p data-start=\"1413\" data-end=\"1456\">Kompatibilitet: Passer til de fleste standardvandhaner<\/p>\n<\/li>\n<li data-start=\"1457\" data-end=\"1487\">\n<p data-start=\"1459\" data-end=\"1487\">Sikkerhed: BPA-frie materialer<\/p>\n<\/li>\n<li data-start=\"1457\" data-end=\"1487\">\n<p data-start=\"1459\" data-end=\"1487\">Anvendeligt vandtryk: 0,1 &#8211; 0,5MPa<\/p>\n<\/li>\n<li data-start=\"1457\" data-end=\"1487\">Rent vandflow: 2L\/MIN<\/li>\n<\/ul>\n<h2 style=\"text-align: center;\" data-start=\"1494\" data-end=\"1519\">\ud83d\udce6 Pakken indeholder<\/h2>\n<ul data-start=\"1520\" data-end=\"1558\">\n<li data-start=\"1520\" data-end=\"1558\">\n<p data-start=\"1522\" data-end=\"1558\">1x forbedret vandhanevandrenser<\/p>\n<\/li>\n<li data-start=\"1520\" data-end=\"1558\">\n<p data-start=\"1522\" data-end=\"1558\">1x filter.<\/p>\n<\/li>\n<\/ul>\n","protected":false},"excerpt":{"rendered":"<p>Denne forbedrede vandrenser til vandhaner s\u00e6ttes direkte p\u00e5 din vandhane og filtrerer vandet, mens det str\u00f8mmer, og fjerner skadelige urenheder, f\u00f8r du drikker det. Med avanceret filtrering og en holdbar krop i rustfrit st\u00e5l hj\u00e6lper den med at beskytte din families sundhed, samtidig med at den forbedrer smagen og vandets klarhed. Der er ikke brug for v\u00e6rkt\u00f8j eller VVS-f\u00e6rdigheder.<\/p>\n","protected":false},"featured_media":14270,"comment_status":"open","ping_status":"closed","template":"","meta":{"site-sidebar-layout":"default","site-content-layout":"","ast-site-content-layout":"default","site-content-style":"default","site-sidebar-style":"default","ast-global-header-display":"","ast-banner-title-visibility":"","ast-main-header-display":"","ast-hfb-above-header-display":"","ast-hfb-below-header-display":"","ast-hfb-mobile-header-display":"","site-post-title":"","ast-breadcrumbs-content":"","ast-featured-img":"","footer-sml-layout":"","ast-disable-related-posts":"","theme-transparent-header-meta":"default","adv-header-id-meta":"","stick-header-meta":"","header-above-stick-meta":"","header-main-stick-meta":"","header-below-stick-meta":"","astra-migrate-meta-layouts":"set","ast-page-background-enabled":"default","ast-page-background-meta":{"desktop":{"background-color":"var(--ast-global-color-5)","background-image":"","background-repeat":"repeat","background-position":"center center","background-size":"auto","background-attachment":"scroll","background-type":"","background-media":"","overlay-type":"","overlay-color":"","overlay-opacity":"","overlay-gradient":""},"tablet":{"background-color":"","background-image":"","background-repeat":"repeat","background-position":"center center","background-size":"auto","background-attachment":"scroll","background-type":"","background-media":"","overlay-type":"","overlay-color":"","overlay-opacity":"","overlay-gradient":""},"mobile":{"background-color":"","background-image":"","background-repeat":"repeat","background-position":"center center","background-size":"auto","background-attachment":"scroll","background-type":"","background-media":"","overlay-type":"","overlay-color":"","overlay-opacity":"","overlay-gradient":""}},"ast-content-background-meta":{"desktop":{"background-color":"var(--ast-global-color-4)","background-image":"","background-repeat":"repeat","background-position":"center center","background-size":"auto","background-attachment":"scroll","background-type":"","background-media":"","overlay-type":"","overlay-color":"","overlay-opacity":"","overlay-gradient":""},"tablet":{"background-color":"var(--ast-global-color-4)","background-image":"","background-repeat":"repeat","background-position":"center center","background-size":"auto","background-attachment":"scroll","background-type":"","background-media":"","overlay-type":"","overlay-color":"","overlay-opacity":"","overlay-gradient":""},"mobile":{"background-color":"var(--ast-global-color-4)","background-image":"","background-repeat":"repeat","background-position":"center center","background-size":"auto","background-attachment":"scroll","background-type":"","background-media":"","overlay-type":"","overlay-color":"","overlay-opacity":"","overlay-gradient":""}}},"product_brand":[],"product_cat":[15],"product_tag":[],"class_list":{"0":"post-14274","1":"product","2":"type-product","3":"status-publish","4":"has-post-thumbnail","6":"product_cat-uncategorized","7":"desktop-align-left","8":"tablet-align-left","9":"mobile-align-left","11":"first","12":"instock","13":"shipping-taxable","14":"purchasable","15":"product-type-simple"},"yoast_head":"<!-- This site is optimized with the Yoast SEO plugin v27.4 - https:\/\/yoast.com\/product\/yoast-seo-wordpress\/ -->\n<title>Forbedret vandrenser til vandhaner - Mekulo DK<\/title>\n<meta name=\"robots\" content=\"index, follow, max-snippet:-1, max-image-preview:large, max-video-preview:-1\" \/>\n<link rel=\"canonical\" href=\"https:\/\/mekulo.com\/dk\/produkt\/forbedret-vandrenser-til-vandhaner\/\" \/>\n<meta property=\"og:locale\" content=\"da_DK\" \/>\n<meta property=\"og:type\" content=\"article\" \/>\n<meta property=\"og:title\" content=\"Forbedret vandrenser til vandhaner - Mekulo DK\" \/>\n<meta property=\"og:description\" content=\"Denne forbedrede vandrenser til vandhaner s\u00e6ttes direkte p\u00e5 din vandhane og filtrerer vandet, mens det str\u00f8mmer, og fjerner skadelige urenheder, f\u00f8r du drikker det. Med avanceret filtrering og en holdbar krop i rustfrit st\u00e5l hj\u00e6lper den med at beskytte din families sundhed, samtidig med at den forbedrer smagen og vandets klarhed. Der er ikke brug for v\u00e6rkt\u00f8j eller VVS-f\u00e6rdigheder.\" \/>\n<meta property=\"og:url\" content=\"https:\/\/mekulo.com\/dk\/produkt\/forbedret-vandrenser-til-vandhaner\/\" \/>\n<meta property=\"og:site_name\" content=\"Mekulo DK\" \/>\n<meta property=\"article:modified_time\" content=\"2026-01-02T16:23:30+00:00\" \/>\n<meta property=\"og:image\" content=\"https:\/\/mekulo.com\/dk\/wp-content\/uploads\/sites\/12\/2026\/01\/b0tgm0q-1.webp\" \/>\n\t<meta property=\"og:image:width\" content=\"713\" \/>\n\t<meta property=\"og:image:height\" content=\"713\" \/>\n\t<meta property=\"og:image:type\" content=\"image\/webp\" \/>\n<meta name=\"twitter:card\" content=\"summary_large_image\" \/>\n<meta name=\"twitter:label1\" content=\"Estimeret l\u00e6setid\" \/>\n\t<meta name=\"twitter:data1\" content=\"2 minutter\" \/>\n<script type=\"application\/ld+json\" class=\"yoast-schema-graph\">{\"@context\":\"https:\\\/\\\/schema.org\",\"@graph\":[{\"@type\":\"WebPage\",\"@id\":\"https:\\\/\\\/mekulo.com\\\/dk\\\/produkt\\\/forbedret-vandrenser-til-vandhaner\\\/\",\"url\":\"https:\\\/\\\/mekulo.com\\\/dk\\\/produkt\\\/forbedret-vandrenser-til-vandhaner\\\/\",\"name\":\"Forbedret vandrenser til vandhaner - Mekulo DK\",\"isPartOf\":{\"@id\":\"https:\\\/\\\/mekulo.com\\\/dk\\\/#website\"},\"primaryImageOfPage\":{\"@id\":\"https:\\\/\\\/mekulo.com\\\/dk\\\/produkt\\\/forbedret-vandrenser-til-vandhaner\\\/#primaryimage\"},\"image\":{\"@id\":\"https:\\\/\\\/mekulo.com\\\/dk\\\/produkt\\\/forbedret-vandrenser-til-vandhaner\\\/#primaryimage\"},\"thumbnailUrl\":\"https:\\\/\\\/mekulo.com\\\/dk\\\/wp-content\\\/uploads\\\/sites\\\/12\\\/2026\\\/01\\\/b0tgm0q-1.webp\",\"datePublished\":\"2026-01-02T10:52:52+00:00\",\"dateModified\":\"2026-01-02T16:23:30+00:00\",\"breadcrumb\":{\"@id\":\"https:\\\/\\\/mekulo.com\\\/dk\\\/produkt\\\/forbedret-vandrenser-til-vandhaner\\\/#breadcrumb\"},\"inLanguage\":\"da-DK\",\"potentialAction\":[{\"@type\":\"ReadAction\",\"target\":[\"https:\\\/\\\/mekulo.com\\\/dk\\\/produkt\\\/forbedret-vandrenser-til-vandhaner\\\/\"]}]},{\"@type\":\"ImageObject\",\"inLanguage\":\"da-DK\",\"@id\":\"https:\\\/\\\/mekulo.com\\\/dk\\\/produkt\\\/forbedret-vandrenser-til-vandhaner\\\/#primaryimage\",\"url\":\"https:\\\/\\\/mekulo.com\\\/dk\\\/wp-content\\\/uploads\\\/sites\\\/12\\\/2026\\\/01\\\/b0tgm0q-1.webp\",\"contentUrl\":\"https:\\\/\\\/mekulo.com\\\/dk\\\/wp-content\\\/uploads\\\/sites\\\/12\\\/2026\\\/01\\\/b0tgm0q-1.webp\",\"width\":713,\"height\":713},{\"@type\":\"BreadcrumbList\",\"@id\":\"https:\\\/\\\/mekulo.com\\\/dk\\\/produkt\\\/forbedret-vandrenser-til-vandhaner\\\/#breadcrumb\",\"itemListElement\":[{\"@type\":\"ListItem\",\"position\":1,\"name\":\"Home\",\"item\":\"https:\\\/\\\/mekulo.com\\\/dk\\\/\"},{\"@type\":\"ListItem\",\"position\":2,\"name\":\"Butik\",\"item\":\"https:\\\/\\\/mekulo.com\\\/dk\\\/butik\\\/\"},{\"@type\":\"ListItem\",\"position\":3,\"name\":\"Forbedret vandrenser til vandhaner\"}]},{\"@type\":\"WebSite\",\"@id\":\"https:\\\/\\\/mekulo.com\\\/dk\\\/#website\",\"url\":\"https:\\\/\\\/mekulo.com\\\/dk\\\/\",\"name\":\"Mekulo DK\",\"description\":\"\",\"publisher\":{\"@id\":\"https:\\\/\\\/mekulo.com\\\/dk\\\/#organization\"},\"potentialAction\":[{\"@type\":\"SearchAction\",\"target\":{\"@type\":\"EntryPoint\",\"urlTemplate\":\"https:\\\/\\\/mekulo.com\\\/dk\\\/?s={search_term_string}\"},\"query-input\":{\"@type\":\"PropertyValueSpecification\",\"valueRequired\":true,\"valueName\":\"search_term_string\"}}],\"inLanguage\":\"da-DK\"},{\"@type\":\"Organization\",\"@id\":\"https:\\\/\\\/mekulo.com\\\/dk\\\/#organization\",\"name\":\"Mekulo\",\"url\":\"https:\\\/\\\/mekulo.com\\\/dk\\\/\",\"logo\":{\"@type\":\"ImageObject\",\"inLanguage\":\"da-DK\",\"@id\":\"https:\\\/\\\/mekulo.com\\\/dk\\\/#\\\/schema\\\/logo\\\/image\\\/\",\"url\":\"https:\\\/\\\/mekulo.com\\\/dk\\\/wp-content\\\/uploads\\\/sites\\\/12\\\/2025\\\/12\\\/favicon_mekulo.png\",\"contentUrl\":\"https:\\\/\\\/mekulo.com\\\/dk\\\/wp-content\\\/uploads\\\/sites\\\/12\\\/2025\\\/12\\\/favicon_mekulo.png\",\"width\":50,\"height\":50,\"caption\":\"Mekulo\"},\"image\":{\"@id\":\"https:\\\/\\\/mekulo.com\\\/dk\\\/#\\\/schema\\\/logo\\\/image\\\/\"}}]}<\/script>\n<!-- \/ Yoast SEO plugin. -->","yoast_head_json":{"title":"Forbedret vandrenser til vandhaner - Mekulo DK","robots":{"index":"index","follow":"follow","max-snippet":"max-snippet:-1","max-image-preview":"max-image-preview:large","max-video-preview":"max-video-preview:-1"},"canonical":"https:\/\/mekulo.com\/dk\/produkt\/forbedret-vandrenser-til-vandhaner\/","og_locale":"da_DK","og_type":"article","og_title":"Forbedret vandrenser til vandhaner - Mekulo DK","og_description":"Denne forbedrede vandrenser til vandhaner s\u00e6ttes direkte p\u00e5 din vandhane og filtrerer vandet, mens det str\u00f8mmer, og fjerner skadelige urenheder, f\u00f8r du drikker det. Med avanceret filtrering og en holdbar krop i rustfrit st\u00e5l hj\u00e6lper den med at beskytte din families sundhed, samtidig med at den forbedrer smagen og vandets klarhed. Der er ikke brug for v\u00e6rkt\u00f8j eller VVS-f\u00e6rdigheder.","og_url":"https:\/\/mekulo.com\/dk\/produkt\/forbedret-vandrenser-til-vandhaner\/","og_site_name":"Mekulo DK","article_modified_time":"2026-01-02T16:23:30+00:00","og_image":[{"width":713,"height":713,"url":"https:\/\/mekulo.com\/dk\/wp-content\/uploads\/sites\/12\/2026\/01\/b0tgm0q-1.webp","type":"image\/webp"}],"twitter_card":"summary_large_image","twitter_misc":{"Estimeret l\u00e6setid":"2 minutter"},"schema":{"@context":"https:\/\/schema.org","@graph":[{"@type":"WebPage","@id":"https:\/\/mekulo.com\/dk\/produkt\/forbedret-vandrenser-til-vandhaner\/","url":"https:\/\/mekulo.com\/dk\/produkt\/forbedret-vandrenser-til-vandhaner\/","name":"Forbedret vandrenser til vandhaner - Mekulo DK","isPartOf":{"@id":"https:\/\/mekulo.com\/dk\/#website"},"primaryImageOfPage":{"@id":"https:\/\/mekulo.com\/dk\/produkt\/forbedret-vandrenser-til-vandhaner\/#primaryimage"},"image":{"@id":"https:\/\/mekulo.com\/dk\/produkt\/forbedret-vandrenser-til-vandhaner\/#primaryimage"},"thumbnailUrl":"https:\/\/mekulo.com\/dk\/wp-content\/uploads\/sites\/12\/2026\/01\/b0tgm0q-1.webp","datePublished":"2026-01-02T10:52:52+00:00","dateModified":"2026-01-02T16:23:30+00:00","breadcrumb":{"@id":"https:\/\/mekulo.com\/dk\/produkt\/forbedret-vandrenser-til-vandhaner\/#breadcrumb"},"inLanguage":"da-DK","potentialAction":[{"@type":"ReadAction","target":["https:\/\/mekulo.com\/dk\/produkt\/forbedret-vandrenser-til-vandhaner\/"]}]},{"@type":"ImageObject","inLanguage":"da-DK","@id":"https:\/\/mekulo.com\/dk\/produkt\/forbedret-vandrenser-til-vandhaner\/#primaryimage","url":"https:\/\/mekulo.com\/dk\/wp-content\/uploads\/sites\/12\/2026\/01\/b0tgm0q-1.webp","contentUrl":"https:\/\/mekulo.com\/dk\/wp-content\/uploads\/sites\/12\/2026\/01\/b0tgm0q-1.webp","width":713,"height":713},{"@type":"BreadcrumbList","@id":"https:\/\/mekulo.com\/dk\/produkt\/forbedret-vandrenser-til-vandhaner\/#breadcrumb","itemListElement":[{"@type":"ListItem","position":1,"name":"Home","item":"https:\/\/mekulo.com\/dk\/"},{"@type":"ListItem","position":2,"name":"Butik","item":"https:\/\/mekulo.com\/dk\/butik\/"},{"@type":"ListItem","position":3,"name":"Forbedret vandrenser til vandhaner"}]},{"@type":"WebSite","@id":"https:\/\/mekulo.com\/dk\/#website","url":"https:\/\/mekulo.com\/dk\/","name":"Mekulo DK","description":"","publisher":{"@id":"https:\/\/mekulo.com\/dk\/#organization"},"potentialAction":[{"@type":"SearchAction","target":{"@type":"EntryPoint","urlTemplate":"https:\/\/mekulo.com\/dk\/?s={search_term_string}"},"query-input":{"@type":"PropertyValueSpecification","valueRequired":true,"valueName":"search_term_string"}}],"inLanguage":"da-DK"},{"@type":"Organization","@id":"https:\/\/mekulo.com\/dk\/#organization","name":"Mekulo","url":"https:\/\/mekulo.com\/dk\/","logo":{"@type":"ImageObject","inLanguage":"da-DK","@id":"https:\/\/mekulo.com\/dk\/#\/schema\/logo\/image\/","url":"https:\/\/mekulo.com\/dk\/wp-content\/uploads\/sites\/12\/2025\/12\/favicon_mekulo.png","contentUrl":"https:\/\/mekulo.com\/dk\/wp-content\/uploads\/sites\/12\/2025\/12\/favicon_mekulo.png","width":50,"height":50,"caption":"Mekulo"},"image":{"@id":"https:\/\/mekulo.com\/dk\/#\/schema\/logo\/image\/"}}]}},"_links":{"self":[{"href":"https:\/\/mekulo.com\/dk\/wp-json\/wp\/v2\/product\/14274","targetHints":{"allow":["GET"]}}],"collection":[{"href":"https:\/\/mekulo.com\/dk\/wp-json\/wp\/v2\/product"}],"about":[{"href":"https:\/\/mekulo.com\/dk\/wp-json\/wp\/v2\/types\/product"}],"replies":[{"embeddable":true,"href":"https:\/\/mekulo.com\/dk\/wp-json\/wp\/v2\/comments?post=14274"}],"wp:featuredmedia":[{"embeddable":true,"href":"https:\/\/mekulo.com\/dk\/wp-json\/wp\/v2\/media\/14270"}],"wp:attachment":[{"href":"https:\/\/mekulo.com\/dk\/wp-json\/wp\/v2\/media?parent=14274"}],"wp:term":[{"taxonomy":"product_brand","embeddable":true,"href":"https:\/\/mekulo.com\/dk\/wp-json\/wp\/v2\/product_brand?post=14274"},{"taxonomy":"product_cat","embeddable":true,"href":"https:\/\/mekulo.com\/dk\/wp-json\/wp\/v2\/product_cat?post=14274"},{"taxonomy":"product_tag","embeddable":true,"href":"https:\/\/mekulo.com\/dk\/wp-json\/wp\/v2\/product_tag?post=14274"}],"curies":[{"name":"wp","href":"https:\/\/api.w.org\/{rel}","templated":true}]}}