{"id":14252,"date":"2026-01-02T12:51:06","date_gmt":"2026-01-02T10:51:06","guid":{"rendered":"https:\/\/mekulo.com\/dk\/produkt\/praecisionsknivsliber\/"},"modified":"2026-01-02T18:18:14","modified_gmt":"2026-01-02T16:18:14","slug":"praecisionsknivsliber","status":"publish","type":"product","link":"https:\/\/mekulo.com\/dk\/produkt\/praecisionsknivsliber\/","title":{"rendered":"Pr\u00e6cisionsknivsliber"},"content":{"rendered":"<p style=\"text-align: center;\" data-start=\"50\" data-end=\"130\"><strong>F\u00e5 knivskarpe knive p\u00e5 f\u00e5 sekunder med sikre, ubesv\u00e6rede og ensartede resultater. \ud83d\udd2a<\/strong><\/p>\n<p data-start=\"155\" data-end=\"557\"><img fetchpriority=\"high\" decoding=\"async\" class=\"size-full wp-image-47402 aligncenter\" src=\"https:\/\/keluvo.com\/template\/wp-content\/uploads\/sites\/5\/2025\/12\/122110-ezgif.com-video-to-webp-converter-1.webp\" alt=\"\" width=\"500\" height=\"500\" \/><\/p>\n<h2 style=\"text-align: center;\" data-start=\"564\" data-end=\"586\">Vigtigste fordele<\/h2>\n<p data-start=\"589\" data-end=\"669\">\u2699\ufe0f Pr\u00e6cist V-formet system &#8211; styrer knivene for j\u00e6vn og pr\u00e6cis slibning.<\/p>\n<p data-start=\"672\" data-end=\"742\">\ud83d\udd0b Genopladelig og tr\u00e5dl\u00f8s &#8211; kan bruges overalt uden stikkontakt.<\/p>\n<p data-start=\"745\" data-end=\"806\">\ud83d\udd90\ufe0f Betjening med \u00e9n knap &#8211; enkel og begyndervenlig.<\/p>\n<p data-start=\"809\" data-end=\"867\">\ud83d\uded1 Skridsikker base &#8211; forbliver stabil og sikker under brug.<\/p>\n<p data-start=\"870\" data-end=\"935\">\ud83d\udd27 H\u00f8jhastighedsmotor &#8211; konstant kraft for p\u00e5lidelige resultater.<\/p>\n<p data-start=\"938\" data-end=\"1023\">\ud83d\udd2a Bred kompatibilitet &#8211; Sliber knive, kl\u00f8vere, sakse og keramiske blade.<\/p>\n<p data-start=\"938\" data-end=\"1023\"><img decoding=\"async\" class=\"size-full wp-image-47398 aligncenter\" src=\"https:\/\/keluvo.com\/template\/wp-content\/uploads\/sites\/5\/2025\/12\/122111-ezgif.com-video-to-webp-converter-1.webp\" alt=\"\" width=\"500\" height=\"500\" \/><\/p>\n<h2 style=\"text-align: center;\" data-start=\"1030\" data-end=\"1049\">S\u00e5dan bruges<\/h2>\n<ol data-start=\"1050\" data-end=\"1303\">\n<li data-start=\"1050\" data-end=\"1101\">\n<p data-start=\"1053\" data-end=\"1101\">Placer sliberen p\u00e5 en flad, stabil overflade.<\/p>\n<\/li>\n<li data-start=\"1102\" data-end=\"1144\">\n<p data-start=\"1105\" data-end=\"1144\">Tryk p\u00e5 t\u00e6nd\/sluk-knappen for at t\u00e6nde den.<\/p>\n<\/li>\n<li data-start=\"1145\" data-end=\"1196\">\n<p data-start=\"1148\" data-end=\"1196\">Placer bladet p\u00e5 den \u00f8verste slibeflade.<\/p>\n<\/li>\n<li data-start=\"1197\" data-end=\"1251\">\n<p data-start=\"1200\" data-end=\"1251\">Tr\u00e6k forsigtigt i bladet i \u00e9n retning som guidet.<\/p>\n<\/li>\n<li data-start=\"1252\" data-end=\"1303\">\n<p data-start=\"1255\" data-end=\"1303\">Gentag, indtil den \u00f8nskede skarphed er n\u00e5et.<\/p>\n<\/li>\n<\/ol>\n<h2 style=\"text-align: center;\" data-start=\"1310\" data-end=\"1334\">Produktdetaljer<\/h2>\n<ul data-start=\"1335\" data-end=\"1481\">\n<li data-start=\"1335\" data-end=\"1351\">\n<p data-start=\"1337\" data-end=\"1351\">Farve: Beige<\/p>\n<\/li>\n<li data-start=\"1352\" data-end=\"1375\">\n<p data-start=\"1354\" data-end=\"1375\">St\u00f8rrelse: 18,5 x 7,5 cm<\/p>\n<\/li>\n<li data-start=\"1376\" data-end=\"1426\">\n<p data-start=\"1378\" data-end=\"1426\">Materiale: Slibehjul af st\u00e5l + ABS-hus<\/p>\n<\/li>\n<li data-start=\"1427\" data-end=\"1460\">\n<p data-start=\"1429\" data-end=\"1460\">Str\u00f8m: Genopladelig, ledningsfri<\/p>\n<\/li>\n<li data-start=\"1461\" data-end=\"1481\">\n<p data-start=\"1463\" data-end=\"1481\">Opladning: Type-C<\/p>\n<\/li>\n<\/ul>\n<h2 style=\"text-align: center;\" data-start=\"1488\" data-end=\"1513\">Pakken indeholder<\/h2>\n<ul data-start=\"1514\" data-end=\"1577\">\n<li data-start=\"1514\" data-end=\"1547\">\n<p data-start=\"1516\" data-end=\"1547\">1x pr\u00e6cisionsknivsliber<\/p>\n<\/li>\n<li data-start=\"1548\" data-end=\"1577\">\n<p data-start=\"1550\" data-end=\"1577\">1x type-C-opladerkabel.<\/p>\n<\/li>\n<\/ul>\n","protected":false},"excerpt":{"rendered":"<p>Denne pr\u00e6cisionsknivsliber er designet til hurtigt at bringe sl\u00f8ve knive tilbage til livet med minimal indsats. Det dobbeltkantede V-formede slibesystem styrer bladet i den rigtige vinkel, mens den kraftige motor og st\u00e5lslibeskiverne sikrer en j\u00e6vn slibning hver gang. Den er ledningsfri og genopladelig og giver dig professionelle resultater derhjemme, i k\u00f8kkenet eller andre steder, hvor du har brug for skarpe redskaber.<\/p>\n","protected":false},"featured_media":14248,"comment_status":"open","ping_status":"closed","template":"","meta":{"site-sidebar-layout":"default","site-content-layout":"","ast-site-content-layout":"default","site-content-style":"default","site-sidebar-style":"default","ast-global-header-display":"","ast-banner-title-visibility":"","ast-main-header-display":"","ast-hfb-above-header-display":"","ast-hfb-below-header-display":"","ast-hfb-mobile-header-display":"","site-post-title":"","ast-breadcrumbs-content":"","ast-featured-img":"","footer-sml-layout":"","ast-disable-related-posts":"","theme-transparent-header-meta":"default","adv-header-id-meta":"","stick-header-meta":"","header-above-stick-meta":"","header-main-stick-meta":"","header-below-stick-meta":"","astra-migrate-meta-layouts":"set","ast-page-background-enabled":"default","ast-page-background-meta":{"desktop":{"background-color":"var(--ast-global-color-5)","background-image":"","background-repeat":"repeat","background-position":"center center","background-size":"auto","background-attachment":"scroll","background-type":"","background-media":"","overlay-type":"","overlay-color":"","overlay-opacity":"","overlay-gradient":""},"tablet":{"background-color":"","background-image":"","background-repeat":"repeat","background-position":"center center","background-size":"auto","background-attachment":"scroll","background-type":"","background-media":"","overlay-type":"","overlay-color":"","overlay-opacity":"","overlay-gradient":""},"mobile":{"background-color":"","background-image":"","background-repeat":"repeat","background-position":"center center","background-size":"auto","background-attachment":"scroll","background-type":"","background-media":"","overlay-type":"","overlay-color":"","overlay-opacity":"","overlay-gradient":""}},"ast-content-background-meta":{"desktop":{"background-color":"var(--ast-global-color-4)","background-image":"","background-repeat":"repeat","background-position":"center center","background-size":"auto","background-attachment":"scroll","background-type":"","background-media":"","overlay-type":"","overlay-color":"","overlay-opacity":"","overlay-gradient":""},"tablet":{"background-color":"var(--ast-global-color-4)","background-image":"","background-repeat":"repeat","background-position":"center center","background-size":"auto","background-attachment":"scroll","background-type":"","background-media":"","overlay-type":"","overlay-color":"","overlay-opacity":"","overlay-gradient":""},"mobile":{"background-color":"var(--ast-global-color-4)","background-image":"","background-repeat":"repeat","background-position":"center center","background-size":"auto","background-attachment":"scroll","background-type":"","background-media":"","overlay-type":"","overlay-color":"","overlay-opacity":"","overlay-gradient":""}}},"product_brand":[],"product_cat":[15],"product_tag":[],"class_list":{"0":"post-14252","1":"product","2":"type-product","3":"status-publish","4":"has-post-thumbnail","6":"product_cat-uncategorized","7":"desktop-align-left","8":"tablet-align-left","9":"mobile-align-left","11":"first","12":"instock","13":"shipping-taxable","14":"purchasable","15":"product-type-simple"},"yoast_head":"<!-- This site is optimized with the Yoast SEO plugin v27.4 - https:\/\/yoast.com\/product\/yoast-seo-wordpress\/ -->\n<title>Pr\u00e6cisionsknivsliber - Mekulo DK<\/title>\n<meta name=\"robots\" content=\"index, follow, max-snippet:-1, max-image-preview:large, max-video-preview:-1\" \/>\n<link rel=\"canonical\" href=\"https:\/\/mekulo.com\/dk\/produkt\/praecisionsknivsliber\/\" \/>\n<meta property=\"og:locale\" content=\"da_DK\" \/>\n<meta property=\"og:type\" content=\"article\" \/>\n<meta property=\"og:title\" content=\"Pr\u00e6cisionsknivsliber - Mekulo DK\" \/>\n<meta property=\"og:description\" content=\"Denne pr\u00e6cisionsknivsliber er designet til hurtigt at bringe sl\u00f8ve knive tilbage til livet med minimal indsats. Det dobbeltkantede V-formede slibesystem styrer bladet i den rigtige vinkel, mens den kraftige motor og st\u00e5lslibeskiverne sikrer en j\u00e6vn slibning hver gang. Den er ledningsfri og genopladelig og giver dig professionelle resultater derhjemme, i k\u00f8kkenet eller andre steder, hvor du har brug for skarpe redskaber.\" \/>\n<meta property=\"og:url\" content=\"https:\/\/mekulo.com\/dk\/produkt\/praecisionsknivsliber\/\" \/>\n<meta property=\"og:site_name\" content=\"Mekulo DK\" \/>\n<meta property=\"article:modified_time\" content=\"2026-01-02T16:18:14+00:00\" \/>\n<meta property=\"og:image\" content=\"https:\/\/mekulo.com\/dk\/wp-content\/uploads\/sites\/12\/2026\/01\/vm1rnxw-1.jpg\" \/>\n\t<meta property=\"og:image:width\" content=\"1080\" \/>\n\t<meta property=\"og:image:height\" content=\"1080\" \/>\n\t<meta property=\"og:image:type\" content=\"image\/jpeg\" \/>\n<meta name=\"twitter:card\" content=\"summary_large_image\" \/>\n<meta name=\"twitter:label1\" content=\"Estimeret l\u00e6setid\" \/>\n\t<meta name=\"twitter:data1\" content=\"2 minutter\" \/>\n<script type=\"application\/ld+json\" class=\"yoast-schema-graph\">{\"@context\":\"https:\\\/\\\/schema.org\",\"@graph\":[{\"@type\":\"WebPage\",\"@id\":\"https:\\\/\\\/mekulo.com\\\/dk\\\/produkt\\\/praecisionsknivsliber\\\/\",\"url\":\"https:\\\/\\\/mekulo.com\\\/dk\\\/produkt\\\/praecisionsknivsliber\\\/\",\"name\":\"Pr\u00e6cisionsknivsliber - Mekulo DK\",\"isPartOf\":{\"@id\":\"https:\\\/\\\/mekulo.com\\\/dk\\\/#website\"},\"primaryImageOfPage\":{\"@id\":\"https:\\\/\\\/mekulo.com\\\/dk\\\/produkt\\\/praecisionsknivsliber\\\/#primaryimage\"},\"image\":{\"@id\":\"https:\\\/\\\/mekulo.com\\\/dk\\\/produkt\\\/praecisionsknivsliber\\\/#primaryimage\"},\"thumbnailUrl\":\"https:\\\/\\\/mekulo.com\\\/dk\\\/wp-content\\\/uploads\\\/sites\\\/12\\\/2026\\\/01\\\/vm1rnxw-1.jpg\",\"datePublished\":\"2026-01-02T10:51:06+00:00\",\"dateModified\":\"2026-01-02T16:18:14+00:00\",\"breadcrumb\":{\"@id\":\"https:\\\/\\\/mekulo.com\\\/dk\\\/produkt\\\/praecisionsknivsliber\\\/#breadcrumb\"},\"inLanguage\":\"da-DK\",\"potentialAction\":[{\"@type\":\"ReadAction\",\"target\":[\"https:\\\/\\\/mekulo.com\\\/dk\\\/produkt\\\/praecisionsknivsliber\\\/\"]}]},{\"@type\":\"ImageObject\",\"inLanguage\":\"da-DK\",\"@id\":\"https:\\\/\\\/mekulo.com\\\/dk\\\/produkt\\\/praecisionsknivsliber\\\/#primaryimage\",\"url\":\"https:\\\/\\\/mekulo.com\\\/dk\\\/wp-content\\\/uploads\\\/sites\\\/12\\\/2026\\\/01\\\/vm1rnxw-1.jpg\",\"contentUrl\":\"https:\\\/\\\/mekulo.com\\\/dk\\\/wp-content\\\/uploads\\\/sites\\\/12\\\/2026\\\/01\\\/vm1rnxw-1.jpg\",\"width\":1080,\"height\":1080},{\"@type\":\"BreadcrumbList\",\"@id\":\"https:\\\/\\\/mekulo.com\\\/dk\\\/produkt\\\/praecisionsknivsliber\\\/#breadcrumb\",\"itemListElement\":[{\"@type\":\"ListItem\",\"position\":1,\"name\":\"Home\",\"item\":\"https:\\\/\\\/mekulo.com\\\/dk\\\/\"},{\"@type\":\"ListItem\",\"position\":2,\"name\":\"Butik\",\"item\":\"https:\\\/\\\/mekulo.com\\\/dk\\\/butik\\\/\"},{\"@type\":\"ListItem\",\"position\":3,\"name\":\"Pr\u00e6cisionsknivsliber\"}]},{\"@type\":\"WebSite\",\"@id\":\"https:\\\/\\\/mekulo.com\\\/dk\\\/#website\",\"url\":\"https:\\\/\\\/mekulo.com\\\/dk\\\/\",\"name\":\"Mekulo DK\",\"description\":\"\",\"publisher\":{\"@id\":\"https:\\\/\\\/mekulo.com\\\/dk\\\/#organization\"},\"potentialAction\":[{\"@type\":\"SearchAction\",\"target\":{\"@type\":\"EntryPoint\",\"urlTemplate\":\"https:\\\/\\\/mekulo.com\\\/dk\\\/?s={search_term_string}\"},\"query-input\":{\"@type\":\"PropertyValueSpecification\",\"valueRequired\":true,\"valueName\":\"search_term_string\"}}],\"inLanguage\":\"da-DK\"},{\"@type\":\"Organization\",\"@id\":\"https:\\\/\\\/mekulo.com\\\/dk\\\/#organization\",\"name\":\"Mekulo\",\"url\":\"https:\\\/\\\/mekulo.com\\\/dk\\\/\",\"logo\":{\"@type\":\"ImageObject\",\"inLanguage\":\"da-DK\",\"@id\":\"https:\\\/\\\/mekulo.com\\\/dk\\\/#\\\/schema\\\/logo\\\/image\\\/\",\"url\":\"https:\\\/\\\/mekulo.com\\\/dk\\\/wp-content\\\/uploads\\\/sites\\\/12\\\/2025\\\/12\\\/favicon_mekulo.png\",\"contentUrl\":\"https:\\\/\\\/mekulo.com\\\/dk\\\/wp-content\\\/uploads\\\/sites\\\/12\\\/2025\\\/12\\\/favicon_mekulo.png\",\"width\":50,\"height\":50,\"caption\":\"Mekulo\"},\"image\":{\"@id\":\"https:\\\/\\\/mekulo.com\\\/dk\\\/#\\\/schema\\\/logo\\\/image\\\/\"}}]}<\/script>\n<!-- \/ Yoast SEO plugin. -->","yoast_head_json":{"title":"Pr\u00e6cisionsknivsliber - Mekulo DK","robots":{"index":"index","follow":"follow","max-snippet":"max-snippet:-1","max-image-preview":"max-image-preview:large","max-video-preview":"max-video-preview:-1"},"canonical":"https:\/\/mekulo.com\/dk\/produkt\/praecisionsknivsliber\/","og_locale":"da_DK","og_type":"article","og_title":"Pr\u00e6cisionsknivsliber - Mekulo DK","og_description":"Denne pr\u00e6cisionsknivsliber er designet til hurtigt at bringe sl\u00f8ve knive tilbage til livet med minimal indsats. Det dobbeltkantede V-formede slibesystem styrer bladet i den rigtige vinkel, mens den kraftige motor og st\u00e5lslibeskiverne sikrer en j\u00e6vn slibning hver gang. Den er ledningsfri og genopladelig og giver dig professionelle resultater derhjemme, i k\u00f8kkenet eller andre steder, hvor du har brug for skarpe redskaber.","og_url":"https:\/\/mekulo.com\/dk\/produkt\/praecisionsknivsliber\/","og_site_name":"Mekulo DK","article_modified_time":"2026-01-02T16:18:14+00:00","og_image":[{"width":1080,"height":1080,"url":"https:\/\/mekulo.com\/dk\/wp-content\/uploads\/sites\/12\/2026\/01\/vm1rnxw-1.jpg","type":"image\/jpeg"}],"twitter_card":"summary_large_image","twitter_misc":{"Estimeret l\u00e6setid":"2 minutter"},"schema":{"@context":"https:\/\/schema.org","@graph":[{"@type":"WebPage","@id":"https:\/\/mekulo.com\/dk\/produkt\/praecisionsknivsliber\/","url":"https:\/\/mekulo.com\/dk\/produkt\/praecisionsknivsliber\/","name":"Pr\u00e6cisionsknivsliber - Mekulo DK","isPartOf":{"@id":"https:\/\/mekulo.com\/dk\/#website"},"primaryImageOfPage":{"@id":"https:\/\/mekulo.com\/dk\/produkt\/praecisionsknivsliber\/#primaryimage"},"image":{"@id":"https:\/\/mekulo.com\/dk\/produkt\/praecisionsknivsliber\/#primaryimage"},"thumbnailUrl":"https:\/\/mekulo.com\/dk\/wp-content\/uploads\/sites\/12\/2026\/01\/vm1rnxw-1.jpg","datePublished":"2026-01-02T10:51:06+00:00","dateModified":"2026-01-02T16:18:14+00:00","breadcrumb":{"@id":"https:\/\/mekulo.com\/dk\/produkt\/praecisionsknivsliber\/#breadcrumb"},"inLanguage":"da-DK","potentialAction":[{"@type":"ReadAction","target":["https:\/\/mekulo.com\/dk\/produkt\/praecisionsknivsliber\/"]}]},{"@type":"ImageObject","inLanguage":"da-DK","@id":"https:\/\/mekulo.com\/dk\/produkt\/praecisionsknivsliber\/#primaryimage","url":"https:\/\/mekulo.com\/dk\/wp-content\/uploads\/sites\/12\/2026\/01\/vm1rnxw-1.jpg","contentUrl":"https:\/\/mekulo.com\/dk\/wp-content\/uploads\/sites\/12\/2026\/01\/vm1rnxw-1.jpg","width":1080,"height":1080},{"@type":"BreadcrumbList","@id":"https:\/\/mekulo.com\/dk\/produkt\/praecisionsknivsliber\/#breadcrumb","itemListElement":[{"@type":"ListItem","position":1,"name":"Home","item":"https:\/\/mekulo.com\/dk\/"},{"@type":"ListItem","position":2,"name":"Butik","item":"https:\/\/mekulo.com\/dk\/butik\/"},{"@type":"ListItem","position":3,"name":"Pr\u00e6cisionsknivsliber"}]},{"@type":"WebSite","@id":"https:\/\/mekulo.com\/dk\/#website","url":"https:\/\/mekulo.com\/dk\/","name":"Mekulo DK","description":"","publisher":{"@id":"https:\/\/mekulo.com\/dk\/#organization"},"potentialAction":[{"@type":"SearchAction","target":{"@type":"EntryPoint","urlTemplate":"https:\/\/mekulo.com\/dk\/?s={search_term_string}"},"query-input":{"@type":"PropertyValueSpecification","valueRequired":true,"valueName":"search_term_string"}}],"inLanguage":"da-DK"},{"@type":"Organization","@id":"https:\/\/mekulo.com\/dk\/#organization","name":"Mekulo","url":"https:\/\/mekulo.com\/dk\/","logo":{"@type":"ImageObject","inLanguage":"da-DK","@id":"https:\/\/mekulo.com\/dk\/#\/schema\/logo\/image\/","url":"https:\/\/mekulo.com\/dk\/wp-content\/uploads\/sites\/12\/2025\/12\/favicon_mekulo.png","contentUrl":"https:\/\/mekulo.com\/dk\/wp-content\/uploads\/sites\/12\/2025\/12\/favicon_mekulo.png","width":50,"height":50,"caption":"Mekulo"},"image":{"@id":"https:\/\/mekulo.com\/dk\/#\/schema\/logo\/image\/"}}]}},"_links":{"self":[{"href":"https:\/\/mekulo.com\/dk\/wp-json\/wp\/v2\/product\/14252","targetHints":{"allow":["GET"]}}],"collection":[{"href":"https:\/\/mekulo.com\/dk\/wp-json\/wp\/v2\/product"}],"about":[{"href":"https:\/\/mekulo.com\/dk\/wp-json\/wp\/v2\/types\/product"}],"replies":[{"embeddable":true,"href":"https:\/\/mekulo.com\/dk\/wp-json\/wp\/v2\/comments?post=14252"}],"wp:featuredmedia":[{"embeddable":true,"href":"https:\/\/mekulo.com\/dk\/wp-json\/wp\/v2\/media\/14248"}],"wp:attachment":[{"href":"https:\/\/mekulo.com\/dk\/wp-json\/wp\/v2\/media?parent=14252"}],"wp:term":[{"taxonomy":"product_brand","embeddable":true,"href":"https:\/\/mekulo.com\/dk\/wp-json\/wp\/v2\/product_brand?post=14252"},{"taxonomy":"product_cat","embeddable":true,"href":"https:\/\/mekulo.com\/dk\/wp-json\/wp\/v2\/product_cat?post=14252"},{"taxonomy":"product_tag","embeddable":true,"href":"https:\/\/mekulo.com\/dk\/wp-json\/wp\/v2\/product_tag?post=14252"}],"curies":[{"name":"wp","href":"https:\/\/api.w.org\/{rel}","templated":true}]}}