{"id":14231,"date":"2026-01-02T12:50:04","date_gmt":"2026-01-02T10:50:04","guid":{"rendered":"https:\/\/mekulo.com\/dk\/produkt\/plys-seng-til-kaeledyr\/"},"modified":"2026-01-22T17:51:44","modified_gmt":"2026-01-22T15:51:44","slug":"plys-seng-til-kaeledyr","status":"publish","type":"product","link":"https:\/\/mekulo.com\/dk\/produkt\/plys-seng-til-kaeledyr\/","title":{"rendered":"Plys seng til k\u00e6ledyr"},"content":{"rendered":"<p style=\"text-align: center;\" data-start=\"38\" data-end=\"138\"><strong>En Varm, Bl\u00f8d Og Sikker Soveplads, Der Hj\u00e6lper Dit K\u00e6ledyr Med At Slappe Af, Sove Bedre Og F\u00f8le Sig Beskyttet. \ud83d\udc15<\/strong><\/p>\n<p data-start=\"163\" data-end=\"542\"><img fetchpriority=\"high\" decoding=\"async\" class=\"size-full wp-image-47382 aligncenter\" src=\"https:\/\/keluvo.com\/template\/wp-content\/uploads\/sites\/5\/2025\/12\/12219-ezgif.com-video-to-webp-converter-1.webp\" alt=\"\" width=\"500\" height=\"500\" \/><\/p>\n<h2 style=\"text-align: center;\" data-start=\"549\" data-end=\"571\">\ud83d\udc3e Vigtigste fordele<\/h2>\n<p data-start=\"574\" data-end=\"655\">\ud83d\udecf\ufe0f Ekstra bl\u00f8d og varm &#8211; Tykt plysstof holder k\u00e6ledyr hyggeligt i alle \u00e5rstider.<\/p>\n<p data-start=\"658\" data-end=\"736\">\ud83c\udfe0 Semi-lukket design &#8211; Skaber et sikkert, privat rum for bedre s\u00f8vn.<\/p>\n<p data-start=\"739\" data-end=\"805\">\ud83e\uddfc Aftageligt og vaskbart betr\u00e6k &#8211; Let at reng\u00f8re og holde frisk.<\/p>\n<p data-start=\"808\" data-end=\"870\">\ud83e\uddb4 St\u00f8ttende polstring &#8211; Hj\u00e6lper med at st\u00f8tte led og muskler.<\/p>\n<p data-start=\"873\" data-end=\"943\">\ud83d\udeab Skridsikker base &#8211; Forbliver stabil p\u00e5 gulve, selv med aktive k\u00e6ledyr.<\/p>\n<p data-start=\"946\" data-end=\"1017\">\ud83e\uddf3 B\u00e6rbar st\u00f8rrelse &#8211; Nem at flytte rundt i huset eller tage med p\u00e5 tur.<\/p>\n<p data-start=\"946\" data-end=\"1017\"><img decoding=\"async\" class=\"size-full wp-image-47381 aligncenter\" src=\"https:\/\/keluvo.com\/template\/wp-content\/uploads\/sites\/5\/2025\/12\/12218-ezgif.com-video-to-webp-converter-1.webp\" alt=\"\" width=\"500\" height=\"500\" \/><\/p>\n<h2 style=\"text-align: center;\" data-start=\"1024\" data-end=\"1043\"><strong>\u25b6\ufe0f S\u00e5dan Bruges<\/strong><\/h2>\n<ol data-start=\"1044\" data-end=\"1270\">\n<li data-start=\"1044\" data-end=\"1089\">\n<p data-start=\"1047\" data-end=\"1089\">S\u00e6t sengen p\u00e5 en flad overflade indend\u00f8rs.<\/p>\n<\/li>\n<li data-start=\"1090\" data-end=\"1144\">\n<p data-start=\"1093\" data-end=\"1144\">Lad dit k\u00e6ledyr udforske og finde sig til rette indeni naturligt.<\/p>\n<\/li>\n<li data-start=\"1145\" data-end=\"1212\">\n<p data-start=\"1148\" data-end=\"1212\">Juster \u00e5bningen ved hj\u00e6lp af lynl\u00e5sen eller trykknapperne, hvis det er n\u00f8dvendigt.<\/p>\n<\/li>\n<li data-start=\"1213\" data-end=\"1270\">\n<p data-start=\"1216\" data-end=\"1270\">Fjern betr\u00e6kket og vask det, n\u00e5r der er behov for reng\u00f8ring.<\/p>\n<\/li>\n<\/ol>\n<h2 style=\"text-align: center;\" data-start=\"1277\" data-end=\"1301\"><strong>\ud83d\udccf Produktdetaljer<\/strong><\/h2>\n<ul data-start=\"1302\" data-end=\"1612\">\n<li data-start=\"1302\" data-end=\"1345\">\n<p data-start=\"1304\" data-end=\"1345\">Materiale: Bl\u00f8d klud med plysoverflade<\/p>\n<\/li>\n<li data-start=\"1346\" data-end=\"1384\">\n<p data-start=\"1348\" data-end=\"1384\">Fyld: Premium PP-bomuldsfyld<\/p>\n<\/li>\n<li data-start=\"1385\" data-end=\"1426\">\n<p data-start=\"1387\" data-end=\"1426\">Design: Semi-lukket seng i hulestil<\/p>\n<\/li>\n<li data-start=\"1427\" data-end=\"1452\">\n<p data-start=\"1429\" data-end=\"1452\">Base: Skridsikker bund<\/p>\n<\/li>\n<li data-start=\"1453\" data-end=\"1490\">\n<p data-start=\"1455\" data-end=\"1490\">Velegnet til: Katte og sm\u00e5 hunde<\/p>\n<\/li>\n<li data-start=\"1491\" data-end=\"1612\">\n<p data-start=\"1493\" data-end=\"1501\">St\u00f8rrelser: <span style=\"font-size: 16px;\">S <\/span><span style=\"font-size: 16px;\">(45 x 30 x 19 cm), <\/span><span style=\"font-size: 16px;\">L<\/span><span style=\"font-size: 16px;\"> (57 x 37 x 28 cm)<\/span><\/p>\n<\/li>\n<\/ul>\n<h2 style=\"text-align: center;\" data-start=\"1619\" data-end=\"1644\"><strong>\ud83d\udce6 Pakken indeholder<\/strong><\/h2>\n<ul data-start=\"1645\" data-end=\"1666\">\n<li data-start=\"1645\" data-end=\"1666\">\n<p data-start=\"1647\" data-end=\"1666\">1x plys seng til k\u00e6ledyr.<\/p>\n<\/li>\n<\/ul>\n","protected":false},"excerpt":{"rendered":"<p>Denne plys-seng til k\u00e6ledyr er designet til at give katte og sm\u00e5 hunde et hyggeligt fristed, som de vil elske at bruge hver dag. Det tykke plys-materiale holder dit k\u00e6ledyr varmt, mens den halvlukkede, huleagtige form skaber et roligt og privat rum, der reducerer stress og blokerer for kold tr\u00e6k. Med et aftageligt, vaskbart betr\u00e6k og en skridsikker bund er den b\u00e5de behagelig for dit k\u00e6ledyr og praktisk for dig.<\/p>\n","protected":false},"featured_media":14227,"comment_status":"open","ping_status":"closed","template":"","meta":{"site-sidebar-layout":"default","site-content-layout":"","ast-site-content-layout":"default","site-content-style":"default","site-sidebar-style":"default","ast-global-header-display":"","ast-banner-title-visibility":"","ast-main-header-display":"","ast-hfb-above-header-display":"","ast-hfb-below-header-display":"","ast-hfb-mobile-header-display":"","site-post-title":"","ast-breadcrumbs-content":"","ast-featured-img":"","footer-sml-layout":"","theme-transparent-header-meta":"default","adv-header-id-meta":"","stick-header-meta":"","header-above-stick-meta":"","header-main-stick-meta":"","header-below-stick-meta":"","astra-migrate-meta-layouts":"set","ast-page-background-enabled":"default","ast-page-background-meta":{"desktop":{"background-color":"var(--ast-global-color-5)","background-image":"","background-repeat":"repeat","background-position":"center center","background-size":"auto","background-attachment":"scroll","background-type":"","background-media":"","overlay-type":"","overlay-color":"","overlay-opacity":"","overlay-gradient":""},"tablet":{"background-color":"","background-image":"","background-repeat":"repeat","background-position":"center center","background-size":"auto","background-attachment":"scroll","background-type":"","background-media":"","overlay-type":"","overlay-color":"","overlay-opacity":"","overlay-gradient":""},"mobile":{"background-color":"","background-image":"","background-repeat":"repeat","background-position":"center center","background-size":"auto","background-attachment":"scroll","background-type":"","background-media":"","overlay-type":"","overlay-color":"","overlay-opacity":"","overlay-gradient":""}},"ast-content-background-meta":{"desktop":{"background-color":"var(--ast-global-color-4)","background-image":"","background-repeat":"repeat","background-position":"center center","background-size":"auto","background-attachment":"scroll","background-type":"","background-media":"","overlay-type":"","overlay-color":"","overlay-opacity":"","overlay-gradient":""},"tablet":{"background-color":"var(--ast-global-color-4)","background-image":"","background-repeat":"repeat","background-position":"center center","background-size":"auto","background-attachment":"scroll","background-type":"","background-media":"","overlay-type":"","overlay-color":"","overlay-opacity":"","overlay-gradient":""},"mobile":{"background-color":"var(--ast-global-color-4)","background-image":"","background-repeat":"repeat","background-position":"center center","background-size":"auto","background-attachment":"scroll","background-type":"","background-media":"","overlay-type":"","overlay-color":"","overlay-opacity":"","overlay-gradient":""}}},"product_brand":[],"product_cat":[15],"product_tag":[],"class_list":{"0":"post-14231","1":"product","2":"type-product","3":"status-publish","4":"has-post-thumbnail","6":"product_cat-uncategorized","7":"pa_64878_dpumdf5c-beige","8":"pa_64878_dpumdf5c-groen","9":"pa_64878_dpumdf5c-lilla","10":"pa_64878_v6kii5ir-l","11":"pa_64878_v6kii5ir-s","12":"desktop-align-left","13":"tablet-align-left","14":"mobile-align-left","16":"first","17":"instock","18":"shipping-taxable","19":"purchasable","20":"product-type-variable","21":"has-default-attributes"},"yoast_head":"<!-- This site is optimized with the Yoast SEO plugin v26.6 - https:\/\/yoast.com\/wordpress\/plugins\/seo\/ -->\n<title>Plys seng til k\u00e6ledyr - Mekulo DK<\/title>\n<meta name=\"robots\" content=\"index, follow, max-snippet:-1, max-image-preview:large, max-video-preview:-1\" \/>\n<link rel=\"canonical\" href=\"https:\/\/mekulo.com\/dk\/produkt\/plys-seng-til-kaeledyr\/\" \/>\n<meta property=\"og:locale\" content=\"da_DK\" \/>\n<meta property=\"og:type\" content=\"article\" \/>\n<meta property=\"og:title\" content=\"Plys seng til k\u00e6ledyr - Mekulo DK\" \/>\n<meta property=\"og:description\" content=\"Denne plys-seng til k\u00e6ledyr er designet til at give katte og sm\u00e5 hunde et hyggeligt fristed, som de vil elske at bruge hver dag. Det tykke plys-materiale holder dit k\u00e6ledyr varmt, mens den halvlukkede, huleagtige form skaber et roligt og privat rum, der reducerer stress og blokerer for kold tr\u00e6k. Med et aftageligt, vaskbart betr\u00e6k og en skridsikker bund er den b\u00e5de behagelig for dit k\u00e6ledyr og praktisk for dig.\" \/>\n<meta property=\"og:url\" content=\"https:\/\/mekulo.com\/dk\/produkt\/plys-seng-til-kaeledyr\/\" \/>\n<meta property=\"og:site_name\" content=\"Mekulo DK\" \/>\n<meta property=\"article:modified_time\" content=\"2026-01-22T15:51:44+00:00\" \/>\n<meta property=\"og:image\" content=\"https:\/\/mekulo.com\/dk\/wp-content\/uploads\/sites\/12\/2026\/01\/1bcbfpe-1.webp\" \/>\n\t<meta property=\"og:image:width\" content=\"713\" \/>\n\t<meta property=\"og:image:height\" content=\"713\" \/>\n\t<meta property=\"og:image:type\" content=\"image\/webp\" \/>\n<meta name=\"twitter:card\" content=\"summary_large_image\" \/>\n<meta name=\"twitter:label1\" content=\"Estimeret l\u00e6setid\" \/>\n\t<meta name=\"twitter:data1\" content=\"2 minutter\" \/>\n<script type=\"application\/ld+json\" class=\"yoast-schema-graph\">{\"@context\":\"https:\/\/schema.org\",\"@graph\":[{\"@type\":\"WebPage\",\"@id\":\"https:\/\/mekulo.com\/dk\/produkt\/plys-seng-til-kaeledyr\/\",\"url\":\"https:\/\/mekulo.com\/dk\/produkt\/plys-seng-til-kaeledyr\/\",\"name\":\"Plys seng til k\u00e6ledyr - Mekulo DK\",\"isPartOf\":{\"@id\":\"https:\/\/mekulo.com\/dk\/#website\"},\"primaryImageOfPage\":{\"@id\":\"https:\/\/mekulo.com\/dk\/produkt\/plys-seng-til-kaeledyr\/#primaryimage\"},\"image\":{\"@id\":\"https:\/\/mekulo.com\/dk\/produkt\/plys-seng-til-kaeledyr\/#primaryimage\"},\"thumbnailUrl\":\"https:\/\/mekulo.com\/dk\/wp-content\/uploads\/sites\/12\/2026\/01\/1bcbfpe-1.webp\",\"datePublished\":\"2026-01-02T10:50:04+00:00\",\"dateModified\":\"2026-01-22T15:51:44+00:00\",\"breadcrumb\":{\"@id\":\"https:\/\/mekulo.com\/dk\/produkt\/plys-seng-til-kaeledyr\/#breadcrumb\"},\"inLanguage\":\"da-DK\",\"potentialAction\":[{\"@type\":\"ReadAction\",\"target\":[\"https:\/\/mekulo.com\/dk\/produkt\/plys-seng-til-kaeledyr\/\"]}]},{\"@type\":\"ImageObject\",\"inLanguage\":\"da-DK\",\"@id\":\"https:\/\/mekulo.com\/dk\/produkt\/plys-seng-til-kaeledyr\/#primaryimage\",\"url\":\"https:\/\/mekulo.com\/dk\/wp-content\/uploads\/sites\/12\/2026\/01\/1bcbfpe-1.webp\",\"contentUrl\":\"https:\/\/mekulo.com\/dk\/wp-content\/uploads\/sites\/12\/2026\/01\/1bcbfpe-1.webp\",\"width\":713,\"height\":713},{\"@type\":\"BreadcrumbList\",\"@id\":\"https:\/\/mekulo.com\/dk\/produkt\/plys-seng-til-kaeledyr\/#breadcrumb\",\"itemListElement\":[{\"@type\":\"ListItem\",\"position\":1,\"name\":\"Home\",\"item\":\"https:\/\/mekulo.com\/dk\/\"},{\"@type\":\"ListItem\",\"position\":2,\"name\":\"Butik\",\"item\":\"https:\/\/mekulo.com\/dk\/butik\/\"},{\"@type\":\"ListItem\",\"position\":3,\"name\":\"Plys seng til k\u00e6ledyr\"}]},{\"@type\":\"WebSite\",\"@id\":\"https:\/\/mekulo.com\/dk\/#website\",\"url\":\"https:\/\/mekulo.com\/dk\/\",\"name\":\"Mekulo DK\",\"description\":\"\",\"publisher\":{\"@id\":\"https:\/\/mekulo.com\/dk\/#organization\"},\"potentialAction\":[{\"@type\":\"SearchAction\",\"target\":{\"@type\":\"EntryPoint\",\"urlTemplate\":\"https:\/\/mekulo.com\/dk\/?s={search_term_string}\"},\"query-input\":{\"@type\":\"PropertyValueSpecification\",\"valueRequired\":true,\"valueName\":\"search_term_string\"}}],\"inLanguage\":\"da-DK\"},{\"@type\":\"Organization\",\"@id\":\"https:\/\/mekulo.com\/dk\/#organization\",\"name\":\"Mekulo\",\"url\":\"https:\/\/mekulo.com\/dk\/\",\"logo\":{\"@type\":\"ImageObject\",\"inLanguage\":\"da-DK\",\"@id\":\"https:\/\/mekulo.com\/dk\/#\/schema\/logo\/image\/\",\"url\":\"https:\/\/mekulo.com\/dk\/wp-content\/uploads\/sites\/12\/2025\/12\/favicon_mekulo.png\",\"contentUrl\":\"https:\/\/mekulo.com\/dk\/wp-content\/uploads\/sites\/12\/2025\/12\/favicon_mekulo.png\",\"width\":50,\"height\":50,\"caption\":\"Mekulo\"},\"image\":{\"@id\":\"https:\/\/mekulo.com\/dk\/#\/schema\/logo\/image\/\"}}]}<\/script>\n<!-- \/ Yoast SEO plugin. -->","yoast_head_json":{"title":"Plys seng til k\u00e6ledyr - Mekulo DK","robots":{"index":"index","follow":"follow","max-snippet":"max-snippet:-1","max-image-preview":"max-image-preview:large","max-video-preview":"max-video-preview:-1"},"canonical":"https:\/\/mekulo.com\/dk\/produkt\/plys-seng-til-kaeledyr\/","og_locale":"da_DK","og_type":"article","og_title":"Plys seng til k\u00e6ledyr - Mekulo DK","og_description":"Denne plys-seng til k\u00e6ledyr er designet til at give katte og sm\u00e5 hunde et hyggeligt fristed, som de vil elske at bruge hver dag. Det tykke plys-materiale holder dit k\u00e6ledyr varmt, mens den halvlukkede, huleagtige form skaber et roligt og privat rum, der reducerer stress og blokerer for kold tr\u00e6k. Med et aftageligt, vaskbart betr\u00e6k og en skridsikker bund er den b\u00e5de behagelig for dit k\u00e6ledyr og praktisk for dig.","og_url":"https:\/\/mekulo.com\/dk\/produkt\/plys-seng-til-kaeledyr\/","og_site_name":"Mekulo DK","article_modified_time":"2026-01-22T15:51:44+00:00","og_image":[{"width":713,"height":713,"url":"https:\/\/mekulo.com\/dk\/wp-content\/uploads\/sites\/12\/2026\/01\/1bcbfpe-1.webp","type":"image\/webp"}],"twitter_card":"summary_large_image","twitter_misc":{"Estimeret l\u00e6setid":"2 minutter"},"schema":{"@context":"https:\/\/schema.org","@graph":[{"@type":"WebPage","@id":"https:\/\/mekulo.com\/dk\/produkt\/plys-seng-til-kaeledyr\/","url":"https:\/\/mekulo.com\/dk\/produkt\/plys-seng-til-kaeledyr\/","name":"Plys seng til k\u00e6ledyr - Mekulo DK","isPartOf":{"@id":"https:\/\/mekulo.com\/dk\/#website"},"primaryImageOfPage":{"@id":"https:\/\/mekulo.com\/dk\/produkt\/plys-seng-til-kaeledyr\/#primaryimage"},"image":{"@id":"https:\/\/mekulo.com\/dk\/produkt\/plys-seng-til-kaeledyr\/#primaryimage"},"thumbnailUrl":"https:\/\/mekulo.com\/dk\/wp-content\/uploads\/sites\/12\/2026\/01\/1bcbfpe-1.webp","datePublished":"2026-01-02T10:50:04+00:00","dateModified":"2026-01-22T15:51:44+00:00","breadcrumb":{"@id":"https:\/\/mekulo.com\/dk\/produkt\/plys-seng-til-kaeledyr\/#breadcrumb"},"inLanguage":"da-DK","potentialAction":[{"@type":"ReadAction","target":["https:\/\/mekulo.com\/dk\/produkt\/plys-seng-til-kaeledyr\/"]}]},{"@type":"ImageObject","inLanguage":"da-DK","@id":"https:\/\/mekulo.com\/dk\/produkt\/plys-seng-til-kaeledyr\/#primaryimage","url":"https:\/\/mekulo.com\/dk\/wp-content\/uploads\/sites\/12\/2026\/01\/1bcbfpe-1.webp","contentUrl":"https:\/\/mekulo.com\/dk\/wp-content\/uploads\/sites\/12\/2026\/01\/1bcbfpe-1.webp","width":713,"height":713},{"@type":"BreadcrumbList","@id":"https:\/\/mekulo.com\/dk\/produkt\/plys-seng-til-kaeledyr\/#breadcrumb","itemListElement":[{"@type":"ListItem","position":1,"name":"Home","item":"https:\/\/mekulo.com\/dk\/"},{"@type":"ListItem","position":2,"name":"Butik","item":"https:\/\/mekulo.com\/dk\/butik\/"},{"@type":"ListItem","position":3,"name":"Plys seng til k\u00e6ledyr"}]},{"@type":"WebSite","@id":"https:\/\/mekulo.com\/dk\/#website","url":"https:\/\/mekulo.com\/dk\/","name":"Mekulo DK","description":"","publisher":{"@id":"https:\/\/mekulo.com\/dk\/#organization"},"potentialAction":[{"@type":"SearchAction","target":{"@type":"EntryPoint","urlTemplate":"https:\/\/mekulo.com\/dk\/?s={search_term_string}"},"query-input":{"@type":"PropertyValueSpecification","valueRequired":true,"valueName":"search_term_string"}}],"inLanguage":"da-DK"},{"@type":"Organization","@id":"https:\/\/mekulo.com\/dk\/#organization","name":"Mekulo","url":"https:\/\/mekulo.com\/dk\/","logo":{"@type":"ImageObject","inLanguage":"da-DK","@id":"https:\/\/mekulo.com\/dk\/#\/schema\/logo\/image\/","url":"https:\/\/mekulo.com\/dk\/wp-content\/uploads\/sites\/12\/2025\/12\/favicon_mekulo.png","contentUrl":"https:\/\/mekulo.com\/dk\/wp-content\/uploads\/sites\/12\/2025\/12\/favicon_mekulo.png","width":50,"height":50,"caption":"Mekulo"},"image":{"@id":"https:\/\/mekulo.com\/dk\/#\/schema\/logo\/image\/"}}]}},"_links":{"self":[{"href":"https:\/\/mekulo.com\/dk\/wp-json\/wp\/v2\/product\/14231","targetHints":{"allow":["GET"]}}],"collection":[{"href":"https:\/\/mekulo.com\/dk\/wp-json\/wp\/v2\/product"}],"about":[{"href":"https:\/\/mekulo.com\/dk\/wp-json\/wp\/v2\/types\/product"}],"replies":[{"embeddable":true,"href":"https:\/\/mekulo.com\/dk\/wp-json\/wp\/v2\/comments?post=14231"}],"wp:featuredmedia":[{"embeddable":true,"href":"https:\/\/mekulo.com\/dk\/wp-json\/wp\/v2\/media\/14227"}],"wp:attachment":[{"href":"https:\/\/mekulo.com\/dk\/wp-json\/wp\/v2\/media?parent=14231"}],"wp:term":[{"taxonomy":"product_brand","embeddable":true,"href":"https:\/\/mekulo.com\/dk\/wp-json\/wp\/v2\/product_brand?post=14231"},{"taxonomy":"product_cat","embeddable":true,"href":"https:\/\/mekulo.com\/dk\/wp-json\/wp\/v2\/product_cat?post=14231"},{"taxonomy":"product_tag","embeddable":true,"href":"https:\/\/mekulo.com\/dk\/wp-json\/wp\/v2\/product_tag?post=14231"}],"curies":[{"name":"wp","href":"https:\/\/api.w.org\/{rel}","templated":true}]}}