{"id":14153,"date":"2026-01-02T12:46:00","date_gmt":"2026-01-02T10:46:00","guid":{"rendered":"https:\/\/mekulo.com\/dk\/produkt\/aandbare-sko-til-smaaboern\/"},"modified":"2026-01-22T17:54:25","modified_gmt":"2026-01-22T15:54:25","slug":"aandbare-sko-til-smaaboern","status":"publish","type":"product","link":"https:\/\/mekulo.com\/dk\/produkt\/aandbare-sko-til-smaaboern\/","title":{"rendered":"\u00c5ndbare sko til sm\u00e5b\u00f8rn"},"content":{"rendered":"<p style=\"text-align: center;\" data-start=\"49\" data-end=\"117\"><strong>Hold dit barns f\u00f8dder sikre, t\u00f8rre og komfortable ved hvert skridt. \ud83d\udc76<\/strong><\/p>\n<p data-start=\"142\" data-end=\"498\"><img fetchpriority=\"high\" decoding=\"async\" class=\"size-full wp-image-47302 aligncenter\" src=\"https:\/\/keluvo.com\/template\/wp-content\/uploads\/sites\/5\/2025\/12\/12215-ezgif.com-video-to-webp-converter-1.webp\" alt=\"\" width=\"500\" height=\"667\" \/><\/p>\n<h2 style=\"text-align: center;\" data-start=\"505\" data-end=\"527\">Vigtigste fordele<\/h2>\n<p data-start=\"530\" data-end=\"592\">\ud83c\udf2c\ufe0f \u00c5ndbar meshoverdel &#8211; Holder f\u00f8dderne t\u00f8rre og lugtfri.<\/p>\n<p data-start=\"595\" data-end=\"664\">\ud83e\uddb6 Skridsikker polstret s\u00e5l &#8211; Forbedrer balancen og reducerer udskridninger.<\/p>\n<p data-start=\"667\" data-end=\"744\">\ud83d\udee1\ufe0f Anti-kollisions t\u00e5kappe &#8211; Beskytter t\u00e6erne mod st\u00f8d og skarpe genstande.<\/p>\n<p data-start=\"747\" data-end=\"805\">\ud83e\uddfc Udtagelig inders\u00e5l &#8211; Nem at reng\u00f8re og hurtig at t\u00f8rre.<\/p>\n<p data-start=\"808\" data-end=\"883\">\ud83d\udc76 Bl\u00f8d og let &#8211; Ideel til de f\u00f8rste g\u00e5ture og aktive sm\u00e5b\u00f8rn.<\/p>\n<p data-start=\"886\" data-end=\"964\">\ud83c\udf81 Perfekt gavevalg &#8211; Perfekt til f\u00f8dselsdage, ferier og babyshowers.<\/p>\n<p data-start=\"886\" data-end=\"964\"><img decoding=\"async\" class=\"size-full wp-image-47303 aligncenter\" src=\"https:\/\/keluvo.com\/template\/wp-content\/uploads\/sites\/5\/2025\/12\/Sf3d7b9f74d00438faa8b1c6d8bf16927b.png\" alt=\"\" width=\"887\" height=\"290\" \/><\/p>\n<h2 style=\"text-align: center;\" data-start=\"971\" data-end=\"990\">S\u00e5dan bruges<\/h2>\n<ol data-start=\"991\" data-end=\"1245\">\n<li data-start=\"991\" data-end=\"1043\">\n<p data-start=\"994\" data-end=\"1043\">Glid forsigtigt skoen p\u00e5 dit barns fod.<\/p>\n<\/li>\n<li data-start=\"1044\" data-end=\"1096\">\n<p data-start=\"1047\" data-end=\"1096\">S\u00f8rg for, at skoen sidder t\u00e6t, men komfortabelt.<\/p>\n<\/li>\n<li data-start=\"1097\" data-end=\"1150\">\n<p data-start=\"1100\" data-end=\"1150\">Lad dit barn g\u00e5, kravle eller lege sikkert.<\/p>\n<\/li>\n<li data-start=\"1151\" data-end=\"1188\">\n<p data-start=\"1154\" data-end=\"1188\">Fjern inders\u00e5len ved reng\u00f8ring.<\/p>\n<\/li>\n<li data-start=\"1189\" data-end=\"1245\">\n<p data-start=\"1192\" data-end=\"1245\">H\u00e5ndvask eller maskinvask og luftt\u00f8rring f\u00f8r genbrug.<\/p>\n<\/li>\n<\/ol>\n<h2 style=\"text-align: center;\" data-start=\"1252\" data-end=\"1276\">Produktdetaljer<\/h2>\n<ul data-start=\"1277\" data-end=\"1507\">\n<li data-start=\"1277\" data-end=\"1319\">\n<p data-start=\"1279\" data-end=\"1319\">Overdelmateriale: \u00c5ndbart netstof<\/p>\n<\/li>\n<li data-start=\"1320\" data-end=\"1356\">\n<p data-start=\"1322\" data-end=\"1356\">S\u00e5lmateriale: TPR skridsikker s\u00e5l<\/p>\n<\/li>\n<li data-start=\"1357\" data-end=\"1391\">\n<p data-start=\"1359\" data-end=\"1391\">Innens\u00e5l: Udtagelig og vaskbar<\/p>\n<\/li>\n<li data-start=\"1392\" data-end=\"1435\">\n<p data-start=\"1394\" data-end=\"1435\">Design: Slip-on med forst\u00e6rket t\u00e5kappe<\/p>\n<\/li>\n<li data-start=\"1436\" data-end=\"1480\">\n<p data-start=\"1438\" data-end=\"1480\">Velegnet til: Sm\u00e5b\u00f8rn og de f\u00f8rste vandrere<\/p>\n<\/li>\n<li data-start=\"1481\" data-end=\"1507\">\n<p data-start=\"1483\" data-end=\"1507\">S\u00e6son: Brug hele s\u00e6sonen<\/p>\n<\/li>\n<li data-start=\"1481\" data-end=\"1507\">St\u00f8rrelse: 0-6 m\u00e5neder, 6-12 m\u00e5neder, 12-18 m\u00e5neder, 18-24 m\u00e5neder, 2-4 \u00e5r<\/li>\n<\/ul>\n<h2 style=\"text-align: center;\" data-start=\"1514\" data-end=\"1539\">Pakken indeholder<\/h2>\n<ul data-start=\"1540\" data-end=\"1580\">\n<li data-start=\"1540\" data-end=\"1580\">\n<p data-start=\"1542\" data-end=\"1580\">1x par \u00e5ndbare sm\u00e5b\u00f8rnssko.<\/p>\n<\/li>\n<\/ul>\n","protected":false},"excerpt":{"rendered":"<p>Disse \u00e5ndbare sm\u00e5b\u00f8rnssko er designet til at st\u00f8tte dit barn, fra det kravler, til det tager sine f\u00f8rste sikre skridt. Den bl\u00f8de mesh-overdel holder de sm\u00e5 f\u00f8dder k\u00f8lige og friske, mens den polstrede, skridsikre s\u00e5l giver stabilitet og komfort under gang og leg. Med ekstra t\u00e5beskyttelse og et design, der er nemt at tage p\u00e5, er de perfekte til hverdagsbrug \u00e5ret rundt.<\/p>\n","protected":false},"featured_media":14149,"comment_status":"open","ping_status":"closed","template":"","meta":{"site-sidebar-layout":"default","site-content-layout":"","ast-site-content-layout":"default","site-content-style":"default","site-sidebar-style":"default","ast-global-header-display":"","ast-banner-title-visibility":"","ast-main-header-display":"","ast-hfb-above-header-display":"","ast-hfb-below-header-display":"","ast-hfb-mobile-header-display":"","site-post-title":"","ast-breadcrumbs-content":"","ast-featured-img":"","footer-sml-layout":"","theme-transparent-header-meta":"default","adv-header-id-meta":"","stick-header-meta":"","header-above-stick-meta":"","header-main-stick-meta":"","header-below-stick-meta":"","astra-migrate-meta-layouts":"set","ast-page-background-enabled":"default","ast-page-background-meta":{"desktop":{"background-color":"var(--ast-global-color-5)","background-image":"","background-repeat":"repeat","background-position":"center center","background-size":"auto","background-attachment":"scroll","background-type":"","background-media":"","overlay-type":"","overlay-color":"","overlay-opacity":"","overlay-gradient":""},"tablet":{"background-color":"","background-image":"","background-repeat":"repeat","background-position":"center center","background-size":"auto","background-attachment":"scroll","background-type":"","background-media":"","overlay-type":"","overlay-color":"","overlay-opacity":"","overlay-gradient":""},"mobile":{"background-color":"","background-image":"","background-repeat":"repeat","background-position":"center center","background-size":"auto","background-attachment":"scroll","background-type":"","background-media":"","overlay-type":"","overlay-color":"","overlay-opacity":"","overlay-gradient":""}},"ast-content-background-meta":{"desktop":{"background-color":"var(--ast-global-color-4)","background-image":"","background-repeat":"repeat","background-position":"center center","background-size":"auto","background-attachment":"scroll","background-type":"","background-media":"","overlay-type":"","overlay-color":"","overlay-opacity":"","overlay-gradient":""},"tablet":{"background-color":"var(--ast-global-color-4)","background-image":"","background-repeat":"repeat","background-position":"center center","background-size":"auto","background-attachment":"scroll","background-type":"","background-media":"","overlay-type":"","overlay-color":"","overlay-opacity":"","overlay-gradient":""},"mobile":{"background-color":"var(--ast-global-color-4)","background-image":"","background-repeat":"repeat","background-position":"center center","background-size":"auto","background-attachment":"scroll","background-type":"","background-media":"","overlay-type":"","overlay-color":"","overlay-opacity":"","overlay-gradient":""}}},"product_brand":[],"product_cat":[15],"product_tag":[],"class_list":{"0":"post-14153","1":"product","2":"type-product","3":"status-publish","4":"has-post-thumbnail","6":"product_cat-uncategorized","7":"pa_64705_949jv5io-blaa","8":"pa_64705_949jv5io-graa","9":"pa_64705_949jv5io-groen","10":"pa_64705_949jv5io-gul","11":"pa_64705_949jv5io-lyseroed","12":"pa_64705_dzrbtne8-0-6-maaneder","13":"pa_64705_dzrbtne8-12-18-maaneder","14":"pa_64705_dzrbtne8-18-24-maaneder","15":"pa_64705_dzrbtne8-2-4-aar","16":"pa_64705_dzrbtne8-6-12-maaneder","17":"desktop-align-left","18":"tablet-align-left","19":"mobile-align-left","21":"first","22":"instock","23":"shipping-taxable","24":"purchasable","25":"product-type-variable","26":"has-default-attributes"},"yoast_head":"<!-- This site is optimized with the Yoast SEO plugin v26.6 - https:\/\/yoast.com\/wordpress\/plugins\/seo\/ -->\n<title>\u00c5ndbare sko til sm\u00e5b\u00f8rn - Mekulo DK<\/title>\n<meta name=\"robots\" content=\"index, follow, max-snippet:-1, max-image-preview:large, max-video-preview:-1\" \/>\n<link rel=\"canonical\" href=\"https:\/\/mekulo.com\/dk\/produkt\/aandbare-sko-til-smaaboern\/\" \/>\n<meta property=\"og:locale\" content=\"da_DK\" \/>\n<meta property=\"og:type\" content=\"article\" \/>\n<meta property=\"og:title\" content=\"\u00c5ndbare sko til sm\u00e5b\u00f8rn - Mekulo DK\" \/>\n<meta property=\"og:description\" content=\"Disse \u00e5ndbare sm\u00e5b\u00f8rnssko er designet til at st\u00f8tte dit barn, fra det kravler, til det tager sine f\u00f8rste sikre skridt. Den bl\u00f8de mesh-overdel holder de sm\u00e5 f\u00f8dder k\u00f8lige og friske, mens den polstrede, skridsikre s\u00e5l giver stabilitet og komfort under gang og leg. Med ekstra t\u00e5beskyttelse og et design, der er nemt at tage p\u00e5, er de perfekte til hverdagsbrug \u00e5ret rundt.\" \/>\n<meta property=\"og:url\" content=\"https:\/\/mekulo.com\/dk\/produkt\/aandbare-sko-til-smaaboern\/\" \/>\n<meta property=\"og:site_name\" content=\"Mekulo DK\" \/>\n<meta property=\"article:modified_time\" content=\"2026-01-22T15:54:25+00:00\" \/>\n<meta property=\"og:image\" content=\"https:\/\/mekulo.com\/dk\/wp-content\/uploads\/sites\/12\/2026\/01\/s5sdy5z-1.webp\" \/>\n\t<meta property=\"og:image:width\" content=\"800\" \/>\n\t<meta property=\"og:image:height\" content=\"800\" \/>\n\t<meta property=\"og:image:type\" content=\"image\/webp\" \/>\n<meta name=\"twitter:card\" content=\"summary_large_image\" \/>\n<meta name=\"twitter:label1\" content=\"Estimeret l\u00e6setid\" \/>\n\t<meta name=\"twitter:data1\" content=\"2 minutter\" \/>\n<script type=\"application\/ld+json\" class=\"yoast-schema-graph\">{\"@context\":\"https:\/\/schema.org\",\"@graph\":[{\"@type\":\"WebPage\",\"@id\":\"https:\/\/mekulo.com\/dk\/produkt\/aandbare-sko-til-smaaboern\/\",\"url\":\"https:\/\/mekulo.com\/dk\/produkt\/aandbare-sko-til-smaaboern\/\",\"name\":\"\u00c5ndbare sko til sm\u00e5b\u00f8rn - Mekulo DK\",\"isPartOf\":{\"@id\":\"https:\/\/mekulo.com\/dk\/#website\"},\"primaryImageOfPage\":{\"@id\":\"https:\/\/mekulo.com\/dk\/produkt\/aandbare-sko-til-smaaboern\/#primaryimage\"},\"image\":{\"@id\":\"https:\/\/mekulo.com\/dk\/produkt\/aandbare-sko-til-smaaboern\/#primaryimage\"},\"thumbnailUrl\":\"https:\/\/mekulo.com\/dk\/wp-content\/uploads\/sites\/12\/2026\/01\/s5sdy5z-1.webp\",\"datePublished\":\"2026-01-02T10:46:00+00:00\",\"dateModified\":\"2026-01-22T15:54:25+00:00\",\"breadcrumb\":{\"@id\":\"https:\/\/mekulo.com\/dk\/produkt\/aandbare-sko-til-smaaboern\/#breadcrumb\"},\"inLanguage\":\"da-DK\",\"potentialAction\":[{\"@type\":\"ReadAction\",\"target\":[\"https:\/\/mekulo.com\/dk\/produkt\/aandbare-sko-til-smaaboern\/\"]}]},{\"@type\":\"ImageObject\",\"inLanguage\":\"da-DK\",\"@id\":\"https:\/\/mekulo.com\/dk\/produkt\/aandbare-sko-til-smaaboern\/#primaryimage\",\"url\":\"https:\/\/mekulo.com\/dk\/wp-content\/uploads\/sites\/12\/2026\/01\/s5sdy5z-1.webp\",\"contentUrl\":\"https:\/\/mekulo.com\/dk\/wp-content\/uploads\/sites\/12\/2026\/01\/s5sdy5z-1.webp\",\"width\":800,\"height\":800},{\"@type\":\"BreadcrumbList\",\"@id\":\"https:\/\/mekulo.com\/dk\/produkt\/aandbare-sko-til-smaaboern\/#breadcrumb\",\"itemListElement\":[{\"@type\":\"ListItem\",\"position\":1,\"name\":\"Home\",\"item\":\"https:\/\/mekulo.com\/dk\/\"},{\"@type\":\"ListItem\",\"position\":2,\"name\":\"Butik\",\"item\":\"https:\/\/mekulo.com\/dk\/butik\/\"},{\"@type\":\"ListItem\",\"position\":3,\"name\":\"\u00c5ndbare sko til sm\u00e5b\u00f8rn\"}]},{\"@type\":\"WebSite\",\"@id\":\"https:\/\/mekulo.com\/dk\/#website\",\"url\":\"https:\/\/mekulo.com\/dk\/\",\"name\":\"Mekulo DK\",\"description\":\"\",\"publisher\":{\"@id\":\"https:\/\/mekulo.com\/dk\/#organization\"},\"potentialAction\":[{\"@type\":\"SearchAction\",\"target\":{\"@type\":\"EntryPoint\",\"urlTemplate\":\"https:\/\/mekulo.com\/dk\/?s={search_term_string}\"},\"query-input\":{\"@type\":\"PropertyValueSpecification\",\"valueRequired\":true,\"valueName\":\"search_term_string\"}}],\"inLanguage\":\"da-DK\"},{\"@type\":\"Organization\",\"@id\":\"https:\/\/mekulo.com\/dk\/#organization\",\"name\":\"Mekulo\",\"url\":\"https:\/\/mekulo.com\/dk\/\",\"logo\":{\"@type\":\"ImageObject\",\"inLanguage\":\"da-DK\",\"@id\":\"https:\/\/mekulo.com\/dk\/#\/schema\/logo\/image\/\",\"url\":\"https:\/\/mekulo.com\/dk\/wp-content\/uploads\/sites\/12\/2025\/12\/favicon_mekulo.png\",\"contentUrl\":\"https:\/\/mekulo.com\/dk\/wp-content\/uploads\/sites\/12\/2025\/12\/favicon_mekulo.png\",\"width\":50,\"height\":50,\"caption\":\"Mekulo\"},\"image\":{\"@id\":\"https:\/\/mekulo.com\/dk\/#\/schema\/logo\/image\/\"}}]}<\/script>\n<!-- \/ Yoast SEO plugin. -->","yoast_head_json":{"title":"\u00c5ndbare sko til sm\u00e5b\u00f8rn - Mekulo DK","robots":{"index":"index","follow":"follow","max-snippet":"max-snippet:-1","max-image-preview":"max-image-preview:large","max-video-preview":"max-video-preview:-1"},"canonical":"https:\/\/mekulo.com\/dk\/produkt\/aandbare-sko-til-smaaboern\/","og_locale":"da_DK","og_type":"article","og_title":"\u00c5ndbare sko til sm\u00e5b\u00f8rn - Mekulo DK","og_description":"Disse \u00e5ndbare sm\u00e5b\u00f8rnssko er designet til at st\u00f8tte dit barn, fra det kravler, til det tager sine f\u00f8rste sikre skridt. Den bl\u00f8de mesh-overdel holder de sm\u00e5 f\u00f8dder k\u00f8lige og friske, mens den polstrede, skridsikre s\u00e5l giver stabilitet og komfort under gang og leg. Med ekstra t\u00e5beskyttelse og et design, der er nemt at tage p\u00e5, er de perfekte til hverdagsbrug \u00e5ret rundt.","og_url":"https:\/\/mekulo.com\/dk\/produkt\/aandbare-sko-til-smaaboern\/","og_site_name":"Mekulo DK","article_modified_time":"2026-01-22T15:54:25+00:00","og_image":[{"width":800,"height":800,"url":"https:\/\/mekulo.com\/dk\/wp-content\/uploads\/sites\/12\/2026\/01\/s5sdy5z-1.webp","type":"image\/webp"}],"twitter_card":"summary_large_image","twitter_misc":{"Estimeret l\u00e6setid":"2 minutter"},"schema":{"@context":"https:\/\/schema.org","@graph":[{"@type":"WebPage","@id":"https:\/\/mekulo.com\/dk\/produkt\/aandbare-sko-til-smaaboern\/","url":"https:\/\/mekulo.com\/dk\/produkt\/aandbare-sko-til-smaaboern\/","name":"\u00c5ndbare sko til sm\u00e5b\u00f8rn - Mekulo DK","isPartOf":{"@id":"https:\/\/mekulo.com\/dk\/#website"},"primaryImageOfPage":{"@id":"https:\/\/mekulo.com\/dk\/produkt\/aandbare-sko-til-smaaboern\/#primaryimage"},"image":{"@id":"https:\/\/mekulo.com\/dk\/produkt\/aandbare-sko-til-smaaboern\/#primaryimage"},"thumbnailUrl":"https:\/\/mekulo.com\/dk\/wp-content\/uploads\/sites\/12\/2026\/01\/s5sdy5z-1.webp","datePublished":"2026-01-02T10:46:00+00:00","dateModified":"2026-01-22T15:54:25+00:00","breadcrumb":{"@id":"https:\/\/mekulo.com\/dk\/produkt\/aandbare-sko-til-smaaboern\/#breadcrumb"},"inLanguage":"da-DK","potentialAction":[{"@type":"ReadAction","target":["https:\/\/mekulo.com\/dk\/produkt\/aandbare-sko-til-smaaboern\/"]}]},{"@type":"ImageObject","inLanguage":"da-DK","@id":"https:\/\/mekulo.com\/dk\/produkt\/aandbare-sko-til-smaaboern\/#primaryimage","url":"https:\/\/mekulo.com\/dk\/wp-content\/uploads\/sites\/12\/2026\/01\/s5sdy5z-1.webp","contentUrl":"https:\/\/mekulo.com\/dk\/wp-content\/uploads\/sites\/12\/2026\/01\/s5sdy5z-1.webp","width":800,"height":800},{"@type":"BreadcrumbList","@id":"https:\/\/mekulo.com\/dk\/produkt\/aandbare-sko-til-smaaboern\/#breadcrumb","itemListElement":[{"@type":"ListItem","position":1,"name":"Home","item":"https:\/\/mekulo.com\/dk\/"},{"@type":"ListItem","position":2,"name":"Butik","item":"https:\/\/mekulo.com\/dk\/butik\/"},{"@type":"ListItem","position":3,"name":"\u00c5ndbare sko til sm\u00e5b\u00f8rn"}]},{"@type":"WebSite","@id":"https:\/\/mekulo.com\/dk\/#website","url":"https:\/\/mekulo.com\/dk\/","name":"Mekulo DK","description":"","publisher":{"@id":"https:\/\/mekulo.com\/dk\/#organization"},"potentialAction":[{"@type":"SearchAction","target":{"@type":"EntryPoint","urlTemplate":"https:\/\/mekulo.com\/dk\/?s={search_term_string}"},"query-input":{"@type":"PropertyValueSpecification","valueRequired":true,"valueName":"search_term_string"}}],"inLanguage":"da-DK"},{"@type":"Organization","@id":"https:\/\/mekulo.com\/dk\/#organization","name":"Mekulo","url":"https:\/\/mekulo.com\/dk\/","logo":{"@type":"ImageObject","inLanguage":"da-DK","@id":"https:\/\/mekulo.com\/dk\/#\/schema\/logo\/image\/","url":"https:\/\/mekulo.com\/dk\/wp-content\/uploads\/sites\/12\/2025\/12\/favicon_mekulo.png","contentUrl":"https:\/\/mekulo.com\/dk\/wp-content\/uploads\/sites\/12\/2025\/12\/favicon_mekulo.png","width":50,"height":50,"caption":"Mekulo"},"image":{"@id":"https:\/\/mekulo.com\/dk\/#\/schema\/logo\/image\/"}}]}},"_links":{"self":[{"href":"https:\/\/mekulo.com\/dk\/wp-json\/wp\/v2\/product\/14153","targetHints":{"allow":["GET"]}}],"collection":[{"href":"https:\/\/mekulo.com\/dk\/wp-json\/wp\/v2\/product"}],"about":[{"href":"https:\/\/mekulo.com\/dk\/wp-json\/wp\/v2\/types\/product"}],"replies":[{"embeddable":true,"href":"https:\/\/mekulo.com\/dk\/wp-json\/wp\/v2\/comments?post=14153"}],"wp:featuredmedia":[{"embeddable":true,"href":"https:\/\/mekulo.com\/dk\/wp-json\/wp\/v2\/media\/14149"}],"wp:attachment":[{"href":"https:\/\/mekulo.com\/dk\/wp-json\/wp\/v2\/media?parent=14153"}],"wp:term":[{"taxonomy":"product_brand","embeddable":true,"href":"https:\/\/mekulo.com\/dk\/wp-json\/wp\/v2\/product_brand?post=14153"},{"taxonomy":"product_cat","embeddable":true,"href":"https:\/\/mekulo.com\/dk\/wp-json\/wp\/v2\/product_cat?post=14153"},{"taxonomy":"product_tag","embeddable":true,"href":"https:\/\/mekulo.com\/dk\/wp-json\/wp\/v2\/product_tag?post=14153"}],"curies":[{"name":"wp","href":"https:\/\/api.w.org\/{rel}","templated":true}]}}