{"id":14128,"date":"2026-01-02T12:44:24","date_gmt":"2026-01-02T10:44:24","guid":{"rendered":"https:\/\/mekulo.com\/dk\/produkt\/multifunktionelt-piskeris-til-aeg\/"},"modified":"2026-01-22T17:53:43","modified_gmt":"2026-01-22T15:53:43","slug":"multifunktionelt-piskeris-til-aeg","status":"publish","type":"product","link":"https:\/\/mekulo.com\/dk\/produkt\/multifunktionelt-piskeris-til-aeg\/","title":{"rendered":"Multifunktionelt piskeris til \u00e6g"},"content":{"rendered":"<p style=\"text-align: center;\" data-start=\"50\" data-end=\"120\"><strong>Bland, Pisk Og Tag Fat I Ingredienser Hurtigt Med Et Enkelt K\u00f8kkenredskab. \ud83c\udf73<\/strong><\/p>\n<p data-start=\"145\" data-end=\"500\"><img fetchpriority=\"high\" decoding=\"async\" class=\" wp-image-47275 aligncenter\" src=\"https:\/\/keluvo.com\/template\/wp-content\/uploads\/sites\/5\/2025\/12\/78d5b816579bb1eeba31d31e5d45f28af60e599c.webp\" alt=\"\" width=\"499\" height=\"499\" \/><\/p>\n<h2 style=\"text-align: center;\" data-start=\"507\" data-end=\"529\">Vigtigste fordele<\/h2>\n<p data-start=\"532\" data-end=\"603\">\u26a1 Hurtig og j\u00e6vn blanding &#8211; Pisker \u00e6g, dej og saucer glat.<\/p>\n<p data-start=\"606\" data-end=\"671\">\ud83d\udd01 3-i-1-design &#8211; Pisker, r\u00f8rer og griber mad med \u00e9t v\u00e6rkt\u00f8j.<\/p>\n<p data-start=\"674\" data-end=\"743\">\u270b Skridsikkert ergonomisk h\u00e5ndtag &#8211; Behageligt greb og fuld kontrol.<\/p>\n<p data-start=\"746\" data-end=\"814\">\ud83e\uddf2 St\u00e6rkt kliphoved &#8211; Sikkert greb til \u00e6g, pasta og nudler.<\/p>\n<p data-start=\"817\" data-end=\"876\">\ud83e\uddfc Let at reng\u00f8re &#8211; T\u00e5ler opvaskemaskine og er hurtig at skylle.<\/p>\n<p data-start=\"879\" data-end=\"937\">\ud83e\ude9d Oph\u00e6ngskrog &#8211; Nem opbevaring og organiseret k\u00f8kken.<\/p>\n<p data-start=\"879\" data-end=\"937\"><img decoding=\"async\" class=\" wp-image-47276 aligncenter\" src=\"https:\/\/keluvo.com\/template\/wp-content\/uploads\/sites\/5\/2025\/12\/164afea11127b1d0e50bd356fba150150c838b2b.webp\" alt=\"\" width=\"500\" height=\"500\" \/><\/p>\n<h2 style=\"text-align: center;\" data-start=\"944\" data-end=\"963\"><strong>S\u00e5dan Bruges<\/strong><\/h2>\n<ol data-start=\"964\" data-end=\"1249\">\n<li data-start=\"964\" data-end=\"1009\">\n<p data-start=\"967\" data-end=\"1009\">Tryk for at \u00e5bne piskeriset, hvis det er n\u00f8dvendigt.<\/p>\n<\/li>\n<li data-start=\"1010\" data-end=\"1075\">\n<p data-start=\"1013\" data-end=\"1075\">Brug det til at piske \u00e6g, fl\u00f8de eller saucer direkte i sk\u00e5len.<\/p>\n<\/li>\n<li data-start=\"1076\" data-end=\"1139\">\n<p data-start=\"1079\" data-end=\"1139\">Grib og l\u00f8ft mad som kogte \u00e6g eller pasta, n\u00e5r du laver mad.<\/p>\n<\/li>\n<li data-start=\"1140\" data-end=\"1199\">\n<p data-start=\"1143\" data-end=\"1199\">Skyl med vand eller s\u00e6t det i opvaskemaskinen efter brug.<\/p>\n<\/li>\n<li data-start=\"1200\" data-end=\"1249\">\n<p data-start=\"1203\" data-end=\"1249\">H\u00e6ng det op med den indbyggede krog til opbevaring.<\/p>\n<\/li>\n<\/ol>\n<h2 style=\"text-align: center;\" data-start=\"1256\" data-end=\"1280\"><strong>Produktdetaljer<\/strong><\/h2>\n<ul data-start=\"1281\" data-end=\"1453\">\n<li data-start=\"1281\" data-end=\"1329\">\n<p data-start=\"1283\" data-end=\"1329\">Materiale: PP + f\u00f8devaregodkendt nylon + TPR-h\u00e5ndtag<\/p>\n<\/li>\n<li data-start=\"1330\" data-end=\"1349\">\n<p data-start=\"1332\" data-end=\"1349\">St\u00f8rrelse: 28 x 7 cm<\/p>\n<\/li>\n<li data-start=\"1370\" data-end=\"1420\">\n<p data-start=\"1372\" data-end=\"1420\">Design: 8-linjers piskeris med forst\u00e6rket kliphoved<\/p>\n<\/li>\n<li data-start=\"1421\" data-end=\"1453\">\n<p data-start=\"1423\" data-end=\"1453\">Sikkert til: Varme og kolde f\u00f8devarer<\/p>\n<\/li>\n<\/ul>\n<h2 style=\"text-align: center;\" data-start=\"1460\" data-end=\"1485\"><strong>Pakken indeholder<\/strong><\/h2>\n<ul data-start=\"1486\" data-end=\"1519\">\n<li data-start=\"1486\" data-end=\"1519\">\n<p data-start=\"1488\" data-end=\"1519\">1, 2x multifunktionelt piskeris.<\/p>\n<\/li>\n<\/ul>\n","protected":false},"excerpt":{"rendered":"<p>Dette multifunktionelle piskeris kombinerer et piskeris og en k\u00f8kkentang i \u00e9t smart design, som g\u00f8r madlavningen hurtigere og nemmere. Det blander \u00e6g, saucer, fl\u00f8de og dej j\u00e6vnt, samtidig med at du kan gribe og l\u00f8fte mad som \u00e6g, pasta eller nudler uden at skifte v\u00e6rkt\u00f8j. Den er fremstillet af f\u00f8devaregodkendte materialer og er sikker, holdbar og behagelig at bruge hver dag.<\/p>\n","protected":false},"featured_media":14124,"comment_status":"open","ping_status":"closed","template":"","meta":{"site-sidebar-layout":"default","site-content-layout":"","ast-site-content-layout":"default","site-content-style":"default","site-sidebar-style":"default","ast-global-header-display":"","ast-banner-title-visibility":"","ast-main-header-display":"","ast-hfb-above-header-display":"","ast-hfb-below-header-display":"","ast-hfb-mobile-header-display":"","site-post-title":"","ast-breadcrumbs-content":"","ast-featured-img":"","footer-sml-layout":"","ast-disable-related-posts":"","theme-transparent-header-meta":"default","adv-header-id-meta":"","stick-header-meta":"","header-above-stick-meta":"","header-main-stick-meta":"","header-below-stick-meta":"","astra-migrate-meta-layouts":"set","ast-page-background-enabled":"default","ast-page-background-meta":{"desktop":{"background-color":"var(--ast-global-color-5)","background-image":"","background-repeat":"repeat","background-position":"center center","background-size":"auto","background-attachment":"scroll","background-type":"","background-media":"","overlay-type":"","overlay-color":"","overlay-opacity":"","overlay-gradient":""},"tablet":{"background-color":"","background-image":"","background-repeat":"repeat","background-position":"center center","background-size":"auto","background-attachment":"scroll","background-type":"","background-media":"","overlay-type":"","overlay-color":"","overlay-opacity":"","overlay-gradient":""},"mobile":{"background-color":"","background-image":"","background-repeat":"repeat","background-position":"center center","background-size":"auto","background-attachment":"scroll","background-type":"","background-media":"","overlay-type":"","overlay-color":"","overlay-opacity":"","overlay-gradient":""}},"ast-content-background-meta":{"desktop":{"background-color":"var(--ast-global-color-4)","background-image":"","background-repeat":"repeat","background-position":"center center","background-size":"auto","background-attachment":"scroll","background-type":"","background-media":"","overlay-type":"","overlay-color":"","overlay-opacity":"","overlay-gradient":""},"tablet":{"background-color":"var(--ast-global-color-4)","background-image":"","background-repeat":"repeat","background-position":"center center","background-size":"auto","background-attachment":"scroll","background-type":"","background-media":"","overlay-type":"","overlay-color":"","overlay-opacity":"","overlay-gradient":""},"mobile":{"background-color":"var(--ast-global-color-4)","background-image":"","background-repeat":"repeat","background-position":"center center","background-size":"auto","background-attachment":"scroll","background-type":"","background-media":"","overlay-type":"","overlay-color":"","overlay-opacity":"","overlay-gradient":""}}},"product_brand":[],"product_cat":[15],"product_tag":[],"class_list":{"0":"post-14128","1":"product","2":"type-product","3":"status-publish","4":"has-post-thumbnail","6":"product_cat-uncategorized","7":"pa_63876_ax3h36dr-blaa","8":"pa_63876_ax3h36dr-groen","9":"pa_63876_ax3h36dr-gul","10":"pa_63876_ax3h36dr-roed","11":"pa_63876_yyl42cvu-1-stk","12":"pa_63876_yyl42cvu-2-stk","13":"desktop-align-left","14":"tablet-align-left","15":"mobile-align-left","17":"first","18":"instock","19":"shipping-taxable","20":"purchasable","21":"product-type-variable","22":"has-default-attributes"},"yoast_head":"<!-- This site is optimized with the Yoast SEO plugin v27.4 - https:\/\/yoast.com\/product\/yoast-seo-wordpress\/ -->\n<title>Multifunktionelt piskeris til \u00e6g - Mekulo DK<\/title>\n<meta name=\"robots\" content=\"index, follow, max-snippet:-1, max-image-preview:large, max-video-preview:-1\" \/>\n<link rel=\"canonical\" href=\"https:\/\/mekulo.com\/dk\/produkt\/multifunktionelt-piskeris-til-aeg\/\" \/>\n<meta property=\"og:locale\" content=\"da_DK\" \/>\n<meta property=\"og:type\" content=\"article\" \/>\n<meta property=\"og:title\" content=\"Multifunktionelt piskeris til \u00e6g - Mekulo DK\" \/>\n<meta property=\"og:description\" content=\"Dette multifunktionelle piskeris kombinerer et piskeris og en k\u00f8kkentang i \u00e9t smart design, som g\u00f8r madlavningen hurtigere og nemmere. Det blander \u00e6g, saucer, fl\u00f8de og dej j\u00e6vnt, samtidig med at du kan gribe og l\u00f8fte mad som \u00e6g, pasta eller nudler uden at skifte v\u00e6rkt\u00f8j. Den er fremstillet af f\u00f8devaregodkendte materialer og er sikker, holdbar og behagelig at bruge hver dag.\" \/>\n<meta property=\"og:url\" content=\"https:\/\/mekulo.com\/dk\/produkt\/multifunktionelt-piskeris-til-aeg\/\" \/>\n<meta property=\"og:site_name\" content=\"Mekulo DK\" \/>\n<meta property=\"article:modified_time\" content=\"2026-01-22T15:53:43+00:00\" \/>\n<meta property=\"og:image\" content=\"https:\/\/mekulo.com\/dk\/wp-content\/uploads\/sites\/12\/2026\/01\/tmbdswf-1.jpg\" \/>\n\t<meta property=\"og:image:width\" content=\"800\" \/>\n\t<meta property=\"og:image:height\" content=\"800\" \/>\n\t<meta property=\"og:image:type\" content=\"image\/jpeg\" \/>\n<meta name=\"twitter:card\" content=\"summary_large_image\" \/>\n<meta name=\"twitter:label1\" content=\"Estimeret l\u00e6setid\" \/>\n\t<meta name=\"twitter:data1\" content=\"2 minutter\" \/>\n<script type=\"application\/ld+json\" class=\"yoast-schema-graph\">{\"@context\":\"https:\\\/\\\/schema.org\",\"@graph\":[{\"@type\":\"WebPage\",\"@id\":\"https:\\\/\\\/mekulo.com\\\/dk\\\/produkt\\\/multifunktionelt-piskeris-til-aeg\\\/\",\"url\":\"https:\\\/\\\/mekulo.com\\\/dk\\\/produkt\\\/multifunktionelt-piskeris-til-aeg\\\/\",\"name\":\"Multifunktionelt piskeris til \u00e6g - Mekulo DK\",\"isPartOf\":{\"@id\":\"https:\\\/\\\/mekulo.com\\\/dk\\\/#website\"},\"primaryImageOfPage\":{\"@id\":\"https:\\\/\\\/mekulo.com\\\/dk\\\/produkt\\\/multifunktionelt-piskeris-til-aeg\\\/#primaryimage\"},\"image\":{\"@id\":\"https:\\\/\\\/mekulo.com\\\/dk\\\/produkt\\\/multifunktionelt-piskeris-til-aeg\\\/#primaryimage\"},\"thumbnailUrl\":\"https:\\\/\\\/mekulo.com\\\/dk\\\/wp-content\\\/uploads\\\/sites\\\/12\\\/2026\\\/01\\\/tmbdswf-1.jpg\",\"datePublished\":\"2026-01-02T10:44:24+00:00\",\"dateModified\":\"2026-01-22T15:53:43+00:00\",\"breadcrumb\":{\"@id\":\"https:\\\/\\\/mekulo.com\\\/dk\\\/produkt\\\/multifunktionelt-piskeris-til-aeg\\\/#breadcrumb\"},\"inLanguage\":\"da-DK\",\"potentialAction\":[{\"@type\":\"ReadAction\",\"target\":[\"https:\\\/\\\/mekulo.com\\\/dk\\\/produkt\\\/multifunktionelt-piskeris-til-aeg\\\/\"]}]},{\"@type\":\"ImageObject\",\"inLanguage\":\"da-DK\",\"@id\":\"https:\\\/\\\/mekulo.com\\\/dk\\\/produkt\\\/multifunktionelt-piskeris-til-aeg\\\/#primaryimage\",\"url\":\"https:\\\/\\\/mekulo.com\\\/dk\\\/wp-content\\\/uploads\\\/sites\\\/12\\\/2026\\\/01\\\/tmbdswf-1.jpg\",\"contentUrl\":\"https:\\\/\\\/mekulo.com\\\/dk\\\/wp-content\\\/uploads\\\/sites\\\/12\\\/2026\\\/01\\\/tmbdswf-1.jpg\",\"width\":800,\"height\":800},{\"@type\":\"BreadcrumbList\",\"@id\":\"https:\\\/\\\/mekulo.com\\\/dk\\\/produkt\\\/multifunktionelt-piskeris-til-aeg\\\/#breadcrumb\",\"itemListElement\":[{\"@type\":\"ListItem\",\"position\":1,\"name\":\"Home\",\"item\":\"https:\\\/\\\/mekulo.com\\\/dk\\\/\"},{\"@type\":\"ListItem\",\"position\":2,\"name\":\"Butik\",\"item\":\"https:\\\/\\\/mekulo.com\\\/dk\\\/butik\\\/\"},{\"@type\":\"ListItem\",\"position\":3,\"name\":\"Multifunktionelt piskeris til \u00e6g\"}]},{\"@type\":\"WebSite\",\"@id\":\"https:\\\/\\\/mekulo.com\\\/dk\\\/#website\",\"url\":\"https:\\\/\\\/mekulo.com\\\/dk\\\/\",\"name\":\"Mekulo DK\",\"description\":\"\",\"publisher\":{\"@id\":\"https:\\\/\\\/mekulo.com\\\/dk\\\/#organization\"},\"potentialAction\":[{\"@type\":\"SearchAction\",\"target\":{\"@type\":\"EntryPoint\",\"urlTemplate\":\"https:\\\/\\\/mekulo.com\\\/dk\\\/?s={search_term_string}\"},\"query-input\":{\"@type\":\"PropertyValueSpecification\",\"valueRequired\":true,\"valueName\":\"search_term_string\"}}],\"inLanguage\":\"da-DK\"},{\"@type\":\"Organization\",\"@id\":\"https:\\\/\\\/mekulo.com\\\/dk\\\/#organization\",\"name\":\"Mekulo\",\"url\":\"https:\\\/\\\/mekulo.com\\\/dk\\\/\",\"logo\":{\"@type\":\"ImageObject\",\"inLanguage\":\"da-DK\",\"@id\":\"https:\\\/\\\/mekulo.com\\\/dk\\\/#\\\/schema\\\/logo\\\/image\\\/\",\"url\":\"https:\\\/\\\/mekulo.com\\\/dk\\\/wp-content\\\/uploads\\\/sites\\\/12\\\/2025\\\/12\\\/favicon_mekulo.png\",\"contentUrl\":\"https:\\\/\\\/mekulo.com\\\/dk\\\/wp-content\\\/uploads\\\/sites\\\/12\\\/2025\\\/12\\\/favicon_mekulo.png\",\"width\":50,\"height\":50,\"caption\":\"Mekulo\"},\"image\":{\"@id\":\"https:\\\/\\\/mekulo.com\\\/dk\\\/#\\\/schema\\\/logo\\\/image\\\/\"}}]}<\/script>\n<!-- \/ Yoast SEO plugin. -->","yoast_head_json":{"title":"Multifunktionelt piskeris til \u00e6g - Mekulo DK","robots":{"index":"index","follow":"follow","max-snippet":"max-snippet:-1","max-image-preview":"max-image-preview:large","max-video-preview":"max-video-preview:-1"},"canonical":"https:\/\/mekulo.com\/dk\/produkt\/multifunktionelt-piskeris-til-aeg\/","og_locale":"da_DK","og_type":"article","og_title":"Multifunktionelt piskeris til \u00e6g - Mekulo DK","og_description":"Dette multifunktionelle piskeris kombinerer et piskeris og en k\u00f8kkentang i \u00e9t smart design, som g\u00f8r madlavningen hurtigere og nemmere. Det blander \u00e6g, saucer, fl\u00f8de og dej j\u00e6vnt, samtidig med at du kan gribe og l\u00f8fte mad som \u00e6g, pasta eller nudler uden at skifte v\u00e6rkt\u00f8j. Den er fremstillet af f\u00f8devaregodkendte materialer og er sikker, holdbar og behagelig at bruge hver dag.","og_url":"https:\/\/mekulo.com\/dk\/produkt\/multifunktionelt-piskeris-til-aeg\/","og_site_name":"Mekulo DK","article_modified_time":"2026-01-22T15:53:43+00:00","og_image":[{"width":800,"height":800,"url":"https:\/\/mekulo.com\/dk\/wp-content\/uploads\/sites\/12\/2026\/01\/tmbdswf-1.jpg","type":"image\/jpeg"}],"twitter_card":"summary_large_image","twitter_misc":{"Estimeret l\u00e6setid":"2 minutter"},"schema":{"@context":"https:\/\/schema.org","@graph":[{"@type":"WebPage","@id":"https:\/\/mekulo.com\/dk\/produkt\/multifunktionelt-piskeris-til-aeg\/","url":"https:\/\/mekulo.com\/dk\/produkt\/multifunktionelt-piskeris-til-aeg\/","name":"Multifunktionelt piskeris til \u00e6g - Mekulo DK","isPartOf":{"@id":"https:\/\/mekulo.com\/dk\/#website"},"primaryImageOfPage":{"@id":"https:\/\/mekulo.com\/dk\/produkt\/multifunktionelt-piskeris-til-aeg\/#primaryimage"},"image":{"@id":"https:\/\/mekulo.com\/dk\/produkt\/multifunktionelt-piskeris-til-aeg\/#primaryimage"},"thumbnailUrl":"https:\/\/mekulo.com\/dk\/wp-content\/uploads\/sites\/12\/2026\/01\/tmbdswf-1.jpg","datePublished":"2026-01-02T10:44:24+00:00","dateModified":"2026-01-22T15:53:43+00:00","breadcrumb":{"@id":"https:\/\/mekulo.com\/dk\/produkt\/multifunktionelt-piskeris-til-aeg\/#breadcrumb"},"inLanguage":"da-DK","potentialAction":[{"@type":"ReadAction","target":["https:\/\/mekulo.com\/dk\/produkt\/multifunktionelt-piskeris-til-aeg\/"]}]},{"@type":"ImageObject","inLanguage":"da-DK","@id":"https:\/\/mekulo.com\/dk\/produkt\/multifunktionelt-piskeris-til-aeg\/#primaryimage","url":"https:\/\/mekulo.com\/dk\/wp-content\/uploads\/sites\/12\/2026\/01\/tmbdswf-1.jpg","contentUrl":"https:\/\/mekulo.com\/dk\/wp-content\/uploads\/sites\/12\/2026\/01\/tmbdswf-1.jpg","width":800,"height":800},{"@type":"BreadcrumbList","@id":"https:\/\/mekulo.com\/dk\/produkt\/multifunktionelt-piskeris-til-aeg\/#breadcrumb","itemListElement":[{"@type":"ListItem","position":1,"name":"Home","item":"https:\/\/mekulo.com\/dk\/"},{"@type":"ListItem","position":2,"name":"Butik","item":"https:\/\/mekulo.com\/dk\/butik\/"},{"@type":"ListItem","position":3,"name":"Multifunktionelt piskeris til \u00e6g"}]},{"@type":"WebSite","@id":"https:\/\/mekulo.com\/dk\/#website","url":"https:\/\/mekulo.com\/dk\/","name":"Mekulo DK","description":"","publisher":{"@id":"https:\/\/mekulo.com\/dk\/#organization"},"potentialAction":[{"@type":"SearchAction","target":{"@type":"EntryPoint","urlTemplate":"https:\/\/mekulo.com\/dk\/?s={search_term_string}"},"query-input":{"@type":"PropertyValueSpecification","valueRequired":true,"valueName":"search_term_string"}}],"inLanguage":"da-DK"},{"@type":"Organization","@id":"https:\/\/mekulo.com\/dk\/#organization","name":"Mekulo","url":"https:\/\/mekulo.com\/dk\/","logo":{"@type":"ImageObject","inLanguage":"da-DK","@id":"https:\/\/mekulo.com\/dk\/#\/schema\/logo\/image\/","url":"https:\/\/mekulo.com\/dk\/wp-content\/uploads\/sites\/12\/2025\/12\/favicon_mekulo.png","contentUrl":"https:\/\/mekulo.com\/dk\/wp-content\/uploads\/sites\/12\/2025\/12\/favicon_mekulo.png","width":50,"height":50,"caption":"Mekulo"},"image":{"@id":"https:\/\/mekulo.com\/dk\/#\/schema\/logo\/image\/"}}]}},"_links":{"self":[{"href":"https:\/\/mekulo.com\/dk\/wp-json\/wp\/v2\/product\/14128","targetHints":{"allow":["GET"]}}],"collection":[{"href":"https:\/\/mekulo.com\/dk\/wp-json\/wp\/v2\/product"}],"about":[{"href":"https:\/\/mekulo.com\/dk\/wp-json\/wp\/v2\/types\/product"}],"replies":[{"embeddable":true,"href":"https:\/\/mekulo.com\/dk\/wp-json\/wp\/v2\/comments?post=14128"}],"wp:featuredmedia":[{"embeddable":true,"href":"https:\/\/mekulo.com\/dk\/wp-json\/wp\/v2\/media\/14124"}],"wp:attachment":[{"href":"https:\/\/mekulo.com\/dk\/wp-json\/wp\/v2\/media?parent=14128"}],"wp:term":[{"taxonomy":"product_brand","embeddable":true,"href":"https:\/\/mekulo.com\/dk\/wp-json\/wp\/v2\/product_brand?post=14128"},{"taxonomy":"product_cat","embeddable":true,"href":"https:\/\/mekulo.com\/dk\/wp-json\/wp\/v2\/product_cat?post=14128"},{"taxonomy":"product_tag","embeddable":true,"href":"https:\/\/mekulo.com\/dk\/wp-json\/wp\/v2\/product_tag?post=14128"}],"curies":[{"name":"wp","href":"https:\/\/api.w.org\/{rel}","templated":true}]}}