{"id":14026,"date":"2026-01-02T12:37:37","date_gmt":"2026-01-02T10:37:37","guid":{"rendered":"https:\/\/mekulo.com\/dk\/produkt\/sikkerhedsboejle-til-bilsaede\/"},"modified":"2026-01-22T18:16:56","modified_gmt":"2026-01-22T16:16:56","slug":"sikkerhedsboejle-til-bilsaede","status":"publish","type":"product","link":"https:\/\/mekulo.com\/dk\/produkt\/sikkerhedsboejle-til-bilsaede\/","title":{"rendered":"Sikkerhedsb\u00f8jle til bils\u00e6de"},"content":{"rendered":"<p style=\"text-align: center;\" data-start=\"44\" data-end=\"144\"><strong>Forhindrer din telefon, n\u00f8gler, m\u00f8nter og kort i at falde ned mellem s\u00e6det og konsollen &#8211; en gang for alle. \ud83d\ude99<\/strong><\/p>\n<p data-start=\"169\" data-end=\"596\"><img fetchpriority=\"high\" decoding=\"async\" class=\" wp-image-47181 aligncenter\" src=\"https:\/\/keluvo.com\/template\/wp-content\/uploads\/sites\/5\/2025\/12\/46.webp\" alt=\"\" width=\"499\" height=\"499\" \/><\/p>\n<h2 style=\"text-align: center;\" data-start=\"603\" data-end=\"625\"><strong>\ud83d\ude97 Vigtigste fordele<\/strong><\/h2>\n<p data-start=\"628\" data-end=\"703\">\ud83d\uded1 Total beskyttelse mod fald &#8211; forhindrer genstande i at falde ned i s\u00e6dehuller.<\/p>\n<p data-start=\"706\" data-end=\"770\">\u26a1 \u00d8jeblikkelig installation &#8211; skubbes ind og bruges uden brug af v\u00e6rkt\u00f8j.<\/p>\n<p data-start=\"773\" data-end=\"840\">\ud83d\udcf1 3-i-1-design &#8211; telefonholder, kopholder og opbevaringskrog.<\/p>\n<p data-start=\"843\" data-end=\"906\">\ud83d\ude99 Universel pasform &#8211; fungerer med de fleste biler, SUV&#8217;er og lastbiler.<\/p>\n<p data-start=\"909\" data-end=\"971\">\ud83e\uddfd Let at reng\u00f8re &#8211; t\u00f8rres af uden at beskadige interi\u00f8ret.<\/p>\n<p data-start=\"974\" data-end=\"1035\">\ud83e\udde0 Skum med formhukommelse &#8211; udvider sig for en sikker, tilpasset pasform.<\/p>\n<p data-start=\"974\" data-end=\"1035\"><img decoding=\"async\" class=\" wp-image-47180 aligncenter\" src=\"https:\/\/keluvo.com\/template\/wp-content\/uploads\/sites\/5\/2025\/12\/47.webp\" alt=\"\" width=\"500\" height=\"500\" \/><\/p>\n<h2 style=\"text-align: center;\" data-start=\"1042\" data-end=\"1061\"><strong>\u25b6\ufe0f S\u00e5dan bruges<\/strong><\/h2>\n<ol data-start=\"1062\" data-end=\"1346\">\n<li data-start=\"1062\" data-end=\"1115\">\n<p data-start=\"1065\" data-end=\"1115\">Tag bils\u00e6dets faldsikring ud af pakken.<\/p>\n<\/li>\n<li data-start=\"1116\" data-end=\"1190\">\n<p data-start=\"1119\" data-end=\"1190\">Skub den forsigtigt ind i mellemrummet mellem s\u00e6det og midterkonsollen.<\/p>\n<\/li>\n<li data-start=\"1191\" data-end=\"1233\">\n<p data-start=\"1194\" data-end=\"1233\">Juster lidt, indtil den sidder godt.<\/p>\n<\/li>\n<li data-start=\"1234\" data-end=\"1300\">\n<p data-start=\"1237\" data-end=\"1300\">Placer din telefon eller sm\u00e5ting i de indbyggede rum.<\/p>\n<\/li>\n<li data-start=\"1301\" data-end=\"1346\">\n<p data-start=\"1304\" data-end=\"1346\">Nyd en rodfri, stressfri k\u00f8retur.<\/p>\n<\/li>\n<\/ol>\n<h2 style=\"text-align: center;\" data-start=\"1353\" data-end=\"1377\"><strong>\ud83d\udccf Produktdetaljer<\/strong><\/h2>\n<ul data-start=\"1378\" data-end=\"1659\">\n<li data-start=\"1378\" data-end=\"1422\">\n<p data-start=\"1380\" data-end=\"1422\">Materiale: Polyuretanskum med h\u00f8j densitet<\/p>\n<\/li>\n<li data-start=\"1423\" data-end=\"1461\">\n<p data-start=\"1425\" data-end=\"1461\">Hulkompatibilitet: Op til 6 cm bred<\/p>\n<\/li>\n<li data-start=\"1462\" data-end=\"1500\">\n<p data-start=\"1464\" data-end=\"1500\">Design: Kontureret barriere med fuld pasform<\/p>\n<\/li>\n<li data-start=\"1501\" data-end=\"1553\">\n<p data-start=\"1503\" data-end=\"1553\">Funktioner: Telefonholder, kopholder, opbevaringskrog<\/p>\n<\/li>\n<li data-start=\"1554\" data-end=\"1590\">\n<p data-start=\"1556\" data-end=\"1590\">Fit: Universal til de fleste k\u00f8ret\u00f8jer<\/p>\n<\/li>\n<li data-start=\"1591\" data-end=\"1659\">\n<p data-start=\"1593\" data-end=\"1659\">Egenskaber: Bl\u00f8d, elastisk, ikke-deformerende, formhukommende struktur<\/p>\n<\/li>\n<\/ul>\n<h2 style=\"text-align: center;\" data-start=\"1666\" data-end=\"1691\"><strong>\ud83d\udce6 Pakken indeholder<\/strong><\/h2>\n<ul data-start=\"1692\" data-end=\"1719\">\n<li data-start=\"1692\" data-end=\"1719\">\n<p data-start=\"1694\" data-end=\"1719\">2x bils\u00e6debeskyttere.<\/p>\n<\/li>\n<\/ul>\n","protected":false},"excerpt":{"rendered":"<p>Denne faldsikring til bils\u00e6der skaber en fuld, s\u00f8ml\u00f8s barriere mellem dit s\u00e6de og midterkonsollen og blokerer op til 99 % af tabte genstande, der normalt forsvinder ind i sv\u00e6rt tilg\u00e6ngelige huller. Den monteres p\u00e5 f\u00e5 sekunder uden brug af v\u00e6rkt\u00f8j og sidder godt fast, selv n\u00e5r du flytter eller justerer s\u00e6det. Med smart indbygget opbevaring beskytter den ikke kun mod tabte genstande, men forvandler ogs\u00e5 ubrugt plads til en praktisk organizer til den daglige k\u00f8rsel.<\/p>\n","protected":false},"featured_media":14022,"comment_status":"open","ping_status":"closed","template":"","meta":{"site-sidebar-layout":"default","site-content-layout":"","ast-site-content-layout":"default","site-content-style":"default","site-sidebar-style":"default","ast-global-header-display":"","ast-banner-title-visibility":"","ast-main-header-display":"","ast-hfb-above-header-display":"","ast-hfb-below-header-display":"","ast-hfb-mobile-header-display":"","site-post-title":"","ast-breadcrumbs-content":"","ast-featured-img":"","footer-sml-layout":"","theme-transparent-header-meta":"default","adv-header-id-meta":"","stick-header-meta":"","header-above-stick-meta":"","header-main-stick-meta":"","header-below-stick-meta":"","astra-migrate-meta-layouts":"set","ast-page-background-enabled":"default","ast-page-background-meta":{"desktop":{"background-color":"var(--ast-global-color-5)","background-image":"","background-repeat":"repeat","background-position":"center center","background-size":"auto","background-attachment":"scroll","background-type":"","background-media":"","overlay-type":"","overlay-color":"","overlay-opacity":"","overlay-gradient":""},"tablet":{"background-color":"","background-image":"","background-repeat":"repeat","background-position":"center center","background-size":"auto","background-attachment":"scroll","background-type":"","background-media":"","overlay-type":"","overlay-color":"","overlay-opacity":"","overlay-gradient":""},"mobile":{"background-color":"","background-image":"","background-repeat":"repeat","background-position":"center center","background-size":"auto","background-attachment":"scroll","background-type":"","background-media":"","overlay-type":"","overlay-color":"","overlay-opacity":"","overlay-gradient":""}},"ast-content-background-meta":{"desktop":{"background-color":"var(--ast-global-color-4)","background-image":"","background-repeat":"repeat","background-position":"center center","background-size":"auto","background-attachment":"scroll","background-type":"","background-media":"","overlay-type":"","overlay-color":"","overlay-opacity":"","overlay-gradient":""},"tablet":{"background-color":"var(--ast-global-color-4)","background-image":"","background-repeat":"repeat","background-position":"center center","background-size":"auto","background-attachment":"scroll","background-type":"","background-media":"","overlay-type":"","overlay-color":"","overlay-opacity":"","overlay-gradient":""},"mobile":{"background-color":"var(--ast-global-color-4)","background-image":"","background-repeat":"repeat","background-position":"center center","background-size":"auto","background-attachment":"scroll","background-type":"","background-media":"","overlay-type":"","overlay-color":"","overlay-opacity":"","overlay-gradient":""}}},"product_brand":[],"product_cat":[15],"product_tag":[],"class_list":{"0":"post-14026","1":"product","2":"type-product","3":"status-publish","4":"has-post-thumbnail","6":"product_cat-uncategorized","7":"pa_63194_815orafg-beige","8":"pa_63194_815orafg-groen","9":"pa_63194_815orafg-lysebrun","10":"pa_63194_815orafg-roed","11":"desktop-align-left","12":"tablet-align-left","13":"mobile-align-left","15":"first","16":"instock","17":"shipping-taxable","18":"purchasable","19":"product-type-variable"},"yoast_head":"<!-- This site is optimized with the Yoast SEO plugin v26.6 - https:\/\/yoast.com\/wordpress\/plugins\/seo\/ -->\n<title>Sikkerhedsb\u00f8jle til bils\u00e6de - Mekulo DK<\/title>\n<meta name=\"robots\" content=\"index, follow, max-snippet:-1, max-image-preview:large, max-video-preview:-1\" \/>\n<link rel=\"canonical\" href=\"https:\/\/mekulo.com\/dk\/produkt\/sikkerhedsboejle-til-bilsaede\/\" \/>\n<meta property=\"og:locale\" content=\"da_DK\" \/>\n<meta property=\"og:type\" content=\"article\" \/>\n<meta property=\"og:title\" content=\"Sikkerhedsb\u00f8jle til bils\u00e6de - Mekulo DK\" \/>\n<meta property=\"og:description\" content=\"Denne faldsikring til bils\u00e6der skaber en fuld, s\u00f8ml\u00f8s barriere mellem dit s\u00e6de og midterkonsollen og blokerer op til 99 % af tabte genstande, der normalt forsvinder ind i sv\u00e6rt tilg\u00e6ngelige huller. Den monteres p\u00e5 f\u00e5 sekunder uden brug af v\u00e6rkt\u00f8j og sidder godt fast, selv n\u00e5r du flytter eller justerer s\u00e6det. Med smart indbygget opbevaring beskytter den ikke kun mod tabte genstande, men forvandler ogs\u00e5 ubrugt plads til en praktisk organizer til den daglige k\u00f8rsel.\" \/>\n<meta property=\"og:url\" content=\"https:\/\/mekulo.com\/dk\/produkt\/sikkerhedsboejle-til-bilsaede\/\" \/>\n<meta property=\"og:site_name\" content=\"Mekulo DK\" \/>\n<meta property=\"article:modified_time\" content=\"2026-01-22T16:16:56+00:00\" \/>\n<meta property=\"og:image\" content=\"https:\/\/mekulo.com\/dk\/wp-content\/uploads\/sites\/12\/2026\/01\/wholthb-1.jpg\" \/>\n\t<meta property=\"og:image:width\" content=\"960\" \/>\n\t<meta property=\"og:image:height\" content=\"960\" \/>\n\t<meta property=\"og:image:type\" content=\"image\/jpeg\" \/>\n<meta name=\"twitter:card\" content=\"summary_large_image\" \/>\n<meta name=\"twitter:label1\" content=\"Estimeret l\u00e6setid\" \/>\n\t<meta name=\"twitter:data1\" content=\"2 minutter\" \/>\n<script type=\"application\/ld+json\" class=\"yoast-schema-graph\">{\"@context\":\"https:\/\/schema.org\",\"@graph\":[{\"@type\":\"WebPage\",\"@id\":\"https:\/\/mekulo.com\/dk\/produkt\/sikkerhedsboejle-til-bilsaede\/\",\"url\":\"https:\/\/mekulo.com\/dk\/produkt\/sikkerhedsboejle-til-bilsaede\/\",\"name\":\"Sikkerhedsb\u00f8jle til bils\u00e6de - Mekulo DK\",\"isPartOf\":{\"@id\":\"https:\/\/mekulo.com\/dk\/#website\"},\"primaryImageOfPage\":{\"@id\":\"https:\/\/mekulo.com\/dk\/produkt\/sikkerhedsboejle-til-bilsaede\/#primaryimage\"},\"image\":{\"@id\":\"https:\/\/mekulo.com\/dk\/produkt\/sikkerhedsboejle-til-bilsaede\/#primaryimage\"},\"thumbnailUrl\":\"https:\/\/mekulo.com\/dk\/wp-content\/uploads\/sites\/12\/2026\/01\/wholthb-1.jpg\",\"datePublished\":\"2026-01-02T10:37:37+00:00\",\"dateModified\":\"2026-01-22T16:16:56+00:00\",\"breadcrumb\":{\"@id\":\"https:\/\/mekulo.com\/dk\/produkt\/sikkerhedsboejle-til-bilsaede\/#breadcrumb\"},\"inLanguage\":\"da-DK\",\"potentialAction\":[{\"@type\":\"ReadAction\",\"target\":[\"https:\/\/mekulo.com\/dk\/produkt\/sikkerhedsboejle-til-bilsaede\/\"]}]},{\"@type\":\"ImageObject\",\"inLanguage\":\"da-DK\",\"@id\":\"https:\/\/mekulo.com\/dk\/produkt\/sikkerhedsboejle-til-bilsaede\/#primaryimage\",\"url\":\"https:\/\/mekulo.com\/dk\/wp-content\/uploads\/sites\/12\/2026\/01\/wholthb-1.jpg\",\"contentUrl\":\"https:\/\/mekulo.com\/dk\/wp-content\/uploads\/sites\/12\/2026\/01\/wholthb-1.jpg\",\"width\":960,\"height\":960},{\"@type\":\"BreadcrumbList\",\"@id\":\"https:\/\/mekulo.com\/dk\/produkt\/sikkerhedsboejle-til-bilsaede\/#breadcrumb\",\"itemListElement\":[{\"@type\":\"ListItem\",\"position\":1,\"name\":\"Home\",\"item\":\"https:\/\/mekulo.com\/dk\/\"},{\"@type\":\"ListItem\",\"position\":2,\"name\":\"Butik\",\"item\":\"https:\/\/mekulo.com\/dk\/butik\/\"},{\"@type\":\"ListItem\",\"position\":3,\"name\":\"Sikkerhedsb\u00f8jle til bils\u00e6de\"}]},{\"@type\":\"WebSite\",\"@id\":\"https:\/\/mekulo.com\/dk\/#website\",\"url\":\"https:\/\/mekulo.com\/dk\/\",\"name\":\"Mekulo DK\",\"description\":\"\",\"publisher\":{\"@id\":\"https:\/\/mekulo.com\/dk\/#organization\"},\"potentialAction\":[{\"@type\":\"SearchAction\",\"target\":{\"@type\":\"EntryPoint\",\"urlTemplate\":\"https:\/\/mekulo.com\/dk\/?s={search_term_string}\"},\"query-input\":{\"@type\":\"PropertyValueSpecification\",\"valueRequired\":true,\"valueName\":\"search_term_string\"}}],\"inLanguage\":\"da-DK\"},{\"@type\":\"Organization\",\"@id\":\"https:\/\/mekulo.com\/dk\/#organization\",\"name\":\"Mekulo\",\"url\":\"https:\/\/mekulo.com\/dk\/\",\"logo\":{\"@type\":\"ImageObject\",\"inLanguage\":\"da-DK\",\"@id\":\"https:\/\/mekulo.com\/dk\/#\/schema\/logo\/image\/\",\"url\":\"https:\/\/mekulo.com\/dk\/wp-content\/uploads\/sites\/12\/2025\/12\/favicon_mekulo.png\",\"contentUrl\":\"https:\/\/mekulo.com\/dk\/wp-content\/uploads\/sites\/12\/2025\/12\/favicon_mekulo.png\",\"width\":50,\"height\":50,\"caption\":\"Mekulo\"},\"image\":{\"@id\":\"https:\/\/mekulo.com\/dk\/#\/schema\/logo\/image\/\"}}]}<\/script>\n<!-- \/ Yoast SEO plugin. -->","yoast_head_json":{"title":"Sikkerhedsb\u00f8jle til bils\u00e6de - Mekulo DK","robots":{"index":"index","follow":"follow","max-snippet":"max-snippet:-1","max-image-preview":"max-image-preview:large","max-video-preview":"max-video-preview:-1"},"canonical":"https:\/\/mekulo.com\/dk\/produkt\/sikkerhedsboejle-til-bilsaede\/","og_locale":"da_DK","og_type":"article","og_title":"Sikkerhedsb\u00f8jle til bils\u00e6de - Mekulo DK","og_description":"Denne faldsikring til bils\u00e6der skaber en fuld, s\u00f8ml\u00f8s barriere mellem dit s\u00e6de og midterkonsollen og blokerer op til 99 % af tabte genstande, der normalt forsvinder ind i sv\u00e6rt tilg\u00e6ngelige huller. Den monteres p\u00e5 f\u00e5 sekunder uden brug af v\u00e6rkt\u00f8j og sidder godt fast, selv n\u00e5r du flytter eller justerer s\u00e6det. Med smart indbygget opbevaring beskytter den ikke kun mod tabte genstande, men forvandler ogs\u00e5 ubrugt plads til en praktisk organizer til den daglige k\u00f8rsel.","og_url":"https:\/\/mekulo.com\/dk\/produkt\/sikkerhedsboejle-til-bilsaede\/","og_site_name":"Mekulo DK","article_modified_time":"2026-01-22T16:16:56+00:00","og_image":[{"width":960,"height":960,"url":"https:\/\/mekulo.com\/dk\/wp-content\/uploads\/sites\/12\/2026\/01\/wholthb-1.jpg","type":"image\/jpeg"}],"twitter_card":"summary_large_image","twitter_misc":{"Estimeret l\u00e6setid":"2 minutter"},"schema":{"@context":"https:\/\/schema.org","@graph":[{"@type":"WebPage","@id":"https:\/\/mekulo.com\/dk\/produkt\/sikkerhedsboejle-til-bilsaede\/","url":"https:\/\/mekulo.com\/dk\/produkt\/sikkerhedsboejle-til-bilsaede\/","name":"Sikkerhedsb\u00f8jle til bils\u00e6de - Mekulo DK","isPartOf":{"@id":"https:\/\/mekulo.com\/dk\/#website"},"primaryImageOfPage":{"@id":"https:\/\/mekulo.com\/dk\/produkt\/sikkerhedsboejle-til-bilsaede\/#primaryimage"},"image":{"@id":"https:\/\/mekulo.com\/dk\/produkt\/sikkerhedsboejle-til-bilsaede\/#primaryimage"},"thumbnailUrl":"https:\/\/mekulo.com\/dk\/wp-content\/uploads\/sites\/12\/2026\/01\/wholthb-1.jpg","datePublished":"2026-01-02T10:37:37+00:00","dateModified":"2026-01-22T16:16:56+00:00","breadcrumb":{"@id":"https:\/\/mekulo.com\/dk\/produkt\/sikkerhedsboejle-til-bilsaede\/#breadcrumb"},"inLanguage":"da-DK","potentialAction":[{"@type":"ReadAction","target":["https:\/\/mekulo.com\/dk\/produkt\/sikkerhedsboejle-til-bilsaede\/"]}]},{"@type":"ImageObject","inLanguage":"da-DK","@id":"https:\/\/mekulo.com\/dk\/produkt\/sikkerhedsboejle-til-bilsaede\/#primaryimage","url":"https:\/\/mekulo.com\/dk\/wp-content\/uploads\/sites\/12\/2026\/01\/wholthb-1.jpg","contentUrl":"https:\/\/mekulo.com\/dk\/wp-content\/uploads\/sites\/12\/2026\/01\/wholthb-1.jpg","width":960,"height":960},{"@type":"BreadcrumbList","@id":"https:\/\/mekulo.com\/dk\/produkt\/sikkerhedsboejle-til-bilsaede\/#breadcrumb","itemListElement":[{"@type":"ListItem","position":1,"name":"Home","item":"https:\/\/mekulo.com\/dk\/"},{"@type":"ListItem","position":2,"name":"Butik","item":"https:\/\/mekulo.com\/dk\/butik\/"},{"@type":"ListItem","position":3,"name":"Sikkerhedsb\u00f8jle til bils\u00e6de"}]},{"@type":"WebSite","@id":"https:\/\/mekulo.com\/dk\/#website","url":"https:\/\/mekulo.com\/dk\/","name":"Mekulo DK","description":"","publisher":{"@id":"https:\/\/mekulo.com\/dk\/#organization"},"potentialAction":[{"@type":"SearchAction","target":{"@type":"EntryPoint","urlTemplate":"https:\/\/mekulo.com\/dk\/?s={search_term_string}"},"query-input":{"@type":"PropertyValueSpecification","valueRequired":true,"valueName":"search_term_string"}}],"inLanguage":"da-DK"},{"@type":"Organization","@id":"https:\/\/mekulo.com\/dk\/#organization","name":"Mekulo","url":"https:\/\/mekulo.com\/dk\/","logo":{"@type":"ImageObject","inLanguage":"da-DK","@id":"https:\/\/mekulo.com\/dk\/#\/schema\/logo\/image\/","url":"https:\/\/mekulo.com\/dk\/wp-content\/uploads\/sites\/12\/2025\/12\/favicon_mekulo.png","contentUrl":"https:\/\/mekulo.com\/dk\/wp-content\/uploads\/sites\/12\/2025\/12\/favicon_mekulo.png","width":50,"height":50,"caption":"Mekulo"},"image":{"@id":"https:\/\/mekulo.com\/dk\/#\/schema\/logo\/image\/"}}]}},"_links":{"self":[{"href":"https:\/\/mekulo.com\/dk\/wp-json\/wp\/v2\/product\/14026","targetHints":{"allow":["GET"]}}],"collection":[{"href":"https:\/\/mekulo.com\/dk\/wp-json\/wp\/v2\/product"}],"about":[{"href":"https:\/\/mekulo.com\/dk\/wp-json\/wp\/v2\/types\/product"}],"replies":[{"embeddable":true,"href":"https:\/\/mekulo.com\/dk\/wp-json\/wp\/v2\/comments?post=14026"}],"wp:featuredmedia":[{"embeddable":true,"href":"https:\/\/mekulo.com\/dk\/wp-json\/wp\/v2\/media\/14022"}],"wp:attachment":[{"href":"https:\/\/mekulo.com\/dk\/wp-json\/wp\/v2\/media?parent=14026"}],"wp:term":[{"taxonomy":"product_brand","embeddable":true,"href":"https:\/\/mekulo.com\/dk\/wp-json\/wp\/v2\/product_brand?post=14026"},{"taxonomy":"product_cat","embeddable":true,"href":"https:\/\/mekulo.com\/dk\/wp-json\/wp\/v2\/product_cat?post=14026"},{"taxonomy":"product_tag","embeddable":true,"href":"https:\/\/mekulo.com\/dk\/wp-json\/wp\/v2\/product_tag?post=14026"}],"curies":[{"name":"wp","href":"https:\/\/api.w.org\/{rel}","templated":true}]}}