{"id":13944,"date":"2026-01-02T12:33:18","date_gmt":"2026-01-02T10:33:18","guid":{"rendered":"https:\/\/mekulo.com\/dk\/produkt\/montessori-3-i-1-legesaet-206-stk\/"},"modified":"2026-01-02T17:40:23","modified_gmt":"2026-01-02T15:40:23","slug":"montessori-3-i-1-legesaet-206-stk","status":"publish","type":"product","link":"https:\/\/mekulo.com\/dk\/produkt\/montessori-3-i-1-legesaet-206-stk\/","title":{"rendered":"Montessori 3-i-1-leges\u00e6t (206 stk.)"},"content":{"rendered":"<div class=\"flex max-w-full flex-col grow\">\n<div class=\"min-h-8 text-message relative flex w-full flex-col items-end gap-2 text-start break-words whitespace-normal [.text-message+&amp;]:mt-1\" dir=\"auto\" data-message-author-role=\"assistant\" data-message-id=\"064e3a83-bd41-4b29-888f-722194f0256b\" data-message-model-slug=\"gpt-5-2\">\n<div class=\"flex w-full flex-col gap-1 empty:hidden first:pt-[1px]\">\n<div class=\"markdown prose dark:prose-invert w-full break-words light markdown-new-styling\">\n<p style=\"text-align: center;\" data-start=\"50\" data-end=\"133\"><strong>Et Smart Leges\u00e6t, Der Vokser Med Dit Barn Og Forvandler Legetid Til \u00c6gte L\u00e6ring. \ud83e\udde0<\/strong><\/p>\n<p data-start=\"158\" data-end=\"654\"><img fetchpriority=\"high\" decoding=\"async\" class=\"alignnone size-full wp-image-47002\" src=\"https:\/\/keluvo.com\/template\/wp-content\/uploads\/sites\/5\/2025\/12\/hippo-all-in-one-tool-hub-diy-montessori-tool-box-set-151213.jpg\" alt=\"\" width=\"1080\" height=\"1080\" \/><\/p>\n<h2 style=\"text-align: center;\" data-start=\"661\" data-end=\"682\">\u2b50 Vigtigste fordele<\/h2>\n<p data-start=\"685\" data-end=\"759\">\ud83e\udde0 3-i-1-l\u00e6ringssystem &#8211; Arbejdsb\u00e6nk, opbevaringsboks og b\u00e6rbart s\u00e6t.<\/p>\n<p data-start=\"762\" data-end=\"829\">\ud83d\udd27 Realistisk elektrisk boremaskine &#8211; Lys, lyd og magnetiske spidser.<\/p>\n<p data-start=\"832\" data-end=\"899\">\u270b Udvikler finmotorikken &#8211; Forbedrer h\u00e5nd-\u00f8je-koordinationen.<\/p>\n<p data-start=\"902\" data-end=\"969\">\ud83e\udde9 Opmuntrer til probleml\u00f8sning &#8211; Samle- og adskillelsesleg.<\/p>\n<p data-start=\"972\" data-end=\"1032\">\ud83d\udee1\ufe0f Maksimal sikkerhed &#8211; Afrundede kanter og overdimensionerede dele.<\/p>\n<p data-start=\"1035\" data-end=\"1093\">\ud83c\udf92 B\u00e6rbart design &#8211; Let at b\u00e6re og lege overalt.<\/p>\n<p data-start=\"1035\" data-end=\"1093\"><img decoding=\"async\" class=\"size-full wp-image-47003 aligncenter\" src=\"https:\/\/keluvo.com\/template\/wp-content\/uploads\/sites\/5\/2025\/12\/hippo-all-in-one-tool-hub-diy-montessori-tool-box-set-288890.jpg\" alt=\"\" width=\"1080\" height=\"1080\" \/><\/p>\n<h2 style=\"text-align: center;\" data-start=\"1100\" data-end=\"1120\">\ud83d\udee0\ufe0f S\u00e5dan Bruges<\/h2>\n<ol data-start=\"1121\" data-end=\"1449\">\n<li data-start=\"1121\" data-end=\"1200\">\n<p data-start=\"1124\" data-end=\"1200\">\u00c5bn leges\u00e6ttet, og v\u00e6lg tilstand: arbejdsb\u00e6nk, opbevaring eller b\u00e6rbart s\u00e6t.<\/p>\n<\/li>\n<li data-start=\"1201\" data-end=\"1275\">\n<p data-start=\"1204\" data-end=\"1275\">Brug den elektriske boremaskine og v\u00e6rkt\u00f8j til at samle m\u00f8trikker, bolte og figurer.<\/p>\n<\/li>\n<li data-start=\"1276\" data-end=\"1332\">\n<p data-start=\"1279\" data-end=\"1332\">Skift let borespidser ved hj\u00e6lp af magnetsystemet.<\/p>\n<\/li>\n<li data-start=\"1333\" data-end=\"1389\">\n<p data-start=\"1336\" data-end=\"1389\">Opbevar alt tilbeh\u00f8r p\u00e6nt indeni efter leg.<\/p>\n<\/li>\n<li data-start=\"1390\" data-end=\"1449\">\n<p data-start=\"1393\" data-end=\"1449\">B\u00e6r s\u00e6ttet ved hj\u00e6lp af det bl\u00f8de h\u00e5ndtag, s\u00e5 du kan lege overalt.<\/p>\n<\/li>\n<\/ol>\n<h2 style=\"text-align: center;\" data-start=\"1456\" data-end=\"1480\">\ud83d\udccf Produktdetaljer<\/h2>\n<ul data-start=\"1481\" data-end=\"1769\">\n<li data-start=\"1481\" data-end=\"1516\">\n<p data-start=\"1483\" data-end=\"1516\">Materiale: Ikke-giftig ABS-plast<\/p>\n<\/li>\n<li data-start=\"1517\" data-end=\"1571\">\n<p data-start=\"1519\" data-end=\"1571\">Design: Flodhestformet, modul\u00e6rt 3-i-1-system<\/p>\n<\/li>\n<li data-start=\"1572\" data-end=\"1633\">\n<p data-start=\"1574\" data-end=\"1633\">Borfunktioner: Lys, lyd, magnetiske spidser, stor knap<\/p>\n<\/li>\n<li data-start=\"1634\" data-end=\"1705\">\n<p data-start=\"1636\" data-end=\"1705\">Dele: 206 stk<\/p>\n<\/li>\n<li data-start=\"1706\" data-end=\"1769\">\n<p data-start=\"1708\" data-end=\"1769\">Sikkerhed: Overdimensionerede dele, glatte kanter, b\u00f8rnesikre materialer<\/p>\n<\/li>\n<\/ul>\n<h2 style=\"text-align: center;\" data-start=\"1776\" data-end=\"1801\">\ud83d\udce6 Pakken indeholder<\/h2>\n<ul data-start=\"1802\" data-end=\"1989\" data-is-last-node=\"\" data-is-only-node=\"\">\n<li data-start=\"1802\" data-end=\"1872\">\n<p data-start=\"1804\" data-end=\"1872\">1x montessori 3-i-1-leges\u00e6t (206 stk.).<\/p>\n<\/li>\n<\/ul>\n<\/div>\n<\/div>\n<\/div>\n<\/div>\n","protected":false},"excerpt":{"rendered":"<p>Dette montessori 3-i-1-leges\u00e6t er mere end et stykke leget\u00f8j &#8211; det er en komplet l\u00e6ringsstation, der er designet til at opbygge f\u00e6rdigheder gennem praktisk leg. Det kan forvandles til en robust arbejdsb\u00e6nk, en rummelig opbevaringskasse og et b\u00e6rbart v\u00e6rkt\u00f8jss\u00e6t, som giver b\u00f8rn forskellige m\u00e5der at udforske, bygge og forestille sig p\u00e5. Med realistisk v\u00e6rkt\u00f8j, en sikker elektrisk boremaskine og over 200 tilbeh\u00f8r hj\u00e6lper dette leges\u00e6t b\u00f8rn med at udvikle finmotorik, koordination, probleml\u00f8sning og kreativitet, mens de leger sikkert derhjemme eller p\u00e5 farten.<\/p>\n","protected":false},"featured_media":13940,"comment_status":"open","ping_status":"closed","template":"","meta":{"site-sidebar-layout":"default","site-content-layout":"","ast-site-content-layout":"default","site-content-style":"default","site-sidebar-style":"default","ast-global-header-display":"","ast-banner-title-visibility":"","ast-main-header-display":"","ast-hfb-above-header-display":"","ast-hfb-below-header-display":"","ast-hfb-mobile-header-display":"","site-post-title":"","ast-breadcrumbs-content":"","ast-featured-img":"","footer-sml-layout":"","ast-disable-related-posts":"","theme-transparent-header-meta":"default","adv-header-id-meta":"","stick-header-meta":"","header-above-stick-meta":"","header-main-stick-meta":"","header-below-stick-meta":"","astra-migrate-meta-layouts":"set","ast-page-background-enabled":"default","ast-page-background-meta":{"desktop":{"background-color":"var(--ast-global-color-5)","background-image":"","background-repeat":"repeat","background-position":"center center","background-size":"auto","background-attachment":"scroll","background-type":"","background-media":"","overlay-type":"","overlay-color":"","overlay-opacity":"","overlay-gradient":""},"tablet":{"background-color":"","background-image":"","background-repeat":"repeat","background-position":"center center","background-size":"auto","background-attachment":"scroll","background-type":"","background-media":"","overlay-type":"","overlay-color":"","overlay-opacity":"","overlay-gradient":""},"mobile":{"background-color":"","background-image":"","background-repeat":"repeat","background-position":"center center","background-size":"auto","background-attachment":"scroll","background-type":"","background-media":"","overlay-type":"","overlay-color":"","overlay-opacity":"","overlay-gradient":""}},"ast-content-background-meta":{"desktop":{"background-color":"var(--ast-global-color-4)","background-image":"","background-repeat":"repeat","background-position":"center center","background-size":"auto","background-attachment":"scroll","background-type":"","background-media":"","overlay-type":"","overlay-color":"","overlay-opacity":"","overlay-gradient":""},"tablet":{"background-color":"var(--ast-global-color-4)","background-image":"","background-repeat":"repeat","background-position":"center center","background-size":"auto","background-attachment":"scroll","background-type":"","background-media":"","overlay-type":"","overlay-color":"","overlay-opacity":"","overlay-gradient":""},"mobile":{"background-color":"var(--ast-global-color-4)","background-image":"","background-repeat":"repeat","background-position":"center center","background-size":"auto","background-attachment":"scroll","background-type":"","background-media":"","overlay-type":"","overlay-color":"","overlay-opacity":"","overlay-gradient":""}}},"product_brand":[],"product_cat":[15],"product_tag":[],"class_list":{"0":"post-13944","1":"product","2":"type-product","3":"status-publish","4":"has-post-thumbnail","6":"product_cat-uncategorized","7":"pa_63180_3os7813d-blaa","8":"pa_63180_3os7813d-lyseroed","9":"desktop-align-left","10":"tablet-align-left","11":"mobile-align-left","13":"first","14":"instock","15":"shipping-taxable","16":"purchasable","17":"product-type-variable"},"yoast_head":"<!-- This site is optimized with the Yoast SEO plugin v27.4 - https:\/\/yoast.com\/product\/yoast-seo-wordpress\/ -->\n<title>Montessori 3-i-1-leges\u00e6t (206 stk.) - Mekulo DK<\/title>\n<meta name=\"robots\" content=\"index, follow, max-snippet:-1, max-image-preview:large, max-video-preview:-1\" \/>\n<link rel=\"canonical\" href=\"https:\/\/mekulo.com\/dk\/produkt\/montessori-3-i-1-legesaet-206-stk\/\" \/>\n<meta property=\"og:locale\" content=\"da_DK\" \/>\n<meta property=\"og:type\" content=\"article\" \/>\n<meta property=\"og:title\" content=\"Montessori 3-i-1-leges\u00e6t (206 stk.) - Mekulo DK\" \/>\n<meta property=\"og:description\" content=\"Dette montessori 3-i-1-leges\u00e6t er mere end et stykke leget\u00f8j - det er en komplet l\u00e6ringsstation, der er designet til at opbygge f\u00e6rdigheder gennem praktisk leg. Det kan forvandles til en robust arbejdsb\u00e6nk, en rummelig opbevaringskasse og et b\u00e6rbart v\u00e6rkt\u00f8jss\u00e6t, som giver b\u00f8rn forskellige m\u00e5der at udforske, bygge og forestille sig p\u00e5. Med realistisk v\u00e6rkt\u00f8j, en sikker elektrisk boremaskine og over 200 tilbeh\u00f8r hj\u00e6lper dette leges\u00e6t b\u00f8rn med at udvikle finmotorik, koordination, probleml\u00f8sning og kreativitet, mens de leger sikkert derhjemme eller p\u00e5 farten.\" \/>\n<meta property=\"og:url\" content=\"https:\/\/mekulo.com\/dk\/produkt\/montessori-3-i-1-legesaet-206-stk\/\" \/>\n<meta property=\"og:site_name\" content=\"Mekulo DK\" \/>\n<meta property=\"article:modified_time\" content=\"2026-01-02T15:40:23+00:00\" \/>\n<meta property=\"og:image\" content=\"https:\/\/mekulo.com\/dk\/wp-content\/uploads\/sites\/12\/2026\/01\/3x1ameg-1.jpg\" \/>\n\t<meta property=\"og:image:width\" content=\"1080\" \/>\n\t<meta property=\"og:image:height\" content=\"1080\" \/>\n\t<meta property=\"og:image:type\" content=\"image\/jpeg\" \/>\n<meta name=\"twitter:card\" content=\"summary_large_image\" \/>\n<meta name=\"twitter:label1\" content=\"Estimeret l\u00e6setid\" \/>\n\t<meta name=\"twitter:data1\" content=\"2 minutter\" \/>\n<script type=\"application\/ld+json\" class=\"yoast-schema-graph\">{\"@context\":\"https:\\\/\\\/schema.org\",\"@graph\":[{\"@type\":\"WebPage\",\"@id\":\"https:\\\/\\\/mekulo.com\\\/dk\\\/produkt\\\/montessori-3-i-1-legesaet-206-stk\\\/\",\"url\":\"https:\\\/\\\/mekulo.com\\\/dk\\\/produkt\\\/montessori-3-i-1-legesaet-206-stk\\\/\",\"name\":\"Montessori 3-i-1-leges\u00e6t (206 stk.) - Mekulo DK\",\"isPartOf\":{\"@id\":\"https:\\\/\\\/mekulo.com\\\/dk\\\/#website\"},\"primaryImageOfPage\":{\"@id\":\"https:\\\/\\\/mekulo.com\\\/dk\\\/produkt\\\/montessori-3-i-1-legesaet-206-stk\\\/#primaryimage\"},\"image\":{\"@id\":\"https:\\\/\\\/mekulo.com\\\/dk\\\/produkt\\\/montessori-3-i-1-legesaet-206-stk\\\/#primaryimage\"},\"thumbnailUrl\":\"https:\\\/\\\/mekulo.com\\\/dk\\\/wp-content\\\/uploads\\\/sites\\\/12\\\/2026\\\/01\\\/3x1ameg-1.jpg\",\"datePublished\":\"2026-01-02T10:33:18+00:00\",\"dateModified\":\"2026-01-02T15:40:23+00:00\",\"breadcrumb\":{\"@id\":\"https:\\\/\\\/mekulo.com\\\/dk\\\/produkt\\\/montessori-3-i-1-legesaet-206-stk\\\/#breadcrumb\"},\"inLanguage\":\"da-DK\",\"potentialAction\":[{\"@type\":\"ReadAction\",\"target\":[\"https:\\\/\\\/mekulo.com\\\/dk\\\/produkt\\\/montessori-3-i-1-legesaet-206-stk\\\/\"]}]},{\"@type\":\"ImageObject\",\"inLanguage\":\"da-DK\",\"@id\":\"https:\\\/\\\/mekulo.com\\\/dk\\\/produkt\\\/montessori-3-i-1-legesaet-206-stk\\\/#primaryimage\",\"url\":\"https:\\\/\\\/mekulo.com\\\/dk\\\/wp-content\\\/uploads\\\/sites\\\/12\\\/2026\\\/01\\\/3x1ameg-1.jpg\",\"contentUrl\":\"https:\\\/\\\/mekulo.com\\\/dk\\\/wp-content\\\/uploads\\\/sites\\\/12\\\/2026\\\/01\\\/3x1ameg-1.jpg\",\"width\":1080,\"height\":1080},{\"@type\":\"BreadcrumbList\",\"@id\":\"https:\\\/\\\/mekulo.com\\\/dk\\\/produkt\\\/montessori-3-i-1-legesaet-206-stk\\\/#breadcrumb\",\"itemListElement\":[{\"@type\":\"ListItem\",\"position\":1,\"name\":\"Home\",\"item\":\"https:\\\/\\\/mekulo.com\\\/dk\\\/\"},{\"@type\":\"ListItem\",\"position\":2,\"name\":\"Butik\",\"item\":\"https:\\\/\\\/mekulo.com\\\/dk\\\/butik\\\/\"},{\"@type\":\"ListItem\",\"position\":3,\"name\":\"Montessori 3-i-1-leges\u00e6t (206 stk.)\"}]},{\"@type\":\"WebSite\",\"@id\":\"https:\\\/\\\/mekulo.com\\\/dk\\\/#website\",\"url\":\"https:\\\/\\\/mekulo.com\\\/dk\\\/\",\"name\":\"Mekulo DK\",\"description\":\"\",\"publisher\":{\"@id\":\"https:\\\/\\\/mekulo.com\\\/dk\\\/#organization\"},\"potentialAction\":[{\"@type\":\"SearchAction\",\"target\":{\"@type\":\"EntryPoint\",\"urlTemplate\":\"https:\\\/\\\/mekulo.com\\\/dk\\\/?s={search_term_string}\"},\"query-input\":{\"@type\":\"PropertyValueSpecification\",\"valueRequired\":true,\"valueName\":\"search_term_string\"}}],\"inLanguage\":\"da-DK\"},{\"@type\":\"Organization\",\"@id\":\"https:\\\/\\\/mekulo.com\\\/dk\\\/#organization\",\"name\":\"Mekulo\",\"url\":\"https:\\\/\\\/mekulo.com\\\/dk\\\/\",\"logo\":{\"@type\":\"ImageObject\",\"inLanguage\":\"da-DK\",\"@id\":\"https:\\\/\\\/mekulo.com\\\/dk\\\/#\\\/schema\\\/logo\\\/image\\\/\",\"url\":\"https:\\\/\\\/mekulo.com\\\/dk\\\/wp-content\\\/uploads\\\/sites\\\/12\\\/2025\\\/12\\\/favicon_mekulo.png\",\"contentUrl\":\"https:\\\/\\\/mekulo.com\\\/dk\\\/wp-content\\\/uploads\\\/sites\\\/12\\\/2025\\\/12\\\/favicon_mekulo.png\",\"width\":50,\"height\":50,\"caption\":\"Mekulo\"},\"image\":{\"@id\":\"https:\\\/\\\/mekulo.com\\\/dk\\\/#\\\/schema\\\/logo\\\/image\\\/\"}}]}<\/script>\n<!-- \/ Yoast SEO plugin. -->","yoast_head_json":{"title":"Montessori 3-i-1-leges\u00e6t (206 stk.) - Mekulo DK","robots":{"index":"index","follow":"follow","max-snippet":"max-snippet:-1","max-image-preview":"max-image-preview:large","max-video-preview":"max-video-preview:-1"},"canonical":"https:\/\/mekulo.com\/dk\/produkt\/montessori-3-i-1-legesaet-206-stk\/","og_locale":"da_DK","og_type":"article","og_title":"Montessori 3-i-1-leges\u00e6t (206 stk.) - Mekulo DK","og_description":"Dette montessori 3-i-1-leges\u00e6t er mere end et stykke leget\u00f8j - det er en komplet l\u00e6ringsstation, der er designet til at opbygge f\u00e6rdigheder gennem praktisk leg. Det kan forvandles til en robust arbejdsb\u00e6nk, en rummelig opbevaringskasse og et b\u00e6rbart v\u00e6rkt\u00f8jss\u00e6t, som giver b\u00f8rn forskellige m\u00e5der at udforske, bygge og forestille sig p\u00e5. Med realistisk v\u00e6rkt\u00f8j, en sikker elektrisk boremaskine og over 200 tilbeh\u00f8r hj\u00e6lper dette leges\u00e6t b\u00f8rn med at udvikle finmotorik, koordination, probleml\u00f8sning og kreativitet, mens de leger sikkert derhjemme eller p\u00e5 farten.","og_url":"https:\/\/mekulo.com\/dk\/produkt\/montessori-3-i-1-legesaet-206-stk\/","og_site_name":"Mekulo DK","article_modified_time":"2026-01-02T15:40:23+00:00","og_image":[{"width":1080,"height":1080,"url":"https:\/\/mekulo.com\/dk\/wp-content\/uploads\/sites\/12\/2026\/01\/3x1ameg-1.jpg","type":"image\/jpeg"}],"twitter_card":"summary_large_image","twitter_misc":{"Estimeret l\u00e6setid":"2 minutter"},"schema":{"@context":"https:\/\/schema.org","@graph":[{"@type":"WebPage","@id":"https:\/\/mekulo.com\/dk\/produkt\/montessori-3-i-1-legesaet-206-stk\/","url":"https:\/\/mekulo.com\/dk\/produkt\/montessori-3-i-1-legesaet-206-stk\/","name":"Montessori 3-i-1-leges\u00e6t (206 stk.) - Mekulo DK","isPartOf":{"@id":"https:\/\/mekulo.com\/dk\/#website"},"primaryImageOfPage":{"@id":"https:\/\/mekulo.com\/dk\/produkt\/montessori-3-i-1-legesaet-206-stk\/#primaryimage"},"image":{"@id":"https:\/\/mekulo.com\/dk\/produkt\/montessori-3-i-1-legesaet-206-stk\/#primaryimage"},"thumbnailUrl":"https:\/\/mekulo.com\/dk\/wp-content\/uploads\/sites\/12\/2026\/01\/3x1ameg-1.jpg","datePublished":"2026-01-02T10:33:18+00:00","dateModified":"2026-01-02T15:40:23+00:00","breadcrumb":{"@id":"https:\/\/mekulo.com\/dk\/produkt\/montessori-3-i-1-legesaet-206-stk\/#breadcrumb"},"inLanguage":"da-DK","potentialAction":[{"@type":"ReadAction","target":["https:\/\/mekulo.com\/dk\/produkt\/montessori-3-i-1-legesaet-206-stk\/"]}]},{"@type":"ImageObject","inLanguage":"da-DK","@id":"https:\/\/mekulo.com\/dk\/produkt\/montessori-3-i-1-legesaet-206-stk\/#primaryimage","url":"https:\/\/mekulo.com\/dk\/wp-content\/uploads\/sites\/12\/2026\/01\/3x1ameg-1.jpg","contentUrl":"https:\/\/mekulo.com\/dk\/wp-content\/uploads\/sites\/12\/2026\/01\/3x1ameg-1.jpg","width":1080,"height":1080},{"@type":"BreadcrumbList","@id":"https:\/\/mekulo.com\/dk\/produkt\/montessori-3-i-1-legesaet-206-stk\/#breadcrumb","itemListElement":[{"@type":"ListItem","position":1,"name":"Home","item":"https:\/\/mekulo.com\/dk\/"},{"@type":"ListItem","position":2,"name":"Butik","item":"https:\/\/mekulo.com\/dk\/butik\/"},{"@type":"ListItem","position":3,"name":"Montessori 3-i-1-leges\u00e6t (206 stk.)"}]},{"@type":"WebSite","@id":"https:\/\/mekulo.com\/dk\/#website","url":"https:\/\/mekulo.com\/dk\/","name":"Mekulo DK","description":"","publisher":{"@id":"https:\/\/mekulo.com\/dk\/#organization"},"potentialAction":[{"@type":"SearchAction","target":{"@type":"EntryPoint","urlTemplate":"https:\/\/mekulo.com\/dk\/?s={search_term_string}"},"query-input":{"@type":"PropertyValueSpecification","valueRequired":true,"valueName":"search_term_string"}}],"inLanguage":"da-DK"},{"@type":"Organization","@id":"https:\/\/mekulo.com\/dk\/#organization","name":"Mekulo","url":"https:\/\/mekulo.com\/dk\/","logo":{"@type":"ImageObject","inLanguage":"da-DK","@id":"https:\/\/mekulo.com\/dk\/#\/schema\/logo\/image\/","url":"https:\/\/mekulo.com\/dk\/wp-content\/uploads\/sites\/12\/2025\/12\/favicon_mekulo.png","contentUrl":"https:\/\/mekulo.com\/dk\/wp-content\/uploads\/sites\/12\/2025\/12\/favicon_mekulo.png","width":50,"height":50,"caption":"Mekulo"},"image":{"@id":"https:\/\/mekulo.com\/dk\/#\/schema\/logo\/image\/"}}]}},"_links":{"self":[{"href":"https:\/\/mekulo.com\/dk\/wp-json\/wp\/v2\/product\/13944","targetHints":{"allow":["GET"]}}],"collection":[{"href":"https:\/\/mekulo.com\/dk\/wp-json\/wp\/v2\/product"}],"about":[{"href":"https:\/\/mekulo.com\/dk\/wp-json\/wp\/v2\/types\/product"}],"replies":[{"embeddable":true,"href":"https:\/\/mekulo.com\/dk\/wp-json\/wp\/v2\/comments?post=13944"}],"wp:featuredmedia":[{"embeddable":true,"href":"https:\/\/mekulo.com\/dk\/wp-json\/wp\/v2\/media\/13940"}],"wp:attachment":[{"href":"https:\/\/mekulo.com\/dk\/wp-json\/wp\/v2\/media?parent=13944"}],"wp:term":[{"taxonomy":"product_brand","embeddable":true,"href":"https:\/\/mekulo.com\/dk\/wp-json\/wp\/v2\/product_brand?post=13944"},{"taxonomy":"product_cat","embeddable":true,"href":"https:\/\/mekulo.com\/dk\/wp-json\/wp\/v2\/product_cat?post=13944"},{"taxonomy":"product_tag","embeddable":true,"href":"https:\/\/mekulo.com\/dk\/wp-json\/wp\/v2\/product_tag?post=13944"}],"curies":[{"name":"wp","href":"https:\/\/api.w.org\/{rel}","templated":true}]}}