{"id":13935,"date":"2026-01-02T12:32:21","date_gmt":"2026-01-02T10:32:21","guid":{"rendered":"https:\/\/mekulo.com\/dk\/produkt\/madlavningssaet\/"},"modified":"2026-01-02T17:38:04","modified_gmt":"2026-01-02T15:38:04","slug":"madlavningssaet","status":"publish","type":"product","link":"https:\/\/mekulo.com\/dk\/produkt\/madlavningssaet\/","title":{"rendered":"Madlavningss\u00e6t"},"content":{"rendered":"<p style=\"text-align: center;\" data-start=\"36\" data-end=\"115\"><strong>Tilbered nemt hele m\u00e5ltider udend\u00f8rs med et kompakt alt-i-et campingkoges\u00e6t. \ud83c\udf73<\/strong><\/p>\n<p data-start=\"140\" data-end=\"521\"><img fetchpriority=\"high\" decoding=\"async\" class=\"size-full wp-image-46996 aligncenter\" src=\"https:\/\/keluvo.com\/template\/wp-content\/uploads\/sites\/5\/2025\/12\/122133-ezgif.com-video-to-webp-converter.webp\" alt=\"\" width=\"500\" height=\"625\" \/><\/p>\n<h2 style=\"text-align: center;\" data-start=\"528\" data-end=\"549\"><strong>\u2b50 Vigtigste fordele<\/strong><\/h2>\n<p data-start=\"552\" data-end=\"626\">\ud83c\udf73 Komplet udend\u00f8rs koges\u00e6t &#8211; Kog, steg og kog m\u00e5ltider overalt.<\/p>\n<p data-start=\"629\" data-end=\"690\">\ud83e\udeb6 Let og b\u00e6rbar &#8211; Nem at have med i en rygs\u00e6k.<\/p>\n<p data-start=\"693\" data-end=\"760\">\ud83d\udd25 Hurtig, j\u00e6vn opvarmning &#8211; Aluminium fordeler varmen effektivt.<\/p>\n<p data-start=\"763\" data-end=\"823\">\u270b Varmeisolerede h\u00e5ndtag &#8211; Beskytter fingrene mod forbr\u00e6ndinger.<\/p>\n<p data-start=\"826\" data-end=\"892\">\ud83e\uddfc Non-stick og nem at reng\u00f8re &#8211; Bel\u00e6gning i f\u00f8devarekvalitet sparer tid.<\/p>\n<p data-start=\"895\" data-end=\"962\">\ud83c\udf92 Pladsbesparende design &#8211; foldbare h\u00e5ndtag og kompakt opbevaring.<\/p>\n<p data-start=\"895\" data-end=\"962\"><img decoding=\"async\" class=\"size-full wp-image-46995 aligncenter\" src=\"https:\/\/keluvo.com\/template\/wp-content\/uploads\/sites\/5\/2025\/12\/122134-ezgif.com-video-to-webp-converter.webp\" alt=\"\" width=\"500\" height=\"625\" \/><\/p>\n<h2 style=\"text-align: center;\" data-start=\"969\" data-end=\"989\"><strong>\ud83d\udee0\ufe0f S\u00e5dan bruges<\/strong><\/h2>\n<ol data-start=\"990\" data-end=\"1217\">\n<li data-start=\"990\" data-end=\"1028\">\n<p data-start=\"993\" data-end=\"1028\">Fold gryden, panden og h\u00e5ndtagene ud.<\/p>\n<\/li>\n<li data-start=\"1029\" data-end=\"1077\">\n<p data-start=\"1032\" data-end=\"1077\">S\u00e6t komfuret op p\u00e5 en flad, stabil overflade.<\/p>\n<\/li>\n<li data-start=\"1078\" data-end=\"1130\">\n<p data-start=\"1081\" data-end=\"1130\">Brug gryden eller panden til at tilberede m\u00e5ltider eller koge vand.<\/p>\n<\/li>\n<li data-start=\"1131\" data-end=\"1161\">\n<p data-start=\"1134\" data-end=\"1161\">Lad tingene k\u00f8le af efter brug.<\/p>\n<\/li>\n<li data-start=\"1162\" data-end=\"1217\">\n<p data-start=\"1165\" data-end=\"1217\">Fold h\u00e5ndtagene sammen, og opbevar alt i netposen.<\/p>\n<\/li>\n<\/ol>\n<h2 style=\"text-align: center;\" data-start=\"1224\" data-end=\"1248\"><strong>\ud83d\udccf Produktdetaljer<\/strong><\/h2>\n<ul data-start=\"1249\" data-end=\"1447\">\n<li data-start=\"1249\" data-end=\"1280\">\n<p data-start=\"1251\" data-end=\"1280\">Materiale: Anodiseret aluminium<\/p>\n<\/li>\n<li data-start=\"1281\" data-end=\"1314\">\n<p data-start=\"1283\" data-end=\"1314\">Non-stick-bel\u00e6gning i f\u00f8devarekvalitet<\/p>\n<\/li>\n<li data-start=\"1315\" data-end=\"1343\">\n<p data-start=\"1317\" data-end=\"1343\">Kogegryde st\u00f8rrelse: 170 x 90 mm<\/p>\n<\/li>\n<li data-start=\"1344\" data-end=\"1376\">\n<p data-start=\"1346\" data-end=\"1376\">Pande st\u00f8rrelse: 175 x 45 mm<\/p>\n<\/li>\n<li data-start=\"1377\" data-end=\"1418\">\n<p data-start=\"1379\" data-end=\"1418\">Teakande kapacitet: 0,8 L (140 x 80 mm)<\/p>\n<\/li>\n<li data-start=\"1419\" data-end=\"1447\">\n<p data-start=\"1421\" data-end=\"1447\">Velegnet til: 2-3 personer<\/p>\n<\/li>\n<\/ul>\n<h2 style=\"text-align: center;\" data-start=\"1454\" data-end=\"1479\"><strong>\ud83d\udce6 Pakken indeholder<\/strong><\/h2>\n<ul data-start=\"1480\" data-end=\"1571\" data-is-last-node=\"\" data-is-only-node=\"\">\n<li data-start=\"1480\" data-end=\"1494\">\n<p data-start=\"1482\" data-end=\"1494\">1x komfur<\/p>\n<\/li>\n<li data-start=\"1495\" data-end=\"1513\">\n<p data-start=\"1497\" data-end=\"1513\">1x stegepande<\/p>\n<\/li>\n<li data-start=\"1514\" data-end=\"1529\">\n<p data-start=\"1516\" data-end=\"1529\">1x tekande<\/p>\n<\/li>\n<li data-start=\"1549\" data-end=\"1571\" data-is-last-node=\"\">\n<p data-start=\"1551\" data-end=\"1571\" data-is-last-node=\"\">1x netopbevaringspose.<\/p>\n<\/li>\n<\/ul>\n","protected":false},"excerpt":{"rendered":"<p>Dette koges\u00e6t er designet til campister, vandrere og rygs\u00e6krejsende, der \u00f8nsker at tilberede rigtige m\u00e5ltider uden at b\u00e6re tungt kogegrej. Det er fremstillet af anodiseret aluminium af h\u00f8j kvalitet, opvarmer maden j\u00e6vnt, modst\u00e5r h\u00f8je temperaturer og er nemt at reng\u00f8re efter brug. Alle dele kan foldes sammen i en lille netpose, hvilket g\u00f8r den perfekt til rejser, campingture og udend\u00f8rs eventyr for 2-3 personer.<\/p>\n","protected":false},"featured_media":13931,"comment_status":"open","ping_status":"closed","template":"","meta":{"site-sidebar-layout":"default","site-content-layout":"","ast-site-content-layout":"default","site-content-style":"default","site-sidebar-style":"default","ast-global-header-display":"","ast-banner-title-visibility":"","ast-main-header-display":"","ast-hfb-above-header-display":"","ast-hfb-below-header-display":"","ast-hfb-mobile-header-display":"","site-post-title":"","ast-breadcrumbs-content":"","ast-featured-img":"","footer-sml-layout":"","theme-transparent-header-meta":"default","adv-header-id-meta":"","stick-header-meta":"","header-above-stick-meta":"","header-main-stick-meta":"","header-below-stick-meta":"","astra-migrate-meta-layouts":"set","ast-page-background-enabled":"default","ast-page-background-meta":{"desktop":{"background-color":"var(--ast-global-color-5)","background-image":"","background-repeat":"repeat","background-position":"center center","background-size":"auto","background-attachment":"scroll","background-type":"","background-media":"","overlay-type":"","overlay-color":"","overlay-opacity":"","overlay-gradient":""},"tablet":{"background-color":"","background-image":"","background-repeat":"repeat","background-position":"center center","background-size":"auto","background-attachment":"scroll","background-type":"","background-media":"","overlay-type":"","overlay-color":"","overlay-opacity":"","overlay-gradient":""},"mobile":{"background-color":"","background-image":"","background-repeat":"repeat","background-position":"center center","background-size":"auto","background-attachment":"scroll","background-type":"","background-media":"","overlay-type":"","overlay-color":"","overlay-opacity":"","overlay-gradient":""}},"ast-content-background-meta":{"desktop":{"background-color":"var(--ast-global-color-4)","background-image":"","background-repeat":"repeat","background-position":"center center","background-size":"auto","background-attachment":"scroll","background-type":"","background-media":"","overlay-type":"","overlay-color":"","overlay-opacity":"","overlay-gradient":""},"tablet":{"background-color":"var(--ast-global-color-4)","background-image":"","background-repeat":"repeat","background-position":"center center","background-size":"auto","background-attachment":"scroll","background-type":"","background-media":"","overlay-type":"","overlay-color":"","overlay-opacity":"","overlay-gradient":""},"mobile":{"background-color":"var(--ast-global-color-4)","background-image":"","background-repeat":"repeat","background-position":"center center","background-size":"auto","background-attachment":"scroll","background-type":"","background-media":"","overlay-type":"","overlay-color":"","overlay-opacity":"","overlay-gradient":""}}},"product_brand":[],"product_cat":[15],"product_tag":[],"class_list":{"0":"post-13935","1":"product","2":"type-product","3":"status-publish","4":"has-post-thumbnail","6":"product_cat-uncategorized","7":"desktop-align-left","8":"tablet-align-left","9":"mobile-align-left","11":"first","12":"instock","13":"shipping-taxable","14":"purchasable","15":"product-type-simple"},"yoast_head":"<!-- This site is optimized with the Yoast SEO plugin v26.6 - https:\/\/yoast.com\/wordpress\/plugins\/seo\/ -->\n<title>Madlavningss\u00e6t - Mekulo DK<\/title>\n<meta name=\"robots\" content=\"index, follow, max-snippet:-1, max-image-preview:large, max-video-preview:-1\" \/>\n<link rel=\"canonical\" href=\"https:\/\/mekulo.com\/dk\/produkt\/madlavningssaet\/\" \/>\n<meta property=\"og:locale\" content=\"da_DK\" \/>\n<meta property=\"og:type\" content=\"article\" \/>\n<meta property=\"og:title\" content=\"Madlavningss\u00e6t - Mekulo DK\" \/>\n<meta property=\"og:description\" content=\"Dette koges\u00e6t er designet til campister, vandrere og rygs\u00e6krejsende, der \u00f8nsker at tilberede rigtige m\u00e5ltider uden at b\u00e6re tungt kogegrej. Det er fremstillet af anodiseret aluminium af h\u00f8j kvalitet, opvarmer maden j\u00e6vnt, modst\u00e5r h\u00f8je temperaturer og er nemt at reng\u00f8re efter brug. Alle dele kan foldes sammen i en lille netpose, hvilket g\u00f8r den perfekt til rejser, campingture og udend\u00f8rs eventyr for 2-3 personer.\" \/>\n<meta property=\"og:url\" content=\"https:\/\/mekulo.com\/dk\/produkt\/madlavningssaet\/\" \/>\n<meta property=\"og:site_name\" content=\"Mekulo DK\" \/>\n<meta property=\"article:modified_time\" content=\"2026-01-02T15:38:04+00:00\" \/>\n<meta property=\"og:image\" content=\"https:\/\/mekulo.com\/dk\/wp-content\/uploads\/sites\/12\/2026\/01\/7sdrpl6-1.jpg\" \/>\n\t<meta property=\"og:image:width\" content=\"1080\" \/>\n\t<meta property=\"og:image:height\" content=\"1080\" \/>\n\t<meta property=\"og:image:type\" content=\"image\/jpeg\" \/>\n<meta name=\"twitter:card\" content=\"summary_large_image\" \/>\n<meta name=\"twitter:label1\" content=\"Estimeret l\u00e6setid\" \/>\n\t<meta name=\"twitter:data1\" content=\"2 minutter\" \/>\n<script type=\"application\/ld+json\" class=\"yoast-schema-graph\">{\"@context\":\"https:\/\/schema.org\",\"@graph\":[{\"@type\":\"WebPage\",\"@id\":\"https:\/\/mekulo.com\/dk\/produkt\/madlavningssaet\/\",\"url\":\"https:\/\/mekulo.com\/dk\/produkt\/madlavningssaet\/\",\"name\":\"Madlavningss\u00e6t - Mekulo DK\",\"isPartOf\":{\"@id\":\"https:\/\/mekulo.com\/dk\/#website\"},\"primaryImageOfPage\":{\"@id\":\"https:\/\/mekulo.com\/dk\/produkt\/madlavningssaet\/#primaryimage\"},\"image\":{\"@id\":\"https:\/\/mekulo.com\/dk\/produkt\/madlavningssaet\/#primaryimage\"},\"thumbnailUrl\":\"https:\/\/mekulo.com\/dk\/wp-content\/uploads\/sites\/12\/2026\/01\/7sdrpl6-1.jpg\",\"datePublished\":\"2026-01-02T10:32:21+00:00\",\"dateModified\":\"2026-01-02T15:38:04+00:00\",\"breadcrumb\":{\"@id\":\"https:\/\/mekulo.com\/dk\/produkt\/madlavningssaet\/#breadcrumb\"},\"inLanguage\":\"da-DK\",\"potentialAction\":[{\"@type\":\"ReadAction\",\"target\":[\"https:\/\/mekulo.com\/dk\/produkt\/madlavningssaet\/\"]}]},{\"@type\":\"ImageObject\",\"inLanguage\":\"da-DK\",\"@id\":\"https:\/\/mekulo.com\/dk\/produkt\/madlavningssaet\/#primaryimage\",\"url\":\"https:\/\/mekulo.com\/dk\/wp-content\/uploads\/sites\/12\/2026\/01\/7sdrpl6-1.jpg\",\"contentUrl\":\"https:\/\/mekulo.com\/dk\/wp-content\/uploads\/sites\/12\/2026\/01\/7sdrpl6-1.jpg\",\"width\":1080,\"height\":1080},{\"@type\":\"BreadcrumbList\",\"@id\":\"https:\/\/mekulo.com\/dk\/produkt\/madlavningssaet\/#breadcrumb\",\"itemListElement\":[{\"@type\":\"ListItem\",\"position\":1,\"name\":\"Home\",\"item\":\"https:\/\/mekulo.com\/dk\/\"},{\"@type\":\"ListItem\",\"position\":2,\"name\":\"Butik\",\"item\":\"https:\/\/mekulo.com\/dk\/butik\/\"},{\"@type\":\"ListItem\",\"position\":3,\"name\":\"Madlavningss\u00e6t\"}]},{\"@type\":\"WebSite\",\"@id\":\"https:\/\/mekulo.com\/dk\/#website\",\"url\":\"https:\/\/mekulo.com\/dk\/\",\"name\":\"Mekulo DK\",\"description\":\"\",\"publisher\":{\"@id\":\"https:\/\/mekulo.com\/dk\/#organization\"},\"potentialAction\":[{\"@type\":\"SearchAction\",\"target\":{\"@type\":\"EntryPoint\",\"urlTemplate\":\"https:\/\/mekulo.com\/dk\/?s={search_term_string}\"},\"query-input\":{\"@type\":\"PropertyValueSpecification\",\"valueRequired\":true,\"valueName\":\"search_term_string\"}}],\"inLanguage\":\"da-DK\"},{\"@type\":\"Organization\",\"@id\":\"https:\/\/mekulo.com\/dk\/#organization\",\"name\":\"Mekulo\",\"url\":\"https:\/\/mekulo.com\/dk\/\",\"logo\":{\"@type\":\"ImageObject\",\"inLanguage\":\"da-DK\",\"@id\":\"https:\/\/mekulo.com\/dk\/#\/schema\/logo\/image\/\",\"url\":\"https:\/\/mekulo.com\/dk\/wp-content\/uploads\/sites\/12\/2025\/12\/favicon_mekulo.png\",\"contentUrl\":\"https:\/\/mekulo.com\/dk\/wp-content\/uploads\/sites\/12\/2025\/12\/favicon_mekulo.png\",\"width\":50,\"height\":50,\"caption\":\"Mekulo\"},\"image\":{\"@id\":\"https:\/\/mekulo.com\/dk\/#\/schema\/logo\/image\/\"}}]}<\/script>\n<!-- \/ Yoast SEO plugin. -->","yoast_head_json":{"title":"Madlavningss\u00e6t - Mekulo DK","robots":{"index":"index","follow":"follow","max-snippet":"max-snippet:-1","max-image-preview":"max-image-preview:large","max-video-preview":"max-video-preview:-1"},"canonical":"https:\/\/mekulo.com\/dk\/produkt\/madlavningssaet\/","og_locale":"da_DK","og_type":"article","og_title":"Madlavningss\u00e6t - Mekulo DK","og_description":"Dette koges\u00e6t er designet til campister, vandrere og rygs\u00e6krejsende, der \u00f8nsker at tilberede rigtige m\u00e5ltider uden at b\u00e6re tungt kogegrej. Det er fremstillet af anodiseret aluminium af h\u00f8j kvalitet, opvarmer maden j\u00e6vnt, modst\u00e5r h\u00f8je temperaturer og er nemt at reng\u00f8re efter brug. Alle dele kan foldes sammen i en lille netpose, hvilket g\u00f8r den perfekt til rejser, campingture og udend\u00f8rs eventyr for 2-3 personer.","og_url":"https:\/\/mekulo.com\/dk\/produkt\/madlavningssaet\/","og_site_name":"Mekulo DK","article_modified_time":"2026-01-02T15:38:04+00:00","og_image":[{"width":1080,"height":1080,"url":"https:\/\/mekulo.com\/dk\/wp-content\/uploads\/sites\/12\/2026\/01\/7sdrpl6-1.jpg","type":"image\/jpeg"}],"twitter_card":"summary_large_image","twitter_misc":{"Estimeret l\u00e6setid":"2 minutter"},"schema":{"@context":"https:\/\/schema.org","@graph":[{"@type":"WebPage","@id":"https:\/\/mekulo.com\/dk\/produkt\/madlavningssaet\/","url":"https:\/\/mekulo.com\/dk\/produkt\/madlavningssaet\/","name":"Madlavningss\u00e6t - Mekulo DK","isPartOf":{"@id":"https:\/\/mekulo.com\/dk\/#website"},"primaryImageOfPage":{"@id":"https:\/\/mekulo.com\/dk\/produkt\/madlavningssaet\/#primaryimage"},"image":{"@id":"https:\/\/mekulo.com\/dk\/produkt\/madlavningssaet\/#primaryimage"},"thumbnailUrl":"https:\/\/mekulo.com\/dk\/wp-content\/uploads\/sites\/12\/2026\/01\/7sdrpl6-1.jpg","datePublished":"2026-01-02T10:32:21+00:00","dateModified":"2026-01-02T15:38:04+00:00","breadcrumb":{"@id":"https:\/\/mekulo.com\/dk\/produkt\/madlavningssaet\/#breadcrumb"},"inLanguage":"da-DK","potentialAction":[{"@type":"ReadAction","target":["https:\/\/mekulo.com\/dk\/produkt\/madlavningssaet\/"]}]},{"@type":"ImageObject","inLanguage":"da-DK","@id":"https:\/\/mekulo.com\/dk\/produkt\/madlavningssaet\/#primaryimage","url":"https:\/\/mekulo.com\/dk\/wp-content\/uploads\/sites\/12\/2026\/01\/7sdrpl6-1.jpg","contentUrl":"https:\/\/mekulo.com\/dk\/wp-content\/uploads\/sites\/12\/2026\/01\/7sdrpl6-1.jpg","width":1080,"height":1080},{"@type":"BreadcrumbList","@id":"https:\/\/mekulo.com\/dk\/produkt\/madlavningssaet\/#breadcrumb","itemListElement":[{"@type":"ListItem","position":1,"name":"Home","item":"https:\/\/mekulo.com\/dk\/"},{"@type":"ListItem","position":2,"name":"Butik","item":"https:\/\/mekulo.com\/dk\/butik\/"},{"@type":"ListItem","position":3,"name":"Madlavningss\u00e6t"}]},{"@type":"WebSite","@id":"https:\/\/mekulo.com\/dk\/#website","url":"https:\/\/mekulo.com\/dk\/","name":"Mekulo DK","description":"","publisher":{"@id":"https:\/\/mekulo.com\/dk\/#organization"},"potentialAction":[{"@type":"SearchAction","target":{"@type":"EntryPoint","urlTemplate":"https:\/\/mekulo.com\/dk\/?s={search_term_string}"},"query-input":{"@type":"PropertyValueSpecification","valueRequired":true,"valueName":"search_term_string"}}],"inLanguage":"da-DK"},{"@type":"Organization","@id":"https:\/\/mekulo.com\/dk\/#organization","name":"Mekulo","url":"https:\/\/mekulo.com\/dk\/","logo":{"@type":"ImageObject","inLanguage":"da-DK","@id":"https:\/\/mekulo.com\/dk\/#\/schema\/logo\/image\/","url":"https:\/\/mekulo.com\/dk\/wp-content\/uploads\/sites\/12\/2025\/12\/favicon_mekulo.png","contentUrl":"https:\/\/mekulo.com\/dk\/wp-content\/uploads\/sites\/12\/2025\/12\/favicon_mekulo.png","width":50,"height":50,"caption":"Mekulo"},"image":{"@id":"https:\/\/mekulo.com\/dk\/#\/schema\/logo\/image\/"}}]}},"_links":{"self":[{"href":"https:\/\/mekulo.com\/dk\/wp-json\/wp\/v2\/product\/13935","targetHints":{"allow":["GET"]}}],"collection":[{"href":"https:\/\/mekulo.com\/dk\/wp-json\/wp\/v2\/product"}],"about":[{"href":"https:\/\/mekulo.com\/dk\/wp-json\/wp\/v2\/types\/product"}],"replies":[{"embeddable":true,"href":"https:\/\/mekulo.com\/dk\/wp-json\/wp\/v2\/comments?post=13935"}],"wp:featuredmedia":[{"embeddable":true,"href":"https:\/\/mekulo.com\/dk\/wp-json\/wp\/v2\/media\/13931"}],"wp:attachment":[{"href":"https:\/\/mekulo.com\/dk\/wp-json\/wp\/v2\/media?parent=13935"}],"wp:term":[{"taxonomy":"product_brand","embeddable":true,"href":"https:\/\/mekulo.com\/dk\/wp-json\/wp\/v2\/product_brand?post=13935"},{"taxonomy":"product_cat","embeddable":true,"href":"https:\/\/mekulo.com\/dk\/wp-json\/wp\/v2\/product_cat?post=13935"},{"taxonomy":"product_tag","embeddable":true,"href":"https:\/\/mekulo.com\/dk\/wp-json\/wp\/v2\/product_tag?post=13935"}],"curies":[{"name":"wp","href":"https:\/\/api.w.org\/{rel}","templated":true}]}}