{"id":13920,"date":"2026-01-02T12:31:30","date_gmt":"2026-01-02T10:31:30","guid":{"rendered":"https:\/\/mekulo.com\/dk\/produkt\/udvideligt-opvaskestativ\/"},"modified":"2026-01-02T17:34:55","modified_gmt":"2026-01-02T15:34:55","slug":"udvideligt-opvaskestativ","status":"publish","type":"product","link":"https:\/\/mekulo.com\/dk\/produkt\/udvideligt-opvaskestativ\/","title":{"rendered":"Udvideligt opvaskestativ"},"content":{"rendered":"<p style=\"text-align: center;\" data-start=\"52\" data-end=\"116\"><strong>T\u00f8rrer flere tallerkener p\u00e5 mindre plads med et smart, udvideligt design. \ud83d\udca6<\/strong><\/p>\n<p data-start=\"141\" data-end=\"518\"><img fetchpriority=\"high\" decoding=\"async\" class=\"size-full wp-image-46986 aligncenter\" src=\"https:\/\/keluvo.com\/template\/wp-content\/uploads\/sites\/5\/2025\/12\/122132-ezgif.com-video-to-webp-converter.webp\" alt=\"\" width=\"500\" height=\"500\" \/><\/p>\n<h2 style=\"text-align: center;\" data-start=\"525\" data-end=\"546\">\u2b50 Vigtigste fordele<\/h2>\n<p data-start=\"549\" data-end=\"609\">\ud83c\udf7d\ufe0f Udvideligt design &#8211; Juster st\u00f8rrelsen baseret p\u00e5 opvasken.<\/p>\n<p data-start=\"612\" data-end=\"674\">\ud83d\udce6 Pladsbesparende &amp; sammenklappelig &#8211; Opbevares fladt, n\u00e5r det ikke er i brug.<\/p>\n<p data-start=\"677\" data-end=\"756\">\ud83e\uddc2 Organiseret layout &#8211; Separate sektioner til tallerkener, redskaber og bestik.<\/p>\n<p data-start=\"759\" data-end=\"833\">\ud83d\udca7 Hurtig vandafledning &#8211; Skr\u00e5 bund og \u00e5bninger forhindrer ophobning af vand.<\/p>\n<p data-start=\"836\" data-end=\"908\">\ud83d\udee1\ufe0f Rustfrie materialer &#8211; Konstruktion i rustfrit st\u00e5l og plast.<\/p>\n<p data-start=\"911\" data-end=\"971\">\ud83e\uddfc Let at reng\u00f8re &#8211; T\u00f8rres af med vand og en svamp.<\/p>\n<p data-start=\"911\" data-end=\"971\"><img decoding=\"async\" class=\"size-full wp-image-46987 aligncenter\" src=\"https:\/\/keluvo.com\/template\/wp-content\/uploads\/sites\/5\/2025\/12\/122131-ezgif.com-video-to-webp-converter.webp\" alt=\"\" width=\"500\" height=\"500\" \/><\/p>\n<h2 style=\"text-align: center;\" data-start=\"978\" data-end=\"998\"><strong>\ud83d\udee0\ufe0f S\u00e5dan Bruges<\/strong><\/h2>\n<ol data-start=\"999\" data-end=\"1267\">\n<li data-start=\"999\" data-end=\"1054\">\n<p data-start=\"1002\" data-end=\"1054\">Placer stativet p\u00e5 en flad bordplade n\u00e6r vasken.<\/p>\n<\/li>\n<li data-start=\"1055\" data-end=\"1108\">\n<p data-start=\"1058\" data-end=\"1108\">Udvid eller fold det baseret p\u00e5 antallet af tallerkener.<\/p>\n<\/li>\n<li data-start=\"1109\" data-end=\"1174\">\n<p data-start=\"1112\" data-end=\"1174\">Arranger tallerkener, sk\u00e5le og redskaber i de rigtige sektioner.<\/p>\n<\/li>\n<li data-start=\"1175\" data-end=\"1230\">\n<p data-start=\"1178\" data-end=\"1230\">Lad vandet l\u00f8be naturligt gennem den skr\u00e5nende bund.<\/p>\n<\/li>\n<li data-start=\"1231\" data-end=\"1267\">\n<p data-start=\"1234\" data-end=\"1267\">Fold og opbevar, n\u00e5r det ikke er i brug.<\/p>\n<\/li>\n<\/ol>\n<h2 style=\"text-align: center;\" data-start=\"1274\" data-end=\"1298\"><strong>\ud83d\udccf Produktdetaljer<\/strong><\/h2>\n<ul data-start=\"1299\" data-end=\"1488\">\n<li data-start=\"1299\" data-end=\"1337\">\n<p data-start=\"1301\" data-end=\"1337\">Materiale: Rustfrit st\u00e5l, plast<\/p>\n<\/li>\n<li data-start=\"1338\" data-end=\"1373\">\n<p data-start=\"1340\" data-end=\"1373\">Design: Sammenklappelig og udvidelig<\/p>\n<\/li>\n<li data-start=\"1374\" data-end=\"1419\">\n<p data-start=\"1376\" data-end=\"1419\">Dr\u00e6nage: Skr\u00e5 bund med dr\u00e6nspalter<\/p>\n<\/li>\n<li data-start=\"1420\" data-end=\"1453\">\n<p data-start=\"1422\" data-end=\"1453\">Kompakt st\u00f8rrelse: 28 x 20 x 11 cm<\/p>\n<\/li>\n<li data-start=\"1454\" data-end=\"1488\">\n<p data-start=\"1456\" data-end=\"1488\">Udvidet st\u00f8rrelse: 47 x 20 x 11 cm<\/p>\n<\/li>\n<\/ul>\n<h2 style=\"text-align: center;\" data-start=\"1495\" data-end=\"1520\"><strong>\ud83d\udce6 Pakken indeholder<\/strong><\/h2>\n<ul data-start=\"1521\" data-end=\"1554\" data-is-last-node=\"\" data-is-only-node=\"\">\n<li data-start=\"1521\" data-end=\"1554\" data-is-last-node=\"\">\n<p data-start=\"1523\" data-end=\"1554\" data-is-last-node=\"\">1x udvideligt opvaskestativ.<\/p>\n<\/li>\n<\/ul>\n","protected":false},"excerpt":{"rendered":"<p>Dette udvidelige opvaskestativ tilpasser sig dine daglige k\u00f8kkenbehov, uanset om du har et par tallerkener eller en hel opvask. Den foldbare struktur giver dig mulighed for at skifte mellem kompakte og udvidede st\u00f8rrelser, s\u00e5 du kan holde bordpladen organiseret uden at spilde plads. Det er bygget til daglig brug og kombinerer effektiv dr\u00e6ning, nem reng\u00f8ring og holdbare materialer, s\u00e5 du f\u00e5r et renere og mere ryddeligt k\u00f8kken.<\/p>\n","protected":false},"featured_media":13916,"comment_status":"open","ping_status":"closed","template":"","meta":{"site-sidebar-layout":"default","site-content-layout":"","ast-site-content-layout":"default","site-content-style":"default","site-sidebar-style":"default","ast-global-header-display":"","ast-banner-title-visibility":"","ast-main-header-display":"","ast-hfb-above-header-display":"","ast-hfb-below-header-display":"","ast-hfb-mobile-header-display":"","site-post-title":"","ast-breadcrumbs-content":"","ast-featured-img":"","footer-sml-layout":"","ast-disable-related-posts":"","theme-transparent-header-meta":"default","adv-header-id-meta":"","stick-header-meta":"","header-above-stick-meta":"","header-main-stick-meta":"","header-below-stick-meta":"","astra-migrate-meta-layouts":"set","ast-page-background-enabled":"default","ast-page-background-meta":{"desktop":{"background-color":"var(--ast-global-color-5)","background-image":"","background-repeat":"repeat","background-position":"center center","background-size":"auto","background-attachment":"scroll","background-type":"","background-media":"","overlay-type":"","overlay-color":"","overlay-opacity":"","overlay-gradient":""},"tablet":{"background-color":"","background-image":"","background-repeat":"repeat","background-position":"center center","background-size":"auto","background-attachment":"scroll","background-type":"","background-media":"","overlay-type":"","overlay-color":"","overlay-opacity":"","overlay-gradient":""},"mobile":{"background-color":"","background-image":"","background-repeat":"repeat","background-position":"center center","background-size":"auto","background-attachment":"scroll","background-type":"","background-media":"","overlay-type":"","overlay-color":"","overlay-opacity":"","overlay-gradient":""}},"ast-content-background-meta":{"desktop":{"background-color":"var(--ast-global-color-4)","background-image":"","background-repeat":"repeat","background-position":"center center","background-size":"auto","background-attachment":"scroll","background-type":"","background-media":"","overlay-type":"","overlay-color":"","overlay-opacity":"","overlay-gradient":""},"tablet":{"background-color":"var(--ast-global-color-4)","background-image":"","background-repeat":"repeat","background-position":"center center","background-size":"auto","background-attachment":"scroll","background-type":"","background-media":"","overlay-type":"","overlay-color":"","overlay-opacity":"","overlay-gradient":""},"mobile":{"background-color":"var(--ast-global-color-4)","background-image":"","background-repeat":"repeat","background-position":"center center","background-size":"auto","background-attachment":"scroll","background-type":"","background-media":"","overlay-type":"","overlay-color":"","overlay-opacity":"","overlay-gradient":""}}},"product_brand":[],"product_cat":[15],"product_tag":[],"class_list":{"0":"post-13920","1":"product","2":"type-product","3":"status-publish","4":"has-post-thumbnail","6":"product_cat-uncategorized","7":"pa_62893_o309b26a-graa","8":"pa_62893_o309b26a-hvid","9":"pa_62893_o309b26a-sort","10":"desktop-align-left","11":"tablet-align-left","12":"mobile-align-left","14":"first","15":"instock","16":"shipping-taxable","17":"purchasable","18":"product-type-variable"},"yoast_head":"<!-- This site is optimized with the Yoast SEO plugin v27.4 - https:\/\/yoast.com\/product\/yoast-seo-wordpress\/ -->\n<title>Udvideligt opvaskestativ - Mekulo DK<\/title>\n<meta name=\"robots\" content=\"index, follow, max-snippet:-1, max-image-preview:large, max-video-preview:-1\" \/>\n<link rel=\"canonical\" href=\"https:\/\/mekulo.com\/dk\/produkt\/udvideligt-opvaskestativ\/\" \/>\n<meta property=\"og:locale\" content=\"da_DK\" \/>\n<meta property=\"og:type\" content=\"article\" \/>\n<meta property=\"og:title\" content=\"Udvideligt opvaskestativ - Mekulo DK\" \/>\n<meta property=\"og:description\" content=\"Dette udvidelige opvaskestativ tilpasser sig dine daglige k\u00f8kkenbehov, uanset om du har et par tallerkener eller en hel opvask. Den foldbare struktur giver dig mulighed for at skifte mellem kompakte og udvidede st\u00f8rrelser, s\u00e5 du kan holde bordpladen organiseret uden at spilde plads. Det er bygget til daglig brug og kombinerer effektiv dr\u00e6ning, nem reng\u00f8ring og holdbare materialer, s\u00e5 du f\u00e5r et renere og mere ryddeligt k\u00f8kken.\" \/>\n<meta property=\"og:url\" content=\"https:\/\/mekulo.com\/dk\/produkt\/udvideligt-opvaskestativ\/\" \/>\n<meta property=\"og:site_name\" content=\"Mekulo DK\" \/>\n<meta property=\"article:modified_time\" content=\"2026-01-02T15:34:55+00:00\" \/>\n<meta property=\"og:image\" content=\"https:\/\/mekulo.com\/dk\/wp-content\/uploads\/sites\/12\/2026\/01\/2dobhpy-1.jpg\" \/>\n\t<meta property=\"og:image:width\" content=\"600\" \/>\n\t<meta property=\"og:image:height\" content=\"600\" \/>\n\t<meta property=\"og:image:type\" content=\"image\/jpeg\" \/>\n<meta name=\"twitter:card\" content=\"summary_large_image\" \/>\n<meta name=\"twitter:label1\" content=\"Estimeret l\u00e6setid\" \/>\n\t<meta name=\"twitter:data1\" content=\"2 minutter\" \/>\n<script type=\"application\/ld+json\" class=\"yoast-schema-graph\">{\"@context\":\"https:\\\/\\\/schema.org\",\"@graph\":[{\"@type\":\"WebPage\",\"@id\":\"https:\\\/\\\/mekulo.com\\\/dk\\\/produkt\\\/udvideligt-opvaskestativ\\\/\",\"url\":\"https:\\\/\\\/mekulo.com\\\/dk\\\/produkt\\\/udvideligt-opvaskestativ\\\/\",\"name\":\"Udvideligt opvaskestativ - Mekulo DK\",\"isPartOf\":{\"@id\":\"https:\\\/\\\/mekulo.com\\\/dk\\\/#website\"},\"primaryImageOfPage\":{\"@id\":\"https:\\\/\\\/mekulo.com\\\/dk\\\/produkt\\\/udvideligt-opvaskestativ\\\/#primaryimage\"},\"image\":{\"@id\":\"https:\\\/\\\/mekulo.com\\\/dk\\\/produkt\\\/udvideligt-opvaskestativ\\\/#primaryimage\"},\"thumbnailUrl\":\"https:\\\/\\\/mekulo.com\\\/dk\\\/wp-content\\\/uploads\\\/sites\\\/12\\\/2026\\\/01\\\/2dobhpy-1.jpg\",\"datePublished\":\"2026-01-02T10:31:30+00:00\",\"dateModified\":\"2026-01-02T15:34:55+00:00\",\"breadcrumb\":{\"@id\":\"https:\\\/\\\/mekulo.com\\\/dk\\\/produkt\\\/udvideligt-opvaskestativ\\\/#breadcrumb\"},\"inLanguage\":\"da-DK\",\"potentialAction\":[{\"@type\":\"ReadAction\",\"target\":[\"https:\\\/\\\/mekulo.com\\\/dk\\\/produkt\\\/udvideligt-opvaskestativ\\\/\"]}]},{\"@type\":\"ImageObject\",\"inLanguage\":\"da-DK\",\"@id\":\"https:\\\/\\\/mekulo.com\\\/dk\\\/produkt\\\/udvideligt-opvaskestativ\\\/#primaryimage\",\"url\":\"https:\\\/\\\/mekulo.com\\\/dk\\\/wp-content\\\/uploads\\\/sites\\\/12\\\/2026\\\/01\\\/2dobhpy-1.jpg\",\"contentUrl\":\"https:\\\/\\\/mekulo.com\\\/dk\\\/wp-content\\\/uploads\\\/sites\\\/12\\\/2026\\\/01\\\/2dobhpy-1.jpg\",\"width\":600,\"height\":600},{\"@type\":\"BreadcrumbList\",\"@id\":\"https:\\\/\\\/mekulo.com\\\/dk\\\/produkt\\\/udvideligt-opvaskestativ\\\/#breadcrumb\",\"itemListElement\":[{\"@type\":\"ListItem\",\"position\":1,\"name\":\"Home\",\"item\":\"https:\\\/\\\/mekulo.com\\\/dk\\\/\"},{\"@type\":\"ListItem\",\"position\":2,\"name\":\"Butik\",\"item\":\"https:\\\/\\\/mekulo.com\\\/dk\\\/butik\\\/\"},{\"@type\":\"ListItem\",\"position\":3,\"name\":\"Udvideligt opvaskestativ\"}]},{\"@type\":\"WebSite\",\"@id\":\"https:\\\/\\\/mekulo.com\\\/dk\\\/#website\",\"url\":\"https:\\\/\\\/mekulo.com\\\/dk\\\/\",\"name\":\"Mekulo DK\",\"description\":\"\",\"publisher\":{\"@id\":\"https:\\\/\\\/mekulo.com\\\/dk\\\/#organization\"},\"potentialAction\":[{\"@type\":\"SearchAction\",\"target\":{\"@type\":\"EntryPoint\",\"urlTemplate\":\"https:\\\/\\\/mekulo.com\\\/dk\\\/?s={search_term_string}\"},\"query-input\":{\"@type\":\"PropertyValueSpecification\",\"valueRequired\":true,\"valueName\":\"search_term_string\"}}],\"inLanguage\":\"da-DK\"},{\"@type\":\"Organization\",\"@id\":\"https:\\\/\\\/mekulo.com\\\/dk\\\/#organization\",\"name\":\"Mekulo\",\"url\":\"https:\\\/\\\/mekulo.com\\\/dk\\\/\",\"logo\":{\"@type\":\"ImageObject\",\"inLanguage\":\"da-DK\",\"@id\":\"https:\\\/\\\/mekulo.com\\\/dk\\\/#\\\/schema\\\/logo\\\/image\\\/\",\"url\":\"https:\\\/\\\/mekulo.com\\\/dk\\\/wp-content\\\/uploads\\\/sites\\\/12\\\/2025\\\/12\\\/favicon_mekulo.png\",\"contentUrl\":\"https:\\\/\\\/mekulo.com\\\/dk\\\/wp-content\\\/uploads\\\/sites\\\/12\\\/2025\\\/12\\\/favicon_mekulo.png\",\"width\":50,\"height\":50,\"caption\":\"Mekulo\"},\"image\":{\"@id\":\"https:\\\/\\\/mekulo.com\\\/dk\\\/#\\\/schema\\\/logo\\\/image\\\/\"}}]}<\/script>\n<!-- \/ Yoast SEO plugin. -->","yoast_head_json":{"title":"Udvideligt opvaskestativ - Mekulo DK","robots":{"index":"index","follow":"follow","max-snippet":"max-snippet:-1","max-image-preview":"max-image-preview:large","max-video-preview":"max-video-preview:-1"},"canonical":"https:\/\/mekulo.com\/dk\/produkt\/udvideligt-opvaskestativ\/","og_locale":"da_DK","og_type":"article","og_title":"Udvideligt opvaskestativ - Mekulo DK","og_description":"Dette udvidelige opvaskestativ tilpasser sig dine daglige k\u00f8kkenbehov, uanset om du har et par tallerkener eller en hel opvask. Den foldbare struktur giver dig mulighed for at skifte mellem kompakte og udvidede st\u00f8rrelser, s\u00e5 du kan holde bordpladen organiseret uden at spilde plads. Det er bygget til daglig brug og kombinerer effektiv dr\u00e6ning, nem reng\u00f8ring og holdbare materialer, s\u00e5 du f\u00e5r et renere og mere ryddeligt k\u00f8kken.","og_url":"https:\/\/mekulo.com\/dk\/produkt\/udvideligt-opvaskestativ\/","og_site_name":"Mekulo DK","article_modified_time":"2026-01-02T15:34:55+00:00","og_image":[{"width":600,"height":600,"url":"https:\/\/mekulo.com\/dk\/wp-content\/uploads\/sites\/12\/2026\/01\/2dobhpy-1.jpg","type":"image\/jpeg"}],"twitter_card":"summary_large_image","twitter_misc":{"Estimeret l\u00e6setid":"2 minutter"},"schema":{"@context":"https:\/\/schema.org","@graph":[{"@type":"WebPage","@id":"https:\/\/mekulo.com\/dk\/produkt\/udvideligt-opvaskestativ\/","url":"https:\/\/mekulo.com\/dk\/produkt\/udvideligt-opvaskestativ\/","name":"Udvideligt opvaskestativ - Mekulo DK","isPartOf":{"@id":"https:\/\/mekulo.com\/dk\/#website"},"primaryImageOfPage":{"@id":"https:\/\/mekulo.com\/dk\/produkt\/udvideligt-opvaskestativ\/#primaryimage"},"image":{"@id":"https:\/\/mekulo.com\/dk\/produkt\/udvideligt-opvaskestativ\/#primaryimage"},"thumbnailUrl":"https:\/\/mekulo.com\/dk\/wp-content\/uploads\/sites\/12\/2026\/01\/2dobhpy-1.jpg","datePublished":"2026-01-02T10:31:30+00:00","dateModified":"2026-01-02T15:34:55+00:00","breadcrumb":{"@id":"https:\/\/mekulo.com\/dk\/produkt\/udvideligt-opvaskestativ\/#breadcrumb"},"inLanguage":"da-DK","potentialAction":[{"@type":"ReadAction","target":["https:\/\/mekulo.com\/dk\/produkt\/udvideligt-opvaskestativ\/"]}]},{"@type":"ImageObject","inLanguage":"da-DK","@id":"https:\/\/mekulo.com\/dk\/produkt\/udvideligt-opvaskestativ\/#primaryimage","url":"https:\/\/mekulo.com\/dk\/wp-content\/uploads\/sites\/12\/2026\/01\/2dobhpy-1.jpg","contentUrl":"https:\/\/mekulo.com\/dk\/wp-content\/uploads\/sites\/12\/2026\/01\/2dobhpy-1.jpg","width":600,"height":600},{"@type":"BreadcrumbList","@id":"https:\/\/mekulo.com\/dk\/produkt\/udvideligt-opvaskestativ\/#breadcrumb","itemListElement":[{"@type":"ListItem","position":1,"name":"Home","item":"https:\/\/mekulo.com\/dk\/"},{"@type":"ListItem","position":2,"name":"Butik","item":"https:\/\/mekulo.com\/dk\/butik\/"},{"@type":"ListItem","position":3,"name":"Udvideligt opvaskestativ"}]},{"@type":"WebSite","@id":"https:\/\/mekulo.com\/dk\/#website","url":"https:\/\/mekulo.com\/dk\/","name":"Mekulo DK","description":"","publisher":{"@id":"https:\/\/mekulo.com\/dk\/#organization"},"potentialAction":[{"@type":"SearchAction","target":{"@type":"EntryPoint","urlTemplate":"https:\/\/mekulo.com\/dk\/?s={search_term_string}"},"query-input":{"@type":"PropertyValueSpecification","valueRequired":true,"valueName":"search_term_string"}}],"inLanguage":"da-DK"},{"@type":"Organization","@id":"https:\/\/mekulo.com\/dk\/#organization","name":"Mekulo","url":"https:\/\/mekulo.com\/dk\/","logo":{"@type":"ImageObject","inLanguage":"da-DK","@id":"https:\/\/mekulo.com\/dk\/#\/schema\/logo\/image\/","url":"https:\/\/mekulo.com\/dk\/wp-content\/uploads\/sites\/12\/2025\/12\/favicon_mekulo.png","contentUrl":"https:\/\/mekulo.com\/dk\/wp-content\/uploads\/sites\/12\/2025\/12\/favicon_mekulo.png","width":50,"height":50,"caption":"Mekulo"},"image":{"@id":"https:\/\/mekulo.com\/dk\/#\/schema\/logo\/image\/"}}]}},"_links":{"self":[{"href":"https:\/\/mekulo.com\/dk\/wp-json\/wp\/v2\/product\/13920","targetHints":{"allow":["GET"]}}],"collection":[{"href":"https:\/\/mekulo.com\/dk\/wp-json\/wp\/v2\/product"}],"about":[{"href":"https:\/\/mekulo.com\/dk\/wp-json\/wp\/v2\/types\/product"}],"replies":[{"embeddable":true,"href":"https:\/\/mekulo.com\/dk\/wp-json\/wp\/v2\/comments?post=13920"}],"wp:featuredmedia":[{"embeddable":true,"href":"https:\/\/mekulo.com\/dk\/wp-json\/wp\/v2\/media\/13916"}],"wp:attachment":[{"href":"https:\/\/mekulo.com\/dk\/wp-json\/wp\/v2\/media?parent=13920"}],"wp:term":[{"taxonomy":"product_brand","embeddable":true,"href":"https:\/\/mekulo.com\/dk\/wp-json\/wp\/v2\/product_brand?post=13920"},{"taxonomy":"product_cat","embeddable":true,"href":"https:\/\/mekulo.com\/dk\/wp-json\/wp\/v2\/product_cat?post=13920"},{"taxonomy":"product_tag","embeddable":true,"href":"https:\/\/mekulo.com\/dk\/wp-json\/wp\/v2\/product_tag?post=13920"}],"curies":[{"name":"wp","href":"https:\/\/api.w.org\/{rel}","templated":true}]}}