{"id":13880,"date":"2026-01-02T12:28:57","date_gmt":"2026-01-02T10:28:57","guid":{"rendered":"https:\/\/mekulo.com\/dk\/produkt\/dekompressionsbaelte\/"},"modified":"2026-01-02T17:30:11","modified_gmt":"2026-01-02T15:30:11","slug":"dekompressionsbaelte","status":"publish","type":"product","link":"https:\/\/mekulo.com\/dk\/produkt\/dekompressionsbaelte\/","title":{"rendered":"Dekompressionsb\u00e6lte"},"content":{"rendered":"<p style=\"text-align: center;\" data-start=\"43\" data-end=\"117\"><strong>Lindre L\u00e6ndesmerter Ved Forsigtigt At Dekomprimere Og St\u00f8tte Din Rygs\u00f8jle. \ud83e\uddb4<\/strong><\/p>\n<p data-start=\"142\" data-end=\"554\"><img fetchpriority=\"high\" decoding=\"async\" class=\"size-full wp-image-46949 aligncenter\" src=\"https:\/\/keluvo.com\/template\/wp-content\/uploads\/sites\/5\/2025\/12\/122127-ezgif.com-video-to-webp-converter.webp\" alt=\"\" width=\"500\" height=\"281\" \/><\/p>\n<h2 style=\"text-align: center;\" data-start=\"561\" data-end=\"582\">\u2b50 Vigtigste fordele<\/h2>\n<p data-start=\"585\" data-end=\"661\">\ud83d\udca8 Spinal Dekompressionsst\u00f8tte \u2013 Reducerer Trykket P\u00e5 Skiver Og Nerver.<\/p>\n<p data-start=\"664\" data-end=\"753\">\ud83e\uddb4 Lindrer L\u00e6ndesmerter \u2013 Hj\u00e6lper Med Hernierede, Udbulede Og Degenerative Skiver.<\/p>\n<p data-start=\"756\" data-end=\"818\">\ud83e\uddcd Forbedrer Kropsholdningen \u2013 Stabiliserer L\u00e6nden Og Kernen.<\/p>\n<p data-start=\"821\" data-end=\"891\">\ud83d\udcaa Styrker Kernemusklerne \u2013 St\u00f8tter Rygs\u00f8jlen Under Bev\u00e6gelse.<\/p>\n<p data-start=\"894\" data-end=\"970\">\ud83d\ude97 Perfekt Til At Sidde L\u00e6nge Eller K\u00f8re Bil \u2013 Reducerer Stivhed Og Tr\u00e6thed.<\/p>\n<p data-start=\"973\" data-end=\"1050\">\ud83d\udecf\ufe0f Hj\u00e6lper Med Daglig Restitution \u2013 Ideel Til St\u00f8tte Ved Arbejde, Hvile Og S\u00f8vn.<\/p>\n<p data-start=\"973\" data-end=\"1050\"><img decoding=\"async\" class=\"size-full wp-image-46948 aligncenter\" src=\"https:\/\/keluvo.com\/template\/wp-content\/uploads\/sites\/5\/2025\/12\/122128-ezgif.com-video-to-webp-converter.webp\" alt=\"\" width=\"500\" height=\"281\" \/><\/p>\n<h2 style=\"text-align: center;\" data-start=\"1057\" data-end=\"1077\">\ud83d\udee0\ufe0f S\u00e5dan Bruges<\/h2>\n<ol data-start=\"1078\" data-end=\"1348\">\n<li data-start=\"1078\" data-end=\"1152\">\n<p data-start=\"1081\" data-end=\"1152\">Sl\u00e5 B\u00e6ltet Om Livet Og Fastg\u00f8r Det Med Velcroremmene.<\/p>\n<\/li>\n<li data-start=\"1153\" data-end=\"1191\">\n<p data-start=\"1156\" data-end=\"1191\">S\u00e6t Luftpumpen P\u00e5 Ventilen.<\/p>\n<\/li>\n<li data-start=\"1192\" data-end=\"1257\">\n<p data-start=\"1195\" data-end=\"1257\">Pump Langsomt Luft, Indtil Du F\u00f8ler Fast, Men Behagelig St\u00f8tte.<\/p>\n<\/li>\n<li data-start=\"1258\" data-end=\"1304\">\n<p data-start=\"1261\" data-end=\"1304\">Brug Det I 20\u201330 Minutter Eller Som Anbefalet.<\/p>\n<\/li>\n<li data-start=\"1305\" data-end=\"1348\">\n<p data-start=\"1308\" data-end=\"1348\">T\u00f8m Luften Efter Brug, Og Fjern B\u00e6ltet.<\/p>\n<\/li>\n<\/ol>\n<h2 style=\"text-align: center;\" data-start=\"1355\" data-end=\"1379\">\ud83d\udccf Produktdetaljer<\/h2>\n<ul data-start=\"1380\" data-end=\"1730\">\n<li data-start=\"1380\" data-end=\"1414\">\n<p data-start=\"1382\" data-end=\"1414\">Yderste Lag: PU (Polyurethan)<\/p>\n<\/li>\n<li data-start=\"1415\" data-end=\"1438\">\n<p data-start=\"1417\" data-end=\"1438\">Indre Lag: Bomuld<\/p>\n<\/li>\n<li data-start=\"1439\" data-end=\"1481\">\n<p data-start=\"1441\" data-end=\"1481\">Luftinflationslag: TPU Bl\u00f8dt Materiale<\/p>\n<\/li>\n<li data-start=\"1482\" data-end=\"1522\">\n<p data-start=\"1484\" data-end=\"1522\">Talje St\u00f8rrelse: 73\u2013122 Cm<\/p>\n<\/li>\n<li data-start=\"1523\" data-end=\"1560\">\n<p data-start=\"1525\" data-end=\"1560\">Tr\u00e6kb\u00e6ltel\u00e6ngde: 110 Cm<\/p>\n<\/li>\n<li data-start=\"1561\" data-end=\"1598\">\n<p data-start=\"1563\" data-end=\"1598\">Forl\u00e6ngelsesb\u00e6ltel\u00e6ngde: 20 Cm<\/p>\n<\/li>\n<li data-start=\"1599\" data-end=\"1637\">\n<p data-start=\"1601\" data-end=\"1637\">Bredde F\u00f8r Oppustning: 13 Cm<\/p>\n<\/li>\n<li data-start=\"1638\" data-end=\"1675\">\n<p data-start=\"1640\" data-end=\"1675\">Bredde Efter Oppustning: 20 Cm<\/p>\n<\/li>\n<li data-start=\"1676\" data-end=\"1730\">\n<p data-start=\"1678\" data-end=\"1730\">Funktion: Lumbal Dekompression Og Holdningsst\u00f8tte<\/p>\n<\/li>\n<\/ul>\n<h2 style=\"text-align: center;\" data-start=\"1737\" data-end=\"1762\">\ud83d\udce6 Pakken indeholder<\/h2>\n<ul data-start=\"1763\" data-end=\"1847\" data-is-last-node=\"\" data-is-only-node=\"\">\n<li data-start=\"1763\" data-end=\"1789\">\n<p data-start=\"1765\" data-end=\"1789\">1x Dekompressionsb\u00e6lte<\/p>\n<\/li>\n<li data-start=\"1790\" data-end=\"1806\">\n<p data-start=\"1792\" data-end=\"1806\">1x Luftpumpe<\/p>\n<\/li>\n<li data-start=\"1807\" data-end=\"1829\">\n<p data-start=\"1809\" data-end=\"1829\">1x Forl\u00e6ngerb\u00e6lte<\/p>\n<\/li>\n<li data-start=\"1830\" data-end=\"1847\" data-is-last-node=\"\">\n<p data-start=\"1832\" data-end=\"1847\" data-is-last-node=\"\">1x Brugervejledning.<\/p>\n<\/li>\n<\/ul>\n","protected":false},"excerpt":{"rendered":"<p>Dette dekompressionsb\u00e6lte bruger luft til at fjerne trykket fra din l\u00e6nd og hj\u00e6lper med at reducere smerter for\u00e5rsaget af langvarigt siddende arbejde, tungt arbejde eller rygproblemer. N\u00e5r b\u00e6ltet er oppustet, str\u00e6kker det forsigtigt rygs\u00f8jlen, skaber plads mellem ryghvirvlerne og reducerer trykket p\u00e5 skiver og nerver. Det er ideelt til daglig brug i hjemmet, p\u00e5 arbejdet, i bilen eller til genoptr\u00e6ning og giver ryggen st\u00f8tte uden medicin eller invasive behandlinger.<\/p>\n","protected":false},"featured_media":13876,"comment_status":"open","ping_status":"closed","template":"","meta":{"site-sidebar-layout":"default","site-content-layout":"","ast-site-content-layout":"default","site-content-style":"default","site-sidebar-style":"default","ast-global-header-display":"","ast-banner-title-visibility":"","ast-main-header-display":"","ast-hfb-above-header-display":"","ast-hfb-below-header-display":"","ast-hfb-mobile-header-display":"","site-post-title":"","ast-breadcrumbs-content":"","ast-featured-img":"","footer-sml-layout":"","ast-disable-related-posts":"","theme-transparent-header-meta":"default","adv-header-id-meta":"","stick-header-meta":"","header-above-stick-meta":"","header-main-stick-meta":"","header-below-stick-meta":"","astra-migrate-meta-layouts":"set","ast-page-background-enabled":"default","ast-page-background-meta":{"desktop":{"background-color":"var(--ast-global-color-5)","background-image":"","background-repeat":"repeat","background-position":"center center","background-size":"auto","background-attachment":"scroll","background-type":"","background-media":"","overlay-type":"","overlay-color":"","overlay-opacity":"","overlay-gradient":""},"tablet":{"background-color":"","background-image":"","background-repeat":"repeat","background-position":"center center","background-size":"auto","background-attachment":"scroll","background-type":"","background-media":"","overlay-type":"","overlay-color":"","overlay-opacity":"","overlay-gradient":""},"mobile":{"background-color":"","background-image":"","background-repeat":"repeat","background-position":"center center","background-size":"auto","background-attachment":"scroll","background-type":"","background-media":"","overlay-type":"","overlay-color":"","overlay-opacity":"","overlay-gradient":""}},"ast-content-background-meta":{"desktop":{"background-color":"var(--ast-global-color-4)","background-image":"","background-repeat":"repeat","background-position":"center center","background-size":"auto","background-attachment":"scroll","background-type":"","background-media":"","overlay-type":"","overlay-color":"","overlay-opacity":"","overlay-gradient":""},"tablet":{"background-color":"var(--ast-global-color-4)","background-image":"","background-repeat":"repeat","background-position":"center center","background-size":"auto","background-attachment":"scroll","background-type":"","background-media":"","overlay-type":"","overlay-color":"","overlay-opacity":"","overlay-gradient":""},"mobile":{"background-color":"var(--ast-global-color-4)","background-image":"","background-repeat":"repeat","background-position":"center center","background-size":"auto","background-attachment":"scroll","background-type":"","background-media":"","overlay-type":"","overlay-color":"","overlay-opacity":"","overlay-gradient":""}}},"product_brand":[],"product_cat":[15],"product_tag":[],"class_list":{"0":"post-13880","1":"product","2":"type-product","3":"status-publish","4":"has-post-thumbnail","6":"product_cat-uncategorized","7":"pa_62785_rteokpwn-beige","8":"pa_62785_rteokpwn-sort","9":"desktop-align-left","10":"tablet-align-left","11":"mobile-align-left","13":"first","14":"instock","15":"shipping-taxable","16":"purchasable","17":"product-type-variable"},"yoast_head":"<!-- This site is optimized with the Yoast SEO plugin v27.4 - https:\/\/yoast.com\/product\/yoast-seo-wordpress\/ -->\n<title>Dekompressionsb\u00e6lte - Mekulo DK<\/title>\n<meta name=\"robots\" content=\"index, follow, max-snippet:-1, max-image-preview:large, max-video-preview:-1\" \/>\n<link rel=\"canonical\" href=\"https:\/\/mekulo.com\/dk\/produkt\/dekompressionsbaelte\/\" \/>\n<meta property=\"og:locale\" content=\"da_DK\" \/>\n<meta property=\"og:type\" content=\"article\" \/>\n<meta property=\"og:title\" content=\"Dekompressionsb\u00e6lte - Mekulo DK\" \/>\n<meta property=\"og:description\" content=\"Dette dekompressionsb\u00e6lte bruger luft til at fjerne trykket fra din l\u00e6nd og hj\u00e6lper med at reducere smerter for\u00e5rsaget af langvarigt siddende arbejde, tungt arbejde eller rygproblemer. N\u00e5r b\u00e6ltet er oppustet, str\u00e6kker det forsigtigt rygs\u00f8jlen, skaber plads mellem ryghvirvlerne og reducerer trykket p\u00e5 skiver og nerver. Det er ideelt til daglig brug i hjemmet, p\u00e5 arbejdet, i bilen eller til genoptr\u00e6ning og giver ryggen st\u00f8tte uden medicin eller invasive behandlinger.\" \/>\n<meta property=\"og:url\" content=\"https:\/\/mekulo.com\/dk\/produkt\/dekompressionsbaelte\/\" \/>\n<meta property=\"og:site_name\" content=\"Mekulo DK\" \/>\n<meta property=\"article:modified_time\" content=\"2026-01-02T15:30:11+00:00\" \/>\n<meta property=\"og:image\" content=\"https:\/\/mekulo.com\/dk\/wp-content\/uploads\/sites\/12\/2026\/01\/o8gcl48-1.jpeg\" \/>\n\t<meta property=\"og:image:width\" content=\"1000\" \/>\n\t<meta property=\"og:image:height\" content=\"1000\" \/>\n\t<meta property=\"og:image:type\" content=\"image\/jpeg\" \/>\n<meta name=\"twitter:card\" content=\"summary_large_image\" \/>\n<meta name=\"twitter:label1\" content=\"Estimeret l\u00e6setid\" \/>\n\t<meta name=\"twitter:data1\" content=\"2 minutter\" \/>\n<script type=\"application\/ld+json\" class=\"yoast-schema-graph\">{\"@context\":\"https:\\\/\\\/schema.org\",\"@graph\":[{\"@type\":\"WebPage\",\"@id\":\"https:\\\/\\\/mekulo.com\\\/dk\\\/produkt\\\/dekompressionsbaelte\\\/\",\"url\":\"https:\\\/\\\/mekulo.com\\\/dk\\\/produkt\\\/dekompressionsbaelte\\\/\",\"name\":\"Dekompressionsb\u00e6lte - Mekulo DK\",\"isPartOf\":{\"@id\":\"https:\\\/\\\/mekulo.com\\\/dk\\\/#website\"},\"primaryImageOfPage\":{\"@id\":\"https:\\\/\\\/mekulo.com\\\/dk\\\/produkt\\\/dekompressionsbaelte\\\/#primaryimage\"},\"image\":{\"@id\":\"https:\\\/\\\/mekulo.com\\\/dk\\\/produkt\\\/dekompressionsbaelte\\\/#primaryimage\"},\"thumbnailUrl\":\"https:\\\/\\\/mekulo.com\\\/dk\\\/wp-content\\\/uploads\\\/sites\\\/12\\\/2026\\\/01\\\/o8gcl48-1.jpeg\",\"datePublished\":\"2026-01-02T10:28:57+00:00\",\"dateModified\":\"2026-01-02T15:30:11+00:00\",\"breadcrumb\":{\"@id\":\"https:\\\/\\\/mekulo.com\\\/dk\\\/produkt\\\/dekompressionsbaelte\\\/#breadcrumb\"},\"inLanguage\":\"da-DK\",\"potentialAction\":[{\"@type\":\"ReadAction\",\"target\":[\"https:\\\/\\\/mekulo.com\\\/dk\\\/produkt\\\/dekompressionsbaelte\\\/\"]}]},{\"@type\":\"ImageObject\",\"inLanguage\":\"da-DK\",\"@id\":\"https:\\\/\\\/mekulo.com\\\/dk\\\/produkt\\\/dekompressionsbaelte\\\/#primaryimage\",\"url\":\"https:\\\/\\\/mekulo.com\\\/dk\\\/wp-content\\\/uploads\\\/sites\\\/12\\\/2026\\\/01\\\/o8gcl48-1.jpeg\",\"contentUrl\":\"https:\\\/\\\/mekulo.com\\\/dk\\\/wp-content\\\/uploads\\\/sites\\\/12\\\/2026\\\/01\\\/o8gcl48-1.jpeg\",\"width\":1000,\"height\":1000},{\"@type\":\"BreadcrumbList\",\"@id\":\"https:\\\/\\\/mekulo.com\\\/dk\\\/produkt\\\/dekompressionsbaelte\\\/#breadcrumb\",\"itemListElement\":[{\"@type\":\"ListItem\",\"position\":1,\"name\":\"Home\",\"item\":\"https:\\\/\\\/mekulo.com\\\/dk\\\/\"},{\"@type\":\"ListItem\",\"position\":2,\"name\":\"Butik\",\"item\":\"https:\\\/\\\/mekulo.com\\\/dk\\\/butik\\\/\"},{\"@type\":\"ListItem\",\"position\":3,\"name\":\"Dekompressionsb\u00e6lte\"}]},{\"@type\":\"WebSite\",\"@id\":\"https:\\\/\\\/mekulo.com\\\/dk\\\/#website\",\"url\":\"https:\\\/\\\/mekulo.com\\\/dk\\\/\",\"name\":\"Mekulo DK\",\"description\":\"\",\"publisher\":{\"@id\":\"https:\\\/\\\/mekulo.com\\\/dk\\\/#organization\"},\"potentialAction\":[{\"@type\":\"SearchAction\",\"target\":{\"@type\":\"EntryPoint\",\"urlTemplate\":\"https:\\\/\\\/mekulo.com\\\/dk\\\/?s={search_term_string}\"},\"query-input\":{\"@type\":\"PropertyValueSpecification\",\"valueRequired\":true,\"valueName\":\"search_term_string\"}}],\"inLanguage\":\"da-DK\"},{\"@type\":\"Organization\",\"@id\":\"https:\\\/\\\/mekulo.com\\\/dk\\\/#organization\",\"name\":\"Mekulo\",\"url\":\"https:\\\/\\\/mekulo.com\\\/dk\\\/\",\"logo\":{\"@type\":\"ImageObject\",\"inLanguage\":\"da-DK\",\"@id\":\"https:\\\/\\\/mekulo.com\\\/dk\\\/#\\\/schema\\\/logo\\\/image\\\/\",\"url\":\"https:\\\/\\\/mekulo.com\\\/dk\\\/wp-content\\\/uploads\\\/sites\\\/12\\\/2025\\\/12\\\/favicon_mekulo.png\",\"contentUrl\":\"https:\\\/\\\/mekulo.com\\\/dk\\\/wp-content\\\/uploads\\\/sites\\\/12\\\/2025\\\/12\\\/favicon_mekulo.png\",\"width\":50,\"height\":50,\"caption\":\"Mekulo\"},\"image\":{\"@id\":\"https:\\\/\\\/mekulo.com\\\/dk\\\/#\\\/schema\\\/logo\\\/image\\\/\"}}]}<\/script>\n<!-- \/ Yoast SEO plugin. -->","yoast_head_json":{"title":"Dekompressionsb\u00e6lte - Mekulo DK","robots":{"index":"index","follow":"follow","max-snippet":"max-snippet:-1","max-image-preview":"max-image-preview:large","max-video-preview":"max-video-preview:-1"},"canonical":"https:\/\/mekulo.com\/dk\/produkt\/dekompressionsbaelte\/","og_locale":"da_DK","og_type":"article","og_title":"Dekompressionsb\u00e6lte - Mekulo DK","og_description":"Dette dekompressionsb\u00e6lte bruger luft til at fjerne trykket fra din l\u00e6nd og hj\u00e6lper med at reducere smerter for\u00e5rsaget af langvarigt siddende arbejde, tungt arbejde eller rygproblemer. N\u00e5r b\u00e6ltet er oppustet, str\u00e6kker det forsigtigt rygs\u00f8jlen, skaber plads mellem ryghvirvlerne og reducerer trykket p\u00e5 skiver og nerver. Det er ideelt til daglig brug i hjemmet, p\u00e5 arbejdet, i bilen eller til genoptr\u00e6ning og giver ryggen st\u00f8tte uden medicin eller invasive behandlinger.","og_url":"https:\/\/mekulo.com\/dk\/produkt\/dekompressionsbaelte\/","og_site_name":"Mekulo DK","article_modified_time":"2026-01-02T15:30:11+00:00","og_image":[{"width":1000,"height":1000,"url":"https:\/\/mekulo.com\/dk\/wp-content\/uploads\/sites\/12\/2026\/01\/o8gcl48-1.jpeg","type":"image\/jpeg"}],"twitter_card":"summary_large_image","twitter_misc":{"Estimeret l\u00e6setid":"2 minutter"},"schema":{"@context":"https:\/\/schema.org","@graph":[{"@type":"WebPage","@id":"https:\/\/mekulo.com\/dk\/produkt\/dekompressionsbaelte\/","url":"https:\/\/mekulo.com\/dk\/produkt\/dekompressionsbaelte\/","name":"Dekompressionsb\u00e6lte - Mekulo DK","isPartOf":{"@id":"https:\/\/mekulo.com\/dk\/#website"},"primaryImageOfPage":{"@id":"https:\/\/mekulo.com\/dk\/produkt\/dekompressionsbaelte\/#primaryimage"},"image":{"@id":"https:\/\/mekulo.com\/dk\/produkt\/dekompressionsbaelte\/#primaryimage"},"thumbnailUrl":"https:\/\/mekulo.com\/dk\/wp-content\/uploads\/sites\/12\/2026\/01\/o8gcl48-1.jpeg","datePublished":"2026-01-02T10:28:57+00:00","dateModified":"2026-01-02T15:30:11+00:00","breadcrumb":{"@id":"https:\/\/mekulo.com\/dk\/produkt\/dekompressionsbaelte\/#breadcrumb"},"inLanguage":"da-DK","potentialAction":[{"@type":"ReadAction","target":["https:\/\/mekulo.com\/dk\/produkt\/dekompressionsbaelte\/"]}]},{"@type":"ImageObject","inLanguage":"da-DK","@id":"https:\/\/mekulo.com\/dk\/produkt\/dekompressionsbaelte\/#primaryimage","url":"https:\/\/mekulo.com\/dk\/wp-content\/uploads\/sites\/12\/2026\/01\/o8gcl48-1.jpeg","contentUrl":"https:\/\/mekulo.com\/dk\/wp-content\/uploads\/sites\/12\/2026\/01\/o8gcl48-1.jpeg","width":1000,"height":1000},{"@type":"BreadcrumbList","@id":"https:\/\/mekulo.com\/dk\/produkt\/dekompressionsbaelte\/#breadcrumb","itemListElement":[{"@type":"ListItem","position":1,"name":"Home","item":"https:\/\/mekulo.com\/dk\/"},{"@type":"ListItem","position":2,"name":"Butik","item":"https:\/\/mekulo.com\/dk\/butik\/"},{"@type":"ListItem","position":3,"name":"Dekompressionsb\u00e6lte"}]},{"@type":"WebSite","@id":"https:\/\/mekulo.com\/dk\/#website","url":"https:\/\/mekulo.com\/dk\/","name":"Mekulo DK","description":"","publisher":{"@id":"https:\/\/mekulo.com\/dk\/#organization"},"potentialAction":[{"@type":"SearchAction","target":{"@type":"EntryPoint","urlTemplate":"https:\/\/mekulo.com\/dk\/?s={search_term_string}"},"query-input":{"@type":"PropertyValueSpecification","valueRequired":true,"valueName":"search_term_string"}}],"inLanguage":"da-DK"},{"@type":"Organization","@id":"https:\/\/mekulo.com\/dk\/#organization","name":"Mekulo","url":"https:\/\/mekulo.com\/dk\/","logo":{"@type":"ImageObject","inLanguage":"da-DK","@id":"https:\/\/mekulo.com\/dk\/#\/schema\/logo\/image\/","url":"https:\/\/mekulo.com\/dk\/wp-content\/uploads\/sites\/12\/2025\/12\/favicon_mekulo.png","contentUrl":"https:\/\/mekulo.com\/dk\/wp-content\/uploads\/sites\/12\/2025\/12\/favicon_mekulo.png","width":50,"height":50,"caption":"Mekulo"},"image":{"@id":"https:\/\/mekulo.com\/dk\/#\/schema\/logo\/image\/"}}]}},"_links":{"self":[{"href":"https:\/\/mekulo.com\/dk\/wp-json\/wp\/v2\/product\/13880","targetHints":{"allow":["GET"]}}],"collection":[{"href":"https:\/\/mekulo.com\/dk\/wp-json\/wp\/v2\/product"}],"about":[{"href":"https:\/\/mekulo.com\/dk\/wp-json\/wp\/v2\/types\/product"}],"replies":[{"embeddable":true,"href":"https:\/\/mekulo.com\/dk\/wp-json\/wp\/v2\/comments?post=13880"}],"wp:featuredmedia":[{"embeddable":true,"href":"https:\/\/mekulo.com\/dk\/wp-json\/wp\/v2\/media\/13876"}],"wp:attachment":[{"href":"https:\/\/mekulo.com\/dk\/wp-json\/wp\/v2\/media?parent=13880"}],"wp:term":[{"taxonomy":"product_brand","embeddable":true,"href":"https:\/\/mekulo.com\/dk\/wp-json\/wp\/v2\/product_brand?post=13880"},{"taxonomy":"product_cat","embeddable":true,"href":"https:\/\/mekulo.com\/dk\/wp-json\/wp\/v2\/product_cat?post=13880"},{"taxonomy":"product_tag","embeddable":true,"href":"https:\/\/mekulo.com\/dk\/wp-json\/wp\/v2\/product_tag?post=13880"}],"curies":[{"name":"wp","href":"https:\/\/api.w.org\/{rel}","templated":true}]}}