{"id":13859,"date":"2026-01-02T12:27:43","date_gmt":"2026-01-02T10:27:43","guid":{"rendered":"https:\/\/mekulo.com\/dk\/produkt\/sproejtesaet-til-afloebsrensning\/"},"modified":"2026-01-08T20:59:47","modified_gmt":"2026-01-08T18:59:47","slug":"sproejtesaet-til-afloebsrensning","status":"publish","type":"product","link":"https:\/\/mekulo.com\/dk\/produkt\/sproejtesaet-til-afloebsrensning\/","title":{"rendered":"Spr\u00f8jtes\u00e6t til afl\u00f8bsrensning"},"content":{"rendered":"<p style=\"text-align: center;\" data-start=\"51\" data-end=\"116\"><strong>Fjern Hurtigt Tilstoppede Afl\u00f8b Med Kraftige H\u00f8jtryksvandstr\u00e5ler. \ud83d\udca6<\/strong><\/p>\n<p data-start=\"141\" data-end=\"527\"><img fetchpriority=\"high\" decoding=\"async\" class=\"size-full wp-image-46925 aligncenter\" src=\"https:\/\/keluvo.com\/template\/wp-content\/uploads\/sites\/5\/2025\/12\/122125-ezgif.com-video-to-webp-converter.webp\" alt=\"\" width=\"500\" height=\"500\" \/><\/p>\n<h2 style=\"text-align: center;\" data-start=\"534\" data-end=\"555\">\u2b50 Vigtigste fordele<\/h2>\n<p data-start=\"558\" data-end=\"627\">\ud83d\udca6 Kraftfuld h\u00f8jtryksrensning &#8211; Bryder hurtigt h\u00e5rde tilstopninger.<\/p>\n<p data-start=\"630\" data-end=\"702\">\ud83e\uddfc Dyb r\u00f8rr\u00e6kkevidde &#8211; Lang slange renser langt inde i afl\u00f8b og kloakker.<\/p>\n<p data-start=\"630\" data-end=\"702\"><span style=\"font-size: 16px; font-style: normal;\">\ud83d\udd27 <\/span>Kompatibel med h\u00f8jtryksrenser &#8211; Passer til standard 6 mm-stik.<\/p>\n<p data-start=\"779\" data-end=\"848\">\ud83e\uddf5 St\u00e6rk og slidst\u00e6rk slange &#8211; Bygget til lang levetid.<\/p>\n<p data-start=\"851\" data-end=\"909\">\ud83d\udd04 Anti-vridningsdesign &#8211; Let at tr\u00e6kke, rulle og opbevare.<\/p>\n<p data-start=\"912\" data-end=\"988\">\ud83c\udfe0 Hjem &amp; let kommerciel brug &#8211; Perfekt til afl\u00f8b, r\u00f8r og kloakker.<\/p>\n<p data-start=\"912\" data-end=\"988\"><img decoding=\"async\" class=\"size-full wp-image-46924 aligncenter\" src=\"https:\/\/keluvo.com\/template\/wp-content\/uploads\/sites\/5\/2025\/12\/122126-ezgif.com-video-to-webp-converter.webp\" alt=\"\" width=\"500\" height=\"500\" \/><\/p>\n<h2 style=\"text-align: center;\" data-start=\"995\" data-end=\"1015\">\ud83d\udee0\ufe0f S\u00e5dan Bruges<\/h2>\n<ol data-start=\"1016\" data-end=\"1331\">\n<li data-start=\"1016\" data-end=\"1089\">\n<p data-start=\"1019\" data-end=\"1089\">Slut slangen til din h\u00f8jtryksrenser ved hj\u00e6lp af 6 mm-koblingen.<\/p>\n<\/li>\n<li data-start=\"1090\" data-end=\"1129\">\n<p data-start=\"1093\" data-end=\"1129\">S\u00e6t den passende str\u00e5ledyse p\u00e5.<\/p>\n<\/li>\n<li data-start=\"1130\" data-end=\"1174\">\n<p data-start=\"1133\" data-end=\"1174\">S\u00e6t slangen ind i afl\u00f8bet eller r\u00f8ret.<\/p>\n<\/li>\n<li data-start=\"1175\" data-end=\"1208\">\n<p data-start=\"1178\" data-end=\"1208\">T\u00e6nd for h\u00f8jtryksrenseren.<\/p>\n<\/li>\n<li data-start=\"1209\" data-end=\"1266\">\n<p data-start=\"1212\" data-end=\"1266\">Skub langsomt slangen fremad for at skylle blokeringer ud.<\/p>\n<\/li>\n<li data-start=\"1267\" data-end=\"1331\">\n<p data-start=\"1270\" data-end=\"1331\">Tr\u00e6k slangen tilbage, mens vandet forts\u00e6tter med at rense r\u00f8ret.<\/p>\n<\/li>\n<\/ol>\n<h2 style=\"text-align: center;\" data-start=\"1338\" data-end=\"1362\">\ud83d\udccf Produktdetaljer<\/h2>\n<ul data-start=\"1363\" data-end=\"1735\">\n<li data-start=\"1363\" data-end=\"1428\">\n<p data-start=\"1365\" data-end=\"1428\">L\u00e6ngdemuligheder for slangen: 2 m, 5 m, 8 m, 10 m, 15 m, 20 m<\/p>\n<\/li>\n<li data-start=\"1429\" data-end=\"1466\">\n<p data-start=\"1431\" data-end=\"1466\">Indre diameter: 6 mm<\/p>\n<\/li>\n<li data-start=\"1467\" data-end=\"1492\">\n<p data-start=\"1469\" data-end=\"1492\">Ydre diameter: 11 mm<\/p>\n<\/li>\n<li data-start=\"1493\" data-end=\"1552\">\n<p data-start=\"1495\" data-end=\"1552\">Materiale: Termoplastslange med tekstilforst\u00e6rkning<\/p>\n<\/li>\n<li data-start=\"1553\" data-end=\"1589\">\n<p data-start=\"1555\" data-end=\"1589\">Maksimalt tryk: Op til 5800 PSI<\/p>\n<\/li>\n<li data-start=\"1590\" data-end=\"1634\">\n<p data-start=\"1592\" data-end=\"1634\">Temperaturomr\u00e5de: 0\u00b0C-60\u00b0C<\/p>\n<\/li>\n<li data-start=\"1635\" data-end=\"1681\">\n<p data-start=\"1637\" data-end=\"1681\">Kobling: Standard 6 mm lynkobling<\/p>\n<\/li>\n<li data-start=\"1682\" data-end=\"1735\">\n<p data-start=\"1684\" data-end=\"1735\">Overflade: Glat, slidst\u00e6rkt, anti-kink design<\/p>\n<\/li>\n<\/ul>\n<h2 style=\"text-align: center;\" data-start=\"1742\" data-end=\"1767\">\ud83d\udce6 Pakken indeholder<\/h2>\n<ul data-start=\"1768\" data-end=\"1856\" data-is-last-node=\"\" data-is-only-node=\"\">\n<li data-start=\"1768\" data-end=\"1809\">1x afl\u00f8bsrensningss\u00e6t.<\/li>\n<\/ul>\n","protected":false},"excerpt":{"rendered":"<p>Dette afl\u00f8bsrensningss\u00e6t forvandler din h\u00f8jtryksrenser til et st\u00e6rkt r\u00f8rrensningsv\u00e6rkt\u00f8j, der fjerner fedt, slam, sand og genstridige blokeringer. Den lange, fleksible slange skubber dybt ind i afl\u00f8b og r\u00f8r, mens h\u00f8jtryksvandstr\u00e5ler bl\u00e6ser snavs v\u00e6k indefra. Den er ideel til afl\u00f8b i hjemmet, udend\u00f8rs r\u00f8r og let kommerciel reng\u00f8ring, hvilket sparer tid og dyre blikkenslagerbes\u00f8g.<\/p>\n","protected":false},"featured_media":13855,"comment_status":"open","ping_status":"closed","template":"","meta":{"site-sidebar-layout":"default","site-content-layout":"","ast-site-content-layout":"default","site-content-style":"default","site-sidebar-style":"default","ast-global-header-display":"","ast-banner-title-visibility":"","ast-main-header-display":"","ast-hfb-above-header-display":"","ast-hfb-below-header-display":"","ast-hfb-mobile-header-display":"","site-post-title":"","ast-breadcrumbs-content":"","ast-featured-img":"","footer-sml-layout":"","ast-disable-related-posts":"","theme-transparent-header-meta":"default","adv-header-id-meta":"","stick-header-meta":"","header-above-stick-meta":"","header-main-stick-meta":"","header-below-stick-meta":"","astra-migrate-meta-layouts":"set","ast-page-background-enabled":"default","ast-page-background-meta":{"desktop":{"background-color":"var(--ast-global-color-5)","background-image":"","background-repeat":"repeat","background-position":"center center","background-size":"auto","background-attachment":"scroll","background-type":"","background-media":"","overlay-type":"","overlay-color":"","overlay-opacity":"","overlay-gradient":""},"tablet":{"background-color":"","background-image":"","background-repeat":"repeat","background-position":"center center","background-size":"auto","background-attachment":"scroll","background-type":"","background-media":"","overlay-type":"","overlay-color":"","overlay-opacity":"","overlay-gradient":""},"mobile":{"background-color":"","background-image":"","background-repeat":"repeat","background-position":"center center","background-size":"auto","background-attachment":"scroll","background-type":"","background-media":"","overlay-type":"","overlay-color":"","overlay-opacity":"","overlay-gradient":""}},"ast-content-background-meta":{"desktop":{"background-color":"var(--ast-global-color-4)","background-image":"","background-repeat":"repeat","background-position":"center center","background-size":"auto","background-attachment":"scroll","background-type":"","background-media":"","overlay-type":"","overlay-color":"","overlay-opacity":"","overlay-gradient":""},"tablet":{"background-color":"var(--ast-global-color-4)","background-image":"","background-repeat":"repeat","background-position":"center center","background-size":"auto","background-attachment":"scroll","background-type":"","background-media":"","overlay-type":"","overlay-color":"","overlay-opacity":"","overlay-gradient":""},"mobile":{"background-color":"var(--ast-global-color-4)","background-image":"","background-repeat":"repeat","background-position":"center center","background-size":"auto","background-attachment":"scroll","background-type":"","background-media":"","overlay-type":"","overlay-color":"","overlay-opacity":"","overlay-gradient":""}}},"product_brand":[],"product_cat":[15],"product_tag":[],"class_list":{"0":"post-13859","1":"product","2":"type-product","3":"status-publish","4":"has-post-thumbnail","6":"product_cat-uncategorized","7":"pa_62508_1ygxc18c-10-m","8":"pa_62508_1ygxc18c-15-m","9":"pa_62508_1ygxc18c-2-m","10":"pa_62508_1ygxc18c-20-m","11":"pa_62508_1ygxc18c-5-m","12":"pa_62508_1ygxc18c-8-m","13":"desktop-align-left","14":"tablet-align-left","15":"mobile-align-left","17":"first","18":"instock","19":"shipping-taxable","20":"purchasable","21":"product-type-variable"},"yoast_head":"<!-- This site is optimized with the Yoast SEO plugin v27.4 - https:\/\/yoast.com\/product\/yoast-seo-wordpress\/ -->\n<title>Spr\u00f8jtes\u00e6t til afl\u00f8bsrensning - Mekulo DK<\/title>\n<meta name=\"robots\" content=\"index, follow, max-snippet:-1, max-image-preview:large, max-video-preview:-1\" \/>\n<link rel=\"canonical\" href=\"https:\/\/mekulo.com\/dk\/produkt\/sproejtesaet-til-afloebsrensning\/\" \/>\n<meta property=\"og:locale\" content=\"da_DK\" \/>\n<meta property=\"og:type\" content=\"article\" \/>\n<meta property=\"og:title\" content=\"Spr\u00f8jtes\u00e6t til afl\u00f8bsrensning - Mekulo DK\" \/>\n<meta property=\"og:description\" content=\"Dette afl\u00f8bsrensningss\u00e6t forvandler din h\u00f8jtryksrenser til et st\u00e6rkt r\u00f8rrensningsv\u00e6rkt\u00f8j, der fjerner fedt, slam, sand og genstridige blokeringer. Den lange, fleksible slange skubber dybt ind i afl\u00f8b og r\u00f8r, mens h\u00f8jtryksvandstr\u00e5ler bl\u00e6ser snavs v\u00e6k indefra. Den er ideel til afl\u00f8b i hjemmet, udend\u00f8rs r\u00f8r og let kommerciel reng\u00f8ring, hvilket sparer tid og dyre blikkenslagerbes\u00f8g.\" \/>\n<meta property=\"og:url\" content=\"https:\/\/mekulo.com\/dk\/produkt\/sproejtesaet-til-afloebsrensning\/\" \/>\n<meta property=\"og:site_name\" content=\"Mekulo DK\" \/>\n<meta property=\"article:modified_time\" content=\"2026-01-08T18:59:47+00:00\" \/>\n<meta property=\"og:image\" content=\"https:\/\/mekulo.com\/dk\/wp-content\/uploads\/sites\/12\/2026\/01\/chvgj5m-1.jpg\" \/>\n\t<meta property=\"og:image:width\" content=\"1080\" \/>\n\t<meta property=\"og:image:height\" content=\"1080\" \/>\n\t<meta property=\"og:image:type\" content=\"image\/jpeg\" \/>\n<meta name=\"twitter:card\" content=\"summary_large_image\" \/>\n<meta name=\"twitter:label1\" content=\"Estimeret l\u00e6setid\" \/>\n\t<meta name=\"twitter:data1\" content=\"2 minutter\" \/>\n<script type=\"application\/ld+json\" class=\"yoast-schema-graph\">{\"@context\":\"https:\\\/\\\/schema.org\",\"@graph\":[{\"@type\":\"WebPage\",\"@id\":\"https:\\\/\\\/mekulo.com\\\/dk\\\/produkt\\\/sproejtesaet-til-afloebsrensning\\\/\",\"url\":\"https:\\\/\\\/mekulo.com\\\/dk\\\/produkt\\\/sproejtesaet-til-afloebsrensning\\\/\",\"name\":\"Spr\u00f8jtes\u00e6t til afl\u00f8bsrensning - Mekulo DK\",\"isPartOf\":{\"@id\":\"https:\\\/\\\/mekulo.com\\\/dk\\\/#website\"},\"primaryImageOfPage\":{\"@id\":\"https:\\\/\\\/mekulo.com\\\/dk\\\/produkt\\\/sproejtesaet-til-afloebsrensning\\\/#primaryimage\"},\"image\":{\"@id\":\"https:\\\/\\\/mekulo.com\\\/dk\\\/produkt\\\/sproejtesaet-til-afloebsrensning\\\/#primaryimage\"},\"thumbnailUrl\":\"https:\\\/\\\/mekulo.com\\\/dk\\\/wp-content\\\/uploads\\\/sites\\\/12\\\/2026\\\/01\\\/chvgj5m-1.jpg\",\"datePublished\":\"2026-01-02T10:27:43+00:00\",\"dateModified\":\"2026-01-08T18:59:47+00:00\",\"breadcrumb\":{\"@id\":\"https:\\\/\\\/mekulo.com\\\/dk\\\/produkt\\\/sproejtesaet-til-afloebsrensning\\\/#breadcrumb\"},\"inLanguage\":\"da-DK\",\"potentialAction\":[{\"@type\":\"ReadAction\",\"target\":[\"https:\\\/\\\/mekulo.com\\\/dk\\\/produkt\\\/sproejtesaet-til-afloebsrensning\\\/\"]}]},{\"@type\":\"ImageObject\",\"inLanguage\":\"da-DK\",\"@id\":\"https:\\\/\\\/mekulo.com\\\/dk\\\/produkt\\\/sproejtesaet-til-afloebsrensning\\\/#primaryimage\",\"url\":\"https:\\\/\\\/mekulo.com\\\/dk\\\/wp-content\\\/uploads\\\/sites\\\/12\\\/2026\\\/01\\\/chvgj5m-1.jpg\",\"contentUrl\":\"https:\\\/\\\/mekulo.com\\\/dk\\\/wp-content\\\/uploads\\\/sites\\\/12\\\/2026\\\/01\\\/chvgj5m-1.jpg\",\"width\":1080,\"height\":1080},{\"@type\":\"BreadcrumbList\",\"@id\":\"https:\\\/\\\/mekulo.com\\\/dk\\\/produkt\\\/sproejtesaet-til-afloebsrensning\\\/#breadcrumb\",\"itemListElement\":[{\"@type\":\"ListItem\",\"position\":1,\"name\":\"Home\",\"item\":\"https:\\\/\\\/mekulo.com\\\/dk\\\/\"},{\"@type\":\"ListItem\",\"position\":2,\"name\":\"Butik\",\"item\":\"https:\\\/\\\/mekulo.com\\\/dk\\\/butik\\\/\"},{\"@type\":\"ListItem\",\"position\":3,\"name\":\"Spr\u00f8jtes\u00e6t til afl\u00f8bsrensning\"}]},{\"@type\":\"WebSite\",\"@id\":\"https:\\\/\\\/mekulo.com\\\/dk\\\/#website\",\"url\":\"https:\\\/\\\/mekulo.com\\\/dk\\\/\",\"name\":\"Mekulo DK\",\"description\":\"\",\"publisher\":{\"@id\":\"https:\\\/\\\/mekulo.com\\\/dk\\\/#organization\"},\"potentialAction\":[{\"@type\":\"SearchAction\",\"target\":{\"@type\":\"EntryPoint\",\"urlTemplate\":\"https:\\\/\\\/mekulo.com\\\/dk\\\/?s={search_term_string}\"},\"query-input\":{\"@type\":\"PropertyValueSpecification\",\"valueRequired\":true,\"valueName\":\"search_term_string\"}}],\"inLanguage\":\"da-DK\"},{\"@type\":\"Organization\",\"@id\":\"https:\\\/\\\/mekulo.com\\\/dk\\\/#organization\",\"name\":\"Mekulo\",\"url\":\"https:\\\/\\\/mekulo.com\\\/dk\\\/\",\"logo\":{\"@type\":\"ImageObject\",\"inLanguage\":\"da-DK\",\"@id\":\"https:\\\/\\\/mekulo.com\\\/dk\\\/#\\\/schema\\\/logo\\\/image\\\/\",\"url\":\"https:\\\/\\\/mekulo.com\\\/dk\\\/wp-content\\\/uploads\\\/sites\\\/12\\\/2025\\\/12\\\/favicon_mekulo.png\",\"contentUrl\":\"https:\\\/\\\/mekulo.com\\\/dk\\\/wp-content\\\/uploads\\\/sites\\\/12\\\/2025\\\/12\\\/favicon_mekulo.png\",\"width\":50,\"height\":50,\"caption\":\"Mekulo\"},\"image\":{\"@id\":\"https:\\\/\\\/mekulo.com\\\/dk\\\/#\\\/schema\\\/logo\\\/image\\\/\"}}]}<\/script>\n<!-- \/ Yoast SEO plugin. -->","yoast_head_json":{"title":"Spr\u00f8jtes\u00e6t til afl\u00f8bsrensning - Mekulo DK","robots":{"index":"index","follow":"follow","max-snippet":"max-snippet:-1","max-image-preview":"max-image-preview:large","max-video-preview":"max-video-preview:-1"},"canonical":"https:\/\/mekulo.com\/dk\/produkt\/sproejtesaet-til-afloebsrensning\/","og_locale":"da_DK","og_type":"article","og_title":"Spr\u00f8jtes\u00e6t til afl\u00f8bsrensning - Mekulo DK","og_description":"Dette afl\u00f8bsrensningss\u00e6t forvandler din h\u00f8jtryksrenser til et st\u00e6rkt r\u00f8rrensningsv\u00e6rkt\u00f8j, der fjerner fedt, slam, sand og genstridige blokeringer. Den lange, fleksible slange skubber dybt ind i afl\u00f8b og r\u00f8r, mens h\u00f8jtryksvandstr\u00e5ler bl\u00e6ser snavs v\u00e6k indefra. Den er ideel til afl\u00f8b i hjemmet, udend\u00f8rs r\u00f8r og let kommerciel reng\u00f8ring, hvilket sparer tid og dyre blikkenslagerbes\u00f8g.","og_url":"https:\/\/mekulo.com\/dk\/produkt\/sproejtesaet-til-afloebsrensning\/","og_site_name":"Mekulo DK","article_modified_time":"2026-01-08T18:59:47+00:00","og_image":[{"width":1080,"height":1080,"url":"https:\/\/mekulo.com\/dk\/wp-content\/uploads\/sites\/12\/2026\/01\/chvgj5m-1.jpg","type":"image\/jpeg"}],"twitter_card":"summary_large_image","twitter_misc":{"Estimeret l\u00e6setid":"2 minutter"},"schema":{"@context":"https:\/\/schema.org","@graph":[{"@type":"WebPage","@id":"https:\/\/mekulo.com\/dk\/produkt\/sproejtesaet-til-afloebsrensning\/","url":"https:\/\/mekulo.com\/dk\/produkt\/sproejtesaet-til-afloebsrensning\/","name":"Spr\u00f8jtes\u00e6t til afl\u00f8bsrensning - Mekulo DK","isPartOf":{"@id":"https:\/\/mekulo.com\/dk\/#website"},"primaryImageOfPage":{"@id":"https:\/\/mekulo.com\/dk\/produkt\/sproejtesaet-til-afloebsrensning\/#primaryimage"},"image":{"@id":"https:\/\/mekulo.com\/dk\/produkt\/sproejtesaet-til-afloebsrensning\/#primaryimage"},"thumbnailUrl":"https:\/\/mekulo.com\/dk\/wp-content\/uploads\/sites\/12\/2026\/01\/chvgj5m-1.jpg","datePublished":"2026-01-02T10:27:43+00:00","dateModified":"2026-01-08T18:59:47+00:00","breadcrumb":{"@id":"https:\/\/mekulo.com\/dk\/produkt\/sproejtesaet-til-afloebsrensning\/#breadcrumb"},"inLanguage":"da-DK","potentialAction":[{"@type":"ReadAction","target":["https:\/\/mekulo.com\/dk\/produkt\/sproejtesaet-til-afloebsrensning\/"]}]},{"@type":"ImageObject","inLanguage":"da-DK","@id":"https:\/\/mekulo.com\/dk\/produkt\/sproejtesaet-til-afloebsrensning\/#primaryimage","url":"https:\/\/mekulo.com\/dk\/wp-content\/uploads\/sites\/12\/2026\/01\/chvgj5m-1.jpg","contentUrl":"https:\/\/mekulo.com\/dk\/wp-content\/uploads\/sites\/12\/2026\/01\/chvgj5m-1.jpg","width":1080,"height":1080},{"@type":"BreadcrumbList","@id":"https:\/\/mekulo.com\/dk\/produkt\/sproejtesaet-til-afloebsrensning\/#breadcrumb","itemListElement":[{"@type":"ListItem","position":1,"name":"Home","item":"https:\/\/mekulo.com\/dk\/"},{"@type":"ListItem","position":2,"name":"Butik","item":"https:\/\/mekulo.com\/dk\/butik\/"},{"@type":"ListItem","position":3,"name":"Spr\u00f8jtes\u00e6t til afl\u00f8bsrensning"}]},{"@type":"WebSite","@id":"https:\/\/mekulo.com\/dk\/#website","url":"https:\/\/mekulo.com\/dk\/","name":"Mekulo DK","description":"","publisher":{"@id":"https:\/\/mekulo.com\/dk\/#organization"},"potentialAction":[{"@type":"SearchAction","target":{"@type":"EntryPoint","urlTemplate":"https:\/\/mekulo.com\/dk\/?s={search_term_string}"},"query-input":{"@type":"PropertyValueSpecification","valueRequired":true,"valueName":"search_term_string"}}],"inLanguage":"da-DK"},{"@type":"Organization","@id":"https:\/\/mekulo.com\/dk\/#organization","name":"Mekulo","url":"https:\/\/mekulo.com\/dk\/","logo":{"@type":"ImageObject","inLanguage":"da-DK","@id":"https:\/\/mekulo.com\/dk\/#\/schema\/logo\/image\/","url":"https:\/\/mekulo.com\/dk\/wp-content\/uploads\/sites\/12\/2025\/12\/favicon_mekulo.png","contentUrl":"https:\/\/mekulo.com\/dk\/wp-content\/uploads\/sites\/12\/2025\/12\/favicon_mekulo.png","width":50,"height":50,"caption":"Mekulo"},"image":{"@id":"https:\/\/mekulo.com\/dk\/#\/schema\/logo\/image\/"}}]}},"_links":{"self":[{"href":"https:\/\/mekulo.com\/dk\/wp-json\/wp\/v2\/product\/13859","targetHints":{"allow":["GET"]}}],"collection":[{"href":"https:\/\/mekulo.com\/dk\/wp-json\/wp\/v2\/product"}],"about":[{"href":"https:\/\/mekulo.com\/dk\/wp-json\/wp\/v2\/types\/product"}],"replies":[{"embeddable":true,"href":"https:\/\/mekulo.com\/dk\/wp-json\/wp\/v2\/comments?post=13859"}],"wp:featuredmedia":[{"embeddable":true,"href":"https:\/\/mekulo.com\/dk\/wp-json\/wp\/v2\/media\/13855"}],"wp:attachment":[{"href":"https:\/\/mekulo.com\/dk\/wp-json\/wp\/v2\/media?parent=13859"}],"wp:term":[{"taxonomy":"product_brand","embeddable":true,"href":"https:\/\/mekulo.com\/dk\/wp-json\/wp\/v2\/product_brand?post=13859"},{"taxonomy":"product_cat","embeddable":true,"href":"https:\/\/mekulo.com\/dk\/wp-json\/wp\/v2\/product_cat?post=13859"},{"taxonomy":"product_tag","embeddable":true,"href":"https:\/\/mekulo.com\/dk\/wp-json\/wp\/v2\/product_tag?post=13859"}],"curies":[{"name":"wp","href":"https:\/\/api.w.org\/{rel}","templated":true}]}}