{"id":13835,"date":"2026-01-02T12:25:22","date_gmt":"2026-01-02T10:25:22","guid":{"rendered":"https:\/\/mekulo.com\/dk\/produkt\/kreative-byggesten\/"},"modified":"2026-01-02T16:06:35","modified_gmt":"2026-01-02T14:06:35","slug":"kreative-byggesten","status":"publish","type":"product","link":"https:\/\/mekulo.com\/dk\/produkt\/kreative-byggesten\/","title":{"rendered":"Kreative byggesten"},"content":{"rendered":"<div class=\"flex max-w-full flex-col grow\">\n<div class=\"min-h-8 text-message relative flex w-full flex-col items-end gap-2 text-start break-words whitespace-normal [.text-message+&amp;]:mt-1\" dir=\"auto\" data-message-author-role=\"assistant\" data-message-id=\"be1b1bf9-dade-45cd-86bd-ff7ef8b8e4fc\" data-message-model-slug=\"gpt-5-2\">\n<div class=\"flex w-full flex-col gap-1 empty:hidden first:pt-[1px]\">\n<div class=\"markdown prose dark:prose-invert w-full break-words light markdown-new-styling\">\n<p style=\"text-align: center;\" data-start=\"0\" data-end=\"67\"><strong data-start=\"0\" data-end=\"67\">Byg, T\u00e6nk Og Skab Med Praktisk Byggesjov I Tr\u00e6. \ud83e\udde0<\/strong><\/p>\n<p data-start=\"69\" data-end=\"294\"><img fetchpriority=\"high\" decoding=\"async\" class=\"size-full wp-image-46904 aligncenter\" src=\"https:\/\/keluvo.com\/template\/wp-content\/uploads\/sites\/5\/2025\/12\/122122-ezgif.com-video-to-webp-converter.webp\" alt=\"\" width=\"500\" height=\"500\" \/><\/p>\n<h2 style=\"text-align: center;\" data-start=\"301\" data-end=\"320\">\u2b50 Vigtigste fordele<\/h2>\n<p data-start=\"323\" data-end=\"398\">\ud83e\udde0 \u00d8ger den rumlige fantasi &#8211; Opmuntrer til 3D-t\u00e6nkning og kreativitet.<\/p>\n<p data-start=\"401\" data-end=\"476\">\u270b Tr\u00e6ner finmotorikken &#8211; Forbedrer h\u00e5nd-\u00f8je-koordination og fokus.<\/p>\n<p data-start=\"479\" data-end=\"572\">\ud83c\udfd7\ufe0f \u00c6gte konstruktionsl\u00e6ring &#8211; Mortise-and-tenon-samlinger l\u00e6rer, hvordan ting passer sammen.<\/p>\n<p data-start=\"575\" data-end=\"659\">\ud83d\udd0d Opbygger logisk t\u00e6nkning &#8211; Probleml\u00f8sning gennem afpr\u00f8vning og eksperimentering.<\/p>\n<p data-start=\"662\" data-end=\"738\">\ud83c\udf31 Sikkert naturtr\u00e6 &#8211; Glatte, ugiftige og b\u00f8rnevenlige materialer.<\/p>\n<p data-start=\"662\" data-end=\"738\"><img decoding=\"async\" class=\"size-full wp-image-46905 aligncenter\" src=\"https:\/\/keluvo.com\/template\/wp-content\/uploads\/sites\/5\/2025\/12\/122121-ezgif.com-video-to-webp-converter.webp\" alt=\"\" width=\"500\" height=\"500\" \/><\/p>\n<h2 style=\"text-align: center;\" data-start=\"745\" data-end=\"762\">\u25b6\ufe0f S\u00e5dan Bruges<\/h2>\n<ol data-start=\"763\" data-end=\"1021\">\n<li data-start=\"763\" data-end=\"808\">\n<p data-start=\"766\" data-end=\"808\">\u00c5bn \u00e6sken, og sorter tr\u00e6klodserne.<\/p>\n<\/li>\n<li data-start=\"809\" data-end=\"870\">\n<p data-start=\"812\" data-end=\"870\">F\u00f8lg brugsanvisningen, eller lav dit eget design.<\/p>\n<\/li>\n<li data-start=\"871\" data-end=\"926\">\n<p data-start=\"874\" data-end=\"926\">S\u00e6t brikkerne sammen ved hj\u00e6lp af tapsamlingerne.<\/p>\n<\/li>\n<li data-start=\"927\" data-end=\"977\">\n<p data-start=\"930\" data-end=\"977\">Tilf\u00f8j dekorative figurer for at f\u00e6rdigg\u00f8re byggeriet.<\/p>\n<\/li>\n<li data-start=\"978\" data-end=\"1021\">\n<p data-start=\"981\" data-end=\"1021\">Tag det fra hinanden, og byg det op igen p\u00e5 nye m\u00e5der.<\/p>\n<\/li>\n<\/ol>\n<h2 style=\"text-align: center;\" data-start=\"1028\" data-end=\"1050\">\ud83d\udccf Produktdetaljer<\/h2>\n<ul data-start=\"1051\" data-end=\"1249\">\n<li data-start=\"1094\" data-end=\"1131\">\n<p data-start=\"1096\" data-end=\"1131\">Materiale: Massivt tr\u00e6 af h\u00f8j kvalitet<\/p>\n<\/li>\n<li data-start=\"1132\" data-end=\"1154\">\n<p data-start=\"1134\" data-end=\"1154\">Farve: Beige-brun<\/p>\n<\/li>\n<li data-start=\"1155\" data-end=\"1188\">\n<p data-start=\"1157\" data-end=\"1188\">Samlingstype: Tappe og tap<\/p>\n<\/li>\n<li data-start=\"1189\" data-end=\"1249\">\n<p data-start=\"1191\" data-end=\"1249\">P\u00e6dagogisk fokus: Rumlig t\u00e6nkning, logik, motorik<\/p>\n<\/li>\n<\/ul>\n<h2 style=\"text-align: center;\" data-start=\"1256\" data-end=\"1279\">\ud83d\udce6 Pakken indeholder<\/h2>\n<ul data-start=\"1280\" data-end=\"1365\" data-is-last-node=\"\" data-is-only-node=\"\">\n<li data-start=\"1280\" data-end=\"1312\">\n<p data-start=\"1282\" data-end=\"1312\">107x tr\u00e6byggeklodser<\/p>\n<\/li>\n<li data-start=\"1313\" data-end=\"1340\">\n<p data-start=\"1315\" data-end=\"1340\">15x dekorative figurer<\/p>\n<\/li>\n<li data-start=\"1341\" data-end=\"1365\" data-is-last-node=\"\">\n<p data-start=\"1343\" data-end=\"1365\" data-is-last-node=\"\">1x brugsanvisning.<\/p>\n<\/li>\n<\/ul>\n<\/div>\n<\/div>\n<\/div>\n<\/div>\n","protected":false},"excerpt":{"rendered":"<p>Disse kreative byggeklodser g\u00f8r legetid til en praktisk l\u00e6ringsoplevelse ved at lade b\u00f8rn bygge rigtige 3D-strukturer af solide tr\u00e6stykker. Ved at samle, skille ad og genopbygge huse og figurer udvikler b\u00f8rn naturligt rumlig bevidsthed, logisk t\u00e6nkning og probleml\u00f8sningsf\u00e6rdigheder. Den taktile byggeproces holder b\u00f8rn fokuserede, engagerede og stolte af det, de skaber, s\u00e5 l\u00e6ring f\u00f8les sjov i stedet for tvungen.<\/p>\n","protected":false},"featured_media":13831,"comment_status":"open","ping_status":"closed","template":"","meta":{"site-sidebar-layout":"default","site-content-layout":"","ast-site-content-layout":"default","site-content-style":"default","site-sidebar-style":"default","ast-global-header-display":"","ast-banner-title-visibility":"","ast-main-header-display":"","ast-hfb-above-header-display":"","ast-hfb-below-header-display":"","ast-hfb-mobile-header-display":"","site-post-title":"","ast-breadcrumbs-content":"","ast-featured-img":"","footer-sml-layout":"","ast-disable-related-posts":"","theme-transparent-header-meta":"default","adv-header-id-meta":"","stick-header-meta":"","header-above-stick-meta":"","header-main-stick-meta":"","header-below-stick-meta":"","astra-migrate-meta-layouts":"set","ast-page-background-enabled":"default","ast-page-background-meta":{"desktop":{"background-color":"var(--ast-global-color-5)","background-image":"","background-repeat":"repeat","background-position":"center center","background-size":"auto","background-attachment":"scroll","background-type":"","background-media":"","overlay-type":"","overlay-color":"","overlay-opacity":"","overlay-gradient":""},"tablet":{"background-color":"","background-image":"","background-repeat":"repeat","background-position":"center center","background-size":"auto","background-attachment":"scroll","background-type":"","background-media":"","overlay-type":"","overlay-color":"","overlay-opacity":"","overlay-gradient":""},"mobile":{"background-color":"","background-image":"","background-repeat":"repeat","background-position":"center center","background-size":"auto","background-attachment":"scroll","background-type":"","background-media":"","overlay-type":"","overlay-color":"","overlay-opacity":"","overlay-gradient":""}},"ast-content-background-meta":{"desktop":{"background-color":"var(--ast-global-color-4)","background-image":"","background-repeat":"repeat","background-position":"center center","background-size":"auto","background-attachment":"scroll","background-type":"","background-media":"","overlay-type":"","overlay-color":"","overlay-opacity":"","overlay-gradient":""},"tablet":{"background-color":"var(--ast-global-color-4)","background-image":"","background-repeat":"repeat","background-position":"center center","background-size":"auto","background-attachment":"scroll","background-type":"","background-media":"","overlay-type":"","overlay-color":"","overlay-opacity":"","overlay-gradient":""},"mobile":{"background-color":"var(--ast-global-color-4)","background-image":"","background-repeat":"repeat","background-position":"center center","background-size":"auto","background-attachment":"scroll","background-type":"","background-media":"","overlay-type":"","overlay-color":"","overlay-opacity":"","overlay-gradient":""}}},"product_brand":[],"product_cat":[15],"product_tag":[],"class_list":{"0":"post-13835","1":"product","2":"type-product","3":"status-publish","4":"has-post-thumbnail","6":"product_cat-uncategorized","7":"desktop-align-left","8":"tablet-align-left","9":"mobile-align-left","11":"first","12":"instock","13":"shipping-taxable","14":"purchasable","15":"product-type-simple"},"yoast_head":"<!-- This site is optimized with the Yoast SEO plugin v27.4 - https:\/\/yoast.com\/product\/yoast-seo-wordpress\/ -->\n<title>Kreative byggesten - Mekulo DK<\/title>\n<meta name=\"robots\" content=\"index, follow, max-snippet:-1, max-image-preview:large, max-video-preview:-1\" \/>\n<link rel=\"canonical\" href=\"https:\/\/mekulo.com\/dk\/produkt\/kreative-byggesten\/\" \/>\n<meta property=\"og:locale\" content=\"da_DK\" \/>\n<meta property=\"og:type\" content=\"article\" \/>\n<meta property=\"og:title\" content=\"Kreative byggesten - Mekulo DK\" \/>\n<meta property=\"og:description\" content=\"Disse kreative byggeklodser g\u00f8r legetid til en praktisk l\u00e6ringsoplevelse ved at lade b\u00f8rn bygge rigtige 3D-strukturer af solide tr\u00e6stykker. Ved at samle, skille ad og genopbygge huse og figurer udvikler b\u00f8rn naturligt rumlig bevidsthed, logisk t\u00e6nkning og probleml\u00f8sningsf\u00e6rdigheder. Den taktile byggeproces holder b\u00f8rn fokuserede, engagerede og stolte af det, de skaber, s\u00e5 l\u00e6ring f\u00f8les sjov i stedet for tvungen.\" \/>\n<meta property=\"og:url\" content=\"https:\/\/mekulo.com\/dk\/produkt\/kreative-byggesten\/\" \/>\n<meta property=\"og:site_name\" content=\"Mekulo DK\" \/>\n<meta property=\"article:modified_time\" content=\"2026-01-02T14:06:35+00:00\" \/>\n<meta property=\"og:image\" content=\"https:\/\/mekulo.com\/dk\/wp-content\/uploads\/sites\/12\/2026\/01\/dtxj30g-1.webp\" \/>\n\t<meta property=\"og:image:width\" content=\"713\" \/>\n\t<meta property=\"og:image:height\" content=\"713\" \/>\n\t<meta property=\"og:image:type\" content=\"image\/webp\" \/>\n<meta name=\"twitter:card\" content=\"summary_large_image\" \/>\n<meta name=\"twitter:label1\" content=\"Estimeret l\u00e6setid\" \/>\n\t<meta name=\"twitter:data1\" content=\"2 minutter\" \/>\n<script type=\"application\/ld+json\" class=\"yoast-schema-graph\">{\"@context\":\"https:\\\/\\\/schema.org\",\"@graph\":[{\"@type\":\"WebPage\",\"@id\":\"https:\\\/\\\/mekulo.com\\\/dk\\\/produkt\\\/kreative-byggesten\\\/\",\"url\":\"https:\\\/\\\/mekulo.com\\\/dk\\\/produkt\\\/kreative-byggesten\\\/\",\"name\":\"Kreative byggesten - Mekulo DK\",\"isPartOf\":{\"@id\":\"https:\\\/\\\/mekulo.com\\\/dk\\\/#website\"},\"primaryImageOfPage\":{\"@id\":\"https:\\\/\\\/mekulo.com\\\/dk\\\/produkt\\\/kreative-byggesten\\\/#primaryimage\"},\"image\":{\"@id\":\"https:\\\/\\\/mekulo.com\\\/dk\\\/produkt\\\/kreative-byggesten\\\/#primaryimage\"},\"thumbnailUrl\":\"https:\\\/\\\/mekulo.com\\\/dk\\\/wp-content\\\/uploads\\\/sites\\\/12\\\/2026\\\/01\\\/dtxj30g-1.webp\",\"datePublished\":\"2026-01-02T10:25:22+00:00\",\"dateModified\":\"2026-01-02T14:06:35+00:00\",\"breadcrumb\":{\"@id\":\"https:\\\/\\\/mekulo.com\\\/dk\\\/produkt\\\/kreative-byggesten\\\/#breadcrumb\"},\"inLanguage\":\"da-DK\",\"potentialAction\":[{\"@type\":\"ReadAction\",\"target\":[\"https:\\\/\\\/mekulo.com\\\/dk\\\/produkt\\\/kreative-byggesten\\\/\"]}]},{\"@type\":\"ImageObject\",\"inLanguage\":\"da-DK\",\"@id\":\"https:\\\/\\\/mekulo.com\\\/dk\\\/produkt\\\/kreative-byggesten\\\/#primaryimage\",\"url\":\"https:\\\/\\\/mekulo.com\\\/dk\\\/wp-content\\\/uploads\\\/sites\\\/12\\\/2026\\\/01\\\/dtxj30g-1.webp\",\"contentUrl\":\"https:\\\/\\\/mekulo.com\\\/dk\\\/wp-content\\\/uploads\\\/sites\\\/12\\\/2026\\\/01\\\/dtxj30g-1.webp\",\"width\":713,\"height\":713},{\"@type\":\"BreadcrumbList\",\"@id\":\"https:\\\/\\\/mekulo.com\\\/dk\\\/produkt\\\/kreative-byggesten\\\/#breadcrumb\",\"itemListElement\":[{\"@type\":\"ListItem\",\"position\":1,\"name\":\"Home\",\"item\":\"https:\\\/\\\/mekulo.com\\\/dk\\\/\"},{\"@type\":\"ListItem\",\"position\":2,\"name\":\"Butik\",\"item\":\"https:\\\/\\\/mekulo.com\\\/dk\\\/butik\\\/\"},{\"@type\":\"ListItem\",\"position\":3,\"name\":\"Kreative byggesten\"}]},{\"@type\":\"WebSite\",\"@id\":\"https:\\\/\\\/mekulo.com\\\/dk\\\/#website\",\"url\":\"https:\\\/\\\/mekulo.com\\\/dk\\\/\",\"name\":\"Mekulo DK\",\"description\":\"\",\"publisher\":{\"@id\":\"https:\\\/\\\/mekulo.com\\\/dk\\\/#organization\"},\"potentialAction\":[{\"@type\":\"SearchAction\",\"target\":{\"@type\":\"EntryPoint\",\"urlTemplate\":\"https:\\\/\\\/mekulo.com\\\/dk\\\/?s={search_term_string}\"},\"query-input\":{\"@type\":\"PropertyValueSpecification\",\"valueRequired\":true,\"valueName\":\"search_term_string\"}}],\"inLanguage\":\"da-DK\"},{\"@type\":\"Organization\",\"@id\":\"https:\\\/\\\/mekulo.com\\\/dk\\\/#organization\",\"name\":\"Mekulo\",\"url\":\"https:\\\/\\\/mekulo.com\\\/dk\\\/\",\"logo\":{\"@type\":\"ImageObject\",\"inLanguage\":\"da-DK\",\"@id\":\"https:\\\/\\\/mekulo.com\\\/dk\\\/#\\\/schema\\\/logo\\\/image\\\/\",\"url\":\"https:\\\/\\\/mekulo.com\\\/dk\\\/wp-content\\\/uploads\\\/sites\\\/12\\\/2025\\\/12\\\/favicon_mekulo.png\",\"contentUrl\":\"https:\\\/\\\/mekulo.com\\\/dk\\\/wp-content\\\/uploads\\\/sites\\\/12\\\/2025\\\/12\\\/favicon_mekulo.png\",\"width\":50,\"height\":50,\"caption\":\"Mekulo\"},\"image\":{\"@id\":\"https:\\\/\\\/mekulo.com\\\/dk\\\/#\\\/schema\\\/logo\\\/image\\\/\"}}]}<\/script>\n<!-- \/ Yoast SEO plugin. -->","yoast_head_json":{"title":"Kreative byggesten - Mekulo DK","robots":{"index":"index","follow":"follow","max-snippet":"max-snippet:-1","max-image-preview":"max-image-preview:large","max-video-preview":"max-video-preview:-1"},"canonical":"https:\/\/mekulo.com\/dk\/produkt\/kreative-byggesten\/","og_locale":"da_DK","og_type":"article","og_title":"Kreative byggesten - Mekulo DK","og_description":"Disse kreative byggeklodser g\u00f8r legetid til en praktisk l\u00e6ringsoplevelse ved at lade b\u00f8rn bygge rigtige 3D-strukturer af solide tr\u00e6stykker. Ved at samle, skille ad og genopbygge huse og figurer udvikler b\u00f8rn naturligt rumlig bevidsthed, logisk t\u00e6nkning og probleml\u00f8sningsf\u00e6rdigheder. Den taktile byggeproces holder b\u00f8rn fokuserede, engagerede og stolte af det, de skaber, s\u00e5 l\u00e6ring f\u00f8les sjov i stedet for tvungen.","og_url":"https:\/\/mekulo.com\/dk\/produkt\/kreative-byggesten\/","og_site_name":"Mekulo DK","article_modified_time":"2026-01-02T14:06:35+00:00","og_image":[{"width":713,"height":713,"url":"https:\/\/mekulo.com\/dk\/wp-content\/uploads\/sites\/12\/2026\/01\/dtxj30g-1.webp","type":"image\/webp"}],"twitter_card":"summary_large_image","twitter_misc":{"Estimeret l\u00e6setid":"2 minutter"},"schema":{"@context":"https:\/\/schema.org","@graph":[{"@type":"WebPage","@id":"https:\/\/mekulo.com\/dk\/produkt\/kreative-byggesten\/","url":"https:\/\/mekulo.com\/dk\/produkt\/kreative-byggesten\/","name":"Kreative byggesten - Mekulo DK","isPartOf":{"@id":"https:\/\/mekulo.com\/dk\/#website"},"primaryImageOfPage":{"@id":"https:\/\/mekulo.com\/dk\/produkt\/kreative-byggesten\/#primaryimage"},"image":{"@id":"https:\/\/mekulo.com\/dk\/produkt\/kreative-byggesten\/#primaryimage"},"thumbnailUrl":"https:\/\/mekulo.com\/dk\/wp-content\/uploads\/sites\/12\/2026\/01\/dtxj30g-1.webp","datePublished":"2026-01-02T10:25:22+00:00","dateModified":"2026-01-02T14:06:35+00:00","breadcrumb":{"@id":"https:\/\/mekulo.com\/dk\/produkt\/kreative-byggesten\/#breadcrumb"},"inLanguage":"da-DK","potentialAction":[{"@type":"ReadAction","target":["https:\/\/mekulo.com\/dk\/produkt\/kreative-byggesten\/"]}]},{"@type":"ImageObject","inLanguage":"da-DK","@id":"https:\/\/mekulo.com\/dk\/produkt\/kreative-byggesten\/#primaryimage","url":"https:\/\/mekulo.com\/dk\/wp-content\/uploads\/sites\/12\/2026\/01\/dtxj30g-1.webp","contentUrl":"https:\/\/mekulo.com\/dk\/wp-content\/uploads\/sites\/12\/2026\/01\/dtxj30g-1.webp","width":713,"height":713},{"@type":"BreadcrumbList","@id":"https:\/\/mekulo.com\/dk\/produkt\/kreative-byggesten\/#breadcrumb","itemListElement":[{"@type":"ListItem","position":1,"name":"Home","item":"https:\/\/mekulo.com\/dk\/"},{"@type":"ListItem","position":2,"name":"Butik","item":"https:\/\/mekulo.com\/dk\/butik\/"},{"@type":"ListItem","position":3,"name":"Kreative byggesten"}]},{"@type":"WebSite","@id":"https:\/\/mekulo.com\/dk\/#website","url":"https:\/\/mekulo.com\/dk\/","name":"Mekulo DK","description":"","publisher":{"@id":"https:\/\/mekulo.com\/dk\/#organization"},"potentialAction":[{"@type":"SearchAction","target":{"@type":"EntryPoint","urlTemplate":"https:\/\/mekulo.com\/dk\/?s={search_term_string}"},"query-input":{"@type":"PropertyValueSpecification","valueRequired":true,"valueName":"search_term_string"}}],"inLanguage":"da-DK"},{"@type":"Organization","@id":"https:\/\/mekulo.com\/dk\/#organization","name":"Mekulo","url":"https:\/\/mekulo.com\/dk\/","logo":{"@type":"ImageObject","inLanguage":"da-DK","@id":"https:\/\/mekulo.com\/dk\/#\/schema\/logo\/image\/","url":"https:\/\/mekulo.com\/dk\/wp-content\/uploads\/sites\/12\/2025\/12\/favicon_mekulo.png","contentUrl":"https:\/\/mekulo.com\/dk\/wp-content\/uploads\/sites\/12\/2025\/12\/favicon_mekulo.png","width":50,"height":50,"caption":"Mekulo"},"image":{"@id":"https:\/\/mekulo.com\/dk\/#\/schema\/logo\/image\/"}}]}},"_links":{"self":[{"href":"https:\/\/mekulo.com\/dk\/wp-json\/wp\/v2\/product\/13835","targetHints":{"allow":["GET"]}}],"collection":[{"href":"https:\/\/mekulo.com\/dk\/wp-json\/wp\/v2\/product"}],"about":[{"href":"https:\/\/mekulo.com\/dk\/wp-json\/wp\/v2\/types\/product"}],"replies":[{"embeddable":true,"href":"https:\/\/mekulo.com\/dk\/wp-json\/wp\/v2\/comments?post=13835"}],"wp:featuredmedia":[{"embeddable":true,"href":"https:\/\/mekulo.com\/dk\/wp-json\/wp\/v2\/media\/13831"}],"wp:attachment":[{"href":"https:\/\/mekulo.com\/dk\/wp-json\/wp\/v2\/media?parent=13835"}],"wp:term":[{"taxonomy":"product_brand","embeddable":true,"href":"https:\/\/mekulo.com\/dk\/wp-json\/wp\/v2\/product_brand?post=13835"},{"taxonomy":"product_cat","embeddable":true,"href":"https:\/\/mekulo.com\/dk\/wp-json\/wp\/v2\/product_cat?post=13835"},{"taxonomy":"product_tag","embeddable":true,"href":"https:\/\/mekulo.com\/dk\/wp-json\/wp\/v2\/product_tag?post=13835"}],"curies":[{"name":"wp","href":"https:\/\/api.w.org\/{rel}","templated":true}]}}