{"id":13826,"date":"2026-01-02T12:24:32","date_gmt":"2026-01-02T10:24:32","guid":{"rendered":"https:\/\/mekulo.com\/dk\/produkt\/baerbar-minitoerrer\/"},"modified":"2026-01-02T16:04:33","modified_gmt":"2026-01-02T14:04:33","slug":"baerbar-minitoerrer","status":"publish","type":"product","link":"https:\/\/mekulo.com\/dk\/produkt\/baerbar-minitoerrer\/","title":{"rendered":"B\u00e6rbar minit\u00f8rrer"},"content":{"rendered":"<div class=\"flex max-w-full flex-col grow\">\n<div class=\"min-h-8 text-message relative flex w-full flex-col items-end gap-2 text-start break-words whitespace-normal [.text-message+&amp;]:mt-1\" dir=\"auto\" data-message-author-role=\"assistant\" data-message-id=\"7653627f-5402-4558-83d9-73134c0caccd\" data-message-model-slug=\"gpt-5-2\">\n<div class=\"flex w-full flex-col gap-1 empty:hidden first:pt-[1px]\">\n<div class=\"markdown prose dark:prose-invert w-full break-words light markdown-new-styling\">\n<p style=\"text-align: center;\" data-start=\"0\" data-end=\"61\"><strong data-start=\"0\" data-end=\"61\">T\u00f8r Dit T\u00f8j Hurtigt Overalt Uden Store Maskiner. \ud83e\uddf3<\/strong><\/p>\n<p data-start=\"63\" data-end=\"273\"><img fetchpriority=\"high\" decoding=\"async\" class=\"size-full wp-image-46898 aligncenter\" src=\"https:\/\/keluvo.com\/template\/wp-content\/uploads\/sites\/5\/2025\/12\/122119-ezgif.com-video-to-webp-converter.webp\" alt=\"\" width=\"500\" height=\"500\" \/><\/p>\n<h2 style=\"text-align: center;\" data-start=\"280\" data-end=\"299\">\u2b50 Vigtigste fordele<\/h2>\n<p data-start=\"302\" data-end=\"383\">\ud83e\uddf3 Sammenklappelig og b\u00e6rbar &#8211; Nem at opbevare, perfekt til rejser og sm\u00e5 rum.<\/p>\n<p data-start=\"386\" data-end=\"448\">\ud83d\udd04 360\u00b0 varmluftt\u00f8rring &#8211; J\u00e6vn luftstr\u00f8m uden fugtige pletter.<\/p>\n<p data-start=\"451\" data-end=\"514\">\ud83e\udda0 Desinficerende varme &#8211; Hj\u00e6lper med at reducere bakterier og st\u00f8vmider.<\/p>\n<p data-start=\"517\" data-end=\"585\">\ud83c\udf2c\ufe0f Lugtfjernelse &#8211; Negativ ionteknologi holder t\u00f8jet frisk.<\/p>\n<p data-start=\"588\" data-end=\"651\">\ud83d\udd07 Stille drift &#8211; Ideel til natbrug eller delte rum.<\/p>\n<p data-start=\"654\" data-end=\"708\">\ud83d\udc55 Stor kapacitet &#8211; Kan rumme op til 10 kg t\u00f8j.<\/p>\n<p data-start=\"654\" data-end=\"708\"><img decoding=\"async\" class=\"size-full wp-image-46897 aligncenter\" src=\"https:\/\/keluvo.com\/template\/wp-content\/uploads\/sites\/5\/2025\/12\/122120-ezgif.com-video-to-webp-converter.webp\" alt=\"\" width=\"500\" height=\"500\" \/><\/p>\n<h2 style=\"text-align: center;\" data-start=\"715\" data-end=\"732\">\u25b6\ufe0f S\u00e5dan Bruges<\/h2>\n<ol data-start=\"733\" data-end=\"946\">\n<li data-start=\"733\" data-end=\"786\">\n<p data-start=\"736\" data-end=\"786\">\u00c5bn t\u00f8rretumbleren, og placer den p\u00e5 en stabil overflade.<\/p>\n<\/li>\n<li data-start=\"787\" data-end=\"835\">\n<p data-start=\"790\" data-end=\"835\">H\u00e6ng t\u00f8jet j\u00e6vnt inde i t\u00f8rreomr\u00e5det.<\/p>\n<\/li>\n<li data-start=\"836\" data-end=\"865\">\n<p data-start=\"839\" data-end=\"865\">S\u00e6t str\u00f8mkablet i.<\/p>\n<\/li>\n<li data-start=\"866\" data-end=\"894\">\n<p data-start=\"869\" data-end=\"894\">V\u00e6lg en timerindstilling.<\/p>\n<\/li>\n<li data-start=\"895\" data-end=\"946\">\n<p data-start=\"898\" data-end=\"946\">Lad t\u00f8rretumbleren k\u00f8re, indtil t\u00f8jet er helt t\u00f8rt.<\/p>\n<\/li>\n<\/ol>\n<h2 style=\"text-align: center;\" data-start=\"953\" data-end=\"975\">\ud83d\udccf Produktdetaljer<\/h2>\n<ul data-start=\"976\" data-end=\"1220\">\n<li data-start=\"1014\" data-end=\"1030\">\n<p data-start=\"1016\" data-end=\"1030\">Farve: Hvid<\/p>\n<\/li>\n<li data-start=\"1031\" data-end=\"1046\">\n<p data-start=\"1033\" data-end=\"1046\">Effekt: 600W<\/p>\n<\/li>\n<li data-start=\"1047\" data-end=\"1079\">\n<p data-start=\"1049\" data-end=\"1079\">Vsp\u00e6ndingsmuligheder: 110V \/ 220V<\/p>\n<\/li>\n<li data-start=\"1080\" data-end=\"1111\">\n<p data-start=\"1082\" data-end=\"1111\">Opvarmningsmetode: PTC varmluft<\/p>\n<\/li>\n<li data-start=\"1112\" data-end=\"1136\">\n<p data-start=\"1114\" data-end=\"1136\">Kapacitet: Op til 10 kg<\/p>\n<\/li>\n<li data-start=\"1137\" data-end=\"1154\">\n<p data-start=\"1139\" data-end=\"1154\">V\u00e6gt: 1,5 kg<\/p>\n<\/li>\n<li data-start=\"1155\" data-end=\"1191\">\n<p data-start=\"1157\" data-end=\"1191\">Beslagsmateriale: Aluminiumslegering<\/p>\n<\/li>\n<li data-start=\"1192\" data-end=\"1220\">\n<p data-start=\"1194\" data-end=\"1220\">Stiktype: EU-stik<\/p>\n<\/li>\n<li data-start=\"1192\" data-end=\"1220\">St\u00f8rrelse: 94.5 x 54 x 25 cm<\/li>\n<\/ul>\n<h2 style=\"text-align: center;\" data-start=\"1227\" data-end=\"1250\">\ud83d\udce6 Pakken indeholder<\/h2>\n<ul data-start=\"1251\" data-end=\"1276\" data-is-last-node=\"\" data-is-only-node=\"\">\n<li data-start=\"1251\" data-end=\"1276\" data-is-last-node=\"\">\n<p data-start=\"1253\" data-end=\"1276\" data-is-last-node=\"\">1x b\u00e6rbar minit\u00f8rrer.<\/p>\n<\/li>\n<\/ul>\n<\/div>\n<\/div>\n<\/div>\n<\/div>\n","protected":false},"excerpt":{"rendered":"<p>Denne b\u00e6rbare minit\u00f8rretumbler er en kompakt, sammenklappelig l\u00f8sning til hurtig og j\u00e6vn t\u00f8rring derhjemme eller p\u00e5 farten. Den bruger 360\u00b0 varmluftscirkulation til at t\u00f8rre t\u00f8jet effektivt og samtidig holde det friskt, rent og lugtfrit.<\/p>\n","protected":false},"featured_media":13822,"comment_status":"open","ping_status":"closed","template":"","meta":{"site-sidebar-layout":"default","site-content-layout":"","ast-site-content-layout":"default","site-content-style":"default","site-sidebar-style":"default","ast-global-header-display":"","ast-banner-title-visibility":"","ast-main-header-display":"","ast-hfb-above-header-display":"","ast-hfb-below-header-display":"","ast-hfb-mobile-header-display":"","site-post-title":"","ast-breadcrumbs-content":"","ast-featured-img":"","footer-sml-layout":"","theme-transparent-header-meta":"default","adv-header-id-meta":"","stick-header-meta":"","header-above-stick-meta":"","header-main-stick-meta":"","header-below-stick-meta":"","astra-migrate-meta-layouts":"set","ast-page-background-enabled":"default","ast-page-background-meta":{"desktop":{"background-color":"var(--ast-global-color-5)","background-image":"","background-repeat":"repeat","background-position":"center center","background-size":"auto","background-attachment":"scroll","background-type":"","background-media":"","overlay-type":"","overlay-color":"","overlay-opacity":"","overlay-gradient":""},"tablet":{"background-color":"","background-image":"","background-repeat":"repeat","background-position":"center center","background-size":"auto","background-attachment":"scroll","background-type":"","background-media":"","overlay-type":"","overlay-color":"","overlay-opacity":"","overlay-gradient":""},"mobile":{"background-color":"","background-image":"","background-repeat":"repeat","background-position":"center center","background-size":"auto","background-attachment":"scroll","background-type":"","background-media":"","overlay-type":"","overlay-color":"","overlay-opacity":"","overlay-gradient":""}},"ast-content-background-meta":{"desktop":{"background-color":"var(--ast-global-color-4)","background-image":"","background-repeat":"repeat","background-position":"center center","background-size":"auto","background-attachment":"scroll","background-type":"","background-media":"","overlay-type":"","overlay-color":"","overlay-opacity":"","overlay-gradient":""},"tablet":{"background-color":"var(--ast-global-color-4)","background-image":"","background-repeat":"repeat","background-position":"center center","background-size":"auto","background-attachment":"scroll","background-type":"","background-media":"","overlay-type":"","overlay-color":"","overlay-opacity":"","overlay-gradient":""},"mobile":{"background-color":"var(--ast-global-color-4)","background-image":"","background-repeat":"repeat","background-position":"center center","background-size":"auto","background-attachment":"scroll","background-type":"","background-media":"","overlay-type":"","overlay-color":"","overlay-opacity":"","overlay-gradient":""}}},"product_brand":[],"product_cat":[15],"product_tag":[],"class_list":{"0":"post-13826","1":"product","2":"type-product","3":"status-publish","4":"has-post-thumbnail","6":"product_cat-uncategorized","7":"desktop-align-left","8":"tablet-align-left","9":"mobile-align-left","11":"first","12":"instock","13":"shipping-taxable","14":"purchasable","15":"product-type-simple"},"yoast_head":"<!-- This site is optimized with the Yoast SEO plugin v26.6 - https:\/\/yoast.com\/wordpress\/plugins\/seo\/ -->\n<title>B\u00e6rbar minit\u00f8rrer - Mekulo DK<\/title>\n<meta name=\"robots\" content=\"index, follow, max-snippet:-1, max-image-preview:large, max-video-preview:-1\" \/>\n<link rel=\"canonical\" href=\"https:\/\/mekulo.com\/dk\/produkt\/baerbar-minitoerrer\/\" \/>\n<meta property=\"og:locale\" content=\"da_DK\" \/>\n<meta property=\"og:type\" content=\"article\" \/>\n<meta property=\"og:title\" content=\"B\u00e6rbar minit\u00f8rrer - Mekulo DK\" \/>\n<meta property=\"og:description\" content=\"Denne b\u00e6rbare minit\u00f8rretumbler er en kompakt, sammenklappelig l\u00f8sning til hurtig og j\u00e6vn t\u00f8rring derhjemme eller p\u00e5 farten. Den bruger 360\u00b0 varmluftscirkulation til at t\u00f8rre t\u00f8jet effektivt og samtidig holde det friskt, rent og lugtfrit.\" \/>\n<meta property=\"og:url\" content=\"https:\/\/mekulo.com\/dk\/produkt\/baerbar-minitoerrer\/\" \/>\n<meta property=\"og:site_name\" content=\"Mekulo DK\" \/>\n<meta property=\"article:modified_time\" content=\"2026-01-02T14:04:33+00:00\" \/>\n<meta property=\"og:image\" content=\"https:\/\/mekulo.com\/dk\/wp-content\/uploads\/sites\/12\/2026\/01\/t1wnbxk-1.jpg\" \/>\n\t<meta property=\"og:image:width\" content=\"1080\" \/>\n\t<meta property=\"og:image:height\" content=\"1080\" \/>\n\t<meta property=\"og:image:type\" content=\"image\/jpeg\" \/>\n<meta name=\"twitter:card\" content=\"summary_large_image\" \/>\n<meta name=\"twitter:label1\" content=\"Estimeret l\u00e6setid\" \/>\n\t<meta name=\"twitter:data1\" content=\"2 minutter\" \/>\n<script type=\"application\/ld+json\" class=\"yoast-schema-graph\">{\"@context\":\"https:\/\/schema.org\",\"@graph\":[{\"@type\":\"WebPage\",\"@id\":\"https:\/\/mekulo.com\/dk\/produkt\/baerbar-minitoerrer\/\",\"url\":\"https:\/\/mekulo.com\/dk\/produkt\/baerbar-minitoerrer\/\",\"name\":\"B\u00e6rbar minit\u00f8rrer - Mekulo DK\",\"isPartOf\":{\"@id\":\"https:\/\/mekulo.com\/dk\/#website\"},\"primaryImageOfPage\":{\"@id\":\"https:\/\/mekulo.com\/dk\/produkt\/baerbar-minitoerrer\/#primaryimage\"},\"image\":{\"@id\":\"https:\/\/mekulo.com\/dk\/produkt\/baerbar-minitoerrer\/#primaryimage\"},\"thumbnailUrl\":\"https:\/\/mekulo.com\/dk\/wp-content\/uploads\/sites\/12\/2026\/01\/t1wnbxk-1.jpg\",\"datePublished\":\"2026-01-02T10:24:32+00:00\",\"dateModified\":\"2026-01-02T14:04:33+00:00\",\"breadcrumb\":{\"@id\":\"https:\/\/mekulo.com\/dk\/produkt\/baerbar-minitoerrer\/#breadcrumb\"},\"inLanguage\":\"da-DK\",\"potentialAction\":[{\"@type\":\"ReadAction\",\"target\":[\"https:\/\/mekulo.com\/dk\/produkt\/baerbar-minitoerrer\/\"]}]},{\"@type\":\"ImageObject\",\"inLanguage\":\"da-DK\",\"@id\":\"https:\/\/mekulo.com\/dk\/produkt\/baerbar-minitoerrer\/#primaryimage\",\"url\":\"https:\/\/mekulo.com\/dk\/wp-content\/uploads\/sites\/12\/2026\/01\/t1wnbxk-1.jpg\",\"contentUrl\":\"https:\/\/mekulo.com\/dk\/wp-content\/uploads\/sites\/12\/2026\/01\/t1wnbxk-1.jpg\",\"width\":1080,\"height\":1080},{\"@type\":\"BreadcrumbList\",\"@id\":\"https:\/\/mekulo.com\/dk\/produkt\/baerbar-minitoerrer\/#breadcrumb\",\"itemListElement\":[{\"@type\":\"ListItem\",\"position\":1,\"name\":\"Home\",\"item\":\"https:\/\/mekulo.com\/dk\/\"},{\"@type\":\"ListItem\",\"position\":2,\"name\":\"Butik\",\"item\":\"https:\/\/mekulo.com\/dk\/butik\/\"},{\"@type\":\"ListItem\",\"position\":3,\"name\":\"B\u00e6rbar minit\u00f8rrer\"}]},{\"@type\":\"WebSite\",\"@id\":\"https:\/\/mekulo.com\/dk\/#website\",\"url\":\"https:\/\/mekulo.com\/dk\/\",\"name\":\"Mekulo DK\",\"description\":\"\",\"publisher\":{\"@id\":\"https:\/\/mekulo.com\/dk\/#organization\"},\"potentialAction\":[{\"@type\":\"SearchAction\",\"target\":{\"@type\":\"EntryPoint\",\"urlTemplate\":\"https:\/\/mekulo.com\/dk\/?s={search_term_string}\"},\"query-input\":{\"@type\":\"PropertyValueSpecification\",\"valueRequired\":true,\"valueName\":\"search_term_string\"}}],\"inLanguage\":\"da-DK\"},{\"@type\":\"Organization\",\"@id\":\"https:\/\/mekulo.com\/dk\/#organization\",\"name\":\"Mekulo\",\"url\":\"https:\/\/mekulo.com\/dk\/\",\"logo\":{\"@type\":\"ImageObject\",\"inLanguage\":\"da-DK\",\"@id\":\"https:\/\/mekulo.com\/dk\/#\/schema\/logo\/image\/\",\"url\":\"https:\/\/mekulo.com\/dk\/wp-content\/uploads\/sites\/12\/2025\/12\/favicon_mekulo.png\",\"contentUrl\":\"https:\/\/mekulo.com\/dk\/wp-content\/uploads\/sites\/12\/2025\/12\/favicon_mekulo.png\",\"width\":50,\"height\":50,\"caption\":\"Mekulo\"},\"image\":{\"@id\":\"https:\/\/mekulo.com\/dk\/#\/schema\/logo\/image\/\"}}]}<\/script>\n<!-- \/ Yoast SEO plugin. -->","yoast_head_json":{"title":"B\u00e6rbar minit\u00f8rrer - Mekulo DK","robots":{"index":"index","follow":"follow","max-snippet":"max-snippet:-1","max-image-preview":"max-image-preview:large","max-video-preview":"max-video-preview:-1"},"canonical":"https:\/\/mekulo.com\/dk\/produkt\/baerbar-minitoerrer\/","og_locale":"da_DK","og_type":"article","og_title":"B\u00e6rbar minit\u00f8rrer - Mekulo DK","og_description":"Denne b\u00e6rbare minit\u00f8rretumbler er en kompakt, sammenklappelig l\u00f8sning til hurtig og j\u00e6vn t\u00f8rring derhjemme eller p\u00e5 farten. Den bruger 360\u00b0 varmluftscirkulation til at t\u00f8rre t\u00f8jet effektivt og samtidig holde det friskt, rent og lugtfrit.","og_url":"https:\/\/mekulo.com\/dk\/produkt\/baerbar-minitoerrer\/","og_site_name":"Mekulo DK","article_modified_time":"2026-01-02T14:04:33+00:00","og_image":[{"width":1080,"height":1080,"url":"https:\/\/mekulo.com\/dk\/wp-content\/uploads\/sites\/12\/2026\/01\/t1wnbxk-1.jpg","type":"image\/jpeg"}],"twitter_card":"summary_large_image","twitter_misc":{"Estimeret l\u00e6setid":"2 minutter"},"schema":{"@context":"https:\/\/schema.org","@graph":[{"@type":"WebPage","@id":"https:\/\/mekulo.com\/dk\/produkt\/baerbar-minitoerrer\/","url":"https:\/\/mekulo.com\/dk\/produkt\/baerbar-minitoerrer\/","name":"B\u00e6rbar minit\u00f8rrer - Mekulo DK","isPartOf":{"@id":"https:\/\/mekulo.com\/dk\/#website"},"primaryImageOfPage":{"@id":"https:\/\/mekulo.com\/dk\/produkt\/baerbar-minitoerrer\/#primaryimage"},"image":{"@id":"https:\/\/mekulo.com\/dk\/produkt\/baerbar-minitoerrer\/#primaryimage"},"thumbnailUrl":"https:\/\/mekulo.com\/dk\/wp-content\/uploads\/sites\/12\/2026\/01\/t1wnbxk-1.jpg","datePublished":"2026-01-02T10:24:32+00:00","dateModified":"2026-01-02T14:04:33+00:00","breadcrumb":{"@id":"https:\/\/mekulo.com\/dk\/produkt\/baerbar-minitoerrer\/#breadcrumb"},"inLanguage":"da-DK","potentialAction":[{"@type":"ReadAction","target":["https:\/\/mekulo.com\/dk\/produkt\/baerbar-minitoerrer\/"]}]},{"@type":"ImageObject","inLanguage":"da-DK","@id":"https:\/\/mekulo.com\/dk\/produkt\/baerbar-minitoerrer\/#primaryimage","url":"https:\/\/mekulo.com\/dk\/wp-content\/uploads\/sites\/12\/2026\/01\/t1wnbxk-1.jpg","contentUrl":"https:\/\/mekulo.com\/dk\/wp-content\/uploads\/sites\/12\/2026\/01\/t1wnbxk-1.jpg","width":1080,"height":1080},{"@type":"BreadcrumbList","@id":"https:\/\/mekulo.com\/dk\/produkt\/baerbar-minitoerrer\/#breadcrumb","itemListElement":[{"@type":"ListItem","position":1,"name":"Home","item":"https:\/\/mekulo.com\/dk\/"},{"@type":"ListItem","position":2,"name":"Butik","item":"https:\/\/mekulo.com\/dk\/butik\/"},{"@type":"ListItem","position":3,"name":"B\u00e6rbar minit\u00f8rrer"}]},{"@type":"WebSite","@id":"https:\/\/mekulo.com\/dk\/#website","url":"https:\/\/mekulo.com\/dk\/","name":"Mekulo DK","description":"","publisher":{"@id":"https:\/\/mekulo.com\/dk\/#organization"},"potentialAction":[{"@type":"SearchAction","target":{"@type":"EntryPoint","urlTemplate":"https:\/\/mekulo.com\/dk\/?s={search_term_string}"},"query-input":{"@type":"PropertyValueSpecification","valueRequired":true,"valueName":"search_term_string"}}],"inLanguage":"da-DK"},{"@type":"Organization","@id":"https:\/\/mekulo.com\/dk\/#organization","name":"Mekulo","url":"https:\/\/mekulo.com\/dk\/","logo":{"@type":"ImageObject","inLanguage":"da-DK","@id":"https:\/\/mekulo.com\/dk\/#\/schema\/logo\/image\/","url":"https:\/\/mekulo.com\/dk\/wp-content\/uploads\/sites\/12\/2025\/12\/favicon_mekulo.png","contentUrl":"https:\/\/mekulo.com\/dk\/wp-content\/uploads\/sites\/12\/2025\/12\/favicon_mekulo.png","width":50,"height":50,"caption":"Mekulo"},"image":{"@id":"https:\/\/mekulo.com\/dk\/#\/schema\/logo\/image\/"}}]}},"_links":{"self":[{"href":"https:\/\/mekulo.com\/dk\/wp-json\/wp\/v2\/product\/13826","targetHints":{"allow":["GET"]}}],"collection":[{"href":"https:\/\/mekulo.com\/dk\/wp-json\/wp\/v2\/product"}],"about":[{"href":"https:\/\/mekulo.com\/dk\/wp-json\/wp\/v2\/types\/product"}],"replies":[{"embeddable":true,"href":"https:\/\/mekulo.com\/dk\/wp-json\/wp\/v2\/comments?post=13826"}],"wp:featuredmedia":[{"embeddable":true,"href":"https:\/\/mekulo.com\/dk\/wp-json\/wp\/v2\/media\/13822"}],"wp:attachment":[{"href":"https:\/\/mekulo.com\/dk\/wp-json\/wp\/v2\/media?parent=13826"}],"wp:term":[{"taxonomy":"product_brand","embeddable":true,"href":"https:\/\/mekulo.com\/dk\/wp-json\/wp\/v2\/product_brand?post=13826"},{"taxonomy":"product_cat","embeddable":true,"href":"https:\/\/mekulo.com\/dk\/wp-json\/wp\/v2\/product_cat?post=13826"},{"taxonomy":"product_tag","embeddable":true,"href":"https:\/\/mekulo.com\/dk\/wp-json\/wp\/v2\/product_tag?post=13826"}],"curies":[{"name":"wp","href":"https:\/\/api.w.org\/{rel}","templated":true}]}}