{"id":13813,"date":"2026-01-02T11:17:53","date_gmt":"2026-01-02T09:17:53","guid":{"rendered":"https:\/\/mekulo.com\/dk\/produkt\/paraplyholder-til-bilen-2-stk\/"},"modified":"2026-01-02T11:17:58","modified_gmt":"2026-01-02T09:17:58","slug":"paraplyholder-til-bilen-2-stk","status":"publish","type":"product","link":"https:\/\/mekulo.com\/dk\/produkt\/paraplyholder-til-bilen-2-stk\/","title":{"rendered":"Paraplyholder til bilen (2 stk.)"},"content":{"rendered":"<p style=\"text-align: center\" data-start=\"0\" data-end=\"74\"><strong data-start=\"0\" data-end=\"74\">Hold din paraply sikker, t\u00f8r og altid inden for r\u00e6kkevidde, mens du k\u00f8rer. \ud83d\ude97 \ud83c\udf02<\/strong><\/p>\n<p style=\"text-align: center\" data-start=\"76\" data-end=\"327\">Denne bilparaplyholder giver din paraply et perfekt, dedikeret sted i din bil &#8211; ikke mere rullende, dryppende eller rodet bagagerum. Den er designet til at blive installeret p\u00e5 f\u00e5 sekunder uden at bore, sidder godt fast og passer perfekt ind i ethvert bilinteri\u00f8r.<\/p>\n<p data-start=\"76\" data-end=\"327\"><img fetchpriority=\"high\" decoding=\"async\" class=\"size-full wp-image-41878 aligncenter\" src=\"https:\/\/keluvo.com\/template\/wp-content\/uploads\/sites\/5\/2025\/11\/10224-ezgif.com-video-to-webp-converter-1-1.webp\" alt=\"\" width=\"500\" height=\"500\" \/><\/p>\n<h2 style=\"text-align: center\" data-start=\"334\" data-end=\"356\"><strong>Vigtigste Fordele<\/strong><\/h2>\n<p data-start=\"359\" data-end=\"442\">\ud83d\ude97 Perfekt pasform uden at vakle &#8211; holder din paraply fast uden st\u00f8j.<\/p>\n<p data-start=\"445\" data-end=\"532\">\ud83c\udf27\ufe0f \u00d8jeblikkelig adgang p\u00e5 regnfulde dage &#8211; tag fat i din paraply, lige n\u00e5r du \u00e5bner d\u00f8ren.<\/p>\n<p data-start=\"535\" data-end=\"624\">\ud83e\uddfc Holder din bil ren &#8211; ikke flere v\u00e5de paraplyer, der ruller rundt p\u00e5 s\u00e6derne eller i bagagerummet.<\/p>\n<p data-start=\"627\" data-end=\"714\">\ud83d\udd27 Nem installation uden at bore &#8211; sidder godt fast og forbliver stabil under k\u00f8rslen.<\/p>\n<p data-start=\"717\" data-end=\"791\">\ud83c\udfa8 Minimalistisk design &#8211; elegant look, der matcher ethvert bilinteri\u00f8r.<\/p>\n<p data-start=\"717\" data-end=\"791\"><img decoding=\"async\" class=\"size-full wp-image-41881 aligncenter\" src=\"https:\/\/keluvo.com\/template\/wp-content\/uploads\/sites\/5\/2025\/11\/91481ab287b6755900e77e09b1d89c0c70f8503a.avif\" alt=\"\" \/><\/p>\n<h2 style=\"text-align: center\" data-start=\"798\" data-end=\"817\"><strong>S\u00e5dan Bruges<\/strong><\/h2>\n<ol data-start=\"818\" data-end=\"1142\">\n<li data-start=\"818\" data-end=\"882\">\n<p data-start=\"821\" data-end=\"882\">Reng\u00f8r det omr\u00e5de, hvor du vil montere paraplyholderen.<\/p>\n<\/li>\n<li data-start=\"883\" data-end=\"929\">\n<p data-start=\"886\" data-end=\"929\">Tr\u00e6k den selvkl\u00e6bende bagside af krogene.<\/p>\n<\/li>\n<li data-start=\"930\" data-end=\"1012\">\n<p data-start=\"933\" data-end=\"1012\">Tryk fast p\u00e5 det valgte sted (d\u00f8rside, s\u00e6de eller midterkonsol).<\/p>\n<\/li>\n<li data-start=\"1013\" data-end=\"1074\">\n<p data-start=\"1016\" data-end=\"1074\">Skub din paraply ind i krogene for at opbevare den sikkert.<\/p>\n<\/li>\n<li data-start=\"1075\" data-end=\"1142\">\n<p data-start=\"1078\" data-end=\"1142\">Fjern og s\u00e6t den fast igen efter behov &#8211; der kr\u00e6ves ingen boring eller v\u00e6rkt\u00f8j.<\/p>\n<\/li>\n<\/ol>\n<h2 style=\"text-align: center\" data-start=\"1149\" data-end=\"1173\"><strong>Produktoplysninger<\/strong><\/h2>\n<ul data-start=\"1174\" data-end=\"1331\">\n<li data-start=\"1174\" data-end=\"1203\">\n<p data-start=\"1176\" data-end=\"1203\">Materiale: Holdbar plast<\/p>\n<\/li>\n<li data-start=\"1234\" data-end=\"1275\">\n<p data-start=\"1236\" data-end=\"1275\">Kompatibilitet: Passer til alle k\u00f8ret\u00f8jstyper<\/p>\n<\/li>\n<li data-start=\"1276\" data-end=\"1331\">\n<p data-start=\"1278\" data-end=\"1331\">Design: St\u00f8jfri, stabil og vibrationsresistent<\/p>\n<\/li>\n<\/ul>\n<h2 style=\"text-align: center\" data-start=\"1338\" data-end=\"1363\"><strong>Pakken Indeholder<\/strong><\/h2>\n<ul data-start=\"1364\" data-end=\"1407\">\n<li data-start=\"1364\" data-end=\"1407\">\n<p data-start=\"1366\" data-end=\"1407\">2x bilparaplykroge.<\/p>\n<\/li>\n<\/ul>\n","protected":false},"excerpt":{"rendered":"<p>Et s\u00e6t paraplyholdere til bilen, der holder din paraply sikker, t\u00f8r og inden for r\u00e6kkevidde, mens du k\u00f8rer. Den fastg\u00f8res uden at bore, forhindrer, at den ruller eller drypper inde i bilen, og hj\u00e6lper med at holde interi\u00f8ret rent og organiseret. Den er holdbar og stabil, passer til de fleste k\u00f8ret\u00f8jer og monteres p\u00e5 f\u00e5 sekunder.<\/p>\n","protected":false},"featured_media":13809,"comment_status":"open","ping_status":"closed","template":"","meta":{"site-sidebar-layout":"default","site-content-layout":"","ast-site-content-layout":"default","site-content-style":"default","site-sidebar-style":"default","ast-global-header-display":"","ast-banner-title-visibility":"","ast-main-header-display":"","ast-hfb-above-header-display":"","ast-hfb-below-header-display":"","ast-hfb-mobile-header-display":"","site-post-title":"","ast-breadcrumbs-content":"","ast-featured-img":"","footer-sml-layout":"","ast-disable-related-posts":"","theme-transparent-header-meta":"default","adv-header-id-meta":"","stick-header-meta":"","header-above-stick-meta":"","header-main-stick-meta":"","header-below-stick-meta":"","astra-migrate-meta-layouts":"set","ast-page-background-enabled":"default","ast-page-background-meta":{"desktop":{"background-color":"var(--ast-global-color-5)","background-image":"","background-repeat":"repeat","background-position":"center center","background-size":"auto","background-attachment":"scroll","background-type":"","background-media":"","overlay-type":"","overlay-color":"","overlay-opacity":"","overlay-gradient":""},"tablet":{"background-color":"","background-image":"","background-repeat":"repeat","background-position":"center center","background-size":"auto","background-attachment":"scroll","background-type":"","background-media":"","overlay-type":"","overlay-color":"","overlay-opacity":"","overlay-gradient":""},"mobile":{"background-color":"","background-image":"","background-repeat":"repeat","background-position":"center center","background-size":"auto","background-attachment":"scroll","background-type":"","background-media":"","overlay-type":"","overlay-color":"","overlay-opacity":"","overlay-gradient":""}},"ast-content-background-meta":{"desktop":{"background-color":"var(--ast-global-color-4)","background-image":"","background-repeat":"repeat","background-position":"center center","background-size":"auto","background-attachment":"scroll","background-type":"","background-media":"","overlay-type":"","overlay-color":"","overlay-opacity":"","overlay-gradient":""},"tablet":{"background-color":"var(--ast-global-color-4)","background-image":"","background-repeat":"repeat","background-position":"center center","background-size":"auto","background-attachment":"scroll","background-type":"","background-media":"","overlay-type":"","overlay-color":"","overlay-opacity":"","overlay-gradient":""},"mobile":{"background-color":"var(--ast-global-color-4)","background-image":"","background-repeat":"repeat","background-position":"center center","background-size":"auto","background-attachment":"scroll","background-type":"","background-media":"","overlay-type":"","overlay-color":"","overlay-opacity":"","overlay-gradient":""}}},"product_brand":[],"product_cat":[15],"product_tag":[],"class_list":{"0":"post-13813","1":"product","2":"type-product","3":"status-publish","4":"has-post-thumbnail","6":"product_cat-uncategorized","7":"pa_52328_3fhodvt2-roed","8":"pa_52328_3fhodvt2-sort","9":"desktop-align-left","10":"tablet-align-left","11":"mobile-align-left","13":"first","14":"instock","15":"shipping-taxable","16":"purchasable","17":"product-type-variable"},"yoast_head":"<!-- This site is optimized with the Yoast SEO plugin v27.4 - https:\/\/yoast.com\/product\/yoast-seo-wordpress\/ -->\n<title>Paraplyholder til bilen (2 stk.) - Mekulo DK<\/title>\n<meta name=\"robots\" content=\"index, follow, max-snippet:-1, max-image-preview:large, max-video-preview:-1\" \/>\n<link rel=\"canonical\" href=\"https:\/\/mekulo.com\/dk\/produkt\/paraplyholder-til-bilen-2-stk\/\" \/>\n<meta property=\"og:locale\" content=\"da_DK\" \/>\n<meta property=\"og:type\" content=\"article\" \/>\n<meta property=\"og:title\" content=\"Paraplyholder til bilen (2 stk.) - Mekulo DK\" \/>\n<meta property=\"og:description\" content=\"Et s\u00e6t paraplyholdere til bilen, der holder din paraply sikker, t\u00f8r og inden for r\u00e6kkevidde, mens du k\u00f8rer. Den fastg\u00f8res uden at bore, forhindrer, at den ruller eller drypper inde i bilen, og hj\u00e6lper med at holde interi\u00f8ret rent og organiseret. Den er holdbar og stabil, passer til de fleste k\u00f8ret\u00f8jer og monteres p\u00e5 f\u00e5 sekunder.\" \/>\n<meta property=\"og:url\" content=\"https:\/\/mekulo.com\/dk\/produkt\/paraplyholder-til-bilen-2-stk\/\" \/>\n<meta property=\"og:site_name\" content=\"Mekulo DK\" \/>\n<meta property=\"article:modified_time\" content=\"2026-01-02T09:17:58+00:00\" \/>\n<meta property=\"og:image\" content=\"https:\/\/mekulo.com\/dk\/wp-content\/uploads\/sites\/12\/2026\/01\/sg2ydt6-1.jpg\" \/>\n\t<meta property=\"og:image:width\" content=\"1000\" \/>\n\t<meta property=\"og:image:height\" content=\"1000\" \/>\n\t<meta property=\"og:image:type\" content=\"image\/jpeg\" \/>\n<meta name=\"twitter:card\" content=\"summary_large_image\" \/>\n<meta name=\"twitter:label1\" content=\"Estimeret l\u00e6setid\" \/>\n\t<meta name=\"twitter:data1\" content=\"2 minutter\" \/>\n<script type=\"application\/ld+json\" class=\"yoast-schema-graph\">{\"@context\":\"https:\\\/\\\/schema.org\",\"@graph\":[{\"@type\":\"WebPage\",\"@id\":\"https:\\\/\\\/mekulo.com\\\/dk\\\/produkt\\\/paraplyholder-til-bilen-2-stk\\\/\",\"url\":\"https:\\\/\\\/mekulo.com\\\/dk\\\/produkt\\\/paraplyholder-til-bilen-2-stk\\\/\",\"name\":\"Paraplyholder til bilen (2 stk.) - Mekulo DK\",\"isPartOf\":{\"@id\":\"https:\\\/\\\/mekulo.com\\\/dk\\\/#website\"},\"primaryImageOfPage\":{\"@id\":\"https:\\\/\\\/mekulo.com\\\/dk\\\/produkt\\\/paraplyholder-til-bilen-2-stk\\\/#primaryimage\"},\"image\":{\"@id\":\"https:\\\/\\\/mekulo.com\\\/dk\\\/produkt\\\/paraplyholder-til-bilen-2-stk\\\/#primaryimage\"},\"thumbnailUrl\":\"https:\\\/\\\/mekulo.com\\\/dk\\\/wp-content\\\/uploads\\\/sites\\\/12\\\/2026\\\/01\\\/sg2ydt6-1.jpg\",\"datePublished\":\"2026-01-02T09:17:53+00:00\",\"dateModified\":\"2026-01-02T09:17:58+00:00\",\"breadcrumb\":{\"@id\":\"https:\\\/\\\/mekulo.com\\\/dk\\\/produkt\\\/paraplyholder-til-bilen-2-stk\\\/#breadcrumb\"},\"inLanguage\":\"da-DK\",\"potentialAction\":[{\"@type\":\"ReadAction\",\"target\":[\"https:\\\/\\\/mekulo.com\\\/dk\\\/produkt\\\/paraplyholder-til-bilen-2-stk\\\/\"]}]},{\"@type\":\"ImageObject\",\"inLanguage\":\"da-DK\",\"@id\":\"https:\\\/\\\/mekulo.com\\\/dk\\\/produkt\\\/paraplyholder-til-bilen-2-stk\\\/#primaryimage\",\"url\":\"https:\\\/\\\/mekulo.com\\\/dk\\\/wp-content\\\/uploads\\\/sites\\\/12\\\/2026\\\/01\\\/sg2ydt6-1.jpg\",\"contentUrl\":\"https:\\\/\\\/mekulo.com\\\/dk\\\/wp-content\\\/uploads\\\/sites\\\/12\\\/2026\\\/01\\\/sg2ydt6-1.jpg\",\"width\":1000,\"height\":1000},{\"@type\":\"BreadcrumbList\",\"@id\":\"https:\\\/\\\/mekulo.com\\\/dk\\\/produkt\\\/paraplyholder-til-bilen-2-stk\\\/#breadcrumb\",\"itemListElement\":[{\"@type\":\"ListItem\",\"position\":1,\"name\":\"Home\",\"item\":\"https:\\\/\\\/mekulo.com\\\/dk\\\/\"},{\"@type\":\"ListItem\",\"position\":2,\"name\":\"Butik\",\"item\":\"https:\\\/\\\/mekulo.com\\\/dk\\\/butik\\\/\"},{\"@type\":\"ListItem\",\"position\":3,\"name\":\"Paraplyholder til bilen (2 stk.)\"}]},{\"@type\":\"WebSite\",\"@id\":\"https:\\\/\\\/mekulo.com\\\/dk\\\/#website\",\"url\":\"https:\\\/\\\/mekulo.com\\\/dk\\\/\",\"name\":\"Mekulo DK\",\"description\":\"\",\"publisher\":{\"@id\":\"https:\\\/\\\/mekulo.com\\\/dk\\\/#organization\"},\"potentialAction\":[{\"@type\":\"SearchAction\",\"target\":{\"@type\":\"EntryPoint\",\"urlTemplate\":\"https:\\\/\\\/mekulo.com\\\/dk\\\/?s={search_term_string}\"},\"query-input\":{\"@type\":\"PropertyValueSpecification\",\"valueRequired\":true,\"valueName\":\"search_term_string\"}}],\"inLanguage\":\"da-DK\"},{\"@type\":\"Organization\",\"@id\":\"https:\\\/\\\/mekulo.com\\\/dk\\\/#organization\",\"name\":\"Mekulo\",\"url\":\"https:\\\/\\\/mekulo.com\\\/dk\\\/\",\"logo\":{\"@type\":\"ImageObject\",\"inLanguage\":\"da-DK\",\"@id\":\"https:\\\/\\\/mekulo.com\\\/dk\\\/#\\\/schema\\\/logo\\\/image\\\/\",\"url\":\"https:\\\/\\\/mekulo.com\\\/dk\\\/wp-content\\\/uploads\\\/sites\\\/12\\\/2025\\\/12\\\/favicon_mekulo.png\",\"contentUrl\":\"https:\\\/\\\/mekulo.com\\\/dk\\\/wp-content\\\/uploads\\\/sites\\\/12\\\/2025\\\/12\\\/favicon_mekulo.png\",\"width\":50,\"height\":50,\"caption\":\"Mekulo\"},\"image\":{\"@id\":\"https:\\\/\\\/mekulo.com\\\/dk\\\/#\\\/schema\\\/logo\\\/image\\\/\"}}]}<\/script>\n<!-- \/ Yoast SEO plugin. -->","yoast_head_json":{"title":"Paraplyholder til bilen (2 stk.) - Mekulo DK","robots":{"index":"index","follow":"follow","max-snippet":"max-snippet:-1","max-image-preview":"max-image-preview:large","max-video-preview":"max-video-preview:-1"},"canonical":"https:\/\/mekulo.com\/dk\/produkt\/paraplyholder-til-bilen-2-stk\/","og_locale":"da_DK","og_type":"article","og_title":"Paraplyholder til bilen (2 stk.) - Mekulo DK","og_description":"Et s\u00e6t paraplyholdere til bilen, der holder din paraply sikker, t\u00f8r og inden for r\u00e6kkevidde, mens du k\u00f8rer. Den fastg\u00f8res uden at bore, forhindrer, at den ruller eller drypper inde i bilen, og hj\u00e6lper med at holde interi\u00f8ret rent og organiseret. Den er holdbar og stabil, passer til de fleste k\u00f8ret\u00f8jer og monteres p\u00e5 f\u00e5 sekunder.","og_url":"https:\/\/mekulo.com\/dk\/produkt\/paraplyholder-til-bilen-2-stk\/","og_site_name":"Mekulo DK","article_modified_time":"2026-01-02T09:17:58+00:00","og_image":[{"width":1000,"height":1000,"url":"https:\/\/mekulo.com\/dk\/wp-content\/uploads\/sites\/12\/2026\/01\/sg2ydt6-1.jpg","type":"image\/jpeg"}],"twitter_card":"summary_large_image","twitter_misc":{"Estimeret l\u00e6setid":"2 minutter"},"schema":{"@context":"https:\/\/schema.org","@graph":[{"@type":"WebPage","@id":"https:\/\/mekulo.com\/dk\/produkt\/paraplyholder-til-bilen-2-stk\/","url":"https:\/\/mekulo.com\/dk\/produkt\/paraplyholder-til-bilen-2-stk\/","name":"Paraplyholder til bilen (2 stk.) - Mekulo DK","isPartOf":{"@id":"https:\/\/mekulo.com\/dk\/#website"},"primaryImageOfPage":{"@id":"https:\/\/mekulo.com\/dk\/produkt\/paraplyholder-til-bilen-2-stk\/#primaryimage"},"image":{"@id":"https:\/\/mekulo.com\/dk\/produkt\/paraplyholder-til-bilen-2-stk\/#primaryimage"},"thumbnailUrl":"https:\/\/mekulo.com\/dk\/wp-content\/uploads\/sites\/12\/2026\/01\/sg2ydt6-1.jpg","datePublished":"2026-01-02T09:17:53+00:00","dateModified":"2026-01-02T09:17:58+00:00","breadcrumb":{"@id":"https:\/\/mekulo.com\/dk\/produkt\/paraplyholder-til-bilen-2-stk\/#breadcrumb"},"inLanguage":"da-DK","potentialAction":[{"@type":"ReadAction","target":["https:\/\/mekulo.com\/dk\/produkt\/paraplyholder-til-bilen-2-stk\/"]}]},{"@type":"ImageObject","inLanguage":"da-DK","@id":"https:\/\/mekulo.com\/dk\/produkt\/paraplyholder-til-bilen-2-stk\/#primaryimage","url":"https:\/\/mekulo.com\/dk\/wp-content\/uploads\/sites\/12\/2026\/01\/sg2ydt6-1.jpg","contentUrl":"https:\/\/mekulo.com\/dk\/wp-content\/uploads\/sites\/12\/2026\/01\/sg2ydt6-1.jpg","width":1000,"height":1000},{"@type":"BreadcrumbList","@id":"https:\/\/mekulo.com\/dk\/produkt\/paraplyholder-til-bilen-2-stk\/#breadcrumb","itemListElement":[{"@type":"ListItem","position":1,"name":"Home","item":"https:\/\/mekulo.com\/dk\/"},{"@type":"ListItem","position":2,"name":"Butik","item":"https:\/\/mekulo.com\/dk\/butik\/"},{"@type":"ListItem","position":3,"name":"Paraplyholder til bilen (2 stk.)"}]},{"@type":"WebSite","@id":"https:\/\/mekulo.com\/dk\/#website","url":"https:\/\/mekulo.com\/dk\/","name":"Mekulo DK","description":"","publisher":{"@id":"https:\/\/mekulo.com\/dk\/#organization"},"potentialAction":[{"@type":"SearchAction","target":{"@type":"EntryPoint","urlTemplate":"https:\/\/mekulo.com\/dk\/?s={search_term_string}"},"query-input":{"@type":"PropertyValueSpecification","valueRequired":true,"valueName":"search_term_string"}}],"inLanguage":"da-DK"},{"@type":"Organization","@id":"https:\/\/mekulo.com\/dk\/#organization","name":"Mekulo","url":"https:\/\/mekulo.com\/dk\/","logo":{"@type":"ImageObject","inLanguage":"da-DK","@id":"https:\/\/mekulo.com\/dk\/#\/schema\/logo\/image\/","url":"https:\/\/mekulo.com\/dk\/wp-content\/uploads\/sites\/12\/2025\/12\/favicon_mekulo.png","contentUrl":"https:\/\/mekulo.com\/dk\/wp-content\/uploads\/sites\/12\/2025\/12\/favicon_mekulo.png","width":50,"height":50,"caption":"Mekulo"},"image":{"@id":"https:\/\/mekulo.com\/dk\/#\/schema\/logo\/image\/"}}]}},"_links":{"self":[{"href":"https:\/\/mekulo.com\/dk\/wp-json\/wp\/v2\/product\/13813","targetHints":{"allow":["GET"]}}],"collection":[{"href":"https:\/\/mekulo.com\/dk\/wp-json\/wp\/v2\/product"}],"about":[{"href":"https:\/\/mekulo.com\/dk\/wp-json\/wp\/v2\/types\/product"}],"replies":[{"embeddable":true,"href":"https:\/\/mekulo.com\/dk\/wp-json\/wp\/v2\/comments?post=13813"}],"wp:featuredmedia":[{"embeddable":true,"href":"https:\/\/mekulo.com\/dk\/wp-json\/wp\/v2\/media\/13809"}],"wp:attachment":[{"href":"https:\/\/mekulo.com\/dk\/wp-json\/wp\/v2\/media?parent=13813"}],"wp:term":[{"taxonomy":"product_brand","embeddable":true,"href":"https:\/\/mekulo.com\/dk\/wp-json\/wp\/v2\/product_brand?post=13813"},{"taxonomy":"product_cat","embeddable":true,"href":"https:\/\/mekulo.com\/dk\/wp-json\/wp\/v2\/product_cat?post=13813"},{"taxonomy":"product_tag","embeddable":true,"href":"https:\/\/mekulo.com\/dk\/wp-json\/wp\/v2\/product_tag?post=13813"}],"curies":[{"name":"wp","href":"https:\/\/api.w.org\/{rel}","templated":true}]}}