{"id":13804,"date":"2026-01-02T11:17:02","date_gmt":"2026-01-02T09:17:02","guid":{"rendered":"https:\/\/mekulo.com\/dk\/produkt\/universal-staenklapper-til-biler-4-stk\/"},"modified":"2026-01-22T17:51:37","modified_gmt":"2026-01-22T15:51:37","slug":"universal-staenklapper-til-biler-4-stk","status":"publish","type":"product","link":"https:\/\/mekulo.com\/dk\/produkt\/universal-staenklapper-til-biler-4-stk\/","title":{"rendered":"Universal st\u00e6nklapper til biler (4 stk.)"},"content":{"rendered":"<p style=\"text-align: center\" data-start=\"144\" data-end=\"211\"><strong>Beskyt Din Bil Mod Mudder, Snavs Og Vejsnavs I Al Slags Vejr. \ud83d\ude97\ud83c\udf27\ufe0f<\/strong><\/p>\n<p style=\"text-align: center\" data-start=\"213\" data-end=\"444\">These universelle st\u00e6nklapper til biler giver din bil ekstra beskyttelse og holder den renere i l\u00e6ngere tid. De forhindrer mudder, sten og vand i at ramme dine d\u00f8re og sk\u00e6rme og hj\u00e6lper dig med at undg\u00e5 ridser, buler og konstant vask.<\/p>\n<p data-start=\"213\" data-end=\"444\"><img fetchpriority=\"high\" decoding=\"async\" class=\"size-full wp-image-44161 aligncenter\" src=\"https:\/\/keluvo.com\/template\/wp-content\/uploads\/sites\/5\/2025\/12\/10227-ezgif.com-video-to-webp-converter-1-1.webp\" alt=\"\" width=\"500\" height=\"500\" \/><\/p>\n<h2 style=\"text-align: center\" data-start=\"451\" data-end=\"475\">Hovedfordele \u2728<\/h2>\n<p data-start=\"478\" data-end=\"563\">\ud83d\ude97 St\u00e6rk beskyttelse &#8211; Beskytter din bil mod mudder, snavs, sten og vand fra vejen.<\/p>\n<p data-start=\"566\" data-end=\"655\">\ud83d\udee1\ufe0f Reducerer skader &#8211; Minimerer ridser og stenslag fra for- og bagd\u00e6k.<\/p>\n<p data-start=\"658\" data-end=\"751\">\ud83c\udfa8 Enkelt, stilfuldt design &#8211; Forbedrer din bils udseende uden at p\u00e5virke ydeevnen.<\/p>\n<p data-start=\"754\" data-end=\"846\">\ud83d\udcaa Holdbart materiale &#8211; Fremstillet af h\u00e5rd, ridsefast plast til langvarig brug.<\/p>\n<p data-start=\"849\" data-end=\"932\">\ud83c\udf27\ufe0f Ydeevne i al slags vejr &#8211; falmer eller revner ikke i sol, regn, sne eller mudder.<\/p>\n<p data-start=\"935\" data-end=\"1003\">\ud83d\udd27 Universel pasform &#8211; passer til de fleste biler, lastbiler, varevogne og SUV&#8217;er.<\/p>\n<p data-start=\"935\" data-end=\"1003\"><img decoding=\"async\" class=\"size-full wp-image-44156 aligncenter\" src=\"https:\/\/keluvo.com\/template\/wp-content\/uploads\/sites\/5\/2025\/12\/7a2f81b0-3d40-48eb-a2b2-3f20d891ddbf.jpg\" alt=\"\" width=\"1073\" height=\"709\" \/><\/p>\n<h2 style=\"text-align: center\" data-start=\"1010\" data-end=\"1032\">S\u00e5dan Bruges De \ud83e\uddf0<\/h2>\n<ol data-start=\"1033\" data-end=\"1307\">\n<li data-start=\"1033\" data-end=\"1083\">\n<p data-start=\"1036\" data-end=\"1083\">Reng\u00f8r omr\u00e5det omkring din bils hjulkasser.<\/p>\n<\/li>\n<li data-start=\"1084\" data-end=\"1145\">\n<p data-start=\"1087\" data-end=\"1145\">Placer hver st\u00e6nklap, s\u00e5 den flugter med sk\u00e6rmens kontur.<\/p>\n<\/li>\n<li data-start=\"1146\" data-end=\"1208\">\n<p data-start=\"1149\" data-end=\"1208\">brug de medf\u00f8lgende skruer til at fastg\u00f8re st\u00e6nklapper.<\/p>\n<\/li>\n<li data-start=\"1209\" data-end=\"1240\">\n<p data-start=\"1212\" data-end=\"1240\">gentag for alle fire d\u00e6k.<\/p>\n<\/li>\n<li data-start=\"1241\" data-end=\"1307\">\n<p data-start=\"1244\" data-end=\"1307\">nyd renere d\u00f8re og bedre beskyttelse, hver gang du k\u00f8rer.<\/p>\n<\/li>\n<\/ol>\n<h2 style=\"text-align: center\" data-start=\"1314\" data-end=\"1341\">Produktdetaljer \ud83d\udccf<\/h2>\n<ul data-start=\"1342\" data-end=\"1647\">\n<li data-start=\"1342\" data-end=\"1397\">\n<p data-start=\"1344\" data-end=\"1397\">Materiale: Milj\u00f8venlig plast (PP\/termoplast)<\/p>\n<\/li>\n<li data-start=\"1398\" data-end=\"1414\">\n<p data-start=\"1400\" data-end=\"1414\">Farve: Sort<\/p>\n<\/li>\n<li data-start=\"1415\" data-end=\"1435\">\n<p data-start=\"1417\" data-end=\"1435\">St\u00f8rrelse: 18 x 25 cm<\/p>\n<\/li>\n<li data-start=\"1436\" data-end=\"1484\">\n<p data-start=\"1438\" data-end=\"1484\">Pasform: Universal &#8211; passer til de fleste k\u00f8ret\u00f8jstyper<\/p>\n<\/li>\n<li data-start=\"1485\" data-end=\"1570\">\n<p data-start=\"1487\" data-end=\"1570\">Funktioner: Ridsefast, fleksibel, st\u00f8bt til k\u00f8ret\u00f8jets konturer, modstandsdygtig over for falmning<\/p>\n<\/li>\n<li data-start=\"1571\" data-end=\"1647\">\n<p data-start=\"1573\" data-end=\"1647\">Brugssager: Beskyttelse mod mudder, snavs, sne, grus, vand og vejsalt<\/p>\n<\/li>\n<\/ul>\n<h2 style=\"text-align: center\" data-start=\"1654\" data-end=\"1682\">Pakken Indeholder \ud83d\udce6<\/h2>\n<ul data-start=\"1683\" data-end=\"1733\">\n<li data-start=\"1683\" data-end=\"1714\">\n<p data-start=\"1685\" data-end=\"1714\">4x universelle st\u00e6nklapper til biler<\/p>\n<\/li>\n<li data-start=\"1715\" data-end=\"1733\">\n<p data-start=\"1717\" data-end=\"1733\">1x skruepakke.<\/p>\n<\/li>\n<\/ul>\n","protected":false},"excerpt":{"rendered":"<p>Universelle st\u00e6nklapper til biler, der er designet til at beskytte dit k\u00f8ret\u00f8j mod mudder, snavs, sten og vejsnavs. De reducerer ridser og st\u00e6nk og holder d\u00f8re og sk\u00e6rme rene under alle vejrforhold. De er holdbare og nemme at montere og passer til de fleste biler, SUV&#8217;er og varevogne.<\/p>\n","protected":false},"featured_media":13800,"comment_status":"open","ping_status":"closed","template":"","meta":{"site-sidebar-layout":"default","site-content-layout":"","ast-site-content-layout":"default","site-content-style":"default","site-sidebar-style":"default","ast-global-header-display":"","ast-banner-title-visibility":"","ast-main-header-display":"","ast-hfb-above-header-display":"","ast-hfb-below-header-display":"","ast-hfb-mobile-header-display":"","site-post-title":"","ast-breadcrumbs-content":"","ast-featured-img":"","footer-sml-layout":"","theme-transparent-header-meta":"default","adv-header-id-meta":"","stick-header-meta":"","header-above-stick-meta":"","header-main-stick-meta":"","header-below-stick-meta":"","astra-migrate-meta-layouts":"set","ast-page-background-enabled":"default","ast-page-background-meta":{"desktop":{"background-color":"var(--ast-global-color-5)","background-image":"","background-repeat":"repeat","background-position":"center center","background-size":"auto","background-attachment":"scroll","background-type":"","background-media":"","overlay-type":"","overlay-color":"","overlay-opacity":"","overlay-gradient":""},"tablet":{"background-color":"","background-image":"","background-repeat":"repeat","background-position":"center center","background-size":"auto","background-attachment":"scroll","background-type":"","background-media":"","overlay-type":"","overlay-color":"","overlay-opacity":"","overlay-gradient":""},"mobile":{"background-color":"","background-image":"","background-repeat":"repeat","background-position":"center center","background-size":"auto","background-attachment":"scroll","background-type":"","background-media":"","overlay-type":"","overlay-color":"","overlay-opacity":"","overlay-gradient":""}},"ast-content-background-meta":{"desktop":{"background-color":"var(--ast-global-color-4)","background-image":"","background-repeat":"repeat","background-position":"center center","background-size":"auto","background-attachment":"scroll","background-type":"","background-media":"","overlay-type":"","overlay-color":"","overlay-opacity":"","overlay-gradient":""},"tablet":{"background-color":"var(--ast-global-color-4)","background-image":"","background-repeat":"repeat","background-position":"center center","background-size":"auto","background-attachment":"scroll","background-type":"","background-media":"","overlay-type":"","overlay-color":"","overlay-opacity":"","overlay-gradient":""},"mobile":{"background-color":"var(--ast-global-color-4)","background-image":"","background-repeat":"repeat","background-position":"center center","background-size":"auto","background-attachment":"scroll","background-type":"","background-media":"","overlay-type":"","overlay-color":"","overlay-opacity":"","overlay-gradient":""}}},"product_brand":[],"product_cat":[15],"product_tag":[],"class_list":{"0":"post-13804","1":"product","2":"type-product","3":"status-publish","4":"has-post-thumbnail","6":"product_cat-uncategorized","7":"desktop-align-left","8":"tablet-align-left","9":"mobile-align-left","11":"first","12":"instock","13":"shipping-taxable","14":"purchasable","15":"product-type-simple"},"yoast_head":"<!-- This site is optimized with the Yoast SEO plugin v26.6 - https:\/\/yoast.com\/wordpress\/plugins\/seo\/ -->\n<title>Universal st\u00e6nklapper til biler (4 stk.) - Mekulo DK<\/title>\n<meta name=\"robots\" content=\"index, follow, max-snippet:-1, max-image-preview:large, max-video-preview:-1\" \/>\n<link rel=\"canonical\" href=\"https:\/\/mekulo.com\/dk\/produkt\/universal-staenklapper-til-biler-4-stk\/\" \/>\n<meta property=\"og:locale\" content=\"da_DK\" \/>\n<meta property=\"og:type\" content=\"article\" \/>\n<meta property=\"og:title\" content=\"Universal st\u00e6nklapper til biler (4 stk.) - Mekulo DK\" \/>\n<meta property=\"og:description\" content=\"Universelle st\u00e6nklapper til biler, der er designet til at beskytte dit k\u00f8ret\u00f8j mod mudder, snavs, sten og vejsnavs. De reducerer ridser og st\u00e6nk og holder d\u00f8re og sk\u00e6rme rene under alle vejrforhold. De er holdbare og nemme at montere og passer til de fleste biler, SUV&#039;er og varevogne.\" \/>\n<meta property=\"og:url\" content=\"https:\/\/mekulo.com\/dk\/produkt\/universal-staenklapper-til-biler-4-stk\/\" \/>\n<meta property=\"og:site_name\" content=\"Mekulo DK\" \/>\n<meta property=\"article:modified_time\" content=\"2026-01-22T15:51:37+00:00\" \/>\n<meta property=\"og:image\" content=\"https:\/\/mekulo.com\/dk\/wp-content\/uploads\/sites\/12\/2026\/01\/4wdyzat-1.webp\" \/>\n\t<meta property=\"og:image:width\" content=\"600\" \/>\n\t<meta property=\"og:image:height\" content=\"600\" \/>\n\t<meta property=\"og:image:type\" content=\"image\/webp\" \/>\n<meta name=\"twitter:card\" content=\"summary_large_image\" \/>\n<meta name=\"twitter:label1\" content=\"Estimeret l\u00e6setid\" \/>\n\t<meta name=\"twitter:data1\" content=\"2 minutter\" \/>\n<script type=\"application\/ld+json\" class=\"yoast-schema-graph\">{\"@context\":\"https:\/\/schema.org\",\"@graph\":[{\"@type\":\"WebPage\",\"@id\":\"https:\/\/mekulo.com\/dk\/produkt\/universal-staenklapper-til-biler-4-stk\/\",\"url\":\"https:\/\/mekulo.com\/dk\/produkt\/universal-staenklapper-til-biler-4-stk\/\",\"name\":\"Universal st\u00e6nklapper til biler (4 stk.) - Mekulo DK\",\"isPartOf\":{\"@id\":\"https:\/\/mekulo.com\/dk\/#website\"},\"primaryImageOfPage\":{\"@id\":\"https:\/\/mekulo.com\/dk\/produkt\/universal-staenklapper-til-biler-4-stk\/#primaryimage\"},\"image\":{\"@id\":\"https:\/\/mekulo.com\/dk\/produkt\/universal-staenklapper-til-biler-4-stk\/#primaryimage\"},\"thumbnailUrl\":\"https:\/\/mekulo.com\/dk\/wp-content\/uploads\/sites\/12\/2026\/01\/4wdyzat-1.webp\",\"datePublished\":\"2026-01-02T09:17:02+00:00\",\"dateModified\":\"2026-01-22T15:51:37+00:00\",\"breadcrumb\":{\"@id\":\"https:\/\/mekulo.com\/dk\/produkt\/universal-staenklapper-til-biler-4-stk\/#breadcrumb\"},\"inLanguage\":\"da-DK\",\"potentialAction\":[{\"@type\":\"ReadAction\",\"target\":[\"https:\/\/mekulo.com\/dk\/produkt\/universal-staenklapper-til-biler-4-stk\/\"]}]},{\"@type\":\"ImageObject\",\"inLanguage\":\"da-DK\",\"@id\":\"https:\/\/mekulo.com\/dk\/produkt\/universal-staenklapper-til-biler-4-stk\/#primaryimage\",\"url\":\"https:\/\/mekulo.com\/dk\/wp-content\/uploads\/sites\/12\/2026\/01\/4wdyzat-1.webp\",\"contentUrl\":\"https:\/\/mekulo.com\/dk\/wp-content\/uploads\/sites\/12\/2026\/01\/4wdyzat-1.webp\",\"width\":600,\"height\":600},{\"@type\":\"BreadcrumbList\",\"@id\":\"https:\/\/mekulo.com\/dk\/produkt\/universal-staenklapper-til-biler-4-stk\/#breadcrumb\",\"itemListElement\":[{\"@type\":\"ListItem\",\"position\":1,\"name\":\"Home\",\"item\":\"https:\/\/mekulo.com\/dk\/\"},{\"@type\":\"ListItem\",\"position\":2,\"name\":\"Butik\",\"item\":\"https:\/\/mekulo.com\/dk\/butik\/\"},{\"@type\":\"ListItem\",\"position\":3,\"name\":\"Universal st\u00e6nklapper til biler (4 stk.)\"}]},{\"@type\":\"WebSite\",\"@id\":\"https:\/\/mekulo.com\/dk\/#website\",\"url\":\"https:\/\/mekulo.com\/dk\/\",\"name\":\"Mekulo DK\",\"description\":\"\",\"publisher\":{\"@id\":\"https:\/\/mekulo.com\/dk\/#organization\"},\"potentialAction\":[{\"@type\":\"SearchAction\",\"target\":{\"@type\":\"EntryPoint\",\"urlTemplate\":\"https:\/\/mekulo.com\/dk\/?s={search_term_string}\"},\"query-input\":{\"@type\":\"PropertyValueSpecification\",\"valueRequired\":true,\"valueName\":\"search_term_string\"}}],\"inLanguage\":\"da-DK\"},{\"@type\":\"Organization\",\"@id\":\"https:\/\/mekulo.com\/dk\/#organization\",\"name\":\"Mekulo\",\"url\":\"https:\/\/mekulo.com\/dk\/\",\"logo\":{\"@type\":\"ImageObject\",\"inLanguage\":\"da-DK\",\"@id\":\"https:\/\/mekulo.com\/dk\/#\/schema\/logo\/image\/\",\"url\":\"https:\/\/mekulo.com\/dk\/wp-content\/uploads\/sites\/12\/2025\/12\/favicon_mekulo.png\",\"contentUrl\":\"https:\/\/mekulo.com\/dk\/wp-content\/uploads\/sites\/12\/2025\/12\/favicon_mekulo.png\",\"width\":50,\"height\":50,\"caption\":\"Mekulo\"},\"image\":{\"@id\":\"https:\/\/mekulo.com\/dk\/#\/schema\/logo\/image\/\"}}]}<\/script>\n<!-- \/ Yoast SEO plugin. -->","yoast_head_json":{"title":"Universal st\u00e6nklapper til biler (4 stk.) - Mekulo DK","robots":{"index":"index","follow":"follow","max-snippet":"max-snippet:-1","max-image-preview":"max-image-preview:large","max-video-preview":"max-video-preview:-1"},"canonical":"https:\/\/mekulo.com\/dk\/produkt\/universal-staenklapper-til-biler-4-stk\/","og_locale":"da_DK","og_type":"article","og_title":"Universal st\u00e6nklapper til biler (4 stk.) - Mekulo DK","og_description":"Universelle st\u00e6nklapper til biler, der er designet til at beskytte dit k\u00f8ret\u00f8j mod mudder, snavs, sten og vejsnavs. De reducerer ridser og st\u00e6nk og holder d\u00f8re og sk\u00e6rme rene under alle vejrforhold. De er holdbare og nemme at montere og passer til de fleste biler, SUV'er og varevogne.","og_url":"https:\/\/mekulo.com\/dk\/produkt\/universal-staenklapper-til-biler-4-stk\/","og_site_name":"Mekulo DK","article_modified_time":"2026-01-22T15:51:37+00:00","og_image":[{"width":600,"height":600,"url":"https:\/\/mekulo.com\/dk\/wp-content\/uploads\/sites\/12\/2026\/01\/4wdyzat-1.webp","type":"image\/webp"}],"twitter_card":"summary_large_image","twitter_misc":{"Estimeret l\u00e6setid":"2 minutter"},"schema":{"@context":"https:\/\/schema.org","@graph":[{"@type":"WebPage","@id":"https:\/\/mekulo.com\/dk\/produkt\/universal-staenklapper-til-biler-4-stk\/","url":"https:\/\/mekulo.com\/dk\/produkt\/universal-staenklapper-til-biler-4-stk\/","name":"Universal st\u00e6nklapper til biler (4 stk.) - Mekulo DK","isPartOf":{"@id":"https:\/\/mekulo.com\/dk\/#website"},"primaryImageOfPage":{"@id":"https:\/\/mekulo.com\/dk\/produkt\/universal-staenklapper-til-biler-4-stk\/#primaryimage"},"image":{"@id":"https:\/\/mekulo.com\/dk\/produkt\/universal-staenklapper-til-biler-4-stk\/#primaryimage"},"thumbnailUrl":"https:\/\/mekulo.com\/dk\/wp-content\/uploads\/sites\/12\/2026\/01\/4wdyzat-1.webp","datePublished":"2026-01-02T09:17:02+00:00","dateModified":"2026-01-22T15:51:37+00:00","breadcrumb":{"@id":"https:\/\/mekulo.com\/dk\/produkt\/universal-staenklapper-til-biler-4-stk\/#breadcrumb"},"inLanguage":"da-DK","potentialAction":[{"@type":"ReadAction","target":["https:\/\/mekulo.com\/dk\/produkt\/universal-staenklapper-til-biler-4-stk\/"]}]},{"@type":"ImageObject","inLanguage":"da-DK","@id":"https:\/\/mekulo.com\/dk\/produkt\/universal-staenklapper-til-biler-4-stk\/#primaryimage","url":"https:\/\/mekulo.com\/dk\/wp-content\/uploads\/sites\/12\/2026\/01\/4wdyzat-1.webp","contentUrl":"https:\/\/mekulo.com\/dk\/wp-content\/uploads\/sites\/12\/2026\/01\/4wdyzat-1.webp","width":600,"height":600},{"@type":"BreadcrumbList","@id":"https:\/\/mekulo.com\/dk\/produkt\/universal-staenklapper-til-biler-4-stk\/#breadcrumb","itemListElement":[{"@type":"ListItem","position":1,"name":"Home","item":"https:\/\/mekulo.com\/dk\/"},{"@type":"ListItem","position":2,"name":"Butik","item":"https:\/\/mekulo.com\/dk\/butik\/"},{"@type":"ListItem","position":3,"name":"Universal st\u00e6nklapper til biler (4 stk.)"}]},{"@type":"WebSite","@id":"https:\/\/mekulo.com\/dk\/#website","url":"https:\/\/mekulo.com\/dk\/","name":"Mekulo DK","description":"","publisher":{"@id":"https:\/\/mekulo.com\/dk\/#organization"},"potentialAction":[{"@type":"SearchAction","target":{"@type":"EntryPoint","urlTemplate":"https:\/\/mekulo.com\/dk\/?s={search_term_string}"},"query-input":{"@type":"PropertyValueSpecification","valueRequired":true,"valueName":"search_term_string"}}],"inLanguage":"da-DK"},{"@type":"Organization","@id":"https:\/\/mekulo.com\/dk\/#organization","name":"Mekulo","url":"https:\/\/mekulo.com\/dk\/","logo":{"@type":"ImageObject","inLanguage":"da-DK","@id":"https:\/\/mekulo.com\/dk\/#\/schema\/logo\/image\/","url":"https:\/\/mekulo.com\/dk\/wp-content\/uploads\/sites\/12\/2025\/12\/favicon_mekulo.png","contentUrl":"https:\/\/mekulo.com\/dk\/wp-content\/uploads\/sites\/12\/2025\/12\/favicon_mekulo.png","width":50,"height":50,"caption":"Mekulo"},"image":{"@id":"https:\/\/mekulo.com\/dk\/#\/schema\/logo\/image\/"}}]}},"_links":{"self":[{"href":"https:\/\/mekulo.com\/dk\/wp-json\/wp\/v2\/product\/13804","targetHints":{"allow":["GET"]}}],"collection":[{"href":"https:\/\/mekulo.com\/dk\/wp-json\/wp\/v2\/product"}],"about":[{"href":"https:\/\/mekulo.com\/dk\/wp-json\/wp\/v2\/types\/product"}],"replies":[{"embeddable":true,"href":"https:\/\/mekulo.com\/dk\/wp-json\/wp\/v2\/comments?post=13804"}],"wp:featuredmedia":[{"embeddable":true,"href":"https:\/\/mekulo.com\/dk\/wp-json\/wp\/v2\/media\/13800"}],"wp:attachment":[{"href":"https:\/\/mekulo.com\/dk\/wp-json\/wp\/v2\/media?parent=13804"}],"wp:term":[{"taxonomy":"product_brand","embeddable":true,"href":"https:\/\/mekulo.com\/dk\/wp-json\/wp\/v2\/product_brand?post=13804"},{"taxonomy":"product_cat","embeddable":true,"href":"https:\/\/mekulo.com\/dk\/wp-json\/wp\/v2\/product_cat?post=13804"},{"taxonomy":"product_tag","embeddable":true,"href":"https:\/\/mekulo.com\/dk\/wp-json\/wp\/v2\/product_tag?post=13804"}],"curies":[{"name":"wp","href":"https:\/\/api.w.org\/{rel}","templated":true}]}}