{"id":13791,"date":"2026-01-02T11:16:01","date_gmt":"2026-01-02T09:16:01","guid":{"rendered":"https:\/\/mekulo.com\/dk\/produkt\/propper-til-konservering-af-vin\/"},"modified":"2026-01-22T17:52:46","modified_gmt":"2026-01-22T15:52:46","slug":"propper-til-konservering-af-vin","status":"publish","type":"product","link":"https:\/\/mekulo.com\/dk\/produkt\/propper-til-konservering-af-vin\/","title":{"rendered":"Propper til konservering af vin"},"content":{"rendered":"<div class=\"flex max-w-full flex-col grow\">\n<div class=\"min-h-8 text-message relative flex w-full flex-col items-end gap-2 text-start break-words whitespace-normal [.text-message+&amp;]:mt-1\" dir=\"auto\" data-message-author-role=\"assistant\" data-message-id=\"bf27680e-e173-431f-936f-e3bbe93cad8d\" data-message-model-slug=\"gpt-5-2\">\n<div class=\"flex w-full flex-col gap-1 empty:hidden first:pt-[1px]\">\n<div class=\"markdown prose dark:prose-invert w-full break-words light markdown-new-styling\">\n<p style=\"text-align: center\" data-start=\"0\" data-end=\"65\"><strong data-start=\"0\" data-end=\"65\">Forsegl Din Vin Frisk, Og Sk\u00e6nk Problemfrit Med Et Enkelt Twist.<\/strong><span style=\"font-size: 16px;font-style: normal;font-weight: 400\">\ud83c\udf77\u00a0<\/span><\/p>\n<p style=\"text-align: center\" data-start=\"67\" data-end=\"274\">Denne vinprop er et smart 2-i-1-v\u00e6rkt\u00f8j, der b\u00e5de fungerer som en t\u00e6t vinprop og en elegant vinsk\u00e6nkeprop. Den holder din vin frisk i l\u00e6ngere tid og lader dig h\u00e6lde rent uden dryp eller spild. Denne kronbladsformede prop forsegler flasken, n\u00e5r den er lukket, for at bevare smag og aroma. N\u00e5r den drejes op, bliver den til en glat sk\u00e6nkeprop, der forbedrer luftstr\u00f8mmen og forbedrer smagsoplevelsen.<\/p>\n<p data-start=\"67\" data-end=\"274\"><img fetchpriority=\"high\" decoding=\"async\" class=\"size-full wp-image-46778 aligncenter\" src=\"https:\/\/keluvo.com\/template\/wp-content\/uploads\/sites\/5\/2025\/12\/12218-ezgif.com-video-to-webp-converter.webp\" alt=\"\" width=\"500\" height=\"500\" \/><\/p>\n<h2 style=\"text-align: center\" data-start=\"514\" data-end=\"533\">\u2b50 Hovedfordele<\/h2>\n<p data-start=\"536\" data-end=\"591\">\ud83c\udf7e 2-i-1-design &#8211; prop og sk\u00e6nkeprop i \u00e9t v\u00e6rkt\u00f8j.<\/p>\n<p data-start=\"594\" data-end=\"651\">\ud83d\udca7 Ingen dryp eller st\u00e6nk &#8211; ren og elegant sk\u00e6nkning.<\/p>\n<p data-start=\"654\" data-end=\"715\">\ud83c\udf38 Kronbladsformet luftstr\u00f8m &#8211; forbedrer vinens smag og aroma.<\/p>\n<p data-start=\"718\" data-end=\"781\">\ud83d\udee1\ufe0f Materialer af f\u00f8devarekvalitet &#8211; Sikker, giftfri og lugtfri.<\/p>\n<p data-start=\"784\" data-end=\"842\">\ud83d\udd04 Universel pasform &#8211; Passer til de fleste vinflaskest\u00f8rrelser.<\/p>\n<p data-start=\"784\" data-end=\"842\"><img decoding=\"async\" class=\"size-full wp-image-46777 aligncenter\" src=\"https:\/\/keluvo.com\/template\/wp-content\/uploads\/sites\/5\/2025\/12\/12219-ezgif.com-video-to-webp-converter.webp\" alt=\"\" width=\"500\" height=\"500\" \/><\/p>\n<h2 style=\"text-align: center\" data-start=\"849\" data-end=\"866\">\ud83e\udde9 S\u00e5dan Bruges<\/h2>\n<ol data-start=\"867\" data-end=\"1073\">\n<li data-start=\"867\" data-end=\"924\">\n<p data-start=\"870\" data-end=\"924\">S\u00e6t silikoneenden godt ind i vinflasken.<\/p>\n<\/li>\n<li data-start=\"925\" data-end=\"978\">\n<p data-start=\"928\" data-end=\"978\">Drej for at lukke for luftt\u00e6t forsegling og opbevaring.<\/p>\n<\/li>\n<li data-start=\"979\" data-end=\"1017\">\n<p data-start=\"982\" data-end=\"1017\">Drej for at \u00e5bne, n\u00e5r du er klar til at sk\u00e6nke.<\/p>\n<\/li>\n<li data-start=\"1018\" data-end=\"1073\">\n<p data-start=\"1021\" data-end=\"1073\">Vip flasken og h\u00e6ld glat i dit glas.<\/p>\n<\/li>\n<\/ol>\n<h2 style=\"text-align: center\" data-start=\"1080\" data-end=\"1102\">\ud83d\udccf Produktdetaljer<\/h2>\n<ul data-start=\"1103\" data-end=\"1317\">\n<li data-start=\"1147\" data-end=\"1187\">\n<p data-start=\"1149\" data-end=\"1187\">Funktion: Vinprop + vinsk\u00e6nker<\/p>\n<\/li>\n<li data-start=\"1188\" data-end=\"1227\">\n<p data-start=\"1190\" data-end=\"1227\">Materiale: ABS + f\u00f8devaregodkendt silikone<\/p>\n<\/li>\n<li data-start=\"1228\" data-end=\"1244\">\n<p data-start=\"1230\" data-end=\"1244\">Farve: Sort<\/p>\n<\/li>\n<li data-start=\"1245\" data-end=\"1265\">\n<p data-start=\"1247\" data-end=\"1265\">St\u00f8rrelse: 94 x 54 mm<\/p>\n<\/li>\n<li data-start=\"1266\" data-end=\"1317\">\n<p data-start=\"1268\" data-end=\"1317\">Design: Kronbladsformet forseglings- og sk\u00e6nkesystem<\/p>\n<\/li>\n<\/ul>\n<h2 style=\"text-align: center\" data-start=\"1324\" data-end=\"1347\">\ud83d\udce6 Pakken Indeholder<\/h2>\n<ul data-start=\"1348\" data-end=\"1452\" data-is-last-node=\"\" data-is-only-node=\"\">\n<li data-start=\"1348\" data-end=\"1388\">\n<p data-start=\"1350\" data-end=\"1388\">1, 2x vinbeskyttelsesprop.<\/p>\n<\/li>\n<\/ul>\n<\/div>\n<\/div>\n<\/div>\n<\/div>\n","protected":false},"excerpt":{"rendered":"<div class=\"flex flex-col text-sm pb-25\">\n<article class=\"text-token-text-primary w-full focus:outline-none [--shadow-height:45px] has-data-writing-block:pointer-events-none has-data-writing-block:-mt-(--shadow-height) has-data-writing-block:pt-(--shadow-height) [&amp;:has([data-writing-block])&gt;*]:pointer-events-auto scroll-mt-[calc(var(--header-height)+min(200px,max(70px,20svh)))]\" dir=\"auto\" data-turn-id=\"request-6953fc99-4988-8330-83cb-2284431b2ad2-4\" data-testid=\"conversation-turn-14\" data-scroll-anchor=\"true\" data-turn=\"assistant\">\n<div class=\"text-base my-auto mx-auto pb-10 [--thread-content-margin:--spacing(4)] @w-sm\/main:[--thread-content-margin:--spacing(6)] @w-lg\/main:[--thread-content-margin:--spacing(16)] px-(--thread-content-margin)\">\n<div class=\"[--thread-content-max-width:40rem] @w-lg\/main:[--thread-content-max-width:48rem] mx-auto max-w-(--thread-content-max-width) flex-1 group\/turn-messages focus-visible:outline-hidden relative flex w-full min-w-0 flex-col agent-turn\">\n<div class=\"flex max-w-full flex-col grow\">\n<div class=\"min-h-8 text-message relative flex w-full flex-col items-end gap-2 text-start break-words whitespace-normal [.text-message+&amp;]:mt-1\" dir=\"auto\" data-message-author-role=\"assistant\" data-message-id=\"3de70f9c-a9ab-4d01-b5c6-397a36a3c62f\" data-message-model-slug=\"gpt-5-2\">\n<div class=\"flex w-full flex-col gap-1 empty:hidden first:pt-[1px]\">\n<div class=\"markdown prose dark:prose-invert w-full break-words light markdown-new-styling\">\n<p data-start=\"0\" data-end=\"273\" data-is-last-node=\"\" data-is-only-node=\"\">En 2-i-1-prop til konservering af vin, der forsegler flasken og fungerer som en glat sk\u00e6nkeprop. Den holder vinen frisk i l\u00e6ngere tid, forhindrer dryp og spild og forbedrer sk\u00e6nkekontrollen. Den er fremstillet af f\u00f8devaregodkendte materialer, passer til de fleste vinflasker og g\u00f8r serveringen renere og nemmere.<\/p>\n<\/div>\n<\/div>\n<\/div>\n<\/div>\n<div class=\"z-0 flex min-h-[46px] justify-start\"><\/div>\n<div class=\"mt-3 w-full empty:hidden\">\n<div class=\"text-center\"><\/div>\n<\/div>\n<\/div>\n<\/div>\n<\/article>\n<\/div>\n<div class=\"pointer-events-none h-px w-px absolute bottom-0\" aria-hidden=\"true\" data-edge=\"true\"><\/div>\n","protected":false},"featured_media":13787,"comment_status":"open","ping_status":"closed","template":"","meta":{"site-sidebar-layout":"default","site-content-layout":"","ast-site-content-layout":"default","site-content-style":"default","site-sidebar-style":"default","ast-global-header-display":"","ast-banner-title-visibility":"","ast-main-header-display":"","ast-hfb-above-header-display":"","ast-hfb-below-header-display":"","ast-hfb-mobile-header-display":"","site-post-title":"","ast-breadcrumbs-content":"","ast-featured-img":"","footer-sml-layout":"","theme-transparent-header-meta":"default","adv-header-id-meta":"","stick-header-meta":"","header-above-stick-meta":"","header-main-stick-meta":"","header-below-stick-meta":"","astra-migrate-meta-layouts":"set","ast-page-background-enabled":"default","ast-page-background-meta":{"desktop":{"background-color":"var(--ast-global-color-5)","background-image":"","background-repeat":"repeat","background-position":"center center","background-size":"auto","background-attachment":"scroll","background-type":"","background-media":"","overlay-type":"","overlay-color":"","overlay-opacity":"","overlay-gradient":""},"tablet":{"background-color":"","background-image":"","background-repeat":"repeat","background-position":"center center","background-size":"auto","background-attachment":"scroll","background-type":"","background-media":"","overlay-type":"","overlay-color":"","overlay-opacity":"","overlay-gradient":""},"mobile":{"background-color":"","background-image":"","background-repeat":"repeat","background-position":"center center","background-size":"auto","background-attachment":"scroll","background-type":"","background-media":"","overlay-type":"","overlay-color":"","overlay-opacity":"","overlay-gradient":""}},"ast-content-background-meta":{"desktop":{"background-color":"var(--ast-global-color-4)","background-image":"","background-repeat":"repeat","background-position":"center center","background-size":"auto","background-attachment":"scroll","background-type":"","background-media":"","overlay-type":"","overlay-color":"","overlay-opacity":"","overlay-gradient":""},"tablet":{"background-color":"var(--ast-global-color-4)","background-image":"","background-repeat":"repeat","background-position":"center center","background-size":"auto","background-attachment":"scroll","background-type":"","background-media":"","overlay-type":"","overlay-color":"","overlay-opacity":"","overlay-gradient":""},"mobile":{"background-color":"var(--ast-global-color-4)","background-image":"","background-repeat":"repeat","background-position":"center center","background-size":"auto","background-attachment":"scroll","background-type":"","background-media":"","overlay-type":"","overlay-color":"","overlay-opacity":"","overlay-gradient":""}}},"product_brand":[],"product_cat":[15],"product_tag":[],"class_list":{"0":"post-13791","1":"product","2":"type-product","3":"status-publish","4":"has-post-thumbnail","6":"product_cat-uncategorized","7":"pa_62221_pnd9o4ab-1-stk","8":"pa_62221_pnd9o4ab-2-stk","9":"desktop-align-left","10":"tablet-align-left","11":"mobile-align-left","13":"first","14":"instock","15":"shipping-taxable","16":"purchasable","17":"product-type-variable"},"yoast_head":"<!-- This site is optimized with the Yoast SEO plugin v26.6 - https:\/\/yoast.com\/wordpress\/plugins\/seo\/ -->\n<title>Propper til konservering af vin - Mekulo DK<\/title>\n<meta name=\"robots\" content=\"index, follow, max-snippet:-1, max-image-preview:large, max-video-preview:-1\" \/>\n<link rel=\"canonical\" href=\"https:\/\/mekulo.com\/dk\/produkt\/propper-til-konservering-af-vin\/\" \/>\n<meta property=\"og:locale\" content=\"da_DK\" \/>\n<meta property=\"og:type\" content=\"article\" \/>\n<meta property=\"og:title\" content=\"Propper til konservering af vin - Mekulo DK\" \/>\n<meta property=\"og:description\" content=\"En 2-i-1-prop til konservering af vin, der forsegler flasken og fungerer som en glat sk\u00e6nkeprop. Den holder vinen frisk i l\u00e6ngere tid, forhindrer dryp og spild og forbedrer sk\u00e6nkekontrollen. Den er fremstillet af f\u00f8devaregodkendte materialer, passer til de fleste vinflasker og g\u00f8r serveringen renere og nemmere.\" \/>\n<meta property=\"og:url\" content=\"https:\/\/mekulo.com\/dk\/produkt\/propper-til-konservering-af-vin\/\" \/>\n<meta property=\"og:site_name\" content=\"Mekulo DK\" \/>\n<meta property=\"article:modified_time\" content=\"2026-01-22T15:52:46+00:00\" \/>\n<meta property=\"og:image\" content=\"https:\/\/mekulo.com\/dk\/wp-content\/uploads\/sites\/12\/2026\/01\/e2czqmp-1.jpg\" \/>\n\t<meta property=\"og:image:width\" content=\"1080\" \/>\n\t<meta property=\"og:image:height\" content=\"1080\" \/>\n\t<meta property=\"og:image:type\" content=\"image\/jpeg\" \/>\n<meta name=\"twitter:card\" content=\"summary_large_image\" \/>\n<meta name=\"twitter:label1\" content=\"Estimeret l\u00e6setid\" \/>\n\t<meta name=\"twitter:data1\" content=\"2 minutter\" \/>\n<script type=\"application\/ld+json\" class=\"yoast-schema-graph\">{\"@context\":\"https:\/\/schema.org\",\"@graph\":[{\"@type\":\"WebPage\",\"@id\":\"https:\/\/mekulo.com\/dk\/produkt\/propper-til-konservering-af-vin\/\",\"url\":\"https:\/\/mekulo.com\/dk\/produkt\/propper-til-konservering-af-vin\/\",\"name\":\"Propper til konservering af vin - Mekulo DK\",\"isPartOf\":{\"@id\":\"https:\/\/mekulo.com\/dk\/#website\"},\"primaryImageOfPage\":{\"@id\":\"https:\/\/mekulo.com\/dk\/produkt\/propper-til-konservering-af-vin\/#primaryimage\"},\"image\":{\"@id\":\"https:\/\/mekulo.com\/dk\/produkt\/propper-til-konservering-af-vin\/#primaryimage\"},\"thumbnailUrl\":\"https:\/\/mekulo.com\/dk\/wp-content\/uploads\/sites\/12\/2026\/01\/e2czqmp-1.jpg\",\"datePublished\":\"2026-01-02T09:16:01+00:00\",\"dateModified\":\"2026-01-22T15:52:46+00:00\",\"breadcrumb\":{\"@id\":\"https:\/\/mekulo.com\/dk\/produkt\/propper-til-konservering-af-vin\/#breadcrumb\"},\"inLanguage\":\"da-DK\",\"potentialAction\":[{\"@type\":\"ReadAction\",\"target\":[\"https:\/\/mekulo.com\/dk\/produkt\/propper-til-konservering-af-vin\/\"]}]},{\"@type\":\"ImageObject\",\"inLanguage\":\"da-DK\",\"@id\":\"https:\/\/mekulo.com\/dk\/produkt\/propper-til-konservering-af-vin\/#primaryimage\",\"url\":\"https:\/\/mekulo.com\/dk\/wp-content\/uploads\/sites\/12\/2026\/01\/e2czqmp-1.jpg\",\"contentUrl\":\"https:\/\/mekulo.com\/dk\/wp-content\/uploads\/sites\/12\/2026\/01\/e2czqmp-1.jpg\",\"width\":1080,\"height\":1080},{\"@type\":\"BreadcrumbList\",\"@id\":\"https:\/\/mekulo.com\/dk\/produkt\/propper-til-konservering-af-vin\/#breadcrumb\",\"itemListElement\":[{\"@type\":\"ListItem\",\"position\":1,\"name\":\"Home\",\"item\":\"https:\/\/mekulo.com\/dk\/\"},{\"@type\":\"ListItem\",\"position\":2,\"name\":\"Butik\",\"item\":\"https:\/\/mekulo.com\/dk\/butik\/\"},{\"@type\":\"ListItem\",\"position\":3,\"name\":\"Propper til konservering af vin\"}]},{\"@type\":\"WebSite\",\"@id\":\"https:\/\/mekulo.com\/dk\/#website\",\"url\":\"https:\/\/mekulo.com\/dk\/\",\"name\":\"Mekulo DK\",\"description\":\"\",\"publisher\":{\"@id\":\"https:\/\/mekulo.com\/dk\/#organization\"},\"potentialAction\":[{\"@type\":\"SearchAction\",\"target\":{\"@type\":\"EntryPoint\",\"urlTemplate\":\"https:\/\/mekulo.com\/dk\/?s={search_term_string}\"},\"query-input\":{\"@type\":\"PropertyValueSpecification\",\"valueRequired\":true,\"valueName\":\"search_term_string\"}}],\"inLanguage\":\"da-DK\"},{\"@type\":\"Organization\",\"@id\":\"https:\/\/mekulo.com\/dk\/#organization\",\"name\":\"Mekulo\",\"url\":\"https:\/\/mekulo.com\/dk\/\",\"logo\":{\"@type\":\"ImageObject\",\"inLanguage\":\"da-DK\",\"@id\":\"https:\/\/mekulo.com\/dk\/#\/schema\/logo\/image\/\",\"url\":\"https:\/\/mekulo.com\/dk\/wp-content\/uploads\/sites\/12\/2025\/12\/favicon_mekulo.png\",\"contentUrl\":\"https:\/\/mekulo.com\/dk\/wp-content\/uploads\/sites\/12\/2025\/12\/favicon_mekulo.png\",\"width\":50,\"height\":50,\"caption\":\"Mekulo\"},\"image\":{\"@id\":\"https:\/\/mekulo.com\/dk\/#\/schema\/logo\/image\/\"}}]}<\/script>\n<!-- \/ Yoast SEO plugin. -->","yoast_head_json":{"title":"Propper til konservering af vin - Mekulo DK","robots":{"index":"index","follow":"follow","max-snippet":"max-snippet:-1","max-image-preview":"max-image-preview:large","max-video-preview":"max-video-preview:-1"},"canonical":"https:\/\/mekulo.com\/dk\/produkt\/propper-til-konservering-af-vin\/","og_locale":"da_DK","og_type":"article","og_title":"Propper til konservering af vin - Mekulo DK","og_description":"En 2-i-1-prop til konservering af vin, der forsegler flasken og fungerer som en glat sk\u00e6nkeprop. Den holder vinen frisk i l\u00e6ngere tid, forhindrer dryp og spild og forbedrer sk\u00e6nkekontrollen. Den er fremstillet af f\u00f8devaregodkendte materialer, passer til de fleste vinflasker og g\u00f8r serveringen renere og nemmere.","og_url":"https:\/\/mekulo.com\/dk\/produkt\/propper-til-konservering-af-vin\/","og_site_name":"Mekulo DK","article_modified_time":"2026-01-22T15:52:46+00:00","og_image":[{"width":1080,"height":1080,"url":"https:\/\/mekulo.com\/dk\/wp-content\/uploads\/sites\/12\/2026\/01\/e2czqmp-1.jpg","type":"image\/jpeg"}],"twitter_card":"summary_large_image","twitter_misc":{"Estimeret l\u00e6setid":"2 minutter"},"schema":{"@context":"https:\/\/schema.org","@graph":[{"@type":"WebPage","@id":"https:\/\/mekulo.com\/dk\/produkt\/propper-til-konservering-af-vin\/","url":"https:\/\/mekulo.com\/dk\/produkt\/propper-til-konservering-af-vin\/","name":"Propper til konservering af vin - Mekulo DK","isPartOf":{"@id":"https:\/\/mekulo.com\/dk\/#website"},"primaryImageOfPage":{"@id":"https:\/\/mekulo.com\/dk\/produkt\/propper-til-konservering-af-vin\/#primaryimage"},"image":{"@id":"https:\/\/mekulo.com\/dk\/produkt\/propper-til-konservering-af-vin\/#primaryimage"},"thumbnailUrl":"https:\/\/mekulo.com\/dk\/wp-content\/uploads\/sites\/12\/2026\/01\/e2czqmp-1.jpg","datePublished":"2026-01-02T09:16:01+00:00","dateModified":"2026-01-22T15:52:46+00:00","breadcrumb":{"@id":"https:\/\/mekulo.com\/dk\/produkt\/propper-til-konservering-af-vin\/#breadcrumb"},"inLanguage":"da-DK","potentialAction":[{"@type":"ReadAction","target":["https:\/\/mekulo.com\/dk\/produkt\/propper-til-konservering-af-vin\/"]}]},{"@type":"ImageObject","inLanguage":"da-DK","@id":"https:\/\/mekulo.com\/dk\/produkt\/propper-til-konservering-af-vin\/#primaryimage","url":"https:\/\/mekulo.com\/dk\/wp-content\/uploads\/sites\/12\/2026\/01\/e2czqmp-1.jpg","contentUrl":"https:\/\/mekulo.com\/dk\/wp-content\/uploads\/sites\/12\/2026\/01\/e2czqmp-1.jpg","width":1080,"height":1080},{"@type":"BreadcrumbList","@id":"https:\/\/mekulo.com\/dk\/produkt\/propper-til-konservering-af-vin\/#breadcrumb","itemListElement":[{"@type":"ListItem","position":1,"name":"Home","item":"https:\/\/mekulo.com\/dk\/"},{"@type":"ListItem","position":2,"name":"Butik","item":"https:\/\/mekulo.com\/dk\/butik\/"},{"@type":"ListItem","position":3,"name":"Propper til konservering af vin"}]},{"@type":"WebSite","@id":"https:\/\/mekulo.com\/dk\/#website","url":"https:\/\/mekulo.com\/dk\/","name":"Mekulo DK","description":"","publisher":{"@id":"https:\/\/mekulo.com\/dk\/#organization"},"potentialAction":[{"@type":"SearchAction","target":{"@type":"EntryPoint","urlTemplate":"https:\/\/mekulo.com\/dk\/?s={search_term_string}"},"query-input":{"@type":"PropertyValueSpecification","valueRequired":true,"valueName":"search_term_string"}}],"inLanguage":"da-DK"},{"@type":"Organization","@id":"https:\/\/mekulo.com\/dk\/#organization","name":"Mekulo","url":"https:\/\/mekulo.com\/dk\/","logo":{"@type":"ImageObject","inLanguage":"da-DK","@id":"https:\/\/mekulo.com\/dk\/#\/schema\/logo\/image\/","url":"https:\/\/mekulo.com\/dk\/wp-content\/uploads\/sites\/12\/2025\/12\/favicon_mekulo.png","contentUrl":"https:\/\/mekulo.com\/dk\/wp-content\/uploads\/sites\/12\/2025\/12\/favicon_mekulo.png","width":50,"height":50,"caption":"Mekulo"},"image":{"@id":"https:\/\/mekulo.com\/dk\/#\/schema\/logo\/image\/"}}]}},"_links":{"self":[{"href":"https:\/\/mekulo.com\/dk\/wp-json\/wp\/v2\/product\/13791","targetHints":{"allow":["GET"]}}],"collection":[{"href":"https:\/\/mekulo.com\/dk\/wp-json\/wp\/v2\/product"}],"about":[{"href":"https:\/\/mekulo.com\/dk\/wp-json\/wp\/v2\/types\/product"}],"replies":[{"embeddable":true,"href":"https:\/\/mekulo.com\/dk\/wp-json\/wp\/v2\/comments?post=13791"}],"wp:featuredmedia":[{"embeddable":true,"href":"https:\/\/mekulo.com\/dk\/wp-json\/wp\/v2\/media\/13787"}],"wp:attachment":[{"href":"https:\/\/mekulo.com\/dk\/wp-json\/wp\/v2\/media?parent=13791"}],"wp:term":[{"taxonomy":"product_brand","embeddable":true,"href":"https:\/\/mekulo.com\/dk\/wp-json\/wp\/v2\/product_brand?post=13791"},{"taxonomy":"product_cat","embeddable":true,"href":"https:\/\/mekulo.com\/dk\/wp-json\/wp\/v2\/product_cat?post=13791"},{"taxonomy":"product_tag","embeddable":true,"href":"https:\/\/mekulo.com\/dk\/wp-json\/wp\/v2\/product_tag?post=13791"}],"curies":[{"name":"wp","href":"https:\/\/api.w.org\/{rel}","templated":true}]}}