{"id":13776,"date":"2026-01-02T11:14:32","date_gmt":"2026-01-02T09:14:32","guid":{"rendered":"https:\/\/mekulo.com\/dk\/produkt\/haandholdt-naturlig-damprenser-til-flere-overflader\/"},"modified":"2026-01-02T11:14:43","modified_gmt":"2026-01-02T09:14:43","slug":"haandholdt-naturlig-damprenser-til-flere-overflader","status":"publish","type":"product","link":"https:\/\/mekulo.com\/dk\/produkt\/haandholdt-naturlig-damprenser-til-flere-overflader\/","title":{"rendered":"H\u00e5ndholdt naturlig damprenser til flere overflader"},"content":{"rendered":"<p style=\"text-align: center\" data-start=\"0\" data-end=\"72\"><strong data-start=\"0\" data-end=\"72\">Reng\u00f8r og desinficer overflader hurtigt ved hj\u00e6lp af kraftig naturlig damp.<\/strong><span style=\"font-size: 16px;font-style: normal;font-weight: 400\">\ud83e\uddfc<\/span><\/p>\n<p style=\"text-align: center\" data-start=\"74\" data-end=\"349\">Denne h\u00e5ndholdte damprenser til flere overflader bruger h\u00f8jtryksdamp ved h\u00f8j temperatur til at fjerne snavs, fedt og bakterier uden h\u00e5rd skrubning. Den er ideel til k\u00f8kkener, badev\u00e6relser, babyartikler og sv\u00e6rt tilg\u00e6ngelige omr\u00e5der, og den bruger kun vand til sikker og effektiv reng\u00f8ring. Varmesystemet p\u00e5 1500 W producerer st\u00e6rk damp ved over 105 \u00b0C for at dr\u00e6be op til 99,9 % af bakterierne og l\u00f8sne vanskelige pletter. Med en lang slange, justerbare dampniveauer og nem betjening med \u00e9n knap kan du reng\u00f8re flere omr\u00e5der hurtigt med mindre indsats og mindre vand.<\/p>\n<p data-start=\"74\" data-end=\"349\"><img fetchpriority=\"high\" decoding=\"async\" class=\"size-full wp-image-46456 aligncenter\" src=\"https:\/\/keluvo.com\/template\/wp-content\/uploads\/sites\/5\/2025\/12\/10226-ezgif.com-video-to-webp-converter-1-4.webp\" alt=\"\" width=\"500\" height=\"281\" \/><\/p>\n<h2 style=\"text-align: center\" data-start=\"653\" data-end=\"673\"><strong>Hovedfordele<\/strong><\/h2>\n<p data-start=\"676\" data-end=\"747\">\ud83d\udca8 H\u00f8jtryksdamp &#8211; Fjerner nemt fedt, snavs og pletter.<\/p>\n<p data-start=\"750\" data-end=\"827\">\ud83e\udda0 Dr\u00e6ber 99,9 % bakterier &#8211; Hygiejnisk reng\u00f8ring af babyartikler og hjemmebrug.<\/p>\n<p data-start=\"830\" data-end=\"877\">\ud83d\udca7 Lavt vandforbrug &#8211; Sparer vand og energi.<\/p>\n<p data-start=\"880\" data-end=\"940\">\u270b Komfortabelt greb &#8211; Skridsikkert h\u00e5ndtag for sikker kontrol.<\/p>\n<p data-start=\"943\" data-end=\"1010\">\ud83d\udd27 Justerbare dampniveauer &#8211; Seks gear til forskellige overflader.<\/p>\n<p data-start=\"1013\" data-end=\"1091\">\ud83e\uddfc Kemikaliefri mulighed &#8211; Reng\u00f8r med vand eller tils\u00e6t desinfektionsmiddel efter behov.<\/p>\n<p data-start=\"1013\" data-end=\"1091\"><img decoding=\"async\" class=\"size-full wp-image-46455 aligncenter\" src=\"https:\/\/keluvo.com\/template\/wp-content\/uploads\/sites\/5\/2025\/12\/10227-ezgif.com-video-to-webp-converter-1-4.webp\" alt=\"\" width=\"500\" height=\"281\" \/><\/p>\n<h2 style=\"text-align: center\" data-start=\"1093\" data-end=\"1110\"><strong>S\u00e5dan Bruges<\/strong><\/h2>\n<ol data-start=\"1111\" data-end=\"1341\">\n<li data-start=\"1111\" data-end=\"1136\">\n<p data-start=\"1114\" data-end=\"1136\">\u00c5bn sikkerhedsh\u00e6tten.<\/p>\n<\/li>\n<li data-start=\"1137\" data-end=\"1164\">\n<p data-start=\"1140\" data-end=\"1164\">Tils\u00e6t vand til tanken.<\/p>\n<\/li>\n<li data-start=\"1165\" data-end=\"1200\">\n<p data-start=\"1168\" data-end=\"1200\">Luk sikkerhedsh\u00e6tten sikkert.<\/p>\n<\/li>\n<li data-start=\"1201\" data-end=\"1234\">\n<p data-start=\"1204\" data-end=\"1234\">S\u00e6t det n\u00f8dvendige tilbeh\u00f8r p\u00e5.<\/p>\n<\/li>\n<li data-start=\"1235\" data-end=\"1263\">\n<p data-start=\"1238\" data-end=\"1263\">S\u00e6t netledningen i.<\/p>\n<\/li>\n<li data-start=\"1264\" data-end=\"1299\">\n<p data-start=\"1267\" data-end=\"1299\">Vent p\u00e5, at vandet varmes op.<\/p>\n<\/li>\n<li data-start=\"1300\" data-end=\"1341\">\n<p data-start=\"1303\" data-end=\"1341\">Tryk p\u00e5 kontakten, og start reng\u00f8ringen.<\/p>\n<\/li>\n<\/ol>\n<h2 style=\"text-align: center\" data-start=\"1343\" data-end=\"1365\"><strong>Produktdetaljer<\/strong><\/h2>\n<ul data-start=\"1366\" data-end=\"1846\">\n<li data-start=\"1429\" data-end=\"1443\">\n<p data-start=\"1431\" data-end=\"1443\">Model: GCJ<\/p>\n<\/li>\n<li data-start=\"1444\" data-end=\"1460\">\n<p data-start=\"1446\" data-end=\"1460\">Power: 1500W<\/p>\n<\/li>\n<li data-start=\"1461\" data-end=\"1485\">\n<p data-start=\"1463\" data-end=\"1485\">Voltage: 220V \/ 50Hz<\/p>\n<\/li>\n<li data-start=\"1486\" data-end=\"1511\">\n<p data-start=\"1488\" data-end=\"1511\">Steamtryk: 3 Bar<\/p>\n<\/li>\n<li data-start=\"1512\" data-end=\"1542\">\n<p data-start=\"1514\" data-end=\"1542\">Udgangstemperatur: \u2265105\u00b0C<\/p>\n<\/li>\n<li data-start=\"1543\" data-end=\"1573\">\n<p data-start=\"1545\" data-end=\"1573\">Vandtankens kapacitet: 900ml<\/p>\n<\/li>\n<li data-start=\"1574\" data-end=\"1610\">\n<p data-start=\"1576\" data-end=\"1610\">Vandforbrug: 220-300ml\/min<\/p>\n<\/li>\n<li data-start=\"1611\" data-end=\"1667\">\n<p data-start=\"1613\" data-end=\"1667\">Maskinens st\u00f8rrelse: 190 x 150 x 130mm<\/p>\n<\/li>\n<li data-start=\"1668\" data-end=\"1695\">\n<p data-start=\"1670\" data-end=\"1695\">Steamslangens l\u00e6ngde: 2,2m<\/p>\n<\/li>\n<li data-start=\"1696\" data-end=\"1724\">\n<p data-start=\"1698\" data-end=\"1724\">Str\u00f8mledningens l\u00e6ngde: 2,5m (EU-stik)<\/p>\n<\/li>\n<li data-start=\"1725\" data-end=\"1754\">\n<p data-start=\"1727\" data-end=\"1754\">Materiale: Plast &amp; metal<\/p>\n<\/li>\n<li data-start=\"1789\" data-end=\"1846\">\n<p data-start=\"1791\" data-end=\"1846\">Vandtype: Vand fra hanen (bl\u00f8dt eller destilleret anbefales)<\/p>\n<\/li>\n<\/ul>\n<h2 style=\"text-align: center\" data-start=\"1848\" data-end=\"1871\"><strong>Pakken Indeholder<\/strong><\/h2>\n<ul data-start=\"1872\" data-end=\"1939\" data-is-last-node=\"\" data-is-only-node=\"\">\n<li data-start=\"1872\" data-end=\"1907\">\n<p data-start=\"1874\" data-end=\"1907\">1x h\u00f8jtryksdamprenser<\/p>\n<\/li>\n<li data-start=\"1908\" data-end=\"1939\" data-is-last-node=\"\">\n<p data-start=\"1910\" data-end=\"1939\" data-is-last-node=\"\">1x albuemundstykke<\/p>\n<\/li>\n<li data-start=\"1908\" data-end=\"1939\" data-is-last-node=\"\">\n<p data-start=\"1910\" data-end=\"1939\" data-is-last-node=\"\">1x st\u00e5lb\u00f8rste<\/p>\n<\/li>\n<li data-start=\"1908\" data-end=\"1939\" data-is-last-node=\"\">\n<p data-start=\"1910\" data-end=\"1939\" data-is-last-node=\"\">1x b\u00f8rste<\/p>\n<\/li>\n<li data-start=\"1908\" data-end=\"1939\" data-is-last-node=\"\">1x stor b\u00f8rste.<\/li>\n<\/ul>\n","protected":false},"excerpt":{"rendered":"<p>En h\u00e5ndholdt damprenser, der bruger naturlig h\u00f8jtryksdamp til at fjerne fedt, snavs og bakterier fra flere overflader. Den renser og desinficerer uden kemikalier, n\u00e5r ind i sn\u00e6vre omr\u00e5der med tilbeh\u00f8r og giver kraftige resultater med et minimum af vand. Ideel til k\u00f8kkener, badev\u00e6relser, apparater og daglig reng\u00f8ring i hjemmet.<\/p>\n","protected":false},"featured_media":13772,"comment_status":"open","ping_status":"closed","template":"","meta":{"site-sidebar-layout":"default","site-content-layout":"","ast-site-content-layout":"default","site-content-style":"default","site-sidebar-style":"default","ast-global-header-display":"","ast-banner-title-visibility":"","ast-main-header-display":"","ast-hfb-above-header-display":"","ast-hfb-below-header-display":"","ast-hfb-mobile-header-display":"","site-post-title":"","ast-breadcrumbs-content":"","ast-featured-img":"","footer-sml-layout":"","ast-disable-related-posts":"","theme-transparent-header-meta":"default","adv-header-id-meta":"","stick-header-meta":"","header-above-stick-meta":"","header-main-stick-meta":"","header-below-stick-meta":"","astra-migrate-meta-layouts":"set","ast-page-background-enabled":"default","ast-page-background-meta":{"desktop":{"background-color":"var(--ast-global-color-5)","background-image":"","background-repeat":"repeat","background-position":"center center","background-size":"auto","background-attachment":"scroll","background-type":"","background-media":"","overlay-type":"","overlay-color":"","overlay-opacity":"","overlay-gradient":""},"tablet":{"background-color":"","background-image":"","background-repeat":"repeat","background-position":"center center","background-size":"auto","background-attachment":"scroll","background-type":"","background-media":"","overlay-type":"","overlay-color":"","overlay-opacity":"","overlay-gradient":""},"mobile":{"background-color":"","background-image":"","background-repeat":"repeat","background-position":"center center","background-size":"auto","background-attachment":"scroll","background-type":"","background-media":"","overlay-type":"","overlay-color":"","overlay-opacity":"","overlay-gradient":""}},"ast-content-background-meta":{"desktop":{"background-color":"var(--ast-global-color-4)","background-image":"","background-repeat":"repeat","background-position":"center center","background-size":"auto","background-attachment":"scroll","background-type":"","background-media":"","overlay-type":"","overlay-color":"","overlay-opacity":"","overlay-gradient":""},"tablet":{"background-color":"var(--ast-global-color-4)","background-image":"","background-repeat":"repeat","background-position":"center center","background-size":"auto","background-attachment":"scroll","background-type":"","background-media":"","overlay-type":"","overlay-color":"","overlay-opacity":"","overlay-gradient":""},"mobile":{"background-color":"var(--ast-global-color-4)","background-image":"","background-repeat":"repeat","background-position":"center center","background-size":"auto","background-attachment":"scroll","background-type":"","background-media":"","overlay-type":"","overlay-color":"","overlay-opacity":"","overlay-gradient":""}}},"product_brand":[],"product_cat":[15],"product_tag":[],"class_list":{"0":"post-13776","1":"product","2":"type-product","3":"status-publish","4":"has-post-thumbnail","6":"product_cat-uncategorized","7":"pa_61897_q41sx9l9-groen","8":"pa_61897_q41sx9l9-hvid","9":"pa_61897_q41sx9l9-roed","10":"desktop-align-left","11":"tablet-align-left","12":"mobile-align-left","14":"first","15":"instock","16":"shipping-taxable","17":"purchasable","18":"product-type-variable"},"yoast_head":"<!-- This site is optimized with the Yoast SEO plugin v27.4 - https:\/\/yoast.com\/product\/yoast-seo-wordpress\/ -->\n<title>H\u00e5ndholdt naturlig damprenser til flere overflader - Mekulo DK<\/title>\n<meta name=\"robots\" content=\"index, follow, max-snippet:-1, max-image-preview:large, max-video-preview:-1\" \/>\n<link rel=\"canonical\" href=\"https:\/\/mekulo.com\/dk\/produkt\/haandholdt-naturlig-damprenser-til-flere-overflader\/\" \/>\n<meta property=\"og:locale\" content=\"da_DK\" \/>\n<meta property=\"og:type\" content=\"article\" \/>\n<meta property=\"og:title\" content=\"H\u00e5ndholdt naturlig damprenser til flere overflader - Mekulo DK\" \/>\n<meta property=\"og:description\" content=\"En h\u00e5ndholdt damprenser, der bruger naturlig h\u00f8jtryksdamp til at fjerne fedt, snavs og bakterier fra flere overflader. Den renser og desinficerer uden kemikalier, n\u00e5r ind i sn\u00e6vre omr\u00e5der med tilbeh\u00f8r og giver kraftige resultater med et minimum af vand. Ideel til k\u00f8kkener, badev\u00e6relser, apparater og daglig reng\u00f8ring i hjemmet.\" \/>\n<meta property=\"og:url\" content=\"https:\/\/mekulo.com\/dk\/produkt\/haandholdt-naturlig-damprenser-til-flere-overflader\/\" \/>\n<meta property=\"og:site_name\" content=\"Mekulo DK\" \/>\n<meta property=\"article:modified_time\" content=\"2026-01-02T09:14:43+00:00\" \/>\n<meta property=\"og:image\" content=\"https:\/\/mekulo.com\/dk\/wp-content\/uploads\/sites\/12\/2026\/01\/dictv6o-1.webp\" \/>\n\t<meta property=\"og:image:width\" content=\"999\" \/>\n\t<meta property=\"og:image:height\" content=\"863\" \/>\n\t<meta property=\"og:image:type\" content=\"image\/webp\" \/>\n<meta name=\"twitter:card\" content=\"summary_large_image\" \/>\n<meta name=\"twitter:label1\" content=\"Estimeret l\u00e6setid\" \/>\n\t<meta name=\"twitter:data1\" content=\"2 minutter\" \/>\n<script type=\"application\/ld+json\" class=\"yoast-schema-graph\">{\"@context\":\"https:\\\/\\\/schema.org\",\"@graph\":[{\"@type\":\"WebPage\",\"@id\":\"https:\\\/\\\/mekulo.com\\\/dk\\\/produkt\\\/haandholdt-naturlig-damprenser-til-flere-overflader\\\/\",\"url\":\"https:\\\/\\\/mekulo.com\\\/dk\\\/produkt\\\/haandholdt-naturlig-damprenser-til-flere-overflader\\\/\",\"name\":\"H\u00e5ndholdt naturlig damprenser til flere overflader - Mekulo DK\",\"isPartOf\":{\"@id\":\"https:\\\/\\\/mekulo.com\\\/dk\\\/#website\"},\"primaryImageOfPage\":{\"@id\":\"https:\\\/\\\/mekulo.com\\\/dk\\\/produkt\\\/haandholdt-naturlig-damprenser-til-flere-overflader\\\/#primaryimage\"},\"image\":{\"@id\":\"https:\\\/\\\/mekulo.com\\\/dk\\\/produkt\\\/haandholdt-naturlig-damprenser-til-flere-overflader\\\/#primaryimage\"},\"thumbnailUrl\":\"https:\\\/\\\/mekulo.com\\\/dk\\\/wp-content\\\/uploads\\\/sites\\\/12\\\/2026\\\/01\\\/dictv6o-1.webp\",\"datePublished\":\"2026-01-02T09:14:32+00:00\",\"dateModified\":\"2026-01-02T09:14:43+00:00\",\"breadcrumb\":{\"@id\":\"https:\\\/\\\/mekulo.com\\\/dk\\\/produkt\\\/haandholdt-naturlig-damprenser-til-flere-overflader\\\/#breadcrumb\"},\"inLanguage\":\"da-DK\",\"potentialAction\":[{\"@type\":\"ReadAction\",\"target\":[\"https:\\\/\\\/mekulo.com\\\/dk\\\/produkt\\\/haandholdt-naturlig-damprenser-til-flere-overflader\\\/\"]}]},{\"@type\":\"ImageObject\",\"inLanguage\":\"da-DK\",\"@id\":\"https:\\\/\\\/mekulo.com\\\/dk\\\/produkt\\\/haandholdt-naturlig-damprenser-til-flere-overflader\\\/#primaryimage\",\"url\":\"https:\\\/\\\/mekulo.com\\\/dk\\\/wp-content\\\/uploads\\\/sites\\\/12\\\/2026\\\/01\\\/dictv6o-1.webp\",\"contentUrl\":\"https:\\\/\\\/mekulo.com\\\/dk\\\/wp-content\\\/uploads\\\/sites\\\/12\\\/2026\\\/01\\\/dictv6o-1.webp\",\"width\":999,\"height\":863},{\"@type\":\"BreadcrumbList\",\"@id\":\"https:\\\/\\\/mekulo.com\\\/dk\\\/produkt\\\/haandholdt-naturlig-damprenser-til-flere-overflader\\\/#breadcrumb\",\"itemListElement\":[{\"@type\":\"ListItem\",\"position\":1,\"name\":\"Home\",\"item\":\"https:\\\/\\\/mekulo.com\\\/dk\\\/\"},{\"@type\":\"ListItem\",\"position\":2,\"name\":\"Butik\",\"item\":\"https:\\\/\\\/mekulo.com\\\/dk\\\/butik\\\/\"},{\"@type\":\"ListItem\",\"position\":3,\"name\":\"H\u00e5ndholdt naturlig damprenser til flere overflader\"}]},{\"@type\":\"WebSite\",\"@id\":\"https:\\\/\\\/mekulo.com\\\/dk\\\/#website\",\"url\":\"https:\\\/\\\/mekulo.com\\\/dk\\\/\",\"name\":\"Mekulo DK\",\"description\":\"\",\"publisher\":{\"@id\":\"https:\\\/\\\/mekulo.com\\\/dk\\\/#organization\"},\"potentialAction\":[{\"@type\":\"SearchAction\",\"target\":{\"@type\":\"EntryPoint\",\"urlTemplate\":\"https:\\\/\\\/mekulo.com\\\/dk\\\/?s={search_term_string}\"},\"query-input\":{\"@type\":\"PropertyValueSpecification\",\"valueRequired\":true,\"valueName\":\"search_term_string\"}}],\"inLanguage\":\"da-DK\"},{\"@type\":\"Organization\",\"@id\":\"https:\\\/\\\/mekulo.com\\\/dk\\\/#organization\",\"name\":\"Mekulo\",\"url\":\"https:\\\/\\\/mekulo.com\\\/dk\\\/\",\"logo\":{\"@type\":\"ImageObject\",\"inLanguage\":\"da-DK\",\"@id\":\"https:\\\/\\\/mekulo.com\\\/dk\\\/#\\\/schema\\\/logo\\\/image\\\/\",\"url\":\"https:\\\/\\\/mekulo.com\\\/dk\\\/wp-content\\\/uploads\\\/sites\\\/12\\\/2025\\\/12\\\/favicon_mekulo.png\",\"contentUrl\":\"https:\\\/\\\/mekulo.com\\\/dk\\\/wp-content\\\/uploads\\\/sites\\\/12\\\/2025\\\/12\\\/favicon_mekulo.png\",\"width\":50,\"height\":50,\"caption\":\"Mekulo\"},\"image\":{\"@id\":\"https:\\\/\\\/mekulo.com\\\/dk\\\/#\\\/schema\\\/logo\\\/image\\\/\"}}]}<\/script>\n<!-- \/ Yoast SEO plugin. -->","yoast_head_json":{"title":"H\u00e5ndholdt naturlig damprenser til flere overflader - Mekulo DK","robots":{"index":"index","follow":"follow","max-snippet":"max-snippet:-1","max-image-preview":"max-image-preview:large","max-video-preview":"max-video-preview:-1"},"canonical":"https:\/\/mekulo.com\/dk\/produkt\/haandholdt-naturlig-damprenser-til-flere-overflader\/","og_locale":"da_DK","og_type":"article","og_title":"H\u00e5ndholdt naturlig damprenser til flere overflader - Mekulo DK","og_description":"En h\u00e5ndholdt damprenser, der bruger naturlig h\u00f8jtryksdamp til at fjerne fedt, snavs og bakterier fra flere overflader. Den renser og desinficerer uden kemikalier, n\u00e5r ind i sn\u00e6vre omr\u00e5der med tilbeh\u00f8r og giver kraftige resultater med et minimum af vand. Ideel til k\u00f8kkener, badev\u00e6relser, apparater og daglig reng\u00f8ring i hjemmet.","og_url":"https:\/\/mekulo.com\/dk\/produkt\/haandholdt-naturlig-damprenser-til-flere-overflader\/","og_site_name":"Mekulo DK","article_modified_time":"2026-01-02T09:14:43+00:00","og_image":[{"width":999,"height":863,"url":"https:\/\/mekulo.com\/dk\/wp-content\/uploads\/sites\/12\/2026\/01\/dictv6o-1.webp","type":"image\/webp"}],"twitter_card":"summary_large_image","twitter_misc":{"Estimeret l\u00e6setid":"2 minutter"},"schema":{"@context":"https:\/\/schema.org","@graph":[{"@type":"WebPage","@id":"https:\/\/mekulo.com\/dk\/produkt\/haandholdt-naturlig-damprenser-til-flere-overflader\/","url":"https:\/\/mekulo.com\/dk\/produkt\/haandholdt-naturlig-damprenser-til-flere-overflader\/","name":"H\u00e5ndholdt naturlig damprenser til flere overflader - Mekulo DK","isPartOf":{"@id":"https:\/\/mekulo.com\/dk\/#website"},"primaryImageOfPage":{"@id":"https:\/\/mekulo.com\/dk\/produkt\/haandholdt-naturlig-damprenser-til-flere-overflader\/#primaryimage"},"image":{"@id":"https:\/\/mekulo.com\/dk\/produkt\/haandholdt-naturlig-damprenser-til-flere-overflader\/#primaryimage"},"thumbnailUrl":"https:\/\/mekulo.com\/dk\/wp-content\/uploads\/sites\/12\/2026\/01\/dictv6o-1.webp","datePublished":"2026-01-02T09:14:32+00:00","dateModified":"2026-01-02T09:14:43+00:00","breadcrumb":{"@id":"https:\/\/mekulo.com\/dk\/produkt\/haandholdt-naturlig-damprenser-til-flere-overflader\/#breadcrumb"},"inLanguage":"da-DK","potentialAction":[{"@type":"ReadAction","target":["https:\/\/mekulo.com\/dk\/produkt\/haandholdt-naturlig-damprenser-til-flere-overflader\/"]}]},{"@type":"ImageObject","inLanguage":"da-DK","@id":"https:\/\/mekulo.com\/dk\/produkt\/haandholdt-naturlig-damprenser-til-flere-overflader\/#primaryimage","url":"https:\/\/mekulo.com\/dk\/wp-content\/uploads\/sites\/12\/2026\/01\/dictv6o-1.webp","contentUrl":"https:\/\/mekulo.com\/dk\/wp-content\/uploads\/sites\/12\/2026\/01\/dictv6o-1.webp","width":999,"height":863},{"@type":"BreadcrumbList","@id":"https:\/\/mekulo.com\/dk\/produkt\/haandholdt-naturlig-damprenser-til-flere-overflader\/#breadcrumb","itemListElement":[{"@type":"ListItem","position":1,"name":"Home","item":"https:\/\/mekulo.com\/dk\/"},{"@type":"ListItem","position":2,"name":"Butik","item":"https:\/\/mekulo.com\/dk\/butik\/"},{"@type":"ListItem","position":3,"name":"H\u00e5ndholdt naturlig damprenser til flere overflader"}]},{"@type":"WebSite","@id":"https:\/\/mekulo.com\/dk\/#website","url":"https:\/\/mekulo.com\/dk\/","name":"Mekulo DK","description":"","publisher":{"@id":"https:\/\/mekulo.com\/dk\/#organization"},"potentialAction":[{"@type":"SearchAction","target":{"@type":"EntryPoint","urlTemplate":"https:\/\/mekulo.com\/dk\/?s={search_term_string}"},"query-input":{"@type":"PropertyValueSpecification","valueRequired":true,"valueName":"search_term_string"}}],"inLanguage":"da-DK"},{"@type":"Organization","@id":"https:\/\/mekulo.com\/dk\/#organization","name":"Mekulo","url":"https:\/\/mekulo.com\/dk\/","logo":{"@type":"ImageObject","inLanguage":"da-DK","@id":"https:\/\/mekulo.com\/dk\/#\/schema\/logo\/image\/","url":"https:\/\/mekulo.com\/dk\/wp-content\/uploads\/sites\/12\/2025\/12\/favicon_mekulo.png","contentUrl":"https:\/\/mekulo.com\/dk\/wp-content\/uploads\/sites\/12\/2025\/12\/favicon_mekulo.png","width":50,"height":50,"caption":"Mekulo"},"image":{"@id":"https:\/\/mekulo.com\/dk\/#\/schema\/logo\/image\/"}}]}},"_links":{"self":[{"href":"https:\/\/mekulo.com\/dk\/wp-json\/wp\/v2\/product\/13776","targetHints":{"allow":["GET"]}}],"collection":[{"href":"https:\/\/mekulo.com\/dk\/wp-json\/wp\/v2\/product"}],"about":[{"href":"https:\/\/mekulo.com\/dk\/wp-json\/wp\/v2\/types\/product"}],"replies":[{"embeddable":true,"href":"https:\/\/mekulo.com\/dk\/wp-json\/wp\/v2\/comments?post=13776"}],"wp:featuredmedia":[{"embeddable":true,"href":"https:\/\/mekulo.com\/dk\/wp-json\/wp\/v2\/media\/13772"}],"wp:attachment":[{"href":"https:\/\/mekulo.com\/dk\/wp-json\/wp\/v2\/media?parent=13776"}],"wp:term":[{"taxonomy":"product_brand","embeddable":true,"href":"https:\/\/mekulo.com\/dk\/wp-json\/wp\/v2\/product_brand?post=13776"},{"taxonomy":"product_cat","embeddable":true,"href":"https:\/\/mekulo.com\/dk\/wp-json\/wp\/v2\/product_cat?post=13776"},{"taxonomy":"product_tag","embeddable":true,"href":"https:\/\/mekulo.com\/dk\/wp-json\/wp\/v2\/product_tag?post=13776"}],"curies":[{"name":"wp","href":"https:\/\/api.w.org\/{rel}","templated":true}]}}