{"id":13727,"date":"2026-01-02T11:10:34","date_gmt":"2026-01-02T09:10:34","guid":{"rendered":"https:\/\/mekulo.com\/dk\/produkt\/elektrisk-oererenser\/"},"modified":"2026-01-22T17:52:23","modified_gmt":"2026-01-22T15:52:23","slug":"elektrisk-oererenser","status":"publish","type":"product","link":"https:\/\/mekulo.com\/dk\/produkt\/elektrisk-oererenser\/","title":{"rendered":"Elektrisk \u00f8rerenser"},"content":{"rendered":"<h2 style=\"text-align: center\">\ud83d\ude0a Sk\u00e5nsom, nem og sikker for alle<\/h2>\n<p class=\"\" style=\"text-align: center\" data-start=\"64\" data-end=\"183\"><span class=\"relative -mx-px my-[-0.2rem] rounded px-px py-[0.2rem] transition-colors duration-100 ease-in-out\">Hold dine \u00f8rer rene og glade med vores elektriske \u00f8rerenser!<\/span> <span class=\"relative -mx-px my-[-0.2rem] rounded px-px py-[0.2rem] transition-colors duration-100 ease-in-out\">Den er nem at bruge, bl\u00f8d at r\u00f8re ved og fungerer godt til b\u00e5de b\u00f8rn og voksne.<\/span>\u200b<\/p>\n<p><img decoding=\"async\" class=\"size-full wp-image-14410 aligncenter\" src=\"https:\/\/keluvo.com\/template\/wp-content\/uploads\/sites\/5\/2025\/04\/electricearcleanervideo-ezgif.com-gif-to-webp-converter.webp\" alt=\"\" \/><\/p>\n<h2 style=\"text-align: center\" data-start=\"190\" data-end=\"215\">\ud83c\udf1f Hvorfor du vil elske den:<\/h2>\n<ul data-start=\"217\" data-end=\"732\">\n<li class=\"\" data-start=\"217\" data-end=\"321\">\n<p class=\"\" data-start=\"219\" data-end=\"321\"><strong data-start=\"219\" data-end=\"238\">Bl\u00f8d Og Sk\u00e5nsom<\/strong>: <span class=\"relative -mx-px my-[-0.2rem] rounded px-px py-[0.2rem] transition-colors duration-100 ease-in-out\">Spidsen er lavet af bl\u00f8dt, b\u00f8jeligt materiale, som f\u00f8les rart i \u00f8ret.<\/span><\/p>\n<\/li>\n<li class=\"\" data-start=\"322\" data-end=\"424\">\n<p class=\"\" data-start=\"324\" data-end=\"424\"><strong data-start=\"324\" data-end=\"341\">Sikker For B\u00f8rn<\/strong>: <span class=\"relative -mx-px my-[-0.2rem] rounded px-px py-[0.2rem] transition-colors duration-100 ease-in-out\">Den er designet til at v\u00e6re sk\u00e5nsom, s\u00e5 den ogs\u00e5 er sikker for sm\u00e5 \u00f8rer.<\/span>\u200b<\/p>\n<\/li>\n<li class=\"\" data-start=\"425\" data-end=\"525\">\n<p class=\"\" data-start=\"427\" data-end=\"525\"><strong>Nem At Bruge<\/strong>: <span class=\"relative -mx-px my-[-0.2rem] rounded px-px py-[0.2rem] transition-colors duration-100 ease-in-out\">Bare t\u00e6nd for den, og s\u00e6t den forsigtigt ind i \u00f8ret. Apparatet vil begynde at suge \u00f8revoksen ud.<\/span>\u200b<\/p>\n<\/li>\n<li class=\"\" data-start=\"526\" data-end=\"624\">\n<p class=\"\" data-start=\"528\" data-end=\"624\"><strong data-start=\"528\" data-end=\"539\">Intet Rod<\/strong>: <span class=\"relative -mx-px my-[-0.2rem] rounded px-px py-[0.2rem] transition-colors duration-100 ease-in-out\">Den s\u00e6rlige spids hj\u00e6lper med at fjerne voks rent uden at skubbe det dybere.<\/span>\u200b<\/p>\n<\/li>\n<li class=\"\" data-start=\"625\" data-end=\"732\">\n<p class=\"\" data-start=\"627\" data-end=\"732\"><strong data-start=\"627\" data-end=\"645\">Hurtig Reng\u00f8ring<\/strong>: Klaret p\u00e5 f\u00e5 minutter!<\/p>\n<\/li>\n<\/ul>\n<p><img decoding=\"async\" class=\"size-full wp-image-14412 aligncenter\" src=\"https:\/\/keluvo.com\/template\/wp-content\/uploads\/sites\/5\/2025\/04\/c6e5d421-35a4-465f-84b9-ea5bb58f2bfd.webp\" alt=\"\" \/><\/p>\n<h2 style=\"text-align: center\" data-start=\"739\" data-end=\"762\">\ud83d\udee0\ufe0f Produktdetaljer<\/h2>\n<ul data-start=\"764\" data-end=\"1177\">\n<li class=\"\" data-start=\"764\" data-end=\"861\">\n<p class=\"\" data-start=\"766\" data-end=\"861\"><strong data-start=\"766\" data-end=\"774\">St\u00f8rrelse<\/strong>: <span class=\"relative -mx-px my-[-0.2rem] rounded px-px py-[0.2rem] transition-colors duration-100 ease-in-out\">13 cm lang, vejer kun 71 gram &#8211; nem at holde.<\/span><\/p>\n<\/li>\n<li class=\"\" data-start=\"862\" data-end=\"965\">\n<p class=\"\" data-start=\"864\" data-end=\"965\"><strong data-start=\"864\" data-end=\"878\">Spidsl\u00e6ngde<\/strong>: <span class=\"relative -mx-px my-[-0.2rem] rounded px-px py-[0.2rem] transition-colors duration-100 ease-in-out\">Ca. 2,5 cm &#8211; lige til at reng\u00f8re sikkert.<\/span>\u200b<\/p>\n<\/li>\n<li class=\"\" data-start=\"966\" data-end=\"1072\">\n<p class=\"\" data-start=\"968\" data-end=\"1072\"><strong data-start=\"968\" data-end=\"985\">Nem At Reng\u00f8re<\/strong>: <span class=\"relative -mx-px my-[-0.2rem] rounded px-px py-[0.2rem] transition-colors duration-100 ease-in-out\">Vask spidsen med vand efter brug.<\/span>\u200b<\/p>\n<\/li>\n<li class=\"\" data-start=\"1073\" data-end=\"1177\">\n<p class=\"\" data-start=\"1075\" data-end=\"1177\"><strong data-start=\"1075\" data-end=\"1090\">Ekstra V\u00e6rkt\u00f8j<\/strong>: <span class=\"relative -mx-px my-[-0.2rem] rounded px-px py-[0.2rem] transition-colors duration-100 ease-in-out\">Leveres med en lille b\u00f8rste til at reng\u00f8re filteret.<\/span><\/p>\n<\/li>\n<\/ul>\n<p class=\"\" style=\"text-align: center\" data-start=\"1184\" data-end=\"1309\"><span class=\"relative -mx-px my-[-0.2rem] rounded px-px py-[0.2rem] transition-colors duration-100 ease-in-out\">Perfekt til brug derhjemme, i bilen eller p\u00e5 kontoret.<\/span> <span class=\"relative -mx-px my-[-0.2rem] rounded px-px py-[0.2rem] transition-colors duration-100 ease-in-out\">Uanset om du bruger det som bils\u00e6debetr\u00e6k, stoleunderlag, sofabetr\u00e6k eller endda et hyggeligt t\u00e6ppe, tilf\u00f8jer det komfort, uanset hvor du placerer det.<\/span>\u200b<\/p>\n<div class=\"absolute h-[60px]\">\n<div class=\"flex flex-row-reverse\">\n<div class=\"border-token-main-surface-primary bg-token-main-surface-primary flex items-center overflow-hidden rounded-full -ms-1 first:me-0 border-2 group-hover\/footnote:border-token-main-surface-secondary relative\"><\/div>\n<\/div>\n<\/div>\n<p class=\"\" data-start=\"1075\" data-end=\"1177\">\u200b<\/p>\n","protected":false},"excerpt":{"rendered":"<p>En elektrisk \u00f8rerenser designet til sk\u00e5nsom og sikker fjernelse af \u00f8revoks. Den bruger bl\u00f8de spidser til at tr\u00e6kke \u00f8revoks ud uden at skubbe det dybere, hvilket g\u00f8r reng\u00f8ringen hurtig, nem og problemfri. Den er velegnet til b\u00e5de voksne og b\u00f8rn og er et behageligt og hygiejnisk alternativ til vatpinde.<\/p>\n","protected":false},"featured_media":13721,"comment_status":"open","ping_status":"closed","template":"","meta":{"site-sidebar-layout":"default","site-content-layout":"","ast-site-content-layout":"default","site-content-style":"default","site-sidebar-style":"default","ast-global-header-display":"","ast-banner-title-visibility":"","ast-main-header-display":"","ast-hfb-above-header-display":"","ast-hfb-below-header-display":"","ast-hfb-mobile-header-display":"","site-post-title":"","ast-breadcrumbs-content":"","ast-featured-img":"","footer-sml-layout":"","theme-transparent-header-meta":"default","adv-header-id-meta":"","stick-header-meta":"","header-above-stick-meta":"","header-main-stick-meta":"","header-below-stick-meta":"","astra-migrate-meta-layouts":"set","ast-page-background-enabled":"default","ast-page-background-meta":{"desktop":{"background-color":"var(--ast-global-color-5)","background-image":"","background-repeat":"repeat","background-position":"center center","background-size":"auto","background-attachment":"scroll","background-type":"","background-media":"","overlay-type":"","overlay-color":"","overlay-opacity":"","overlay-gradient":""},"tablet":{"background-color":"","background-image":"","background-repeat":"repeat","background-position":"center center","background-size":"auto","background-attachment":"scroll","background-type":"","background-media":"","overlay-type":"","overlay-color":"","overlay-opacity":"","overlay-gradient":""},"mobile":{"background-color":"","background-image":"","background-repeat":"repeat","background-position":"center center","background-size":"auto","background-attachment":"scroll","background-type":"","background-media":"","overlay-type":"","overlay-color":"","overlay-opacity":"","overlay-gradient":""}},"ast-content-background-meta":{"desktop":{"background-color":"var(--ast-global-color-4)","background-image":"","background-repeat":"repeat","background-position":"center center","background-size":"auto","background-attachment":"scroll","background-type":"","background-media":"","overlay-type":"","overlay-color":"","overlay-opacity":"","overlay-gradient":""},"tablet":{"background-color":"var(--ast-global-color-4)","background-image":"","background-repeat":"repeat","background-position":"center center","background-size":"auto","background-attachment":"scroll","background-type":"","background-media":"","overlay-type":"","overlay-color":"","overlay-opacity":"","overlay-gradient":""},"mobile":{"background-color":"var(--ast-global-color-4)","background-image":"","background-repeat":"repeat","background-position":"center center","background-size":"auto","background-attachment":"scroll","background-type":"","background-media":"","overlay-type":"","overlay-color":"","overlay-opacity":"","overlay-gradient":""}}},"product_brand":[],"product_cat":[15],"product_tag":[],"class_list":{"0":"post-13727","1":"product","2":"type-product","3":"status-publish","4":"has-post-thumbnail","6":"product_cat-uncategorized","7":"desktop-align-left","8":"tablet-align-left","9":"mobile-align-left","11":"first","12":"instock","13":"shipping-taxable","14":"purchasable","15":"product-type-simple"},"yoast_head":"<!-- This site is optimized with the Yoast SEO plugin v26.6 - https:\/\/yoast.com\/wordpress\/plugins\/seo\/ -->\n<title>Elektrisk \u00f8rerenser - Mekulo DK<\/title>\n<meta name=\"robots\" content=\"index, follow, max-snippet:-1, max-image-preview:large, max-video-preview:-1\" \/>\n<link rel=\"canonical\" href=\"https:\/\/mekulo.com\/dk\/produkt\/elektrisk-oererenser\/\" \/>\n<meta property=\"og:locale\" content=\"da_DK\" \/>\n<meta property=\"og:type\" content=\"article\" \/>\n<meta property=\"og:title\" content=\"Elektrisk \u00f8rerenser - Mekulo DK\" \/>\n<meta property=\"og:description\" content=\"En elektrisk \u00f8rerenser designet til sk\u00e5nsom og sikker fjernelse af \u00f8revoks. Den bruger bl\u00f8de spidser til at tr\u00e6kke \u00f8revoks ud uden at skubbe det dybere, hvilket g\u00f8r reng\u00f8ringen hurtig, nem og problemfri. Den er velegnet til b\u00e5de voksne og b\u00f8rn og er et behageligt og hygiejnisk alternativ til vatpinde.\" \/>\n<meta property=\"og:url\" content=\"https:\/\/mekulo.com\/dk\/produkt\/elektrisk-oererenser\/\" \/>\n<meta property=\"og:site_name\" content=\"Mekulo DK\" \/>\n<meta property=\"article:modified_time\" content=\"2026-01-22T15:52:23+00:00\" \/>\n<meta property=\"og:image\" content=\"https:\/\/mekulo.com\/dk\/wp-content\/uploads\/sites\/12\/2026\/01\/ihsxsi4-1.jpeg\" \/>\n\t<meta property=\"og:image:width\" content=\"960\" \/>\n\t<meta property=\"og:image:height\" content=\"960\" \/>\n\t<meta property=\"og:image:type\" content=\"image\/jpeg\" \/>\n<meta name=\"twitter:card\" content=\"summary_large_image\" \/>\n<meta name=\"twitter:label1\" content=\"Estimeret l\u00e6setid\" \/>\n\t<meta name=\"twitter:data1\" content=\"2 minutter\" \/>\n<script type=\"application\/ld+json\" class=\"yoast-schema-graph\">{\"@context\":\"https:\/\/schema.org\",\"@graph\":[{\"@type\":\"WebPage\",\"@id\":\"https:\/\/mekulo.com\/dk\/produkt\/elektrisk-oererenser\/\",\"url\":\"https:\/\/mekulo.com\/dk\/produkt\/elektrisk-oererenser\/\",\"name\":\"Elektrisk \u00f8rerenser - Mekulo DK\",\"isPartOf\":{\"@id\":\"https:\/\/mekulo.com\/dk\/#website\"},\"primaryImageOfPage\":{\"@id\":\"https:\/\/mekulo.com\/dk\/produkt\/elektrisk-oererenser\/#primaryimage\"},\"image\":{\"@id\":\"https:\/\/mekulo.com\/dk\/produkt\/elektrisk-oererenser\/#primaryimage\"},\"thumbnailUrl\":\"https:\/\/mekulo.com\/dk\/wp-content\/uploads\/sites\/12\/2026\/01\/ihsxsi4-1.jpeg\",\"datePublished\":\"2026-01-02T09:10:34+00:00\",\"dateModified\":\"2026-01-22T15:52:23+00:00\",\"breadcrumb\":{\"@id\":\"https:\/\/mekulo.com\/dk\/produkt\/elektrisk-oererenser\/#breadcrumb\"},\"inLanguage\":\"da-DK\",\"potentialAction\":[{\"@type\":\"ReadAction\",\"target\":[\"https:\/\/mekulo.com\/dk\/produkt\/elektrisk-oererenser\/\"]}]},{\"@type\":\"ImageObject\",\"inLanguage\":\"da-DK\",\"@id\":\"https:\/\/mekulo.com\/dk\/produkt\/elektrisk-oererenser\/#primaryimage\",\"url\":\"https:\/\/mekulo.com\/dk\/wp-content\/uploads\/sites\/12\/2026\/01\/ihsxsi4-1.jpeg\",\"contentUrl\":\"https:\/\/mekulo.com\/dk\/wp-content\/uploads\/sites\/12\/2026\/01\/ihsxsi4-1.jpeg\",\"width\":960,\"height\":960},{\"@type\":\"BreadcrumbList\",\"@id\":\"https:\/\/mekulo.com\/dk\/produkt\/elektrisk-oererenser\/#breadcrumb\",\"itemListElement\":[{\"@type\":\"ListItem\",\"position\":1,\"name\":\"Home\",\"item\":\"https:\/\/mekulo.com\/dk\/\"},{\"@type\":\"ListItem\",\"position\":2,\"name\":\"Butik\",\"item\":\"https:\/\/mekulo.com\/dk\/butik\/\"},{\"@type\":\"ListItem\",\"position\":3,\"name\":\"Elektrisk \u00f8rerenser\"}]},{\"@type\":\"WebSite\",\"@id\":\"https:\/\/mekulo.com\/dk\/#website\",\"url\":\"https:\/\/mekulo.com\/dk\/\",\"name\":\"Mekulo DK\",\"description\":\"\",\"publisher\":{\"@id\":\"https:\/\/mekulo.com\/dk\/#organization\"},\"potentialAction\":[{\"@type\":\"SearchAction\",\"target\":{\"@type\":\"EntryPoint\",\"urlTemplate\":\"https:\/\/mekulo.com\/dk\/?s={search_term_string}\"},\"query-input\":{\"@type\":\"PropertyValueSpecification\",\"valueRequired\":true,\"valueName\":\"search_term_string\"}}],\"inLanguage\":\"da-DK\"},{\"@type\":\"Organization\",\"@id\":\"https:\/\/mekulo.com\/dk\/#organization\",\"name\":\"Mekulo\",\"url\":\"https:\/\/mekulo.com\/dk\/\",\"logo\":{\"@type\":\"ImageObject\",\"inLanguage\":\"da-DK\",\"@id\":\"https:\/\/mekulo.com\/dk\/#\/schema\/logo\/image\/\",\"url\":\"https:\/\/mekulo.com\/dk\/wp-content\/uploads\/sites\/12\/2025\/12\/favicon_mekulo.png\",\"contentUrl\":\"https:\/\/mekulo.com\/dk\/wp-content\/uploads\/sites\/12\/2025\/12\/favicon_mekulo.png\",\"width\":50,\"height\":50,\"caption\":\"Mekulo\"},\"image\":{\"@id\":\"https:\/\/mekulo.com\/dk\/#\/schema\/logo\/image\/\"}}]}<\/script>\n<!-- \/ Yoast SEO plugin. -->","yoast_head_json":{"title":"Elektrisk \u00f8rerenser - Mekulo DK","robots":{"index":"index","follow":"follow","max-snippet":"max-snippet:-1","max-image-preview":"max-image-preview:large","max-video-preview":"max-video-preview:-1"},"canonical":"https:\/\/mekulo.com\/dk\/produkt\/elektrisk-oererenser\/","og_locale":"da_DK","og_type":"article","og_title":"Elektrisk \u00f8rerenser - Mekulo DK","og_description":"En elektrisk \u00f8rerenser designet til sk\u00e5nsom og sikker fjernelse af \u00f8revoks. Den bruger bl\u00f8de spidser til at tr\u00e6kke \u00f8revoks ud uden at skubbe det dybere, hvilket g\u00f8r reng\u00f8ringen hurtig, nem og problemfri. Den er velegnet til b\u00e5de voksne og b\u00f8rn og er et behageligt og hygiejnisk alternativ til vatpinde.","og_url":"https:\/\/mekulo.com\/dk\/produkt\/elektrisk-oererenser\/","og_site_name":"Mekulo DK","article_modified_time":"2026-01-22T15:52:23+00:00","og_image":[{"width":960,"height":960,"url":"https:\/\/mekulo.com\/dk\/wp-content\/uploads\/sites\/12\/2026\/01\/ihsxsi4-1.jpeg","type":"image\/jpeg"}],"twitter_card":"summary_large_image","twitter_misc":{"Estimeret l\u00e6setid":"2 minutter"},"schema":{"@context":"https:\/\/schema.org","@graph":[{"@type":"WebPage","@id":"https:\/\/mekulo.com\/dk\/produkt\/elektrisk-oererenser\/","url":"https:\/\/mekulo.com\/dk\/produkt\/elektrisk-oererenser\/","name":"Elektrisk \u00f8rerenser - Mekulo DK","isPartOf":{"@id":"https:\/\/mekulo.com\/dk\/#website"},"primaryImageOfPage":{"@id":"https:\/\/mekulo.com\/dk\/produkt\/elektrisk-oererenser\/#primaryimage"},"image":{"@id":"https:\/\/mekulo.com\/dk\/produkt\/elektrisk-oererenser\/#primaryimage"},"thumbnailUrl":"https:\/\/mekulo.com\/dk\/wp-content\/uploads\/sites\/12\/2026\/01\/ihsxsi4-1.jpeg","datePublished":"2026-01-02T09:10:34+00:00","dateModified":"2026-01-22T15:52:23+00:00","breadcrumb":{"@id":"https:\/\/mekulo.com\/dk\/produkt\/elektrisk-oererenser\/#breadcrumb"},"inLanguage":"da-DK","potentialAction":[{"@type":"ReadAction","target":["https:\/\/mekulo.com\/dk\/produkt\/elektrisk-oererenser\/"]}]},{"@type":"ImageObject","inLanguage":"da-DK","@id":"https:\/\/mekulo.com\/dk\/produkt\/elektrisk-oererenser\/#primaryimage","url":"https:\/\/mekulo.com\/dk\/wp-content\/uploads\/sites\/12\/2026\/01\/ihsxsi4-1.jpeg","contentUrl":"https:\/\/mekulo.com\/dk\/wp-content\/uploads\/sites\/12\/2026\/01\/ihsxsi4-1.jpeg","width":960,"height":960},{"@type":"BreadcrumbList","@id":"https:\/\/mekulo.com\/dk\/produkt\/elektrisk-oererenser\/#breadcrumb","itemListElement":[{"@type":"ListItem","position":1,"name":"Home","item":"https:\/\/mekulo.com\/dk\/"},{"@type":"ListItem","position":2,"name":"Butik","item":"https:\/\/mekulo.com\/dk\/butik\/"},{"@type":"ListItem","position":3,"name":"Elektrisk \u00f8rerenser"}]},{"@type":"WebSite","@id":"https:\/\/mekulo.com\/dk\/#website","url":"https:\/\/mekulo.com\/dk\/","name":"Mekulo DK","description":"","publisher":{"@id":"https:\/\/mekulo.com\/dk\/#organization"},"potentialAction":[{"@type":"SearchAction","target":{"@type":"EntryPoint","urlTemplate":"https:\/\/mekulo.com\/dk\/?s={search_term_string}"},"query-input":{"@type":"PropertyValueSpecification","valueRequired":true,"valueName":"search_term_string"}}],"inLanguage":"da-DK"},{"@type":"Organization","@id":"https:\/\/mekulo.com\/dk\/#organization","name":"Mekulo","url":"https:\/\/mekulo.com\/dk\/","logo":{"@type":"ImageObject","inLanguage":"da-DK","@id":"https:\/\/mekulo.com\/dk\/#\/schema\/logo\/image\/","url":"https:\/\/mekulo.com\/dk\/wp-content\/uploads\/sites\/12\/2025\/12\/favicon_mekulo.png","contentUrl":"https:\/\/mekulo.com\/dk\/wp-content\/uploads\/sites\/12\/2025\/12\/favicon_mekulo.png","width":50,"height":50,"caption":"Mekulo"},"image":{"@id":"https:\/\/mekulo.com\/dk\/#\/schema\/logo\/image\/"}}]}},"_links":{"self":[{"href":"https:\/\/mekulo.com\/dk\/wp-json\/wp\/v2\/product\/13727","targetHints":{"allow":["GET"]}}],"collection":[{"href":"https:\/\/mekulo.com\/dk\/wp-json\/wp\/v2\/product"}],"about":[{"href":"https:\/\/mekulo.com\/dk\/wp-json\/wp\/v2\/types\/product"}],"replies":[{"embeddable":true,"href":"https:\/\/mekulo.com\/dk\/wp-json\/wp\/v2\/comments?post=13727"}],"wp:featuredmedia":[{"embeddable":true,"href":"https:\/\/mekulo.com\/dk\/wp-json\/wp\/v2\/media\/13721"}],"wp:attachment":[{"href":"https:\/\/mekulo.com\/dk\/wp-json\/wp\/v2\/media?parent=13727"}],"wp:term":[{"taxonomy":"product_brand","embeddable":true,"href":"https:\/\/mekulo.com\/dk\/wp-json\/wp\/v2\/product_brand?post=13727"},{"taxonomy":"product_cat","embeddable":true,"href":"https:\/\/mekulo.com\/dk\/wp-json\/wp\/v2\/product_cat?post=13727"},{"taxonomy":"product_tag","embeddable":true,"href":"https:\/\/mekulo.com\/dk\/wp-json\/wp\/v2\/product_tag?post=13727"}],"curies":[{"name":"wp","href":"https:\/\/api.w.org\/{rel}","templated":true}]}}