{"id":13714,"date":"2026-01-02T11:09:26","date_gmt":"2026-01-02T09:09:26","guid":{"rendered":"https:\/\/mekulo.com\/dk\/produkt\/foersteklasses-ranglesaet-til-babyer-4-stk\/"},"modified":"2026-01-22T17:52:19","modified_gmt":"2026-01-22T15:52:19","slug":"foersteklasses-ranglesaet-til-babyer-4-stk","status":"publish","type":"product","link":"https:\/\/mekulo.com\/dk\/produkt\/foersteklasses-ranglesaet-til-babyer-4-stk\/","title":{"rendered":"F\u00f8rsteklasses rangles\u00e6t til babyer (4 stk.)"},"content":{"rendered":"<p style=\"text-align: center\">Skab gl\u00e6de og st\u00f8t dit barns tidlige udvikling med dette dejlige rangles\u00e6t! Med bl\u00f8de og levende rangler til sm\u00e5 h\u00e6nder og f\u00f8dder vil det med garanti v\u00e6kke latter og stimulere sanserne &#8211; perfekt til de legende \u00f8jeblikke!<\/p>\n<p><img decoding=\"async\" class=\"alignnone size-full wp-image-22075 aligncenter\" src=\"https:\/\/keluvo.com\/template\/wp-content\/uploads\/sites\/5\/2025\/05\/RattleStarGIF.webp\" alt=\"\" \/><\/p>\n<h2 style=\"text-align: center\">Farver Og Lyde, Der F\u00e6ngsler<\/h2>\n<p style=\"text-align: center\">De livlige farver og charmerende m\u00f8nstre er designet til at fange dit barns \u00f8je, mens de blide ranglelyde hj\u00e6lper med at udvikle dets h\u00f8resans.<\/p>\n<p><img decoding=\"async\" class=\"alignnone size-full wp-image-22076 aligncenter\" src=\"https:\/\/keluvo.com\/template\/wp-content\/uploads\/sites\/5\/2025\/05\/1-37.jpg\" alt=\"\" \/><\/p>\n<h2 style=\"text-align: center\">Brugervenligt Design<\/h2>\n<p style=\"text-align: center\">Med h\u00e5ndledsrangler med velcro, der er nemme at s\u00e6tte p\u00e5 og justere, og fodstropper, der bliver siddende, er dette s\u00e6t ideelt til b\u00e5de leg og udforskning!<\/p>\n<p><img decoding=\"async\" class=\"alignnone size-full wp-image-22078 aligncenter\" src=\"https:\/\/keluvo.com\/template\/wp-content\/uploads\/sites\/5\/2025\/05\/3-34.jpg\" alt=\"\" \/><\/p>\n<h2 style=\"text-align: center\">Produktdetaljer<\/h2>\n<ul>\n<li>Premium rangles\u00e6t til babyer<\/li>\n<li>Forbedrer h\u00f8relsen<\/li>\n<li>St\u00f8tter den visuelle udvikling<\/li>\n<li>Lavet af bl\u00f8dt, elastisk og \u00e5ndbart stof<\/li>\n<li>Lette justeringer med velcro<\/li>\n<li>Farverige og engagerende designs<\/li>\n<\/ul>\n","protected":false},"excerpt":{"rendered":"<p>Et farverigt rangles\u00e6t designet til at st\u00f8tte den tidlige sensoriske udvikling gennem lyd og ber\u00f8ring. De bl\u00f8de, b\u00e6rbare rangler kan nemt s\u00e6ttes fast p\u00e5 h\u00e6nder eller f\u00f8dder og opmuntrer til bev\u00e6gelse, koordination og leg. De er lavet af blide, \u00e5ndbare materialer og er derfor sikre, behagelige og engagerende for babyer.<\/p>\n","protected":false},"featured_media":13710,"comment_status":"open","ping_status":"closed","template":"","meta":{"site-sidebar-layout":"default","site-content-layout":"","ast-site-content-layout":"default","site-content-style":"default","site-sidebar-style":"default","ast-global-header-display":"","ast-banner-title-visibility":"","ast-main-header-display":"","ast-hfb-above-header-display":"","ast-hfb-below-header-display":"","ast-hfb-mobile-header-display":"","site-post-title":"","ast-breadcrumbs-content":"","ast-featured-img":"","footer-sml-layout":"","theme-transparent-header-meta":"default","adv-header-id-meta":"","stick-header-meta":"","header-above-stick-meta":"","header-main-stick-meta":"","header-below-stick-meta":"","astra-migrate-meta-layouts":"set","ast-page-background-enabled":"default","ast-page-background-meta":{"desktop":{"background-color":"var(--ast-global-color-5)","background-image":"","background-repeat":"repeat","background-position":"center center","background-size":"auto","background-attachment":"scroll","background-type":"","background-media":"","overlay-type":"","overlay-color":"","overlay-opacity":"","overlay-gradient":""},"tablet":{"background-color":"","background-image":"","background-repeat":"repeat","background-position":"center center","background-size":"auto","background-attachment":"scroll","background-type":"","background-media":"","overlay-type":"","overlay-color":"","overlay-opacity":"","overlay-gradient":""},"mobile":{"background-color":"","background-image":"","background-repeat":"repeat","background-position":"center center","background-size":"auto","background-attachment":"scroll","background-type":"","background-media":"","overlay-type":"","overlay-color":"","overlay-opacity":"","overlay-gradient":""}},"ast-content-background-meta":{"desktop":{"background-color":"var(--ast-global-color-4)","background-image":"","background-repeat":"repeat","background-position":"center center","background-size":"auto","background-attachment":"scroll","background-type":"","background-media":"","overlay-type":"","overlay-color":"","overlay-opacity":"","overlay-gradient":""},"tablet":{"background-color":"var(--ast-global-color-4)","background-image":"","background-repeat":"repeat","background-position":"center center","background-size":"auto","background-attachment":"scroll","background-type":"","background-media":"","overlay-type":"","overlay-color":"","overlay-opacity":"","overlay-gradient":""},"mobile":{"background-color":"var(--ast-global-color-4)","background-image":"","background-repeat":"repeat","background-position":"center center","background-size":"auto","background-attachment":"scroll","background-type":"","background-media":"","overlay-type":"","overlay-color":"","overlay-opacity":"","overlay-gradient":""}}},"product_brand":[],"product_cat":[15],"product_tag":[],"class_list":{"0":"post-13714","1":"product","2":"type-product","3":"status-publish","4":"has-post-thumbnail","6":"product_cat-uncategorized","7":"desktop-align-left","8":"tablet-align-left","9":"mobile-align-left","11":"first","12":"instock","13":"shipping-taxable","14":"purchasable","15":"product-type-simple"},"yoast_head":"<!-- This site is optimized with the Yoast SEO plugin v26.6 - https:\/\/yoast.com\/wordpress\/plugins\/seo\/ -->\n<title>F\u00f8rsteklasses rangles\u00e6t til babyer (4 stk.) - Mekulo DK<\/title>\n<meta name=\"robots\" content=\"index, follow, max-snippet:-1, max-image-preview:large, max-video-preview:-1\" \/>\n<link rel=\"canonical\" href=\"https:\/\/mekulo.com\/dk\/produkt\/foersteklasses-ranglesaet-til-babyer-4-stk\/\" \/>\n<meta property=\"og:locale\" content=\"da_DK\" \/>\n<meta property=\"og:type\" content=\"article\" \/>\n<meta property=\"og:title\" content=\"F\u00f8rsteklasses rangles\u00e6t til babyer (4 stk.) - Mekulo DK\" \/>\n<meta property=\"og:description\" content=\"Et farverigt rangles\u00e6t designet til at st\u00f8tte den tidlige sensoriske udvikling gennem lyd og ber\u00f8ring. De bl\u00f8de, b\u00e6rbare rangler kan nemt s\u00e6ttes fast p\u00e5 h\u00e6nder eller f\u00f8dder og opmuntrer til bev\u00e6gelse, koordination og leg. De er lavet af blide, \u00e5ndbare materialer og er derfor sikre, behagelige og engagerende for babyer.\" \/>\n<meta property=\"og:url\" content=\"https:\/\/mekulo.com\/dk\/produkt\/foersteklasses-ranglesaet-til-babyer-4-stk\/\" \/>\n<meta property=\"og:site_name\" content=\"Mekulo DK\" \/>\n<meta property=\"article:modified_time\" content=\"2026-01-22T15:52:19+00:00\" \/>\n<meta property=\"og:image\" content=\"https:\/\/mekulo.com\/dk\/wp-content\/uploads\/sites\/12\/2026\/01\/l0mkdsb-1.jpg\" \/>\n\t<meta property=\"og:image:width\" content=\"800\" \/>\n\t<meta property=\"og:image:height\" content=\"800\" \/>\n\t<meta property=\"og:image:type\" content=\"image\/jpeg\" \/>\n<meta name=\"twitter:card\" content=\"summary_large_image\" \/>\n<meta name=\"twitter:label1\" content=\"Estimeret l\u00e6setid\" \/>\n\t<meta name=\"twitter:data1\" content=\"2 minutter\" \/>\n<script type=\"application\/ld+json\" class=\"yoast-schema-graph\">{\"@context\":\"https:\/\/schema.org\",\"@graph\":[{\"@type\":\"WebPage\",\"@id\":\"https:\/\/mekulo.com\/dk\/produkt\/foersteklasses-ranglesaet-til-babyer-4-stk\/\",\"url\":\"https:\/\/mekulo.com\/dk\/produkt\/foersteklasses-ranglesaet-til-babyer-4-stk\/\",\"name\":\"F\u00f8rsteklasses rangles\u00e6t til babyer (4 stk.) - Mekulo DK\",\"isPartOf\":{\"@id\":\"https:\/\/mekulo.com\/dk\/#website\"},\"primaryImageOfPage\":{\"@id\":\"https:\/\/mekulo.com\/dk\/produkt\/foersteklasses-ranglesaet-til-babyer-4-stk\/#primaryimage\"},\"image\":{\"@id\":\"https:\/\/mekulo.com\/dk\/produkt\/foersteklasses-ranglesaet-til-babyer-4-stk\/#primaryimage\"},\"thumbnailUrl\":\"https:\/\/mekulo.com\/dk\/wp-content\/uploads\/sites\/12\/2026\/01\/l0mkdsb-1.jpg\",\"datePublished\":\"2026-01-02T09:09:26+00:00\",\"dateModified\":\"2026-01-22T15:52:19+00:00\",\"breadcrumb\":{\"@id\":\"https:\/\/mekulo.com\/dk\/produkt\/foersteklasses-ranglesaet-til-babyer-4-stk\/#breadcrumb\"},\"inLanguage\":\"da-DK\",\"potentialAction\":[{\"@type\":\"ReadAction\",\"target\":[\"https:\/\/mekulo.com\/dk\/produkt\/foersteklasses-ranglesaet-til-babyer-4-stk\/\"]}]},{\"@type\":\"ImageObject\",\"inLanguage\":\"da-DK\",\"@id\":\"https:\/\/mekulo.com\/dk\/produkt\/foersteklasses-ranglesaet-til-babyer-4-stk\/#primaryimage\",\"url\":\"https:\/\/mekulo.com\/dk\/wp-content\/uploads\/sites\/12\/2026\/01\/l0mkdsb-1.jpg\",\"contentUrl\":\"https:\/\/mekulo.com\/dk\/wp-content\/uploads\/sites\/12\/2026\/01\/l0mkdsb-1.jpg\",\"width\":800,\"height\":800},{\"@type\":\"BreadcrumbList\",\"@id\":\"https:\/\/mekulo.com\/dk\/produkt\/foersteklasses-ranglesaet-til-babyer-4-stk\/#breadcrumb\",\"itemListElement\":[{\"@type\":\"ListItem\",\"position\":1,\"name\":\"Home\",\"item\":\"https:\/\/mekulo.com\/dk\/\"},{\"@type\":\"ListItem\",\"position\":2,\"name\":\"Butik\",\"item\":\"https:\/\/mekulo.com\/dk\/butik\/\"},{\"@type\":\"ListItem\",\"position\":3,\"name\":\"F\u00f8rsteklasses rangles\u00e6t til babyer (4 stk.)\"}]},{\"@type\":\"WebSite\",\"@id\":\"https:\/\/mekulo.com\/dk\/#website\",\"url\":\"https:\/\/mekulo.com\/dk\/\",\"name\":\"Mekulo DK\",\"description\":\"\",\"publisher\":{\"@id\":\"https:\/\/mekulo.com\/dk\/#organization\"},\"potentialAction\":[{\"@type\":\"SearchAction\",\"target\":{\"@type\":\"EntryPoint\",\"urlTemplate\":\"https:\/\/mekulo.com\/dk\/?s={search_term_string}\"},\"query-input\":{\"@type\":\"PropertyValueSpecification\",\"valueRequired\":true,\"valueName\":\"search_term_string\"}}],\"inLanguage\":\"da-DK\"},{\"@type\":\"Organization\",\"@id\":\"https:\/\/mekulo.com\/dk\/#organization\",\"name\":\"Mekulo\",\"url\":\"https:\/\/mekulo.com\/dk\/\",\"logo\":{\"@type\":\"ImageObject\",\"inLanguage\":\"da-DK\",\"@id\":\"https:\/\/mekulo.com\/dk\/#\/schema\/logo\/image\/\",\"url\":\"https:\/\/mekulo.com\/dk\/wp-content\/uploads\/sites\/12\/2025\/12\/favicon_mekulo.png\",\"contentUrl\":\"https:\/\/mekulo.com\/dk\/wp-content\/uploads\/sites\/12\/2025\/12\/favicon_mekulo.png\",\"width\":50,\"height\":50,\"caption\":\"Mekulo\"},\"image\":{\"@id\":\"https:\/\/mekulo.com\/dk\/#\/schema\/logo\/image\/\"}}]}<\/script>\n<!-- \/ Yoast SEO plugin. -->","yoast_head_json":{"title":"F\u00f8rsteklasses rangles\u00e6t til babyer (4 stk.) - Mekulo DK","robots":{"index":"index","follow":"follow","max-snippet":"max-snippet:-1","max-image-preview":"max-image-preview:large","max-video-preview":"max-video-preview:-1"},"canonical":"https:\/\/mekulo.com\/dk\/produkt\/foersteklasses-ranglesaet-til-babyer-4-stk\/","og_locale":"da_DK","og_type":"article","og_title":"F\u00f8rsteklasses rangles\u00e6t til babyer (4 stk.) - Mekulo DK","og_description":"Et farverigt rangles\u00e6t designet til at st\u00f8tte den tidlige sensoriske udvikling gennem lyd og ber\u00f8ring. De bl\u00f8de, b\u00e6rbare rangler kan nemt s\u00e6ttes fast p\u00e5 h\u00e6nder eller f\u00f8dder og opmuntrer til bev\u00e6gelse, koordination og leg. De er lavet af blide, \u00e5ndbare materialer og er derfor sikre, behagelige og engagerende for babyer.","og_url":"https:\/\/mekulo.com\/dk\/produkt\/foersteklasses-ranglesaet-til-babyer-4-stk\/","og_site_name":"Mekulo DK","article_modified_time":"2026-01-22T15:52:19+00:00","og_image":[{"width":800,"height":800,"url":"https:\/\/mekulo.com\/dk\/wp-content\/uploads\/sites\/12\/2026\/01\/l0mkdsb-1.jpg","type":"image\/jpeg"}],"twitter_card":"summary_large_image","twitter_misc":{"Estimeret l\u00e6setid":"2 minutter"},"schema":{"@context":"https:\/\/schema.org","@graph":[{"@type":"WebPage","@id":"https:\/\/mekulo.com\/dk\/produkt\/foersteklasses-ranglesaet-til-babyer-4-stk\/","url":"https:\/\/mekulo.com\/dk\/produkt\/foersteklasses-ranglesaet-til-babyer-4-stk\/","name":"F\u00f8rsteklasses rangles\u00e6t til babyer (4 stk.) - Mekulo DK","isPartOf":{"@id":"https:\/\/mekulo.com\/dk\/#website"},"primaryImageOfPage":{"@id":"https:\/\/mekulo.com\/dk\/produkt\/foersteklasses-ranglesaet-til-babyer-4-stk\/#primaryimage"},"image":{"@id":"https:\/\/mekulo.com\/dk\/produkt\/foersteklasses-ranglesaet-til-babyer-4-stk\/#primaryimage"},"thumbnailUrl":"https:\/\/mekulo.com\/dk\/wp-content\/uploads\/sites\/12\/2026\/01\/l0mkdsb-1.jpg","datePublished":"2026-01-02T09:09:26+00:00","dateModified":"2026-01-22T15:52:19+00:00","breadcrumb":{"@id":"https:\/\/mekulo.com\/dk\/produkt\/foersteklasses-ranglesaet-til-babyer-4-stk\/#breadcrumb"},"inLanguage":"da-DK","potentialAction":[{"@type":"ReadAction","target":["https:\/\/mekulo.com\/dk\/produkt\/foersteklasses-ranglesaet-til-babyer-4-stk\/"]}]},{"@type":"ImageObject","inLanguage":"da-DK","@id":"https:\/\/mekulo.com\/dk\/produkt\/foersteklasses-ranglesaet-til-babyer-4-stk\/#primaryimage","url":"https:\/\/mekulo.com\/dk\/wp-content\/uploads\/sites\/12\/2026\/01\/l0mkdsb-1.jpg","contentUrl":"https:\/\/mekulo.com\/dk\/wp-content\/uploads\/sites\/12\/2026\/01\/l0mkdsb-1.jpg","width":800,"height":800},{"@type":"BreadcrumbList","@id":"https:\/\/mekulo.com\/dk\/produkt\/foersteklasses-ranglesaet-til-babyer-4-stk\/#breadcrumb","itemListElement":[{"@type":"ListItem","position":1,"name":"Home","item":"https:\/\/mekulo.com\/dk\/"},{"@type":"ListItem","position":2,"name":"Butik","item":"https:\/\/mekulo.com\/dk\/butik\/"},{"@type":"ListItem","position":3,"name":"F\u00f8rsteklasses rangles\u00e6t til babyer (4 stk.)"}]},{"@type":"WebSite","@id":"https:\/\/mekulo.com\/dk\/#website","url":"https:\/\/mekulo.com\/dk\/","name":"Mekulo DK","description":"","publisher":{"@id":"https:\/\/mekulo.com\/dk\/#organization"},"potentialAction":[{"@type":"SearchAction","target":{"@type":"EntryPoint","urlTemplate":"https:\/\/mekulo.com\/dk\/?s={search_term_string}"},"query-input":{"@type":"PropertyValueSpecification","valueRequired":true,"valueName":"search_term_string"}}],"inLanguage":"da-DK"},{"@type":"Organization","@id":"https:\/\/mekulo.com\/dk\/#organization","name":"Mekulo","url":"https:\/\/mekulo.com\/dk\/","logo":{"@type":"ImageObject","inLanguage":"da-DK","@id":"https:\/\/mekulo.com\/dk\/#\/schema\/logo\/image\/","url":"https:\/\/mekulo.com\/dk\/wp-content\/uploads\/sites\/12\/2025\/12\/favicon_mekulo.png","contentUrl":"https:\/\/mekulo.com\/dk\/wp-content\/uploads\/sites\/12\/2025\/12\/favicon_mekulo.png","width":50,"height":50,"caption":"Mekulo"},"image":{"@id":"https:\/\/mekulo.com\/dk\/#\/schema\/logo\/image\/"}}]}},"_links":{"self":[{"href":"https:\/\/mekulo.com\/dk\/wp-json\/wp\/v2\/product\/13714","targetHints":{"allow":["GET"]}}],"collection":[{"href":"https:\/\/mekulo.com\/dk\/wp-json\/wp\/v2\/product"}],"about":[{"href":"https:\/\/mekulo.com\/dk\/wp-json\/wp\/v2\/types\/product"}],"replies":[{"embeddable":true,"href":"https:\/\/mekulo.com\/dk\/wp-json\/wp\/v2\/comments?post=13714"}],"wp:featuredmedia":[{"embeddable":true,"href":"https:\/\/mekulo.com\/dk\/wp-json\/wp\/v2\/media\/13710"}],"wp:attachment":[{"href":"https:\/\/mekulo.com\/dk\/wp-json\/wp\/v2\/media?parent=13714"}],"wp:term":[{"taxonomy":"product_brand","embeddable":true,"href":"https:\/\/mekulo.com\/dk\/wp-json\/wp\/v2\/product_brand?post=13714"},{"taxonomy":"product_cat","embeddable":true,"href":"https:\/\/mekulo.com\/dk\/wp-json\/wp\/v2\/product_cat?post=13714"},{"taxonomy":"product_tag","embeddable":true,"href":"https:\/\/mekulo.com\/dk\/wp-json\/wp\/v2\/product_tag?post=13714"}],"curies":[{"name":"wp","href":"https:\/\/api.w.org\/{rel}","templated":true}]}}