{"id":13611,"date":"2026-01-02T11:04:52","date_gmt":"2026-01-02T09:04:52","guid":{"rendered":"https:\/\/mekulo.com\/dk\/produkt\/opbevaringsboks-til-sko\/"},"modified":"2026-01-02T11:05:00","modified_gmt":"2026-01-02T09:05:00","slug":"opbevaringsboks-til-sko","status":"publish","type":"product","link":"https:\/\/mekulo.com\/dk\/produkt\/opbevaringsboks-til-sko\/","title":{"rendered":"Opbevaringsboks til sko"},"content":{"rendered":"<p style=\"text-align: center\" data-start=\"0\" data-end=\"75\"><strong data-start=\"0\" data-end=\"75\">Hold Dine Sko Rene, Synlige Og P\u00e6nt Organiserede I En Enkel Kasse. <\/strong><span style=\"font-size: 16px;font-style: normal;font-weight: 400\">\ud83c\udfe0<\/span><\/p>\n<p style=\"text-align: center\" data-start=\"77\" data-end=\"289\">Denne skoopbevaringsboks beskytter dit fodt\u00f8j mod st\u00f8v og fugt og hj\u00e6lper dig med at spare plads derhjemme. Med en stor kapacitet og et stabelbart design er dine sko nemme at se, f\u00e5 adgang til og opbevare i ethvert rum. Denne moderne skoopbevaringsboks er lavet af holdbar PVC og har et gennemsigtigt design, s\u00e5 du hurtigt kan finde det par, du har brug for. Den fungerer perfekt i skabe, entr\u00e9er, under senge eller hylder og kan ogs\u00e5 opbevare t\u00f8j og tilbeh\u00f8r.<\/p>\n<p data-start=\"77\" data-end=\"289\"><img fetchpriority=\"high\" decoding=\"async\" class=\"size-full wp-image-46750 aligncenter\" src=\"https:\/\/keluvo.com\/template\/wp-content\/uploads\/sites\/5\/2025\/12\/12214-ezgif.com-video-to-webp-converter.webp\" alt=\"\" width=\"500\" height=\"500\" \/><\/p>\n<h2 style=\"text-align: center\" data-start=\"581\" data-end=\"600\">\u2b50 Hovedfordele<\/h2>\n<p data-start=\"603\" data-end=\"662\">\ud83d\udc5f Stor kapacitet p\u00e5 18 liter &#8211; Kan rumme flere par sko.<\/p>\n<p data-start=\"665\" data-end=\"725\">\ud83d\udca7 Vand- og st\u00f8vbeskyttelse &#8211; Holder skoene rene og t\u00f8rre.<\/p>\n<p data-start=\"728\" data-end=\"789\">\ud83d\udce6 Stabelbart design &#8211; Sparer plads og maksimerer opbevaringen.<\/p>\n<p data-start=\"792\" data-end=\"855\">\ud83d\udc40 Gennemsigtige paneler &#8211; Se skoene uden at \u00e5bne kassen.<\/p>\n<p data-start=\"858\" data-end=\"918\">\ud83d\udd04 Sammenklappelig og b\u00e6rbar &#8211; Nem at opbevare, n\u00e5r den ikke er i brug.<\/p>\n<p data-start=\"858\" data-end=\"918\"><img decoding=\"async\" class=\"size-full wp-image-46749 aligncenter\" src=\"https:\/\/keluvo.com\/template\/wp-content\/uploads\/sites\/5\/2025\/12\/12215-ezgif.com-video-to-webp-converter.webp\" alt=\"\" width=\"500\" height=\"500\" \/><\/p>\n<h2 style=\"text-align: center\" data-start=\"925\" data-end=\"942\">\ud83d\udd27 S\u00e5dan Bruges<\/h2>\n<ol data-start=\"943\" data-end=\"1139\">\n<li data-start=\"943\" data-end=\"998\">\n<p data-start=\"946\" data-end=\"998\">Udfold opbevaringsboksen og form den p\u00e5 plads.<\/p>\n<\/li>\n<li data-start=\"999\" data-end=\"1038\">\n<p data-start=\"1002\" data-end=\"1038\">Placer sko eller andre genstande indeni.<\/p>\n<\/li>\n<li data-start=\"1039\" data-end=\"1070\">\n<p data-start=\"1042\" data-end=\"1070\">Luk lynl\u00e5sen sikkert.<\/p>\n<\/li>\n<li data-start=\"1071\" data-end=\"1109\">\n<p data-start=\"1074\" data-end=\"1109\">Stabel med andre kasser, hvis det er n\u00f8dvendigt.<\/p>\n<\/li>\n<li data-start=\"1110\" data-end=\"1139\">\n<p data-start=\"1113\" data-end=\"1139\">Fold fladt, n\u00e5r den ikke er i brug.<\/p>\n<\/li>\n<\/ol>\n<h2 style=\"text-align: center\" data-start=\"1146\" data-end=\"1168\">\ud83d\udccf Produktoplysninger<\/h2>\n<ul data-start=\"1169\" data-end=\"1477\">\n<li data-start=\"1204\" data-end=\"1221\">\n<p data-start=\"1206\" data-end=\"1221\">Materiale: PVC<\/p>\n<\/li>\n<li data-start=\"1222\" data-end=\"1250\">\n<p data-start=\"1224\" data-end=\"1250\">Stil: Moderne minimalistisk<\/p>\n<\/li>\n<li data-start=\"1251\" data-end=\"1268\">\n<p data-start=\"1253\" data-end=\"1268\">Kapacitet: 18L<\/p>\n<\/li>\n<li data-start=\"1251\" data-end=\"1268\">\n<p data-start=\"1253\" data-end=\"1268\"><span style=\"font-size: 16px\">Size: 60 x 30 x 16 cm<\/span><\/p>\n<\/li>\n<\/ul>\n<h2 style=\"text-align: center\" data-start=\"1484\" data-end=\"1507\">\ud83d\udce6 Pakken Indeholder<\/h2>\n<ul data-start=\"1508\" data-end=\"1530\" data-is-last-node=\"\" data-is-only-node=\"\">\n<li data-start=\"1508\" data-end=\"1530\" data-is-last-node=\"\">\n<p data-start=\"1510\" data-end=\"1530\" data-is-last-node=\"\">1, 2, 3x skoopbevaringsboks(e).<\/p>\n<\/li>\n<\/ul>\n","protected":false},"excerpt":{"rendered":"<div class=\"flex flex-col text-sm pb-25\">\n<article class=\"text-token-text-primary w-full focus:outline-none [--shadow-height:45px] has-data-writing-block:pointer-events-none has-data-writing-block:-mt-(--shadow-height) has-data-writing-block:pt-(--shadow-height) [&amp;:has([data-writing-block])&gt;*]:pointer-events-auto scroll-mt-[calc(var(--header-height)+min(200px,max(70px,20svh)))]\" dir=\"auto\" data-turn-id=\"request-6953fc99-4988-8330-83cb-2284431b2ad2-12\" data-testid=\"conversation-turn-30\" data-scroll-anchor=\"true\" data-turn=\"assistant\">\n<div class=\"text-base my-auto mx-auto pb-10 [--thread-content-margin:--spacing(4)] @w-sm\/main:[--thread-content-margin:--spacing(6)] @w-lg\/main:[--thread-content-margin:--spacing(16)] px-(--thread-content-margin)\">\n<div class=\"[--thread-content-max-width:40rem] @w-lg\/main:[--thread-content-max-width:48rem] mx-auto max-w-(--thread-content-max-width) flex-1 group\/turn-messages focus-visible:outline-hidden relative flex w-full min-w-0 flex-col agent-turn\">\n<div class=\"flex max-w-full flex-col grow\">\n<div class=\"min-h-8 text-message relative flex w-full flex-col items-end gap-2 text-start break-words whitespace-normal [.text-message+&amp;]:mt-1\" dir=\"auto\" data-message-author-role=\"assistant\" data-message-id=\"675b38c5-1cfd-401d-a4c9-1c0ca810385c\" data-message-model-slug=\"gpt-5-2\">\n<div class=\"flex w-full flex-col gap-1 empty:hidden first:pt-[1px]\">\n<div class=\"markdown prose dark:prose-invert w-full break-words light markdown-new-styling\">\n<p data-start=\"0\" data-end=\"269\" data-is-last-node=\"\" data-is-only-node=\"\">En gennemsigtig skoopbevaringsboks, der er designet til at holde skoene rene, t\u00f8rre og velorganiserede. Den beskytter fodt\u00f8j mod st\u00f8v og fugt, samtidig med at parrene er nemme at se og f\u00e5 adgang til. Den kan stables, foldes sammen og er pladsbesparende, s\u00e5 den passer perfekt i skabe, under senge eller i entr\u00e9en.<\/p>\n<\/div>\n<\/div>\n<\/div>\n<\/div>\n<div class=\"z-0 flex min-h-[46px] justify-start\"><\/div>\n<div class=\"mt-3 w-full empty:hidden\">\n<div class=\"text-center\"><\/div>\n<\/div>\n<\/div>\n<\/div>\n<\/article>\n<\/div>\n<div class=\"pointer-events-none h-px w-px absolute bottom-0\" aria-hidden=\"true\" data-edge=\"true\">&lt;\/div<\/p>\n","protected":false},"featured_media":13607,"comment_status":"open","ping_status":"closed","template":"","meta":{"site-sidebar-layout":"default","site-content-layout":"","ast-site-content-layout":"default","site-content-style":"default","site-sidebar-style":"default","ast-global-header-display":"","ast-banner-title-visibility":"","ast-main-header-display":"","ast-hfb-above-header-display":"","ast-hfb-below-header-display":"","ast-hfb-mobile-header-display":"","site-post-title":"","ast-breadcrumbs-content":"","ast-featured-img":"","footer-sml-layout":"","ast-disable-related-posts":"","theme-transparent-header-meta":"default","adv-header-id-meta":"","stick-header-meta":"","header-above-stick-meta":"","header-main-stick-meta":"","header-below-stick-meta":"","astra-migrate-meta-layouts":"set","ast-page-background-enabled":"default","ast-page-background-meta":{"desktop":{"background-color":"var(--ast-global-color-5)","background-image":"","background-repeat":"repeat","background-position":"center center","background-size":"auto","background-attachment":"scroll","background-type":"","background-media":"","overlay-type":"","overlay-color":"","overlay-opacity":"","overlay-gradient":""},"tablet":{"background-color":"","background-image":"","background-repeat":"repeat","background-position":"center center","background-size":"auto","background-attachment":"scroll","background-type":"","background-media":"","overlay-type":"","overlay-color":"","overlay-opacity":"","overlay-gradient":""},"mobile":{"background-color":"","background-image":"","background-repeat":"repeat","background-position":"center center","background-size":"auto","background-attachment":"scroll","background-type":"","background-media":"","overlay-type":"","overlay-color":"","overlay-opacity":"","overlay-gradient":""}},"ast-content-background-meta":{"desktop":{"background-color":"var(--ast-global-color-4)","background-image":"","background-repeat":"repeat","background-position":"center center","background-size":"auto","background-attachment":"scroll","background-type":"","background-media":"","overlay-type":"","overlay-color":"","overlay-opacity":"","overlay-gradient":""},"tablet":{"background-color":"var(--ast-global-color-4)","background-image":"","background-repeat":"repeat","background-position":"center center","background-size":"auto","background-attachment":"scroll","background-type":"","background-media":"","overlay-type":"","overlay-color":"","overlay-opacity":"","overlay-gradient":""},"mobile":{"background-color":"var(--ast-global-color-4)","background-image":"","background-repeat":"repeat","background-position":"center center","background-size":"auto","background-attachment":"scroll","background-type":"","background-media":"","overlay-type":"","overlay-color":"","overlay-opacity":"","overlay-gradient":""}}},"product_brand":[],"product_cat":[15],"product_tag":[],"class_list":{"0":"post-13611","1":"product","2":"type-product","3":"status-publish","4":"has-post-thumbnail","6":"product_cat-uncategorized","7":"pa_62159_put93zwn-1-stk","8":"pa_62159_put93zwn-2-stk","9":"pa_62159_put93zwn-3-stk","10":"desktop-align-left","11":"tablet-align-left","12":"mobile-align-left","14":"first","15":"instock","16":"shipping-taxable","17":"purchasable","18":"product-type-variable"},"yoast_head":"<!-- This site is optimized with the Yoast SEO plugin v27.4 - https:\/\/yoast.com\/product\/yoast-seo-wordpress\/ -->\n<title>Opbevaringsboks til sko - Mekulo DK<\/title>\n<meta name=\"robots\" content=\"index, follow, max-snippet:-1, max-image-preview:large, max-video-preview:-1\" \/>\n<link rel=\"canonical\" href=\"https:\/\/mekulo.com\/dk\/produkt\/opbevaringsboks-til-sko\/\" \/>\n<meta property=\"og:locale\" content=\"da_DK\" \/>\n<meta property=\"og:type\" content=\"article\" \/>\n<meta property=\"og:title\" content=\"Opbevaringsboks til sko - Mekulo DK\" \/>\n<meta property=\"og:description\" content=\"En gennemsigtig skoopbevaringsboks, der er designet til at holde skoene rene, t\u00f8rre og velorganiserede. Den beskytter fodt\u00f8j mod st\u00f8v og fugt, samtidig med at parrene er nemme at se og f\u00e5 adgang til. Den kan stables, foldes sammen og er pladsbesparende, s\u00e5 den passer perfekt i skabe, under senge eller i entr\u00e9en.       &lt;\/div\" \/>\n<meta property=\"og:url\" content=\"https:\/\/mekulo.com\/dk\/produkt\/opbevaringsboks-til-sko\/\" \/>\n<meta property=\"og:site_name\" content=\"Mekulo DK\" \/>\n<meta property=\"article:modified_time\" content=\"2026-01-02T09:05:00+00:00\" \/>\n<meta property=\"og:image\" content=\"https:\/\/mekulo.com\/dk\/wp-content\/uploads\/sites\/12\/2026\/01\/0x7iucr-1.jpeg\" \/>\n\t<meta property=\"og:image:width\" content=\"800\" \/>\n\t<meta property=\"og:image:height\" content=\"800\" \/>\n\t<meta property=\"og:image:type\" content=\"image\/jpeg\" \/>\n<meta name=\"twitter:card\" content=\"summary_large_image\" \/>\n<meta name=\"twitter:label1\" content=\"Estimeret l\u00e6setid\" \/>\n\t<meta name=\"twitter:data1\" content=\"2 minutter\" \/>\n<script type=\"application\/ld+json\" class=\"yoast-schema-graph\">{\"@context\":\"https:\\\/\\\/schema.org\",\"@graph\":[{\"@type\":\"WebPage\",\"@id\":\"https:\\\/\\\/mekulo.com\\\/dk\\\/produkt\\\/opbevaringsboks-til-sko\\\/\",\"url\":\"https:\\\/\\\/mekulo.com\\\/dk\\\/produkt\\\/opbevaringsboks-til-sko\\\/\",\"name\":\"Opbevaringsboks til sko - Mekulo DK\",\"isPartOf\":{\"@id\":\"https:\\\/\\\/mekulo.com\\\/dk\\\/#website\"},\"primaryImageOfPage\":{\"@id\":\"https:\\\/\\\/mekulo.com\\\/dk\\\/produkt\\\/opbevaringsboks-til-sko\\\/#primaryimage\"},\"image\":{\"@id\":\"https:\\\/\\\/mekulo.com\\\/dk\\\/produkt\\\/opbevaringsboks-til-sko\\\/#primaryimage\"},\"thumbnailUrl\":\"https:\\\/\\\/mekulo.com\\\/dk\\\/wp-content\\\/uploads\\\/sites\\\/12\\\/2026\\\/01\\\/0x7iucr-1.jpeg\",\"datePublished\":\"2026-01-02T09:04:52+00:00\",\"dateModified\":\"2026-01-02T09:05:00+00:00\",\"breadcrumb\":{\"@id\":\"https:\\\/\\\/mekulo.com\\\/dk\\\/produkt\\\/opbevaringsboks-til-sko\\\/#breadcrumb\"},\"inLanguage\":\"da-DK\",\"potentialAction\":[{\"@type\":\"ReadAction\",\"target\":[\"https:\\\/\\\/mekulo.com\\\/dk\\\/produkt\\\/opbevaringsboks-til-sko\\\/\"]}]},{\"@type\":\"ImageObject\",\"inLanguage\":\"da-DK\",\"@id\":\"https:\\\/\\\/mekulo.com\\\/dk\\\/produkt\\\/opbevaringsboks-til-sko\\\/#primaryimage\",\"url\":\"https:\\\/\\\/mekulo.com\\\/dk\\\/wp-content\\\/uploads\\\/sites\\\/12\\\/2026\\\/01\\\/0x7iucr-1.jpeg\",\"contentUrl\":\"https:\\\/\\\/mekulo.com\\\/dk\\\/wp-content\\\/uploads\\\/sites\\\/12\\\/2026\\\/01\\\/0x7iucr-1.jpeg\",\"width\":800,\"height\":800},{\"@type\":\"BreadcrumbList\",\"@id\":\"https:\\\/\\\/mekulo.com\\\/dk\\\/produkt\\\/opbevaringsboks-til-sko\\\/#breadcrumb\",\"itemListElement\":[{\"@type\":\"ListItem\",\"position\":1,\"name\":\"Home\",\"item\":\"https:\\\/\\\/mekulo.com\\\/dk\\\/\"},{\"@type\":\"ListItem\",\"position\":2,\"name\":\"Butik\",\"item\":\"https:\\\/\\\/mekulo.com\\\/dk\\\/butik\\\/\"},{\"@type\":\"ListItem\",\"position\":3,\"name\":\"Opbevaringsboks til sko\"}]},{\"@type\":\"WebSite\",\"@id\":\"https:\\\/\\\/mekulo.com\\\/dk\\\/#website\",\"url\":\"https:\\\/\\\/mekulo.com\\\/dk\\\/\",\"name\":\"Mekulo DK\",\"description\":\"\",\"publisher\":{\"@id\":\"https:\\\/\\\/mekulo.com\\\/dk\\\/#organization\"},\"potentialAction\":[{\"@type\":\"SearchAction\",\"target\":{\"@type\":\"EntryPoint\",\"urlTemplate\":\"https:\\\/\\\/mekulo.com\\\/dk\\\/?s={search_term_string}\"},\"query-input\":{\"@type\":\"PropertyValueSpecification\",\"valueRequired\":true,\"valueName\":\"search_term_string\"}}],\"inLanguage\":\"da-DK\"},{\"@type\":\"Organization\",\"@id\":\"https:\\\/\\\/mekulo.com\\\/dk\\\/#organization\",\"name\":\"Mekulo\",\"url\":\"https:\\\/\\\/mekulo.com\\\/dk\\\/\",\"logo\":{\"@type\":\"ImageObject\",\"inLanguage\":\"da-DK\",\"@id\":\"https:\\\/\\\/mekulo.com\\\/dk\\\/#\\\/schema\\\/logo\\\/image\\\/\",\"url\":\"https:\\\/\\\/mekulo.com\\\/dk\\\/wp-content\\\/uploads\\\/sites\\\/12\\\/2025\\\/12\\\/favicon_mekulo.png\",\"contentUrl\":\"https:\\\/\\\/mekulo.com\\\/dk\\\/wp-content\\\/uploads\\\/sites\\\/12\\\/2025\\\/12\\\/favicon_mekulo.png\",\"width\":50,\"height\":50,\"caption\":\"Mekulo\"},\"image\":{\"@id\":\"https:\\\/\\\/mekulo.com\\\/dk\\\/#\\\/schema\\\/logo\\\/image\\\/\"}}]}<\/script>\n<!-- \/ Yoast SEO plugin. -->","yoast_head_json":{"title":"Opbevaringsboks til sko - Mekulo DK","robots":{"index":"index","follow":"follow","max-snippet":"max-snippet:-1","max-image-preview":"max-image-preview:large","max-video-preview":"max-video-preview:-1"},"canonical":"https:\/\/mekulo.com\/dk\/produkt\/opbevaringsboks-til-sko\/","og_locale":"da_DK","og_type":"article","og_title":"Opbevaringsboks til sko - Mekulo DK","og_description":"En gennemsigtig skoopbevaringsboks, der er designet til at holde skoene rene, t\u00f8rre og velorganiserede. Den beskytter fodt\u00f8j mod st\u00f8v og fugt, samtidig med at parrene er nemme at se og f\u00e5 adgang til. Den kan stables, foldes sammen og er pladsbesparende, s\u00e5 den passer perfekt i skabe, under senge eller i entr\u00e9en.       &lt;\/div","og_url":"https:\/\/mekulo.com\/dk\/produkt\/opbevaringsboks-til-sko\/","og_site_name":"Mekulo DK","article_modified_time":"2026-01-02T09:05:00+00:00","og_image":[{"width":800,"height":800,"url":"https:\/\/mekulo.com\/dk\/wp-content\/uploads\/sites\/12\/2026\/01\/0x7iucr-1.jpeg","type":"image\/jpeg"}],"twitter_card":"summary_large_image","twitter_misc":{"Estimeret l\u00e6setid":"2 minutter"},"schema":{"@context":"https:\/\/schema.org","@graph":[{"@type":"WebPage","@id":"https:\/\/mekulo.com\/dk\/produkt\/opbevaringsboks-til-sko\/","url":"https:\/\/mekulo.com\/dk\/produkt\/opbevaringsboks-til-sko\/","name":"Opbevaringsboks til sko - Mekulo DK","isPartOf":{"@id":"https:\/\/mekulo.com\/dk\/#website"},"primaryImageOfPage":{"@id":"https:\/\/mekulo.com\/dk\/produkt\/opbevaringsboks-til-sko\/#primaryimage"},"image":{"@id":"https:\/\/mekulo.com\/dk\/produkt\/opbevaringsboks-til-sko\/#primaryimage"},"thumbnailUrl":"https:\/\/mekulo.com\/dk\/wp-content\/uploads\/sites\/12\/2026\/01\/0x7iucr-1.jpeg","datePublished":"2026-01-02T09:04:52+00:00","dateModified":"2026-01-02T09:05:00+00:00","breadcrumb":{"@id":"https:\/\/mekulo.com\/dk\/produkt\/opbevaringsboks-til-sko\/#breadcrumb"},"inLanguage":"da-DK","potentialAction":[{"@type":"ReadAction","target":["https:\/\/mekulo.com\/dk\/produkt\/opbevaringsboks-til-sko\/"]}]},{"@type":"ImageObject","inLanguage":"da-DK","@id":"https:\/\/mekulo.com\/dk\/produkt\/opbevaringsboks-til-sko\/#primaryimage","url":"https:\/\/mekulo.com\/dk\/wp-content\/uploads\/sites\/12\/2026\/01\/0x7iucr-1.jpeg","contentUrl":"https:\/\/mekulo.com\/dk\/wp-content\/uploads\/sites\/12\/2026\/01\/0x7iucr-1.jpeg","width":800,"height":800},{"@type":"BreadcrumbList","@id":"https:\/\/mekulo.com\/dk\/produkt\/opbevaringsboks-til-sko\/#breadcrumb","itemListElement":[{"@type":"ListItem","position":1,"name":"Home","item":"https:\/\/mekulo.com\/dk\/"},{"@type":"ListItem","position":2,"name":"Butik","item":"https:\/\/mekulo.com\/dk\/butik\/"},{"@type":"ListItem","position":3,"name":"Opbevaringsboks til sko"}]},{"@type":"WebSite","@id":"https:\/\/mekulo.com\/dk\/#website","url":"https:\/\/mekulo.com\/dk\/","name":"Mekulo DK","description":"","publisher":{"@id":"https:\/\/mekulo.com\/dk\/#organization"},"potentialAction":[{"@type":"SearchAction","target":{"@type":"EntryPoint","urlTemplate":"https:\/\/mekulo.com\/dk\/?s={search_term_string}"},"query-input":{"@type":"PropertyValueSpecification","valueRequired":true,"valueName":"search_term_string"}}],"inLanguage":"da-DK"},{"@type":"Organization","@id":"https:\/\/mekulo.com\/dk\/#organization","name":"Mekulo","url":"https:\/\/mekulo.com\/dk\/","logo":{"@type":"ImageObject","inLanguage":"da-DK","@id":"https:\/\/mekulo.com\/dk\/#\/schema\/logo\/image\/","url":"https:\/\/mekulo.com\/dk\/wp-content\/uploads\/sites\/12\/2025\/12\/favicon_mekulo.png","contentUrl":"https:\/\/mekulo.com\/dk\/wp-content\/uploads\/sites\/12\/2025\/12\/favicon_mekulo.png","width":50,"height":50,"caption":"Mekulo"},"image":{"@id":"https:\/\/mekulo.com\/dk\/#\/schema\/logo\/image\/"}}]}},"_links":{"self":[{"href":"https:\/\/mekulo.com\/dk\/wp-json\/wp\/v2\/product\/13611","targetHints":{"allow":["GET"]}}],"collection":[{"href":"https:\/\/mekulo.com\/dk\/wp-json\/wp\/v2\/product"}],"about":[{"href":"https:\/\/mekulo.com\/dk\/wp-json\/wp\/v2\/types\/product"}],"replies":[{"embeddable":true,"href":"https:\/\/mekulo.com\/dk\/wp-json\/wp\/v2\/comments?post=13611"}],"wp:featuredmedia":[{"embeddable":true,"href":"https:\/\/mekulo.com\/dk\/wp-json\/wp\/v2\/media\/13607"}],"wp:attachment":[{"href":"https:\/\/mekulo.com\/dk\/wp-json\/wp\/v2\/media?parent=13611"}],"wp:term":[{"taxonomy":"product_brand","embeddable":true,"href":"https:\/\/mekulo.com\/dk\/wp-json\/wp\/v2\/product_brand?post=13611"},{"taxonomy":"product_cat","embeddable":true,"href":"https:\/\/mekulo.com\/dk\/wp-json\/wp\/v2\/product_cat?post=13611"},{"taxonomy":"product_tag","embeddable":true,"href":"https:\/\/mekulo.com\/dk\/wp-json\/wp\/v2\/product_tag?post=13611"}],"curies":[{"name":"wp","href":"https:\/\/api.w.org\/{rel}","templated":true}]}}