{"id":13550,"date":"2026-01-02T10:58:24","date_gmt":"2026-01-02T08:58:24","guid":{"rendered":"https:\/\/mekulo.com\/dk\/produkt\/indvendigt-vaerktoej-til-koblingsstang\/"},"modified":"2026-01-02T10:58:24","modified_gmt":"2026-01-02T08:58:24","slug":"indvendigt-vaerktoej-til-koblingsstang","status":"publish","type":"product","link":"https:\/\/mekulo.com\/dk\/produkt\/indvendigt-vaerktoej-til-koblingsstang\/","title":{"rendered":"Indvendigt v\u00e6rkt\u00f8j til koblingsstang"},"content":{"rendered":"<p style=\"text-align: center\" data-start=\"0\" data-end=\"72\"><strong data-start=\"0\" data-end=\"72\">Fjern og monter indvendige tr\u00e6kst\u00e6nger hurtigt uden ekstra demontering. \ud83d\udee0\ufe0f<\/strong><\/p>\n<p style=\"text-align: center\" data-start=\"74\" data-end=\"288\">\u00a0Dette lette 0,9 cm v\u00e6rkt\u00f8j til indvendige styrest\u00e6nger griber godt fat i glatte cylinderstyrest\u00e6nger for sikker betjening. <span style=\"font-size: 16px;font-style: normal;font-weight: 400\">Det giver dig mulighed for at arbejde uden at fjerne den ydre tr\u00e6kstang, hvilket sparer tid, kr\u00e6fter og frustrationer under styret\u00f8jsreparationer.<\/span><span style=\"font-size: 16px;font-style: normal;font-weight: 400\">\u00a0<\/span><span style=\"font-size: 16px\">\u00a0Den er lavet af st\u00e6rkt kulstofst\u00e5l og leverer et h\u00f8jt drejningsmoment med mindre indsats, hvilket g\u00f8r den ideel til b\u00e5de hjemmemekanikere og professionelle.<\/span><\/p>\n<p data-start=\"74\" data-end=\"288\"><img fetchpriority=\"high\" decoding=\"async\" class=\"size-full wp-image-45988 aligncenter\" src=\"https:\/\/keluvo.com\/template\/wp-content\/uploads\/sites\/5\/2025\/12\/102214-ezgif.com-video-to-webp-converter-3.webp\" alt=\"\" width=\"500\" height=\"667\" \/><\/p>\n<h2 style=\"text-align: center\" data-start=\"581\" data-end=\"600\"><strong>Main Benefits<\/strong><\/h2>\n<p data-start=\"603\" data-end=\"660\">\ud83d\udee0\ufe0f Ingen fjernelse af den ydre styrestang &#8211; Sparer tid og arbejde.<\/p>\n<p data-start=\"663\" data-end=\"722\">\ud83d\udd12 St\u00e6rkt skridsikkert greb &#8211; Sikker og stabil drift.<\/p>\n<p data-start=\"725\" data-end=\"789\">\u2699\ufe0f Kulstofst\u00e5l med h\u00f8j styrke &#8211; Holdbar og slidst\u00e6rk.<\/p>\n<p data-start=\"792\" data-end=\"851\">\ud83c\udf92 Let og b\u00e6rbar &#8211; Nem at b\u00e6re og opbevare.<\/p>\n<p data-start=\"854\" data-end=\"918\">\ud83d\ude97 Universel pasform &#8211; Fungerer med standard tr\u00e6kst\u00e6nger med glat ende.<\/p>\n<p data-start=\"854\" data-end=\"918\"><img decoding=\"async\" class=\"size-full wp-image-45987 aligncenter\" src=\"https:\/\/keluvo.com\/template\/wp-content\/uploads\/sites\/5\/2025\/12\/102215-ezgif.com-video-to-webp-converter-2.webp\" alt=\"\" width=\"500\" height=\"667\" \/><\/p>\n<h2 style=\"text-align: center\" data-start=\"920\" data-end=\"937\"><strong>How To Use<\/strong><\/h2>\n<ol data-start=\"938\" data-end=\"1180\">\n<li data-start=\"938\" data-end=\"986\">\n<p data-start=\"941\" data-end=\"986\">Fastg\u00f8r v\u00e6rkt\u00f8jet til en 0,9 cm skruen\u00f8gle.<\/p>\n<\/li>\n<li data-start=\"987\" data-end=\"1030\">\n<p data-start=\"990\" data-end=\"1030\">Skub v\u00e6rkt\u00f8jet over den indvendige tr\u00e6kstang.<\/p>\n<\/li>\n<li data-start=\"1031\" data-end=\"1082\">\n<p data-start=\"1034\" data-end=\"1082\">S\u00f8rg for et fast greb om den glatte cylinderende.<\/p>\n<\/li>\n<li data-start=\"1083\" data-end=\"1132\">\n<p data-start=\"1086\" data-end=\"1132\">Drej for at l\u00f8sne eller stramme den indvendige tr\u00e6kstang.<\/p>\n<\/li>\n<li data-start=\"1133\" data-end=\"1180\">\n<p data-start=\"1136\" data-end=\"1180\">Fjern v\u00e6rkt\u00f8jet, n\u00e5r jobbet er f\u00e6rdigt.<\/p>\n<\/li>\n<\/ol>\n<h2 style=\"text-align: center\" data-start=\"1182\" data-end=\"1204\"><strong>Product Details<\/strong><\/h2>\n<ul data-start=\"1205\" data-end=\"1372\">\n<li data-start=\"1242\" data-end=\"1266\">\n<p data-start=\"1244\" data-end=\"1266\">Drevst\u00f8rrelse: 0,9 cm<\/p>\n<\/li>\n<li data-start=\"1267\" data-end=\"1293\">\n<p data-start=\"1269\" data-end=\"1293\">Materiale: Kulstofst\u00e5l<\/p>\n<\/li>\n<li data-start=\"1294\" data-end=\"1310\">\n<p data-start=\"1296\" data-end=\"1310\">Farve: Sort<\/p>\n<\/li>\n<li data-start=\"1311\" data-end=\"1336\">\n<p data-start=\"1313\" data-end=\"1336\">Pakkev\u00e6gt: 310 g<\/p>\n<\/li>\n<li data-start=\"1337\" data-end=\"1372\">\n<p data-start=\"1339\" data-end=\"1372\">St\u00f8rrelse: 7,6 x 7,4 x 1,9 cm<\/p>\n<\/li>\n<\/ul>\n<h2 style=\"text-align: center\" data-start=\"1374\" data-end=\"1397\"><strong>Package Includes<\/strong><\/h2>\n<ul data-start=\"1398\" data-end=\"1422\" data-is-last-node=\"\" data-is-only-node=\"\">\n<li data-start=\"1398\" data-end=\"1422\" data-is-last-node=\"\">\n<p data-start=\"1400\" data-end=\"1422\" data-is-last-node=\"\">1x v\u00e6rkt\u00f8j til indvendig tr\u00e6kstang.<\/p>\n<\/li>\n<\/ul>\n","protected":false},"excerpt":{"rendered":"<p>Et indvendigt koblingsstangv\u00e6rkt\u00f8j, der er designet til at fjerne og montere indvendige tr\u00e6kst\u00e6nger uden ekstra adskillelse. Den griber sikkert fat med et h\u00f8jt drejningsmoment, hvilket sparer tid og kr\u00e6fter under styret\u00f8jsreparationer. Kompakt og holdbar, velegnet til b\u00e5de professionelle mekanikere og g\u00f8r-det-selv-brug.<\/p>\n","protected":false},"featured_media":13546,"comment_status":"open","ping_status":"closed","template":"","meta":{"site-sidebar-layout":"default","site-content-layout":"","ast-site-content-layout":"default","site-content-style":"default","site-sidebar-style":"default","ast-global-header-display":"","ast-banner-title-visibility":"","ast-main-header-display":"","ast-hfb-above-header-display":"","ast-hfb-below-header-display":"","ast-hfb-mobile-header-display":"","site-post-title":"","ast-breadcrumbs-content":"","ast-featured-img":"","footer-sml-layout":"","ast-disable-related-posts":"","theme-transparent-header-meta":"default","adv-header-id-meta":"","stick-header-meta":"","header-above-stick-meta":"","header-main-stick-meta":"","header-below-stick-meta":"","astra-migrate-meta-layouts":"set","ast-page-background-enabled":"default","ast-page-background-meta":{"desktop":{"background-color":"var(--ast-global-color-5)","background-image":"","background-repeat":"repeat","background-position":"center center","background-size":"auto","background-attachment":"scroll","background-type":"","background-media":"","overlay-type":"","overlay-color":"","overlay-opacity":"","overlay-gradient":""},"tablet":{"background-color":"","background-image":"","background-repeat":"repeat","background-position":"center center","background-size":"auto","background-attachment":"scroll","background-type":"","background-media":"","overlay-type":"","overlay-color":"","overlay-opacity":"","overlay-gradient":""},"mobile":{"background-color":"","background-image":"","background-repeat":"repeat","background-position":"center center","background-size":"auto","background-attachment":"scroll","background-type":"","background-media":"","overlay-type":"","overlay-color":"","overlay-opacity":"","overlay-gradient":""}},"ast-content-background-meta":{"desktop":{"background-color":"var(--ast-global-color-4)","background-image":"","background-repeat":"repeat","background-position":"center center","background-size":"auto","background-attachment":"scroll","background-type":"","background-media":"","overlay-type":"","overlay-color":"","overlay-opacity":"","overlay-gradient":""},"tablet":{"background-color":"var(--ast-global-color-4)","background-image":"","background-repeat":"repeat","background-position":"center center","background-size":"auto","background-attachment":"scroll","background-type":"","background-media":"","overlay-type":"","overlay-color":"","overlay-opacity":"","overlay-gradient":""},"mobile":{"background-color":"var(--ast-global-color-4)","background-image":"","background-repeat":"repeat","background-position":"center center","background-size":"auto","background-attachment":"scroll","background-type":"","background-media":"","overlay-type":"","overlay-color":"","overlay-opacity":"","overlay-gradient":""}}},"product_brand":[],"product_cat":[15],"product_tag":[],"class_list":{"0":"post-13550","1":"product","2":"type-product","3":"status-publish","4":"has-post-thumbnail","6":"product_cat-uncategorized","7":"desktop-align-left","8":"tablet-align-left","9":"mobile-align-left","11":"first","12":"instock","13":"shipping-taxable","14":"purchasable","15":"product-type-simple"},"yoast_head":"<!-- This site is optimized with the Yoast SEO plugin v27.4 - https:\/\/yoast.com\/product\/yoast-seo-wordpress\/ -->\n<title>Indvendigt v\u00e6rkt\u00f8j til koblingsstang - Mekulo DK<\/title>\n<meta name=\"robots\" content=\"index, follow, max-snippet:-1, max-image-preview:large, max-video-preview:-1\" \/>\n<link rel=\"canonical\" href=\"https:\/\/mekulo.com\/dk\/produkt\/indvendigt-vaerktoej-til-koblingsstang\/\" \/>\n<meta property=\"og:locale\" content=\"da_DK\" \/>\n<meta property=\"og:type\" content=\"article\" \/>\n<meta property=\"og:title\" content=\"Indvendigt v\u00e6rkt\u00f8j til koblingsstang - Mekulo DK\" \/>\n<meta property=\"og:description\" content=\"Et indvendigt koblingsstangv\u00e6rkt\u00f8j, der er designet til at fjerne og montere indvendige tr\u00e6kst\u00e6nger uden ekstra adskillelse. Den griber sikkert fat med et h\u00f8jt drejningsmoment, hvilket sparer tid og kr\u00e6fter under styret\u00f8jsreparationer. Kompakt og holdbar, velegnet til b\u00e5de professionelle mekanikere og g\u00f8r-det-selv-brug.\" \/>\n<meta property=\"og:url\" content=\"https:\/\/mekulo.com\/dk\/produkt\/indvendigt-vaerktoej-til-koblingsstang\/\" \/>\n<meta property=\"og:site_name\" content=\"Mekulo DK\" \/>\n<meta property=\"og:image\" content=\"https:\/\/mekulo.com\/dk\/wp-content\/uploads\/sites\/12\/2026\/01\/cv8f0bl-1.jpeg\" \/>\n\t<meta property=\"og:image:width\" content=\"2560\" \/>\n\t<meta property=\"og:image:height\" content=\"2560\" \/>\n\t<meta property=\"og:image:type\" content=\"image\/jpeg\" \/>\n<meta name=\"twitter:card\" content=\"summary_large_image\" \/>\n<meta name=\"twitter:label1\" content=\"Estimeret l\u00e6setid\" \/>\n\t<meta name=\"twitter:data1\" content=\"2 minutter\" \/>\n<script type=\"application\/ld+json\" class=\"yoast-schema-graph\">{\"@context\":\"https:\\\/\\\/schema.org\",\"@graph\":[{\"@type\":\"WebPage\",\"@id\":\"https:\\\/\\\/mekulo.com\\\/dk\\\/produkt\\\/indvendigt-vaerktoej-til-koblingsstang\\\/\",\"url\":\"https:\\\/\\\/mekulo.com\\\/dk\\\/produkt\\\/indvendigt-vaerktoej-til-koblingsstang\\\/\",\"name\":\"Indvendigt v\u00e6rkt\u00f8j til koblingsstang - Mekulo DK\",\"isPartOf\":{\"@id\":\"https:\\\/\\\/mekulo.com\\\/dk\\\/#website\"},\"primaryImageOfPage\":{\"@id\":\"https:\\\/\\\/mekulo.com\\\/dk\\\/produkt\\\/indvendigt-vaerktoej-til-koblingsstang\\\/#primaryimage\"},\"image\":{\"@id\":\"https:\\\/\\\/mekulo.com\\\/dk\\\/produkt\\\/indvendigt-vaerktoej-til-koblingsstang\\\/#primaryimage\"},\"thumbnailUrl\":\"https:\\\/\\\/mekulo.com\\\/dk\\\/wp-content\\\/uploads\\\/sites\\\/12\\\/2026\\\/01\\\/cv8f0bl-1.jpeg\",\"datePublished\":\"2026-01-02T08:58:24+00:00\",\"breadcrumb\":{\"@id\":\"https:\\\/\\\/mekulo.com\\\/dk\\\/produkt\\\/indvendigt-vaerktoej-til-koblingsstang\\\/#breadcrumb\"},\"inLanguage\":\"da-DK\",\"potentialAction\":[{\"@type\":\"ReadAction\",\"target\":[\"https:\\\/\\\/mekulo.com\\\/dk\\\/produkt\\\/indvendigt-vaerktoej-til-koblingsstang\\\/\"]}]},{\"@type\":\"ImageObject\",\"inLanguage\":\"da-DK\",\"@id\":\"https:\\\/\\\/mekulo.com\\\/dk\\\/produkt\\\/indvendigt-vaerktoej-til-koblingsstang\\\/#primaryimage\",\"url\":\"https:\\\/\\\/mekulo.com\\\/dk\\\/wp-content\\\/uploads\\\/sites\\\/12\\\/2026\\\/01\\\/cv8f0bl-1.jpeg\",\"contentUrl\":\"https:\\\/\\\/mekulo.com\\\/dk\\\/wp-content\\\/uploads\\\/sites\\\/12\\\/2026\\\/01\\\/cv8f0bl-1.jpeg\",\"width\":2560,\"height\":2560},{\"@type\":\"BreadcrumbList\",\"@id\":\"https:\\\/\\\/mekulo.com\\\/dk\\\/produkt\\\/indvendigt-vaerktoej-til-koblingsstang\\\/#breadcrumb\",\"itemListElement\":[{\"@type\":\"ListItem\",\"position\":1,\"name\":\"Home\",\"item\":\"https:\\\/\\\/mekulo.com\\\/dk\\\/\"},{\"@type\":\"ListItem\",\"position\":2,\"name\":\"Butik\",\"item\":\"https:\\\/\\\/mekulo.com\\\/dk\\\/butik\\\/\"},{\"@type\":\"ListItem\",\"position\":3,\"name\":\"Indvendigt v\u00e6rkt\u00f8j til koblingsstang\"}]},{\"@type\":\"WebSite\",\"@id\":\"https:\\\/\\\/mekulo.com\\\/dk\\\/#website\",\"url\":\"https:\\\/\\\/mekulo.com\\\/dk\\\/\",\"name\":\"Mekulo DK\",\"description\":\"\",\"publisher\":{\"@id\":\"https:\\\/\\\/mekulo.com\\\/dk\\\/#organization\"},\"potentialAction\":[{\"@type\":\"SearchAction\",\"target\":{\"@type\":\"EntryPoint\",\"urlTemplate\":\"https:\\\/\\\/mekulo.com\\\/dk\\\/?s={search_term_string}\"},\"query-input\":{\"@type\":\"PropertyValueSpecification\",\"valueRequired\":true,\"valueName\":\"search_term_string\"}}],\"inLanguage\":\"da-DK\"},{\"@type\":\"Organization\",\"@id\":\"https:\\\/\\\/mekulo.com\\\/dk\\\/#organization\",\"name\":\"Mekulo\",\"url\":\"https:\\\/\\\/mekulo.com\\\/dk\\\/\",\"logo\":{\"@type\":\"ImageObject\",\"inLanguage\":\"da-DK\",\"@id\":\"https:\\\/\\\/mekulo.com\\\/dk\\\/#\\\/schema\\\/logo\\\/image\\\/\",\"url\":\"https:\\\/\\\/mekulo.com\\\/dk\\\/wp-content\\\/uploads\\\/sites\\\/12\\\/2025\\\/12\\\/favicon_mekulo.png\",\"contentUrl\":\"https:\\\/\\\/mekulo.com\\\/dk\\\/wp-content\\\/uploads\\\/sites\\\/12\\\/2025\\\/12\\\/favicon_mekulo.png\",\"width\":50,\"height\":50,\"caption\":\"Mekulo\"},\"image\":{\"@id\":\"https:\\\/\\\/mekulo.com\\\/dk\\\/#\\\/schema\\\/logo\\\/image\\\/\"}}]}<\/script>\n<!-- \/ Yoast SEO plugin. -->","yoast_head_json":{"title":"Indvendigt v\u00e6rkt\u00f8j til koblingsstang - Mekulo DK","robots":{"index":"index","follow":"follow","max-snippet":"max-snippet:-1","max-image-preview":"max-image-preview:large","max-video-preview":"max-video-preview:-1"},"canonical":"https:\/\/mekulo.com\/dk\/produkt\/indvendigt-vaerktoej-til-koblingsstang\/","og_locale":"da_DK","og_type":"article","og_title":"Indvendigt v\u00e6rkt\u00f8j til koblingsstang - Mekulo DK","og_description":"Et indvendigt koblingsstangv\u00e6rkt\u00f8j, der er designet til at fjerne og montere indvendige tr\u00e6kst\u00e6nger uden ekstra adskillelse. Den griber sikkert fat med et h\u00f8jt drejningsmoment, hvilket sparer tid og kr\u00e6fter under styret\u00f8jsreparationer. Kompakt og holdbar, velegnet til b\u00e5de professionelle mekanikere og g\u00f8r-det-selv-brug.","og_url":"https:\/\/mekulo.com\/dk\/produkt\/indvendigt-vaerktoej-til-koblingsstang\/","og_site_name":"Mekulo DK","og_image":[{"width":2560,"height":2560,"url":"https:\/\/mekulo.com\/dk\/wp-content\/uploads\/sites\/12\/2026\/01\/cv8f0bl-1.jpeg","type":"image\/jpeg"}],"twitter_card":"summary_large_image","twitter_misc":{"Estimeret l\u00e6setid":"2 minutter"},"schema":{"@context":"https:\/\/schema.org","@graph":[{"@type":"WebPage","@id":"https:\/\/mekulo.com\/dk\/produkt\/indvendigt-vaerktoej-til-koblingsstang\/","url":"https:\/\/mekulo.com\/dk\/produkt\/indvendigt-vaerktoej-til-koblingsstang\/","name":"Indvendigt v\u00e6rkt\u00f8j til koblingsstang - Mekulo DK","isPartOf":{"@id":"https:\/\/mekulo.com\/dk\/#website"},"primaryImageOfPage":{"@id":"https:\/\/mekulo.com\/dk\/produkt\/indvendigt-vaerktoej-til-koblingsstang\/#primaryimage"},"image":{"@id":"https:\/\/mekulo.com\/dk\/produkt\/indvendigt-vaerktoej-til-koblingsstang\/#primaryimage"},"thumbnailUrl":"https:\/\/mekulo.com\/dk\/wp-content\/uploads\/sites\/12\/2026\/01\/cv8f0bl-1.jpeg","datePublished":"2026-01-02T08:58:24+00:00","breadcrumb":{"@id":"https:\/\/mekulo.com\/dk\/produkt\/indvendigt-vaerktoej-til-koblingsstang\/#breadcrumb"},"inLanguage":"da-DK","potentialAction":[{"@type":"ReadAction","target":["https:\/\/mekulo.com\/dk\/produkt\/indvendigt-vaerktoej-til-koblingsstang\/"]}]},{"@type":"ImageObject","inLanguage":"da-DK","@id":"https:\/\/mekulo.com\/dk\/produkt\/indvendigt-vaerktoej-til-koblingsstang\/#primaryimage","url":"https:\/\/mekulo.com\/dk\/wp-content\/uploads\/sites\/12\/2026\/01\/cv8f0bl-1.jpeg","contentUrl":"https:\/\/mekulo.com\/dk\/wp-content\/uploads\/sites\/12\/2026\/01\/cv8f0bl-1.jpeg","width":2560,"height":2560},{"@type":"BreadcrumbList","@id":"https:\/\/mekulo.com\/dk\/produkt\/indvendigt-vaerktoej-til-koblingsstang\/#breadcrumb","itemListElement":[{"@type":"ListItem","position":1,"name":"Home","item":"https:\/\/mekulo.com\/dk\/"},{"@type":"ListItem","position":2,"name":"Butik","item":"https:\/\/mekulo.com\/dk\/butik\/"},{"@type":"ListItem","position":3,"name":"Indvendigt v\u00e6rkt\u00f8j til koblingsstang"}]},{"@type":"WebSite","@id":"https:\/\/mekulo.com\/dk\/#website","url":"https:\/\/mekulo.com\/dk\/","name":"Mekulo DK","description":"","publisher":{"@id":"https:\/\/mekulo.com\/dk\/#organization"},"potentialAction":[{"@type":"SearchAction","target":{"@type":"EntryPoint","urlTemplate":"https:\/\/mekulo.com\/dk\/?s={search_term_string}"},"query-input":{"@type":"PropertyValueSpecification","valueRequired":true,"valueName":"search_term_string"}}],"inLanguage":"da-DK"},{"@type":"Organization","@id":"https:\/\/mekulo.com\/dk\/#organization","name":"Mekulo","url":"https:\/\/mekulo.com\/dk\/","logo":{"@type":"ImageObject","inLanguage":"da-DK","@id":"https:\/\/mekulo.com\/dk\/#\/schema\/logo\/image\/","url":"https:\/\/mekulo.com\/dk\/wp-content\/uploads\/sites\/12\/2025\/12\/favicon_mekulo.png","contentUrl":"https:\/\/mekulo.com\/dk\/wp-content\/uploads\/sites\/12\/2025\/12\/favicon_mekulo.png","width":50,"height":50,"caption":"Mekulo"},"image":{"@id":"https:\/\/mekulo.com\/dk\/#\/schema\/logo\/image\/"}}]}},"_links":{"self":[{"href":"https:\/\/mekulo.com\/dk\/wp-json\/wp\/v2\/product\/13550","targetHints":{"allow":["GET"]}}],"collection":[{"href":"https:\/\/mekulo.com\/dk\/wp-json\/wp\/v2\/product"}],"about":[{"href":"https:\/\/mekulo.com\/dk\/wp-json\/wp\/v2\/types\/product"}],"replies":[{"embeddable":true,"href":"https:\/\/mekulo.com\/dk\/wp-json\/wp\/v2\/comments?post=13550"}],"wp:featuredmedia":[{"embeddable":true,"href":"https:\/\/mekulo.com\/dk\/wp-json\/wp\/v2\/media\/13546"}],"wp:attachment":[{"href":"https:\/\/mekulo.com\/dk\/wp-json\/wp\/v2\/media?parent=13550"}],"wp:term":[{"taxonomy":"product_brand","embeddable":true,"href":"https:\/\/mekulo.com\/dk\/wp-json\/wp\/v2\/product_brand?post=13550"},{"taxonomy":"product_cat","embeddable":true,"href":"https:\/\/mekulo.com\/dk\/wp-json\/wp\/v2\/product_cat?post=13550"},{"taxonomy":"product_tag","embeddable":true,"href":"https:\/\/mekulo.com\/dk\/wp-json\/wp\/v2\/product_tag?post=13550"}],"curies":[{"name":"wp","href":"https:\/\/api.w.org\/{rel}","templated":true}]}}