{"id":13527,"date":"2026-01-02T10:57:10","date_gmt":"2026-01-02T08:57:10","guid":{"rendered":"https:\/\/mekulo.com\/dk\/produkt\/vinaabner-saet\/"},"modified":"2026-01-22T17:52:36","modified_gmt":"2026-01-22T15:52:36","slug":"vinaabner-saet","status":"publish","type":"product","link":"https:\/\/mekulo.com\/dk\/produkt\/vinaabner-saet\/","title":{"rendered":"Vin\u00e5bner-s\u00e6t"},"content":{"rendered":"<p style=\"text-align: center\" data-start=\"0\" data-end=\"69\"><strong>\u00c5bn Enhver Vinflaske P\u00e5 F\u00e5 Sekunder Med Et Enkelt Tryk, Pump Og Pop. \ud83c\udf77<\/strong><\/p>\n<p style=\"text-align: center\" data-start=\"71\" data-end=\"324\">Dette vin\u00e5bners\u00e6t bruger lufttryk til nemt at fjerne propper &#8211; ingen vridninger, tr\u00e6k eller kn\u00e6kkede korkstykker. Det indeholder alt, hvad du har brug for til en problemfri vinoplevelse, uanset om du \u00e5bner en flaske derhjemme, er v\u00e6rt for g\u00e6ster eller giver den perfekte gave.<\/p>\n<p data-start=\"71\" data-end=\"324\"><img fetchpriority=\"high\" decoding=\"async\" class=\"size-full wp-image-42709 aligncenter\" src=\"https:\/\/keluvo.com\/template\/wp-content\/uploads\/sites\/5\/2025\/11\/10228-ezgif.com-video-to-webp-converter-1-1.webp\" alt=\"\" width=\"500\" height=\"500\" \/><\/p>\n<h2 style=\"text-align: center\" data-start=\"331\" data-end=\"351\"><strong>Hovedfordele<\/strong><\/h2>\n<p data-start=\"352\" data-end=\"854\">\ud83c\udf77 Ubesv\u00e6ret fjernelse af kork &#8211; \u00c5bn enhver vinflaske med blot et par pump.<\/p>\n<p data-start=\"352\" data-end=\"854\">\ud83d\udca8 Lufttryksteknologi &#8211; Fjerner propper sikkert uden at vride eller beskadige dem.<\/p>\n<p data-start=\"352\" data-end=\"854\">\ud83e\udea1 Pr\u00e6cisionsn\u00e5ldesign &#8211; Sikrer ren fjernelse uden korkrester.<\/p>\n<p data-start=\"352\" data-end=\"854\">\ud83d\udc8e Holdbare materialer &#8211; Lavet af ABS med h\u00f8j styrke og f\u00f8rsteklasses aluminiumslegering.<\/p>\n<p data-start=\"352\" data-end=\"854\">\ud83c\udf81 Komplet vins\u00e6t &#8211; Indeholder oplukker, foliesk\u00e6rer, prop og belufter.<\/p>\n<p data-start=\"352\" data-end=\"854\">\ud83d\udcab Perfekt til gaver &#8211; Leveres i en elegant gave\u00e6ske og er fantastisk til vinelskere.<\/p>\n<p data-start=\"352\" data-end=\"854\"><img decoding=\"async\" class=\"size-full wp-image-42710 aligncenter\" src=\"https:\/\/keluvo.com\/template\/wp-content\/uploads\/sites\/5\/2025\/11\/1e7a36df-25b5-449f-817c-7204d65e67a1.gif\" alt=\"\" width=\"480\" height=\"480\" \/><\/p>\n<h2 style=\"text-align: center\" data-start=\"861\" data-end=\"879\"><strong>S\u00e5dan Bruges<\/strong><\/h2>\n<ol data-start=\"880\" data-end=\"1254\">\n<li data-start=\"880\" data-end=\"945\">\n<p data-start=\"883\" data-end=\"945\">Brug foliesk\u00e6reren til at fjerne folieforseglingen fra flasken.<\/p>\n<\/li>\n<li data-start=\"946\" data-end=\"1041\">\n<p data-start=\"949\" data-end=\"1041\">S\u00e6t n\u00e5len lige ind i midten af proppen, og s\u00f8rg for, at den g\u00e5r helt igennem.<\/p>\n<\/li>\n<li data-start=\"1042\" data-end=\"1109\">\n<p data-start=\"1045\" data-end=\"1109\">Pump oplukkeren op og ned 3-7 gange, indtil proppen springer ud.<\/p>\n<\/li>\n<li data-start=\"1110\" data-end=\"1175\">\n<p data-start=\"1113\" data-end=\"1175\">Skub plastb\u00f8sningen for at frig\u00f8re proppen fra n\u00e5len.<\/p>\n<\/li>\n<li data-start=\"1176\" data-end=\"1254\">\n<p data-start=\"1179\" data-end=\"1254\">Brug vinlufteren til at h\u00e6lde j\u00e6vnt, og proppen til at holde vinen frisk.<\/p>\n<\/li>\n<\/ol>\n<h2 style=\"text-align: center\" data-start=\"1261\" data-end=\"1284\"><strong>Produktdetaljer<\/strong><\/h2>\n<ul data-start=\"1285\" data-end=\"1599\">\n<li data-start=\"1311\" data-end=\"1357\">\n<p data-start=\"1313\" data-end=\"1357\">Materialer: Aluminiumslegering + f\u00f8devaregodkendt ABS<\/p>\n<\/li>\n<li data-start=\"1382\" data-end=\"1418\">\n<p data-start=\"1384\" data-end=\"1418\">Size: Som vist p\u00e5 produktbillederne<\/p>\n<\/li>\n<li data-start=\"1419\" data-end=\"1460\">\n<p data-start=\"1421\" data-end=\"1460\">Teknologi: Fjernelse af kork med lufttryk<\/p>\n<\/li>\n<li data-start=\"1461\" data-end=\"1541\">\n<p data-start=\"1463\" data-end=\"1541\">Inkluderer: Vin\u00e5bner, foliesk\u00e6rer, vakuumprop, vinsk\u00e6nker, gave\u00e6ske<\/p>\n<\/li>\n<li data-start=\"1542\" data-end=\"1599\">\n<p data-start=\"1544\" data-end=\"1599\">Anvendelse: Hjem, fester, barer, professionel service, gaver<\/p>\n<\/li>\n<\/ul>\n<h2 style=\"text-align: center\" data-start=\"1606\" data-end=\"1630\"><strong>Pakken Indeholder<\/strong><\/h2>\n<ul data-start=\"1631\" data-end=\"1729\">\n<li data-start=\"1631\" data-end=\"1649\">\n<p data-start=\"1633\" data-end=\"1649\">1x vin\u00e5bner<\/p>\n<\/li>\n<li data-start=\"1650\" data-end=\"1669\">\n<p data-start=\"1652\" data-end=\"1669\">1x vinprop<\/p>\n<\/li>\n<li data-start=\"1670\" data-end=\"1688\">\n<p data-start=\"1672\" data-end=\"1688\">1x foliesk\u00e6rer<\/p>\n<\/li>\n<li data-start=\"1689\" data-end=\"1715\">\n<p data-start=\"1691\" data-end=\"1715\">1x vinsk\u00e6nker<\/p>\n<\/li>\n<li data-start=\"1716\" data-end=\"1729\">\n<p data-start=\"1718\" data-end=\"1729\">1x gave\u00e6ske.<\/p>\n<\/li>\n<\/ul>\n","protected":false},"excerpt":{"rendered":"<p>Et vin\u00e5bners\u00e6t, der hurtigt fjerner propper ved hj\u00e6lp af lufttryk for j\u00e6vn og ubesv\u00e6ret \u00e5bning. Det forhindrer kn\u00e6kkede propper og indeholder vigtige v\u00e6rkt\u00f8jer til servering og konservering af vin. Det er stilfuldt og nemt at bruge og er perfekt til hjemmebrug, underholdning eller gaver.<\/p>\n","protected":false},"featured_media":13523,"comment_status":"open","ping_status":"closed","template":"","meta":{"site-sidebar-layout":"default","site-content-layout":"","ast-site-content-layout":"default","site-content-style":"default","site-sidebar-style":"default","ast-global-header-display":"","ast-banner-title-visibility":"","ast-main-header-display":"","ast-hfb-above-header-display":"","ast-hfb-below-header-display":"","ast-hfb-mobile-header-display":"","site-post-title":"","ast-breadcrumbs-content":"","ast-featured-img":"","footer-sml-layout":"","theme-transparent-header-meta":"default","adv-header-id-meta":"","stick-header-meta":"","header-above-stick-meta":"","header-main-stick-meta":"","header-below-stick-meta":"","astra-migrate-meta-layouts":"set","ast-page-background-enabled":"default","ast-page-background-meta":{"desktop":{"background-color":"var(--ast-global-color-5)","background-image":"","background-repeat":"repeat","background-position":"center center","background-size":"auto","background-attachment":"scroll","background-type":"","background-media":"","overlay-type":"","overlay-color":"","overlay-opacity":"","overlay-gradient":""},"tablet":{"background-color":"","background-image":"","background-repeat":"repeat","background-position":"center center","background-size":"auto","background-attachment":"scroll","background-type":"","background-media":"","overlay-type":"","overlay-color":"","overlay-opacity":"","overlay-gradient":""},"mobile":{"background-color":"","background-image":"","background-repeat":"repeat","background-position":"center center","background-size":"auto","background-attachment":"scroll","background-type":"","background-media":"","overlay-type":"","overlay-color":"","overlay-opacity":"","overlay-gradient":""}},"ast-content-background-meta":{"desktop":{"background-color":"var(--ast-global-color-4)","background-image":"","background-repeat":"repeat","background-position":"center center","background-size":"auto","background-attachment":"scroll","background-type":"","background-media":"","overlay-type":"","overlay-color":"","overlay-opacity":"","overlay-gradient":""},"tablet":{"background-color":"var(--ast-global-color-4)","background-image":"","background-repeat":"repeat","background-position":"center center","background-size":"auto","background-attachment":"scroll","background-type":"","background-media":"","overlay-type":"","overlay-color":"","overlay-opacity":"","overlay-gradient":""},"mobile":{"background-color":"var(--ast-global-color-4)","background-image":"","background-repeat":"repeat","background-position":"center center","background-size":"auto","background-attachment":"scroll","background-type":"","background-media":"","overlay-type":"","overlay-color":"","overlay-opacity":"","overlay-gradient":""}}},"product_brand":[],"product_cat":[15],"product_tag":[],"class_list":{"0":"post-13527","1":"product","2":"type-product","3":"status-publish","4":"has-post-thumbnail","6":"product_cat-uncategorized","7":"pa_53813_4j8m6dfs-blaa","8":"pa_53813_4j8m6dfs-groen","9":"pa_53813_4j8m6dfs-guld","10":"pa_53813_4j8m6dfs-lilla","11":"pa_53813_4j8m6dfs-roed","12":"pa_53813_4j8m6dfs-soelv","13":"pa_53813_4j8m6dfs-sort","14":"desktop-align-left","15":"tablet-align-left","16":"mobile-align-left","18":"first","19":"instock","20":"shipping-taxable","21":"purchasable","22":"product-type-variable"},"yoast_head":"<!-- This site is optimized with the Yoast SEO plugin v26.6 - https:\/\/yoast.com\/wordpress\/plugins\/seo\/ -->\n<title>Vin\u00e5bner-s\u00e6t - Mekulo DK<\/title>\n<meta name=\"robots\" content=\"index, follow, max-snippet:-1, max-image-preview:large, max-video-preview:-1\" \/>\n<link rel=\"canonical\" href=\"https:\/\/mekulo.com\/dk\/produkt\/vinaabner-saet\/\" \/>\n<meta property=\"og:locale\" content=\"da_DK\" \/>\n<meta property=\"og:type\" content=\"article\" \/>\n<meta property=\"og:title\" content=\"Vin\u00e5bner-s\u00e6t - Mekulo DK\" \/>\n<meta property=\"og:description\" content=\"Et vin\u00e5bners\u00e6t, der hurtigt fjerner propper ved hj\u00e6lp af lufttryk for j\u00e6vn og ubesv\u00e6ret \u00e5bning. Det forhindrer kn\u00e6kkede propper og indeholder vigtige v\u00e6rkt\u00f8jer til servering og konservering af vin. Det er stilfuldt og nemt at bruge og er perfekt til hjemmebrug, underholdning eller gaver.\" \/>\n<meta property=\"og:url\" content=\"https:\/\/mekulo.com\/dk\/produkt\/vinaabner-saet\/\" \/>\n<meta property=\"og:site_name\" content=\"Mekulo DK\" \/>\n<meta property=\"article:modified_time\" content=\"2026-01-22T15:52:36+00:00\" \/>\n<meta property=\"og:image\" content=\"https:\/\/mekulo.com\/dk\/wp-content\/uploads\/sites\/12\/2026\/01\/go3pkdy-1.jpg\" \/>\n\t<meta property=\"og:image:width\" content=\"631\" \/>\n\t<meta property=\"og:image:height\" content=\"597\" \/>\n\t<meta property=\"og:image:type\" content=\"image\/jpeg\" \/>\n<meta name=\"twitter:card\" content=\"summary_large_image\" \/>\n<meta name=\"twitter:label1\" content=\"Estimeret l\u00e6setid\" \/>\n\t<meta name=\"twitter:data1\" content=\"2 minutter\" \/>\n<script type=\"application\/ld+json\" class=\"yoast-schema-graph\">{\"@context\":\"https:\/\/schema.org\",\"@graph\":[{\"@type\":\"WebPage\",\"@id\":\"https:\/\/mekulo.com\/dk\/produkt\/vinaabner-saet\/\",\"url\":\"https:\/\/mekulo.com\/dk\/produkt\/vinaabner-saet\/\",\"name\":\"Vin\u00e5bner-s\u00e6t - Mekulo DK\",\"isPartOf\":{\"@id\":\"https:\/\/mekulo.com\/dk\/#website\"},\"primaryImageOfPage\":{\"@id\":\"https:\/\/mekulo.com\/dk\/produkt\/vinaabner-saet\/#primaryimage\"},\"image\":{\"@id\":\"https:\/\/mekulo.com\/dk\/produkt\/vinaabner-saet\/#primaryimage\"},\"thumbnailUrl\":\"https:\/\/mekulo.com\/dk\/wp-content\/uploads\/sites\/12\/2026\/01\/go3pkdy-1.jpg\",\"datePublished\":\"2026-01-02T08:57:10+00:00\",\"dateModified\":\"2026-01-22T15:52:36+00:00\",\"breadcrumb\":{\"@id\":\"https:\/\/mekulo.com\/dk\/produkt\/vinaabner-saet\/#breadcrumb\"},\"inLanguage\":\"da-DK\",\"potentialAction\":[{\"@type\":\"ReadAction\",\"target\":[\"https:\/\/mekulo.com\/dk\/produkt\/vinaabner-saet\/\"]}]},{\"@type\":\"ImageObject\",\"inLanguage\":\"da-DK\",\"@id\":\"https:\/\/mekulo.com\/dk\/produkt\/vinaabner-saet\/#primaryimage\",\"url\":\"https:\/\/mekulo.com\/dk\/wp-content\/uploads\/sites\/12\/2026\/01\/go3pkdy-1.jpg\",\"contentUrl\":\"https:\/\/mekulo.com\/dk\/wp-content\/uploads\/sites\/12\/2026\/01\/go3pkdy-1.jpg\",\"width\":631,\"height\":597},{\"@type\":\"BreadcrumbList\",\"@id\":\"https:\/\/mekulo.com\/dk\/produkt\/vinaabner-saet\/#breadcrumb\",\"itemListElement\":[{\"@type\":\"ListItem\",\"position\":1,\"name\":\"Home\",\"item\":\"https:\/\/mekulo.com\/dk\/\"},{\"@type\":\"ListItem\",\"position\":2,\"name\":\"Butik\",\"item\":\"https:\/\/mekulo.com\/dk\/butik\/\"},{\"@type\":\"ListItem\",\"position\":3,\"name\":\"Vin\u00e5bner-s\u00e6t\"}]},{\"@type\":\"WebSite\",\"@id\":\"https:\/\/mekulo.com\/dk\/#website\",\"url\":\"https:\/\/mekulo.com\/dk\/\",\"name\":\"Mekulo DK\",\"description\":\"\",\"publisher\":{\"@id\":\"https:\/\/mekulo.com\/dk\/#organization\"},\"potentialAction\":[{\"@type\":\"SearchAction\",\"target\":{\"@type\":\"EntryPoint\",\"urlTemplate\":\"https:\/\/mekulo.com\/dk\/?s={search_term_string}\"},\"query-input\":{\"@type\":\"PropertyValueSpecification\",\"valueRequired\":true,\"valueName\":\"search_term_string\"}}],\"inLanguage\":\"da-DK\"},{\"@type\":\"Organization\",\"@id\":\"https:\/\/mekulo.com\/dk\/#organization\",\"name\":\"Mekulo\",\"url\":\"https:\/\/mekulo.com\/dk\/\",\"logo\":{\"@type\":\"ImageObject\",\"inLanguage\":\"da-DK\",\"@id\":\"https:\/\/mekulo.com\/dk\/#\/schema\/logo\/image\/\",\"url\":\"https:\/\/mekulo.com\/dk\/wp-content\/uploads\/sites\/12\/2025\/12\/favicon_mekulo.png\",\"contentUrl\":\"https:\/\/mekulo.com\/dk\/wp-content\/uploads\/sites\/12\/2025\/12\/favicon_mekulo.png\",\"width\":50,\"height\":50,\"caption\":\"Mekulo\"},\"image\":{\"@id\":\"https:\/\/mekulo.com\/dk\/#\/schema\/logo\/image\/\"}}]}<\/script>\n<!-- \/ Yoast SEO plugin. -->","yoast_head_json":{"title":"Vin\u00e5bner-s\u00e6t - Mekulo DK","robots":{"index":"index","follow":"follow","max-snippet":"max-snippet:-1","max-image-preview":"max-image-preview:large","max-video-preview":"max-video-preview:-1"},"canonical":"https:\/\/mekulo.com\/dk\/produkt\/vinaabner-saet\/","og_locale":"da_DK","og_type":"article","og_title":"Vin\u00e5bner-s\u00e6t - Mekulo DK","og_description":"Et vin\u00e5bners\u00e6t, der hurtigt fjerner propper ved hj\u00e6lp af lufttryk for j\u00e6vn og ubesv\u00e6ret \u00e5bning. Det forhindrer kn\u00e6kkede propper og indeholder vigtige v\u00e6rkt\u00f8jer til servering og konservering af vin. Det er stilfuldt og nemt at bruge og er perfekt til hjemmebrug, underholdning eller gaver.","og_url":"https:\/\/mekulo.com\/dk\/produkt\/vinaabner-saet\/","og_site_name":"Mekulo DK","article_modified_time":"2026-01-22T15:52:36+00:00","og_image":[{"width":631,"height":597,"url":"https:\/\/mekulo.com\/dk\/wp-content\/uploads\/sites\/12\/2026\/01\/go3pkdy-1.jpg","type":"image\/jpeg"}],"twitter_card":"summary_large_image","twitter_misc":{"Estimeret l\u00e6setid":"2 minutter"},"schema":{"@context":"https:\/\/schema.org","@graph":[{"@type":"WebPage","@id":"https:\/\/mekulo.com\/dk\/produkt\/vinaabner-saet\/","url":"https:\/\/mekulo.com\/dk\/produkt\/vinaabner-saet\/","name":"Vin\u00e5bner-s\u00e6t - Mekulo DK","isPartOf":{"@id":"https:\/\/mekulo.com\/dk\/#website"},"primaryImageOfPage":{"@id":"https:\/\/mekulo.com\/dk\/produkt\/vinaabner-saet\/#primaryimage"},"image":{"@id":"https:\/\/mekulo.com\/dk\/produkt\/vinaabner-saet\/#primaryimage"},"thumbnailUrl":"https:\/\/mekulo.com\/dk\/wp-content\/uploads\/sites\/12\/2026\/01\/go3pkdy-1.jpg","datePublished":"2026-01-02T08:57:10+00:00","dateModified":"2026-01-22T15:52:36+00:00","breadcrumb":{"@id":"https:\/\/mekulo.com\/dk\/produkt\/vinaabner-saet\/#breadcrumb"},"inLanguage":"da-DK","potentialAction":[{"@type":"ReadAction","target":["https:\/\/mekulo.com\/dk\/produkt\/vinaabner-saet\/"]}]},{"@type":"ImageObject","inLanguage":"da-DK","@id":"https:\/\/mekulo.com\/dk\/produkt\/vinaabner-saet\/#primaryimage","url":"https:\/\/mekulo.com\/dk\/wp-content\/uploads\/sites\/12\/2026\/01\/go3pkdy-1.jpg","contentUrl":"https:\/\/mekulo.com\/dk\/wp-content\/uploads\/sites\/12\/2026\/01\/go3pkdy-1.jpg","width":631,"height":597},{"@type":"BreadcrumbList","@id":"https:\/\/mekulo.com\/dk\/produkt\/vinaabner-saet\/#breadcrumb","itemListElement":[{"@type":"ListItem","position":1,"name":"Home","item":"https:\/\/mekulo.com\/dk\/"},{"@type":"ListItem","position":2,"name":"Butik","item":"https:\/\/mekulo.com\/dk\/butik\/"},{"@type":"ListItem","position":3,"name":"Vin\u00e5bner-s\u00e6t"}]},{"@type":"WebSite","@id":"https:\/\/mekulo.com\/dk\/#website","url":"https:\/\/mekulo.com\/dk\/","name":"Mekulo DK","description":"","publisher":{"@id":"https:\/\/mekulo.com\/dk\/#organization"},"potentialAction":[{"@type":"SearchAction","target":{"@type":"EntryPoint","urlTemplate":"https:\/\/mekulo.com\/dk\/?s={search_term_string}"},"query-input":{"@type":"PropertyValueSpecification","valueRequired":true,"valueName":"search_term_string"}}],"inLanguage":"da-DK"},{"@type":"Organization","@id":"https:\/\/mekulo.com\/dk\/#organization","name":"Mekulo","url":"https:\/\/mekulo.com\/dk\/","logo":{"@type":"ImageObject","inLanguage":"da-DK","@id":"https:\/\/mekulo.com\/dk\/#\/schema\/logo\/image\/","url":"https:\/\/mekulo.com\/dk\/wp-content\/uploads\/sites\/12\/2025\/12\/favicon_mekulo.png","contentUrl":"https:\/\/mekulo.com\/dk\/wp-content\/uploads\/sites\/12\/2025\/12\/favicon_mekulo.png","width":50,"height":50,"caption":"Mekulo"},"image":{"@id":"https:\/\/mekulo.com\/dk\/#\/schema\/logo\/image\/"}}]}},"_links":{"self":[{"href":"https:\/\/mekulo.com\/dk\/wp-json\/wp\/v2\/product\/13527","targetHints":{"allow":["GET"]}}],"collection":[{"href":"https:\/\/mekulo.com\/dk\/wp-json\/wp\/v2\/product"}],"about":[{"href":"https:\/\/mekulo.com\/dk\/wp-json\/wp\/v2\/types\/product"}],"replies":[{"embeddable":true,"href":"https:\/\/mekulo.com\/dk\/wp-json\/wp\/v2\/comments?post=13527"}],"wp:featuredmedia":[{"embeddable":true,"href":"https:\/\/mekulo.com\/dk\/wp-json\/wp\/v2\/media\/13523"}],"wp:attachment":[{"href":"https:\/\/mekulo.com\/dk\/wp-json\/wp\/v2\/media?parent=13527"}],"wp:term":[{"taxonomy":"product_brand","embeddable":true,"href":"https:\/\/mekulo.com\/dk\/wp-json\/wp\/v2\/product_brand?post=13527"},{"taxonomy":"product_cat","embeddable":true,"href":"https:\/\/mekulo.com\/dk\/wp-json\/wp\/v2\/product_cat?post=13527"},{"taxonomy":"product_tag","embeddable":true,"href":"https:\/\/mekulo.com\/dk\/wp-json\/wp\/v2\/product_tag?post=13527"}],"curies":[{"name":"wp","href":"https:\/\/api.w.org\/{rel}","templated":true}]}}