{"id":633,"date":"2020-10-13T09:00:26","date_gmt":"2020-10-13T09:00:26","guid":{"rendered":"http:\/\/localhost\/razzi\/?page_id=633"},"modified":"2026-03-04T12:00:35","modified_gmt":"2026-03-04T10:00:35","slug":"om-os","status":"publish","type":"page","link":"https:\/\/mekulo.com\/dk\/om-os\/","title":{"rendered":"Om os"},"content":{"rendered":"\t\t<div data-elementor-type=\"wp-page\" data-elementor-id=\"633\" class=\"elementor elementor-633\" data-elementor-post-type=\"page\">\n\t\t\t\t<div class=\"elementor-element elementor-element-c107ec7 e-flex e-con-boxed e-con e-parent\" data-id=\"c107ec7\" data-element_type=\"container\">\n\t\t\t\t\t<div class=\"e-con-inner\">\n\t\t\t\t<div class=\"elementor-element elementor-element-3b1412d elementor-widget elementor-widget-heading\" data-id=\"3b1412d\" data-element_type=\"widget\" data-widget_type=\"heading.default\">\n\t\t\t\t\t<h1 class=\"elementor-heading-title elementor-size-default\">Hvem vi er<\/h1>\t\t\t\t<\/div>\n\t\t\t\t<div class=\"elementor-element elementor-element-b7aed60 elementor-widget elementor-widget-text-editor\" data-id=\"b7aed60\" data-element_type=\"widget\" data-widget_type=\"text-editor.default\">\n\t\t\t\t\t\t\t\t\t<p class=\"p1\" style=\"text-align: center;\">Velkommen til Mekulo! Vi er passionerede eksperter, der hj\u00e6lper dig med at forvandle dit hjem og din have til \u00e6gte oaser af velv\u00e6re. Vores mission er at tilbyde dig stilfulde produkter af h\u00f8j kvalitet, der forbedrer ethvert rum.<\/p>\t\t\t\t\t\t\t\t<\/div>\n\t\t\t\t\t<\/div>\n\t\t\t\t<\/div>\n\t\t<div class=\"elementor-element elementor-element-6a62fcd e-flex e-con-boxed elementor-invisible e-con e-parent\" data-id=\"6a62fcd\" data-element_type=\"container\" data-settings=\"{&quot;background_background&quot;:&quot;classic&quot;,&quot;animation&quot;:&quot;fadeIn&quot;,&quot;animation_delay&quot;:100}\">\n\t\t\t\t\t<div class=\"e-con-inner\">\n\t\t\t\t<div class=\"elementor-element elementor-element-d4414d2 elementor-widget elementor-widget-text-editor\" data-id=\"d4414d2\" data-element_type=\"widget\" data-widget_type=\"text-editor.default\">\n\t\t\t\t\t\t\t\t\t<div class=\"banner__box banner--transparent-white content-container content-container--full-width-mobile color-background-1 gradient\"><h3 class=\"banner__heading h1 title-with-highlight\" style=\"--hightlight-color: #6d388b;\"><span dir=\"auto\" style=\"vertical-align: inherit; color: #000000;\"><span dir=\"auto\" style=\"vertical-align: inherit;\">Virksomhedsoplysninger<\/span><\/span><\/h3><div class=\"banner__text body\">Virksomhedsnavn: UAB \u201cNovtra\u201d<br \/>Organisationsnummer: 306378020<br \/>Adresse: Sveikatos g. 29, Struik\u0173 k., \u0160ilal\u0117s r., Litauen<br \/>E-mail: info@mekulo.com<\/div><\/div>\t\t\t\t\t\t\t\t<\/div>\n\t\t\t\t\t<\/div>\n\t\t\t\t<\/div>\n\t\t<div class=\"elementor-element elementor-element-f884877 e-flex e-con-boxed elementor-invisible e-con e-parent\" data-id=\"f884877\" data-element_type=\"container\" data-settings=\"{&quot;animation&quot;:&quot;fadeIn&quot;}\">\n\t\t\t\t\t<div class=\"e-con-inner\">\n\t\t\t\t<div class=\"elementor-element elementor-element-2c45832 elementor-widget elementor-widget-heading\" data-id=\"2c45832\" data-element_type=\"widget\" data-widget_type=\"heading.default\">\n\t\t\t\t\t<h2 class=\"elementor-heading-title elementor-size-default\"><p style=\"margin: 0px;font-weight: 400;font-size: 12px;line-height: normal;font-family: Helvetica\">SP\u00d8RGSM\u00c5L OG SVAR<span style=\"font-family: Roboto, sans-serif;font-size: 40px;font-weight: 600\"><\/span><\/p><\/h2>\t\t\t\t<\/div>\n\t\t\t\t\t<\/div>\n\t\t\t\t<\/div>\n\t\t<div class=\"elementor-element elementor-element-02e682a animated-slow e-flex e-con-boxed elementor-invisible e-con e-parent\" data-id=\"02e682a\" data-element_type=\"container\" data-settings=\"{&quot;animation&quot;:&quot;fadeIn&quot;}\">\n\t\t\t\t\t<div class=\"e-con-inner\">\n\t\t\t\t<div class=\"elementor-element elementor-element-9837441 elementor-widget elementor-widget-heading\" data-id=\"9837441\" data-element_type=\"widget\" data-widget_type=\"heading.default\">\n\t\t\t\t\t<h2 class=\"elementor-heading-title elementor-size-default\">Ofte stillede <br>sp\u00f8rgsm\u00e5l<\/h2>\t\t\t\t<\/div>\n\t\t\t\t\t<\/div>\n\t\t\t\t<\/div>\n\t\t<div class=\"elementor-element elementor-element-ac1f756 e-flex e-con-boxed elementor-invisible e-con e-parent\" data-id=\"ac1f756\" data-element_type=\"container\" data-settings=\"{&quot;animation&quot;:&quot;fadeIn&quot;}\">\n\t\t\t\t\t<div class=\"e-con-inner\">\n\t\t\t\t<div class=\"elementor-element elementor-element-2b527e3 elementor-widget__width-initial elementor-widget elementor-widget-shortcode\" data-id=\"2b527e3\" data-element_type=\"widget\" data-widget_type=\"shortcode.default\">\n\t\t\t\t\t\t\t<div class=\"elementor-shortcode\"><style>#sp-ea-13452 .spcollapsing { height: 0; overflow: hidden; transition-property: height;transition-duration: 300ms;}#sp-ea-13452.sp-easy-accordion>.sp-ea-single {margin-bottom: 10px; border: 1px solid F6F3F0; }#sp-ea-13452.sp-easy-accordion>.sp-ea-single>.ea-header a {color: #444;}#sp-ea-13452.sp-easy-accordion>.sp-ea-single>.sp-collapse>.ea-body {background: #fff; color: #444;}#sp-ea-13452.sp-easy-accordion>.sp-ea-single {background: #f6f3f0;}#sp-ea-13452.sp-easy-accordion>.sp-ea-single>.ea-header a .ea-expand-icon { float: right; color: #444;font-size: 16px;}#sp-ea-13452.sp-easy-accordion>.sp-ea-single>.ea-header a .ea-expand-icon {margin-right: 0;}<\/style><div id=\"sp_easy_accordion-1767008361\"><div id=\"sp-ea-13452\" class=\"sp-ea-one sp-easy-accordion\" data-ea-active=\"ea-click\" data-ea-mode=\"vertical\" data-preloader=\"\" data-scroll-active-item=\"\" data-offset-to-scroll=\"0\"><div class=\"ea-card ea-expand sp-ea-single\"><h3 class=\"ea-header\"><a class=\"collapsed\" id=\"ea-header-134520\" role=\"button\" data-sptoggle=\"spcollapse\" data-sptarget=\"#collapse134520\" aria-controls=\"collapse134520\" href=\"#\" aria-expanded=\"true\" tabindex=\"0\"><i aria-hidden=\"true\" role=\"presentation\" class=\"ea-expand-icon eap-icon-ea-expand-minus\"><\/i> Hvor kan jeg finde min forsendelseskode?<\/a><\/h3><div class=\"sp-collapse spcollapse collapsed show\" id=\"collapse134520\" data-parent=\"#sp-ea-13452\" role=\"region\" aria-labelledby=\"ea-header-134520\"> <div class=\"ea-body\"><p>N\u00e5r din ordre er afsendt, modtager du et sporingsnummer via e-mail. Sporingskoden sendes normalt inden for 1-3 hverdage. Bem\u00e6rk, at det kan tage flere hverdage, f\u00f8r sporingskoden bliver aktiv.<\/p><\/div><\/div><\/div><div class=\"ea-card sp-ea-single\"><h3 class=\"ea-header\"><a class=\"collapsed\" id=\"ea-header-134521\" role=\"button\" data-sptoggle=\"spcollapse\" data-sptarget=\"#collapse134521\" aria-controls=\"collapse134521\" href=\"#\" aria-expanded=\"false\" tabindex=\"0\"><i aria-hidden=\"true\" role=\"presentation\" class=\"ea-expand-icon eap-icon-ea-expand-plus\"><\/i> Hvordan kan jeg se, hvor min ordre er?<\/a><\/h3><div class=\"sp-collapse spcollapse \" id=\"collapse134521\" data-parent=\"#sp-ea-13452\" role=\"region\" aria-labelledby=\"ea-header-134521\"> <div class=\"ea-body\"><p>Brug den sporingskode, du modtager via e-mail, til at spore status p\u00e5 din ordre. Indtast sporingsnummeret p\u00e5 sporingswebstedet\u00a0<a href=\"https:\/\/www.17track.net\/en\">17track<\/a>\u00a0for at kontrollere status p\u00e5 forsendelsen. Hvis det viser, at forsendelsen ikke har nogen oplysninger, skal du v\u00e6lge YunExpress som transport\u00f8r for forsendelsen.<\/p><p>Sporingskoden sendes sammen med e-mailen om ordreafslutning, som du b\u00f8r modtage inden for 1-3 arbejdsdage efter afgivelse af den oprindelige ordre. Hvis du stadig ikke har modtaget et sporingsnummer efter 1-3 dage, bedes du kontakte os.<\/p><\/div><\/div><\/div><div class=\"ea-card sp-ea-single\"><h3 class=\"ea-header\"><a class=\"collapsed\" id=\"ea-header-134522\" role=\"button\" data-sptoggle=\"spcollapse\" data-sptarget=\"#collapse134522\" aria-controls=\"collapse134522\" href=\"#\" aria-expanded=\"false\" tabindex=\"0\"><i aria-hidden=\"true\" role=\"presentation\" class=\"ea-expand-icon eap-icon-ea-expand-plus\"><\/i> Hvad hvis jeg ikke er tilfreds med min ordre?<\/a><\/h3><div class=\"sp-collapse spcollapse \" id=\"collapse134522\" data-parent=\"#sp-ea-13452\" role=\"region\" aria-labelledby=\"ea-header-134522\"> <div class=\"ea-body\"><p>Hvis du ikke er tilfreds med din ordre, bedes du kontakte os p\u00e5 info@mekulo.com. Beskriv dit problem s\u00e5 detaljeret som muligt ved at vedl\u00e6gge et foto eller en video. Efter at have vurderet problemet med det bestilte produkt, vil vi fors\u00f8ge at svare s\u00e5 hurtigt som muligt og finde en gensidig l\u00f8sning p\u00e5 problemet.<\/p><p>Derudover kan alle ordrer refunderes inden for 14 arbejdsdage. L\u00e6s mere p\u00e5\u00a0<a href=\"https:\/\/mekulo.com\/dk\/forsendelse-og-returnering\/\">Forsendelse og returnering<\/a>.<\/p><\/div><\/div><\/div><div class=\"ea-card sp-ea-single\"><h3 class=\"ea-header\"><a class=\"collapsed\" id=\"ea-header-134523\" role=\"button\" data-sptoggle=\"spcollapse\" data-sptarget=\"#collapse134523\" aria-controls=\"collapse134523\" href=\"#\" aria-expanded=\"false\" tabindex=\"0\"><i aria-hidden=\"true\" role=\"presentation\" class=\"ea-expand-icon eap-icon-ea-expand-plus\"><\/i> Er mine betalingsoplysninger sikre?<\/a><\/h3><div class=\"sp-collapse spcollapse \" id=\"collapse134523\" data-parent=\"#sp-ea-13452\" role=\"region\" aria-labelledby=\"ea-header-134523\"> <div class=\"ea-body\"><p>Vi bruger SSL-kryptering (Secure Socket Layer), som sikrer, at dine data overf\u00f8res sikkert mellem din browser og vores servere. Dette giver ekstra beskyttelse mod datatyveri og sikrer, at dine personlige betalingsoplysninger er sikre.<\/p><\/div><\/div><\/div><div class=\"ea-card sp-ea-single\"><h3 class=\"ea-header\"><a class=\"collapsed\" id=\"ea-header-134524\" role=\"button\" data-sptoggle=\"spcollapse\" data-sptarget=\"#collapse134524\" aria-controls=\"collapse134524\" href=\"#\" aria-expanded=\"false\" tabindex=\"0\"><i aria-hidden=\"true\" role=\"presentation\" class=\"ea-expand-icon eap-icon-ea-expand-plus\"><\/i> Hvordan kan jeg returnere et produkt?<\/a><\/h3><div class=\"sp-collapse spcollapse \" id=\"collapse134524\" data-parent=\"#sp-ea-13452\" role=\"region\" aria-labelledby=\"ea-header-134524\"> <div class=\"ea-body\"><p>Kontakt os p\u00e5 info@mekulo.com for mere information om returnering af produkter. Alle k\u00f8b kan returneres inden for 14 hverdage uden angivelse af \u00e5rsag. Kontakt os, s\u00e5 giver vi dig alle de n\u00f8dvendige oplysninger til at returnere pakken.<\/p><p>Vores returadresse er:<br \/>Vienyb\u0117s g. 5, \u0160ilal\u0117, LT-75129, Litauen<\/p><p>L\u00e6s mere under\u00a0<a href=\"https:\/\/mekulo.com\/dk\/forsendelse-og-returnering\/\">Forsendelse og returnering<\/a>.<\/p><\/div><\/div><\/div><div class=\"ea-card sp-ea-single\"><h3 class=\"ea-header\"><a class=\"collapsed\" id=\"ea-header-134525\" role=\"button\" data-sptoggle=\"spcollapse\" data-sptarget=\"#collapse134525\" aria-controls=\"collapse134525\" href=\"#\" aria-expanded=\"false\" tabindex=\"0\"><i aria-hidden=\"true\" role=\"presentation\" class=\"ea-expand-icon eap-icon-ea-expand-plus\"><\/i> Fandt du ikke svaret p\u00e5 dit sp\u00f8rgsm\u00e5l?<\/a><\/h3><div class=\"sp-collapse spcollapse \" id=\"collapse134525\" data-parent=\"#sp-ea-13452\" role=\"region\" aria-labelledby=\"ea-header-134525\"> <div class=\"ea-body\"><p>Hvis du har ubesvarede sp\u00f8rgsm\u00e5l eller har brug for yderligere oplysninger, bedes du kontakte os p\u00e5 info@mekulo.com.<\/p><p>Vores kundeserviceteam st\u00e5r altid klar til at hj\u00e6lpe og besvare dine sp\u00f8rgsm\u00e5l. Vi besvarer sp\u00f8rgsm\u00e5l inden for 24 timer.<\/p><\/div><\/div><\/div><\/div><\/div><\/div>\n\t\t\t\t\t\t<\/div>\n\t\t\t\t\t<\/div>\n\t\t\t\t<\/div>\n\t\t<div class=\"elementor-element elementor-element-d32996f e-flex e-con-boxed e-con e-parent\" data-id=\"d32996f\" data-element_type=\"container\">\n\t\t\t\t\t<div class=\"e-con-inner\">\n\t\t\t\t<div class=\"elementor-element elementor-element-1a2a253 elementor-align-center elementor-widget elementor-widget-button\" data-id=\"1a2a253\" data-element_type=\"widget\" data-widget_type=\"button.default\">\n\t\t\t\t\t\t\t\t\t\t<a class=\"elementor-button elementor-button-link elementor-size-sm\" href=\"https:\/\/mekulo.com\/dk\/kontakt-os\/\">\n\t\t\t\t\t\t<span class=\"elementor-button-content-wrapper\">\n\t\t\t\t\t\t<span class=\"elementor-button-icon\">\n\t\t\t\t<svg aria-hidden=\"true\" class=\"e-font-icon-svg e-fas-long-arrow-alt-right\" viewBox=\"0 0 448 512\" xmlns=\"http:\/\/www.w3.org\/2000\/svg\"><path d=\"M313.941 216H12c-6.627 0-12 5.373-12 12v56c0 6.627 5.373 12 12 12h301.941v46.059c0 21.382 25.851 32.09 40.971 16.971l86.059-86.059c9.373-9.373 9.373-24.569 0-33.941l-86.059-86.059c-15.119-15.119-40.971-4.411-40.971 16.971V216z\"><\/path><\/svg>\t\t\t<\/span>\n\t\t\t\t\t\t\t\t\t<span class=\"elementor-button-text\">Kontakt os<\/span>\n\t\t\t\t\t<\/span>\n\t\t\t\t\t<\/a>\n\t\t\t\t\t\t\t\t<\/div>\n\t\t\t\t\t<\/div>\n\t\t\t\t<\/div>\n\t\t\t\t<\/div>\n\t\t","protected":false},"excerpt":{"rendered":"<p>Hvem vi er Velkommen til Mekulo! Vi er passionerede eksperter, der hj\u00e6lper dig med at forvandle dit hjem og din [&hellip;]<\/p>\n","protected":false},"author":1,"featured_media":0,"parent":0,"menu_order":0,"comment_status":"closed","ping_status":"closed","template":"","meta":{"site-sidebar-layout":"no-sidebar","site-content-layout":"","ast-site-content-layout":"full-width-container","site-content-style":"default","site-sidebar-style":"default","ast-global-header-display":"","ast-banner-title-visibility":"","ast-main-header-display":"","ast-hfb-above-header-display":"","ast-hfb-below-header-display":"","ast-hfb-mobile-header-display":"","site-post-title":"disabled","ast-breadcrumbs-content":"","ast-featured-img":"","footer-sml-layout":"","theme-transparent-header-meta":"","adv-header-id-meta":"","stick-header-meta":"","header-above-stick-meta":"","header-main-stick-meta":"","header-below-stick-meta":"","astra-migrate-meta-layouts":"default","ast-page-background-enabled":"default","ast-page-background-meta":{"desktop":{"background-color":"var(--ast-global-color-5)","background-image":"","background-repeat":"repeat","background-position":"center center","background-size":"auto","background-attachment":"scroll","background-type":"","background-media":"","overlay-type":"","overlay-color":"","overlay-opacity":"","overlay-gradient":""},"tablet":{"background-color":"","background-image":"","background-repeat":"repeat","background-position":"center center","background-size":"auto","background-attachment":"scroll","background-type":"","background-media":"","overlay-type":"","overlay-color":"","overlay-opacity":"","overlay-gradient":""},"mobile":{"background-color":"","background-image":"","background-repeat":"repeat","background-position":"center center","background-size":"auto","background-attachment":"scroll","background-type":"","background-media":"","overlay-type":"","overlay-color":"","overlay-opacity":"","overlay-gradient":""}},"ast-content-background-meta":{"desktop":{"background-color":"var(--ast-global-color-4)","background-image":"","background-repeat":"repeat","background-position":"center center","background-size":"auto","background-attachment":"scroll","background-type":"","background-media":"","overlay-type":"","overlay-color":"","overlay-opacity":"","overlay-gradient":""},"tablet":{"background-color":"var(--ast-global-color-4)","background-image":"","background-repeat":"repeat","background-position":"center center","background-size":"auto","background-attachment":"scroll","background-type":"","background-media":"","overlay-type":"","overlay-color":"","overlay-opacity":"","overlay-gradient":""},"mobile":{"background-color":"var(--ast-global-color-4)","background-image":"","background-repeat":"repeat","background-position":"center center","background-size":"auto","background-attachment":"scroll","background-type":"","background-media":"","overlay-type":"","overlay-color":"","overlay-opacity":"","overlay-gradient":""}},"footnotes":""},"class_list":["post-633","page","type-page","status-publish","hentry"],"yoast_head":"<!-- This site is optimized with the Yoast SEO plugin v26.6 - https:\/\/yoast.com\/wordpress\/plugins\/seo\/ -->\n<title>Om os - Mekulo DK<\/title>\n<meta name=\"robots\" content=\"index, follow, max-snippet:-1, max-image-preview:large, max-video-preview:-1\" \/>\n<link rel=\"canonical\" href=\"https:\/\/mekulo.com\/dk\/om-os\/\" \/>\n<meta property=\"og:locale\" content=\"da_DK\" \/>\n<meta property=\"og:type\" content=\"article\" \/>\n<meta property=\"og:title\" content=\"Om os - Mekulo DK\" \/>\n<meta property=\"og:description\" content=\"Hvem vi er Velkommen til Mekulo! Vi er passionerede eksperter, der hj\u00e6lper dig med at forvandle dit hjem og din [&hellip;]\" \/>\n<meta property=\"og:url\" content=\"https:\/\/mekulo.com\/dk\/om-os\/\" \/>\n<meta property=\"og:site_name\" content=\"Mekulo DK\" \/>\n<meta property=\"article:modified_time\" content=\"2026-03-04T10:00:35+00:00\" \/>\n<meta name=\"twitter:card\" content=\"summary_large_image\" \/>\n<meta name=\"twitter:label1\" content=\"Estimeret l\u00e6setid\" \/>\n\t<meta name=\"twitter:data1\" content=\"3 minutter\" \/>\n<script type=\"application\/ld+json\" class=\"yoast-schema-graph\">{\"@context\":\"https:\/\/schema.org\",\"@graph\":[{\"@type\":\"WebPage\",\"@id\":\"https:\/\/mekulo.com\/dk\/om-os\/\",\"url\":\"https:\/\/mekulo.com\/dk\/om-os\/\",\"name\":\"Om os - Mekulo DK\",\"isPartOf\":{\"@id\":\"https:\/\/mekulo.com\/dk\/#website\"},\"datePublished\":\"2020-10-13T09:00:26+00:00\",\"dateModified\":\"2026-03-04T10:00:35+00:00\",\"breadcrumb\":{\"@id\":\"https:\/\/mekulo.com\/dk\/om-os\/#breadcrumb\"},\"inLanguage\":\"da-DK\",\"potentialAction\":[{\"@type\":\"ReadAction\",\"target\":[\"https:\/\/mekulo.com\/dk\/om-os\/\"]}]},{\"@type\":\"BreadcrumbList\",\"@id\":\"https:\/\/mekulo.com\/dk\/om-os\/#breadcrumb\",\"itemListElement\":[{\"@type\":\"ListItem\",\"position\":1,\"name\":\"Home\",\"item\":\"https:\/\/mekulo.com\/dk\/\"},{\"@type\":\"ListItem\",\"position\":2,\"name\":\"Om os\"}]},{\"@type\":\"WebSite\",\"@id\":\"https:\/\/mekulo.com\/dk\/#website\",\"url\":\"https:\/\/mekulo.com\/dk\/\",\"name\":\"Mekulo DK\",\"description\":\"\",\"publisher\":{\"@id\":\"https:\/\/mekulo.com\/dk\/#organization\"},\"potentialAction\":[{\"@type\":\"SearchAction\",\"target\":{\"@type\":\"EntryPoint\",\"urlTemplate\":\"https:\/\/mekulo.com\/dk\/?s={search_term_string}\"},\"query-input\":{\"@type\":\"PropertyValueSpecification\",\"valueRequired\":true,\"valueName\":\"search_term_string\"}}],\"inLanguage\":\"da-DK\"},{\"@type\":\"Organization\",\"@id\":\"https:\/\/mekulo.com\/dk\/#organization\",\"name\":\"Mekulo\",\"url\":\"https:\/\/mekulo.com\/dk\/\",\"logo\":{\"@type\":\"ImageObject\",\"inLanguage\":\"da-DK\",\"@id\":\"https:\/\/mekulo.com\/dk\/#\/schema\/logo\/image\/\",\"url\":\"https:\/\/mekulo.com\/dk\/wp-content\/uploads\/sites\/12\/2025\/12\/favicon_mekulo.png\",\"contentUrl\":\"https:\/\/mekulo.com\/dk\/wp-content\/uploads\/sites\/12\/2025\/12\/favicon_mekulo.png\",\"width\":50,\"height\":50,\"caption\":\"Mekulo\"},\"image\":{\"@id\":\"https:\/\/mekulo.com\/dk\/#\/schema\/logo\/image\/\"}}]}<\/script>\n<!-- \/ Yoast SEO plugin. -->","yoast_head_json":{"title":"Om os - Mekulo DK","robots":{"index":"index","follow":"follow","max-snippet":"max-snippet:-1","max-image-preview":"max-image-preview:large","max-video-preview":"max-video-preview:-1"},"canonical":"https:\/\/mekulo.com\/dk\/om-os\/","og_locale":"da_DK","og_type":"article","og_title":"Om os - Mekulo DK","og_description":"Hvem vi er Velkommen til Mekulo! Vi er passionerede eksperter, der hj\u00e6lper dig med at forvandle dit hjem og din [&hellip;]","og_url":"https:\/\/mekulo.com\/dk\/om-os\/","og_site_name":"Mekulo DK","article_modified_time":"2026-03-04T10:00:35+00:00","twitter_card":"summary_large_image","twitter_misc":{"Estimeret l\u00e6setid":"3 minutter"},"schema":{"@context":"https:\/\/schema.org","@graph":[{"@type":"WebPage","@id":"https:\/\/mekulo.com\/dk\/om-os\/","url":"https:\/\/mekulo.com\/dk\/om-os\/","name":"Om os - Mekulo DK","isPartOf":{"@id":"https:\/\/mekulo.com\/dk\/#website"},"datePublished":"2020-10-13T09:00:26+00:00","dateModified":"2026-03-04T10:00:35+00:00","breadcrumb":{"@id":"https:\/\/mekulo.com\/dk\/om-os\/#breadcrumb"},"inLanguage":"da-DK","potentialAction":[{"@type":"ReadAction","target":["https:\/\/mekulo.com\/dk\/om-os\/"]}]},{"@type":"BreadcrumbList","@id":"https:\/\/mekulo.com\/dk\/om-os\/#breadcrumb","itemListElement":[{"@type":"ListItem","position":1,"name":"Home","item":"https:\/\/mekulo.com\/dk\/"},{"@type":"ListItem","position":2,"name":"Om os"}]},{"@type":"WebSite","@id":"https:\/\/mekulo.com\/dk\/#website","url":"https:\/\/mekulo.com\/dk\/","name":"Mekulo DK","description":"","publisher":{"@id":"https:\/\/mekulo.com\/dk\/#organization"},"potentialAction":[{"@type":"SearchAction","target":{"@type":"EntryPoint","urlTemplate":"https:\/\/mekulo.com\/dk\/?s={search_term_string}"},"query-input":{"@type":"PropertyValueSpecification","valueRequired":true,"valueName":"search_term_string"}}],"inLanguage":"da-DK"},{"@type":"Organization","@id":"https:\/\/mekulo.com\/dk\/#organization","name":"Mekulo","url":"https:\/\/mekulo.com\/dk\/","logo":{"@type":"ImageObject","inLanguage":"da-DK","@id":"https:\/\/mekulo.com\/dk\/#\/schema\/logo\/image\/","url":"https:\/\/mekulo.com\/dk\/wp-content\/uploads\/sites\/12\/2025\/12\/favicon_mekulo.png","contentUrl":"https:\/\/mekulo.com\/dk\/wp-content\/uploads\/sites\/12\/2025\/12\/favicon_mekulo.png","width":50,"height":50,"caption":"Mekulo"},"image":{"@id":"https:\/\/mekulo.com\/dk\/#\/schema\/logo\/image\/"}}]}},"_links":{"self":[{"href":"https:\/\/mekulo.com\/dk\/wp-json\/wp\/v2\/pages\/633","targetHints":{"allow":["GET"]}}],"collection":[{"href":"https:\/\/mekulo.com\/dk\/wp-json\/wp\/v2\/pages"}],"about":[{"href":"https:\/\/mekulo.com\/dk\/wp-json\/wp\/v2\/types\/page"}],"author":[{"embeddable":true,"href":"https:\/\/mekulo.com\/dk\/wp-json\/wp\/v2\/users\/1"}],"replies":[{"embeddable":true,"href":"https:\/\/mekulo.com\/dk\/wp-json\/wp\/v2\/comments?post=633"}],"version-history":[{"count":103,"href":"https:\/\/mekulo.com\/dk\/wp-json\/wp\/v2\/pages\/633\/revisions"}],"predecessor-version":[{"id":26272,"href":"https:\/\/mekulo.com\/dk\/wp-json\/wp\/v2\/pages\/633\/revisions\/26272"}],"wp:attachment":[{"href":"https:\/\/mekulo.com\/dk\/wp-json\/wp\/v2\/media?parent=633"}],"curies":[{"name":"wp","href":"https:\/\/api.w.org\/{rel}","templated":true}]}}