{"id":584,"date":"2020-10-13T06:47:01","date_gmt":"2020-10-13T06:47:01","guid":{"rendered":"http:\/\/localhost\/razzi\/?page_id=584"},"modified":"2025-12-29T14:31:57","modified_gmt":"2025-12-29T12:31:57","slug":"kontakt-os","status":"publish","type":"page","link":"https:\/\/mekulo.com\/dk\/kontakt-os\/","title":{"rendered":"Kontakt os"},"content":{"rendered":"\t\t<div data-elementor-type=\"wp-page\" data-elementor-id=\"584\" class=\"elementor elementor-584\" data-elementor-post-type=\"page\">\n\t\t\t\t<div class=\"elementor-element elementor-element-400e5cc e-flex e-con-boxed e-con e-parent\" data-id=\"400e5cc\" data-element_type=\"container\">\n\t\t\t\t\t<div class=\"e-con-inner\">\n\t\t\t\t<div class=\"elementor-element elementor-element-9f2b69c elementor-widget elementor-widget-heading\" data-id=\"9f2b69c\" data-element_type=\"widget\" data-widget_type=\"heading.default\">\n\t\t\t\t\t<h2 class=\"elementor-heading-title elementor-size-default\">Kontakt os<\/h2>\t\t\t\t<\/div>\n\t\t\t\t<div class=\"elementor-element elementor-element-4d79b7d elementor-widget elementor-widget-text-editor\" data-id=\"4d79b7d\" data-element_type=\"widget\" data-widget_type=\"text-editor.default\">\n\t\t\t\t\t\t\t\t\t<p>Vi vender tilbage inden for 24 timer.<\/p>\t\t\t\t\t\t\t\t<\/div>\n\t\t\t\t\t<\/div>\n\t\t\t\t<\/div>\n\t\t<div class=\"elementor-element elementor-element-c42eaeb e-flex e-con-boxed e-con e-parent\" data-id=\"c42eaeb\" data-element_type=\"container\">\n\t\t\t\t\t<div class=\"e-con-inner\">\n\t\t\t\t<div class=\"elementor-element elementor-element-6b81d78 eael-wpforms-form-button-custom elementor-widget elementor-widget-eael-wpforms\" data-id=\"6b81d78\" data-element_type=\"widget\" data-widget_type=\"eael-wpforms.default\">\n\t\t\t\t\t            <div class=\"eael-contact-form eael-wpforms eael-wpforms-align-default\">\n                                <div class=\"wpforms-container wpforms-container-full wpforms-render-modern\" id=\"wpforms-12152\"><form id=\"wpforms-form-12152\" class=\"wpforms-validate wpforms-form wpforms-ajax-form\" data-formid=\"12152\" method=\"post\" enctype=\"multipart\/form-data\" action=\"\/dk\/wp-json\/wp\/v2\/pages\/584\" data-token=\"e68662f8ff6a0d62a3c5acbb600f7c60\" data-token-time=\"1776738679\"><noscript class=\"wpforms-error-noscript\">Please enable JavaScript in your browser to complete this form.<\/noscript><div id=\"wpforms-error-noscript\" style=\"display: none;\">Please enable JavaScript in your browser to complete this form.<\/div><div class=\"wpforms-field-container\"><div id=\"wpforms-12152-field_1-container\" class=\"wpforms-field wpforms-field-name wpforms-first wpforms-one-half\" data-field-id=\"1\"><label class=\"wpforms-field-label wpforms-label-hide\" for=\"wpforms-12152-field_1\" aria-hidden=\"false\">Navn <span class=\"wpforms-required-label\" aria-hidden=\"true\">*<\/span><\/label><input type=\"text\" id=\"wpforms-12152-field_1\" class=\"wpforms-field-large wpforms-field-required\" name=\"wpforms[fields][1]\" placeholder=\"Navn\" aria-errormessage=\"wpforms-12152-field_1-error\" required><\/div>\t\t<div id=\"wpforms-12152-field_4-container\"\n\t\t\tclass=\"wpforms-field wpforms-field-text\"\n\t\t\tdata-field-type=\"text\"\n\t\t\tdata-field-id=\"4\"\n\t\t\t>\n\t\t\t<label class=\"wpforms-field-label\" for=\"wpforms-12152-field_4\" >Navn besked Kommentar<\/label>\n\t\t\t<input type=\"text\" id=\"wpforms-12152-field_4\" class=\"wpforms-field-medium\" name=\"wpforms[fields][4]\" >\n\t\t<\/div>\n\t\t<div id=\"wpforms-12152-field_2-container\" class=\"wpforms-field wpforms-field-email\" data-field-id=\"2\"><label class=\"wpforms-field-label\" for=\"wpforms-12152-field_2\">E-mail <span class=\"wpforms-required-label\" aria-hidden=\"true\">*<\/span><\/label><input type=\"email\" id=\"wpforms-12152-field_2\" class=\"wpforms-field-large wpforms-field-required\" name=\"wpforms[fields][2]\" placeholder=\"E-mail\" spellcheck=\"false\" aria-errormessage=\"wpforms-12152-field_2-error\" required><\/div><div id=\"wpforms-12152-field_3-container\" class=\"wpforms-field wpforms-field-textarea\" data-field-id=\"3\"><label class=\"wpforms-field-label\" for=\"wpforms-12152-field_3\">Kommentar eller besked<\/label><textarea id=\"wpforms-12152-field_3\" class=\"wpforms-field-medium\" name=\"wpforms[fields][3]\" placeholder=\"Kommentar\" aria-errormessage=\"wpforms-12152-field_3-error\" ><\/textarea><\/div><script>\n\t\t\t\t( function() {\n\t\t\t\t\tconst style = document.createElement( 'style' );\n\t\t\t\t\tstyle.appendChild( document.createTextNode( '#wpforms-12152-field_4-container { position: absolute !important; overflow: hidden !important; display: inline !important; height: 1px !important; width: 1px !important; z-index: -1000 !important; padding: 0 !important; } #wpforms-12152-field_4-container input { visibility: hidden; } #wpforms-conversational-form-page #wpforms-12152-field_4-container label { counter-increment: none; }' ) );\n\t\t\t\t\tdocument.head.appendChild( style );\n\t\t\t\t\tdocument.currentScript?.remove();\n\t\t\t\t} )();\n\t\t\t<\/script><\/div><!-- .wpforms-field-container --><div class=\"wpforms-submit-container\" ><input type=\"hidden\" name=\"wpforms[id]\" value=\"12152\"><input type=\"hidden\" name=\"page_title\" value=\"\"><input type=\"hidden\" name=\"page_url\" value=\"https:\/\/mekulo.com\/dk\/wp-json\/wp\/v2\/pages\/584\"><input type=\"hidden\" name=\"url_referer\" value=\"\"><button type=\"submit\" name=\"wpforms[submit]\" id=\"wpforms-submit-12152\" class=\"wpforms-submit\" data-alt-text=\"Sender...\" data-submit-text=\"Indsend\" aria-live=\"assertive\" value=\"wpforms-submit\">Indsend<\/button><img decoding=\"async\" src=\"https:\/\/mekulo.com\/dk\/wp-content\/plugins\/wpforms-lite\/assets\/images\/submit-spin.svg\" class=\"wpforms-submit-spinner\" style=\"display: none;\" width=\"26\" height=\"26\" alt=\"Loading\"><\/div><\/form><\/div>  <!-- .wpforms-container -->            <\/div>\n\t\t\t\t<\/div>\n\t\t\t\t\t<\/div>\n\t\t\t\t<\/div>\n\t\t<div class=\"elementor-element elementor-element-f2e264c animated-slow e-flex e-con-boxed elementor-invisible e-con e-parent\" data-id=\"f2e264c\" data-element_type=\"container\" data-settings=\"{&quot;animation&quot;:&quot;fadeIn&quot;}\">\n\t\t\t\t\t<div class=\"e-con-inner\">\n\t\t\t\t<div class=\"elementor-element elementor-element-18b8f79 elementor-widget elementor-widget-heading\" data-id=\"18b8f79\" data-element_type=\"widget\" data-widget_type=\"heading.default\">\n\t\t\t\t\t<h2 class=\"elementor-heading-title elementor-size-default\">Ofte stillede <br>sp\u00f8rgsm\u00e5l<\/h2>\t\t\t\t<\/div>\n\t\t\t\t\t<\/div>\n\t\t\t\t<\/div>\n\t\t<div class=\"elementor-element elementor-element-9434c02 e-flex e-con-boxed elementor-invisible e-con e-parent\" data-id=\"9434c02\" data-element_type=\"container\" data-settings=\"{&quot;animation&quot;:&quot;fadeIn&quot;}\">\n\t\t\t\t\t<div class=\"e-con-inner\">\n\t\t\t\t<div class=\"elementor-element elementor-element-4851992 elementor-widget__width-initial elementor-widget elementor-widget-shortcode\" data-id=\"4851992\" data-element_type=\"widget\" data-widget_type=\"shortcode.default\">\n\t\t\t\t\t\t\t<div class=\"elementor-shortcode\"><style>#sp-ea-13452 .spcollapsing { height: 0; overflow: hidden; transition-property: height;transition-duration: 300ms;}#sp-ea-13452.sp-easy-accordion>.sp-ea-single {margin-bottom: 10px; border: 1px solid F6F3F0; }#sp-ea-13452.sp-easy-accordion>.sp-ea-single>.ea-header a {color: #444;}#sp-ea-13452.sp-easy-accordion>.sp-ea-single>.sp-collapse>.ea-body {background: #fff; color: #444;}#sp-ea-13452.sp-easy-accordion>.sp-ea-single {background: #f6f3f0;}#sp-ea-13452.sp-easy-accordion>.sp-ea-single>.ea-header a .ea-expand-icon { float: right; color: #444;font-size: 16px;}#sp-ea-13452.sp-easy-accordion>.sp-ea-single>.ea-header a .ea-expand-icon {margin-right: 0;}<\/style><div id=\"sp_easy_accordion-1767008361\"><div id=\"sp-ea-13452\" class=\"sp-ea-one sp-easy-accordion\" data-ea-active=\"ea-click\" data-ea-mode=\"vertical\" data-preloader=\"\" data-scroll-active-item=\"\" data-offset-to-scroll=\"0\"><div class=\"ea-card ea-expand sp-ea-single\"><h3 class=\"ea-header\"><a class=\"collapsed\" id=\"ea-header-134520\" role=\"button\" data-sptoggle=\"spcollapse\" data-sptarget=\"#collapse134520\" aria-controls=\"collapse134520\" href=\"#\" aria-expanded=\"true\" tabindex=\"0\"><i aria-hidden=\"true\" role=\"presentation\" class=\"ea-expand-icon eap-icon-ea-expand-minus\"><\/i> Hvor kan jeg finde min forsendelseskode?<\/a><\/h3><div class=\"sp-collapse spcollapse collapsed show\" id=\"collapse134520\" data-parent=\"#sp-ea-13452\" role=\"region\" aria-labelledby=\"ea-header-134520\"> <div class=\"ea-body\"><p>N\u00e5r din ordre er afsendt, modtager du et sporingsnummer via e-mail. Sporingskoden sendes normalt inden for 1-3 hverdage. Bem\u00e6rk, at det kan tage flere hverdage, f\u00f8r sporingskoden bliver aktiv.<\/p><\/div><\/div><\/div><div class=\"ea-card sp-ea-single\"><h3 class=\"ea-header\"><a class=\"collapsed\" id=\"ea-header-134521\" role=\"button\" data-sptoggle=\"spcollapse\" data-sptarget=\"#collapse134521\" aria-controls=\"collapse134521\" href=\"#\" aria-expanded=\"false\" tabindex=\"0\"><i aria-hidden=\"true\" role=\"presentation\" class=\"ea-expand-icon eap-icon-ea-expand-plus\"><\/i> Hvordan kan jeg se, hvor min ordre er?<\/a><\/h3><div class=\"sp-collapse spcollapse \" id=\"collapse134521\" data-parent=\"#sp-ea-13452\" role=\"region\" aria-labelledby=\"ea-header-134521\"> <div class=\"ea-body\"><p>Brug den sporingskode, du modtager via e-mail, til at spore status p\u00e5 din ordre. Indtast sporingsnummeret p\u00e5 sporingswebstedet\u00a0<a href=\"https:\/\/www.17track.net\/en\">17track<\/a>\u00a0for at kontrollere status p\u00e5 forsendelsen. Hvis det viser, at forsendelsen ikke har nogen oplysninger, skal du v\u00e6lge YunExpress som transport\u00f8r for forsendelsen.<\/p><p>Sporingskoden sendes sammen med e-mailen om ordreafslutning, som du b\u00f8r modtage inden for 1-3 arbejdsdage efter afgivelse af den oprindelige ordre. Hvis du stadig ikke har modtaget et sporingsnummer efter 1-3 dage, bedes du kontakte os.<\/p><\/div><\/div><\/div><div class=\"ea-card sp-ea-single\"><h3 class=\"ea-header\"><a class=\"collapsed\" id=\"ea-header-134522\" role=\"button\" data-sptoggle=\"spcollapse\" data-sptarget=\"#collapse134522\" aria-controls=\"collapse134522\" href=\"#\" aria-expanded=\"false\" tabindex=\"0\"><i aria-hidden=\"true\" role=\"presentation\" class=\"ea-expand-icon eap-icon-ea-expand-plus\"><\/i> Hvad hvis jeg ikke er tilfreds med min ordre?<\/a><\/h3><div class=\"sp-collapse spcollapse \" id=\"collapse134522\" data-parent=\"#sp-ea-13452\" role=\"region\" aria-labelledby=\"ea-header-134522\"> <div class=\"ea-body\"><p>Hvis du ikke er tilfreds med din ordre, bedes du kontakte os p\u00e5 info@mekulo.com. Beskriv dit problem s\u00e5 detaljeret som muligt ved at vedl\u00e6gge et foto eller en video. Efter at have vurderet problemet med det bestilte produkt, vil vi fors\u00f8ge at svare s\u00e5 hurtigt som muligt og finde en gensidig l\u00f8sning p\u00e5 problemet.<\/p><p>Derudover kan alle ordrer refunderes inden for 14 arbejdsdage. L\u00e6s mere p\u00e5\u00a0<a href=\"https:\/\/mekulo.com\/dk\/forsendelse-og-returnering\/\">Forsendelse og returnering<\/a>.<\/p><\/div><\/div><\/div><div class=\"ea-card sp-ea-single\"><h3 class=\"ea-header\"><a class=\"collapsed\" id=\"ea-header-134523\" role=\"button\" data-sptoggle=\"spcollapse\" data-sptarget=\"#collapse134523\" aria-controls=\"collapse134523\" href=\"#\" aria-expanded=\"false\" tabindex=\"0\"><i aria-hidden=\"true\" role=\"presentation\" class=\"ea-expand-icon eap-icon-ea-expand-plus\"><\/i> Er mine betalingsoplysninger sikre?<\/a><\/h3><div class=\"sp-collapse spcollapse \" id=\"collapse134523\" data-parent=\"#sp-ea-13452\" role=\"region\" aria-labelledby=\"ea-header-134523\"> <div class=\"ea-body\"><p>Vi bruger SSL-kryptering (Secure Socket Layer), som sikrer, at dine data overf\u00f8res sikkert mellem din browser og vores servere. Dette giver ekstra beskyttelse mod datatyveri og sikrer, at dine personlige betalingsoplysninger er sikre.<\/p><\/div><\/div><\/div><div class=\"ea-card sp-ea-single\"><h3 class=\"ea-header\"><a class=\"collapsed\" id=\"ea-header-134524\" role=\"button\" data-sptoggle=\"spcollapse\" data-sptarget=\"#collapse134524\" aria-controls=\"collapse134524\" href=\"#\" aria-expanded=\"false\" tabindex=\"0\"><i aria-hidden=\"true\" role=\"presentation\" class=\"ea-expand-icon eap-icon-ea-expand-plus\"><\/i> Hvordan kan jeg returnere et produkt?<\/a><\/h3><div class=\"sp-collapse spcollapse \" id=\"collapse134524\" data-parent=\"#sp-ea-13452\" role=\"region\" aria-labelledby=\"ea-header-134524\"> <div class=\"ea-body\"><p>Kontakt os p\u00e5 info@mekulo.com for mere information om returnering af produkter. Alle k\u00f8b kan returneres inden for 14 hverdage uden angivelse af \u00e5rsag. Kontakt os, s\u00e5 giver vi dig alle de n\u00f8dvendige oplysninger til at returnere pakken.<\/p><p>Vores returadresse er:<br \/>Vienyb\u0117s g. 5, \u0160ilal\u0117, LT-75129, Litauen<\/p><p>L\u00e6s mere under\u00a0<a href=\"https:\/\/mekulo.com\/dk\/forsendelse-og-returnering\/\">Forsendelse og returnering<\/a>.<\/p><\/div><\/div><\/div><div class=\"ea-card sp-ea-single\"><h3 class=\"ea-header\"><a class=\"collapsed\" id=\"ea-header-134525\" role=\"button\" data-sptoggle=\"spcollapse\" data-sptarget=\"#collapse134525\" aria-controls=\"collapse134525\" href=\"#\" aria-expanded=\"false\" tabindex=\"0\"><i aria-hidden=\"true\" role=\"presentation\" class=\"ea-expand-icon eap-icon-ea-expand-plus\"><\/i> Fandt du ikke svaret p\u00e5 dit sp\u00f8rgsm\u00e5l?<\/a><\/h3><div class=\"sp-collapse spcollapse \" id=\"collapse134525\" data-parent=\"#sp-ea-13452\" role=\"region\" aria-labelledby=\"ea-header-134525\"> <div class=\"ea-body\"><p>Hvis du har ubesvarede sp\u00f8rgsm\u00e5l eller har brug for yderligere oplysninger, bedes du kontakte os p\u00e5 info@mekulo.com.<\/p><p>Vores kundeserviceteam st\u00e5r altid klar til at hj\u00e6lpe og besvare dine sp\u00f8rgsm\u00e5l. Vi besvarer sp\u00f8rgsm\u00e5l inden for 24 timer.<\/p><\/div><\/div><\/div><\/div><\/div><\/div>\n\t\t\t\t\t\t<\/div>\n\t\t\t\t\t<\/div>\n\t\t\t\t<\/div>\n\t\t\t\t<\/div>\n\t\t","protected":false},"excerpt":{"rendered":"<p>Kontakt os Vi vender tilbage inden for 24 timer. Please enable JavaScript in your browser to complete this form.Please enable [&hellip;]<\/p>\n","protected":false},"author":1,"featured_media":0,"parent":0,"menu_order":0,"comment_status":"closed","ping_status":"closed","template":"","meta":{"site-sidebar-layout":"default","site-content-layout":"","ast-site-content-layout":"default","site-content-style":"default","site-sidebar-style":"default","ast-global-header-display":"","ast-banner-title-visibility":"","ast-main-header-display":"","ast-hfb-above-header-display":"","ast-hfb-below-header-display":"","ast-hfb-mobile-header-display":"","site-post-title":"disabled","ast-breadcrumbs-content":"","ast-featured-img":"","footer-sml-layout":"","theme-transparent-header-meta":"","adv-header-id-meta":"","stick-header-meta":"","header-above-stick-meta":"","header-main-stick-meta":"","header-below-stick-meta":"","astra-migrate-meta-layouts":"default","ast-page-background-enabled":"default","ast-page-background-meta":{"desktop":{"background-color":"var(--ast-global-color-5)","background-image":"","background-repeat":"repeat","background-position":"center center","background-size":"auto","background-attachment":"scroll","background-type":"","background-media":"","overlay-type":"","overlay-color":"","overlay-opacity":"","overlay-gradient":""},"tablet":{"background-color":"","background-image":"","background-repeat":"repeat","background-position":"center center","background-size":"auto","background-attachment":"scroll","background-type":"","background-media":"","overlay-type":"","overlay-color":"","overlay-opacity":"","overlay-gradient":""},"mobile":{"background-color":"","background-image":"","background-repeat":"repeat","background-position":"center center","background-size":"auto","background-attachment":"scroll","background-type":"","background-media":"","overlay-type":"","overlay-color":"","overlay-opacity":"","overlay-gradient":""}},"ast-content-background-meta":{"desktop":{"background-color":"var(--ast-global-color-4)","background-image":"","background-repeat":"repeat","background-position":"center center","background-size":"auto","background-attachment":"scroll","background-type":"","background-media":"","overlay-type":"","overlay-color":"","overlay-opacity":"","overlay-gradient":""},"tablet":{"background-color":"var(--ast-global-color-4)","background-image":"","background-repeat":"repeat","background-position":"center center","background-size":"auto","background-attachment":"scroll","background-type":"","background-media":"","overlay-type":"","overlay-color":"","overlay-opacity":"","overlay-gradient":""},"mobile":{"background-color":"var(--ast-global-color-4)","background-image":"","background-repeat":"repeat","background-position":"center center","background-size":"auto","background-attachment":"scroll","background-type":"","background-media":"","overlay-type":"","overlay-color":"","overlay-opacity":"","overlay-gradient":""}},"footnotes":""},"class_list":["post-584","page","type-page","status-publish","hentry"],"yoast_head":"<!-- This site is optimized with the Yoast SEO plugin v26.6 - https:\/\/yoast.com\/wordpress\/plugins\/seo\/ -->\n<title>Kontakt os - Mekulo DK<\/title>\n<meta name=\"robots\" content=\"index, follow, max-snippet:-1, max-image-preview:large, max-video-preview:-1\" \/>\n<link rel=\"canonical\" href=\"https:\/\/mekulo.com\/dk\/kontakt-os\/\" \/>\n<meta property=\"og:locale\" content=\"da_DK\" \/>\n<meta property=\"og:type\" content=\"article\" \/>\n<meta property=\"og:title\" content=\"Kontakt os - Mekulo DK\" \/>\n<meta property=\"og:description\" content=\"Kontakt os Vi vender tilbage inden for 24 timer. Please enable JavaScript in your browser to complete this form.Please enable [&hellip;]\" \/>\n<meta property=\"og:url\" content=\"https:\/\/mekulo.com\/dk\/kontakt-os\/\" \/>\n<meta property=\"og:site_name\" content=\"Mekulo DK\" \/>\n<meta property=\"article:modified_time\" content=\"2025-12-29T12:31:57+00:00\" \/>\n<meta property=\"og:image\" content=\"https:\/\/mekulo.com\/dk\/wp-content\/plugins\/wpforms-lite\/assets\/images\/submit-spin.svg\" \/>\n<meta name=\"twitter:card\" content=\"summary_large_image\" \/>\n<meta name=\"twitter:label1\" content=\"Estimeret l\u00e6setid\" \/>\n\t<meta name=\"twitter:data1\" content=\"3 minutter\" \/>\n<script type=\"application\/ld+json\" class=\"yoast-schema-graph\">{\"@context\":\"https:\/\/schema.org\",\"@graph\":[{\"@type\":\"WebPage\",\"@id\":\"https:\/\/mekulo.com\/dk\/kontakt-os\/\",\"url\":\"https:\/\/mekulo.com\/dk\/kontakt-os\/\",\"name\":\"Kontakt os - Mekulo DK\",\"isPartOf\":{\"@id\":\"https:\/\/mekulo.com\/dk\/#website\"},\"primaryImageOfPage\":{\"@id\":\"https:\/\/mekulo.com\/dk\/kontakt-os\/#primaryimage\"},\"image\":{\"@id\":\"https:\/\/mekulo.com\/dk\/kontakt-os\/#primaryimage\"},\"thumbnailUrl\":\"https:\/\/mekulo.com\/dk\/wp-content\/plugins\/wpforms-lite\/assets\/images\/submit-spin.svg\",\"datePublished\":\"2020-10-13T06:47:01+00:00\",\"dateModified\":\"2025-12-29T12:31:57+00:00\",\"breadcrumb\":{\"@id\":\"https:\/\/mekulo.com\/dk\/kontakt-os\/#breadcrumb\"},\"inLanguage\":\"da-DK\",\"potentialAction\":[{\"@type\":\"ReadAction\",\"target\":[\"https:\/\/mekulo.com\/dk\/kontakt-os\/\"]}]},{\"@type\":\"ImageObject\",\"inLanguage\":\"da-DK\",\"@id\":\"https:\/\/mekulo.com\/dk\/kontakt-os\/#primaryimage\",\"url\":\"https:\/\/mekulo.com\/dk\/wp-content\/plugins\/wpforms-lite\/assets\/images\/submit-spin.svg\",\"contentUrl\":\"https:\/\/mekulo.com\/dk\/wp-content\/plugins\/wpforms-lite\/assets\/images\/submit-spin.svg\"},{\"@type\":\"BreadcrumbList\",\"@id\":\"https:\/\/mekulo.com\/dk\/kontakt-os\/#breadcrumb\",\"itemListElement\":[{\"@type\":\"ListItem\",\"position\":1,\"name\":\"Home\",\"item\":\"https:\/\/mekulo.com\/dk\/\"},{\"@type\":\"ListItem\",\"position\":2,\"name\":\"Kontakt os\"}]},{\"@type\":\"WebSite\",\"@id\":\"https:\/\/mekulo.com\/dk\/#website\",\"url\":\"https:\/\/mekulo.com\/dk\/\",\"name\":\"Mekulo DK\",\"description\":\"\",\"publisher\":{\"@id\":\"https:\/\/mekulo.com\/dk\/#organization\"},\"potentialAction\":[{\"@type\":\"SearchAction\",\"target\":{\"@type\":\"EntryPoint\",\"urlTemplate\":\"https:\/\/mekulo.com\/dk\/?s={search_term_string}\"},\"query-input\":{\"@type\":\"PropertyValueSpecification\",\"valueRequired\":true,\"valueName\":\"search_term_string\"}}],\"inLanguage\":\"da-DK\"},{\"@type\":\"Organization\",\"@id\":\"https:\/\/mekulo.com\/dk\/#organization\",\"name\":\"Mekulo\",\"url\":\"https:\/\/mekulo.com\/dk\/\",\"logo\":{\"@type\":\"ImageObject\",\"inLanguage\":\"da-DK\",\"@id\":\"https:\/\/mekulo.com\/dk\/#\/schema\/logo\/image\/\",\"url\":\"https:\/\/mekulo.com\/dk\/wp-content\/uploads\/sites\/12\/2025\/12\/favicon_mekulo.png\",\"contentUrl\":\"https:\/\/mekulo.com\/dk\/wp-content\/uploads\/sites\/12\/2025\/12\/favicon_mekulo.png\",\"width\":50,\"height\":50,\"caption\":\"Mekulo\"},\"image\":{\"@id\":\"https:\/\/mekulo.com\/dk\/#\/schema\/logo\/image\/\"}}]}<\/script>\n<!-- \/ Yoast SEO plugin. -->","yoast_head_json":{"title":"Kontakt os - Mekulo DK","robots":{"index":"index","follow":"follow","max-snippet":"max-snippet:-1","max-image-preview":"max-image-preview:large","max-video-preview":"max-video-preview:-1"},"canonical":"https:\/\/mekulo.com\/dk\/kontakt-os\/","og_locale":"da_DK","og_type":"article","og_title":"Kontakt os - Mekulo DK","og_description":"Kontakt os Vi vender tilbage inden for 24 timer. Please enable JavaScript in your browser to complete this form.Please enable [&hellip;]","og_url":"https:\/\/mekulo.com\/dk\/kontakt-os\/","og_site_name":"Mekulo DK","article_modified_time":"2025-12-29T12:31:57+00:00","og_image":[{"url":"https:\/\/mekulo.com\/dk\/wp-content\/plugins\/wpforms-lite\/assets\/images\/submit-spin.svg","type":"","width":"","height":""}],"twitter_card":"summary_large_image","twitter_misc":{"Estimeret l\u00e6setid":"3 minutter"},"schema":{"@context":"https:\/\/schema.org","@graph":[{"@type":"WebPage","@id":"https:\/\/mekulo.com\/dk\/kontakt-os\/","url":"https:\/\/mekulo.com\/dk\/kontakt-os\/","name":"Kontakt os - Mekulo DK","isPartOf":{"@id":"https:\/\/mekulo.com\/dk\/#website"},"primaryImageOfPage":{"@id":"https:\/\/mekulo.com\/dk\/kontakt-os\/#primaryimage"},"image":{"@id":"https:\/\/mekulo.com\/dk\/kontakt-os\/#primaryimage"},"thumbnailUrl":"https:\/\/mekulo.com\/dk\/wp-content\/plugins\/wpforms-lite\/assets\/images\/submit-spin.svg","datePublished":"2020-10-13T06:47:01+00:00","dateModified":"2025-12-29T12:31:57+00:00","breadcrumb":{"@id":"https:\/\/mekulo.com\/dk\/kontakt-os\/#breadcrumb"},"inLanguage":"da-DK","potentialAction":[{"@type":"ReadAction","target":["https:\/\/mekulo.com\/dk\/kontakt-os\/"]}]},{"@type":"ImageObject","inLanguage":"da-DK","@id":"https:\/\/mekulo.com\/dk\/kontakt-os\/#primaryimage","url":"https:\/\/mekulo.com\/dk\/wp-content\/plugins\/wpforms-lite\/assets\/images\/submit-spin.svg","contentUrl":"https:\/\/mekulo.com\/dk\/wp-content\/plugins\/wpforms-lite\/assets\/images\/submit-spin.svg"},{"@type":"BreadcrumbList","@id":"https:\/\/mekulo.com\/dk\/kontakt-os\/#breadcrumb","itemListElement":[{"@type":"ListItem","position":1,"name":"Home","item":"https:\/\/mekulo.com\/dk\/"},{"@type":"ListItem","position":2,"name":"Kontakt os"}]},{"@type":"WebSite","@id":"https:\/\/mekulo.com\/dk\/#website","url":"https:\/\/mekulo.com\/dk\/","name":"Mekulo DK","description":"","publisher":{"@id":"https:\/\/mekulo.com\/dk\/#organization"},"potentialAction":[{"@type":"SearchAction","target":{"@type":"EntryPoint","urlTemplate":"https:\/\/mekulo.com\/dk\/?s={search_term_string}"},"query-input":{"@type":"PropertyValueSpecification","valueRequired":true,"valueName":"search_term_string"}}],"inLanguage":"da-DK"},{"@type":"Organization","@id":"https:\/\/mekulo.com\/dk\/#organization","name":"Mekulo","url":"https:\/\/mekulo.com\/dk\/","logo":{"@type":"ImageObject","inLanguage":"da-DK","@id":"https:\/\/mekulo.com\/dk\/#\/schema\/logo\/image\/","url":"https:\/\/mekulo.com\/dk\/wp-content\/uploads\/sites\/12\/2025\/12\/favicon_mekulo.png","contentUrl":"https:\/\/mekulo.com\/dk\/wp-content\/uploads\/sites\/12\/2025\/12\/favicon_mekulo.png","width":50,"height":50,"caption":"Mekulo"},"image":{"@id":"https:\/\/mekulo.com\/dk\/#\/schema\/logo\/image\/"}}]}},"_links":{"self":[{"href":"https:\/\/mekulo.com\/dk\/wp-json\/wp\/v2\/pages\/584","targetHints":{"allow":["GET"]}}],"collection":[{"href":"https:\/\/mekulo.com\/dk\/wp-json\/wp\/v2\/pages"}],"about":[{"href":"https:\/\/mekulo.com\/dk\/wp-json\/wp\/v2\/types\/page"}],"author":[{"embeddable":true,"href":"https:\/\/mekulo.com\/dk\/wp-json\/wp\/v2\/users\/1"}],"replies":[{"embeddable":true,"href":"https:\/\/mekulo.com\/dk\/wp-json\/wp\/v2\/comments?post=584"}],"version-history":[{"count":79,"href":"https:\/\/mekulo.com\/dk\/wp-json\/wp\/v2\/pages\/584\/revisions"}],"predecessor-version":[{"id":13470,"href":"https:\/\/mekulo.com\/dk\/wp-json\/wp\/v2\/pages\/584\/revisions\/13470"}],"wp:attachment":[{"href":"https:\/\/mekulo.com\/dk\/wp-json\/wp\/v2\/media?parent=584"}],"curies":[{"name":"wp","href":"https:\/\/api.w.org\/{rel}","templated":true}]}}