{"id":546,"date":"2020-10-13T02:48:45","date_gmt":"2020-10-13T02:48:45","guid":{"rendered":"http:\/\/localhost\/razzi\/?page_id=546"},"modified":"2026-03-30T16:26:50","modified_gmt":"2026-03-30T13:26:50","slug":"forsendelse-og-returnering","status":"publish","type":"page","link":"https:\/\/mekulo.com\/dk\/forsendelse-og-returnering\/","title":{"rendered":"Forsendelse og returnering"},"content":{"rendered":"\n<p>Vi \u00f8nsker, at din k\u00f8bsoplevelse skal v\u00e6re nem og problemfri. Her finder du alle oplysninger om fragt, levering og returnering hos mekulo.com.<\/p>\n\n\n\n<h2 class=\"wp-block-heading\"><strong>Fragt<\/strong><\/h2>\n\n\n\n<p><strong>Leveringsomr\u00e5de<\/strong><\/p>\n\n\n\n<p>Vi leverer til alle europ\u00e6iske lande. Afh\u00e6ngigt af din placering sendes din ordre med den lokale posttjeneste eller i nogle tilf\u00e6lde til et pakkeshop eller en pakkeboks.<\/p>\n\n\n\n<p><strong>Shipping costs<\/strong><\/p>\n\n\n\n<p><strong>Fragtpriser<\/strong><\/p>\n\n\n\n<ul class=\"wp-block-list\">\n<li>Standardfragt: 39 kr<\/li>\n\n\n\n<li>Gratis fragt p\u00e5 ordrer over 265 kr<\/li>\n<\/ul>\n\n\n\n<p><strong>Leveringstider<\/strong><\/p>\n\n\n\n<ul class=\"wp-block-list\">\n<li>Behandlingstid: <strong>2 hverdage<\/strong><\/li>\n\n\n\n<li>Estimeret leveringstid inden for Europa: <strong>op til 7 hverdage<\/strong><\/li>\n<\/ul>\n\n\n\n<p><strong>Ansvar og risiko<\/strong><\/p>\n\n\n\n<ul class=\"wp-block-list\">\n<li>Hvis din ordre bortkommer, bliver forsinket eller beskadiget, gensender vi varen eller refunderer dit k\u00f8b.<\/li>\n\n\n\n<li>Vi er ikke ansvarlige for forsinkelser hos fragtfirmaet, men sikrer altid, at din ordre bliver leveret.<\/li>\n\n\n\n<li>Risikoen for tab eller skade overg\u00e5r til dig, n\u00e5r leveringen har fundet sted.<\/li>\n\n\n\n<li>Det er dit ansvar at angive korrekte leveringsoplysninger.<\/li>\n<\/ul>\n\n\n\n<h2 class=\"wp-block-heading\">Returnering &amp; Tilbagebetaling<\/h2>\n\n\n\n<p><strong>Fortrydelsesret<\/strong><\/p>\n\n\n\n<p>Du kan returnere din ordre inden for <strong>14 dage efter modtagelsen<\/strong>.<\/p>\n\n\n\n<p><strong>Returbetingelser<\/strong><\/p>\n\n\n\n<ul class=\"wp-block-list\">\n<li>Produktet skal v\u00e6re ubrugt, ubeskadiget og returneres i original emballage.<\/li>\n\n\n\n<li>Du m\u00e5 h\u00e5ndtere og afpr\u00f8ve produktet i det omfang, der er n\u00f8dvendigt for at vurdere dets egenskaber og funktion.<\/li>\n<\/ul>\n\n\n\n<p><strong>Delvis tilbagebetaling<\/strong><\/p>\n\n\n\n<ul class=\"wp-block-list\">\n<li>Hvis returnerede varer er brugte, beskadigede eller mangler dele, kan der foretages en <strong>delvis tilbagebetaling<\/strong>.<\/li>\n\n\n\n<li>Delvis tilbagebetaling kan ogs\u00e5 tilbydes, hvis du ikke er tilfreds, men v\u00e6lger ikke at returnere varen.<\/li>\n<\/ul>\n\n\n\n<p><strong>Returfragt<\/strong><\/p>\n\n\n\n<ul class=\"wp-block-list\">\n<li>Du afholder selv omkostningerne til returfragt.<\/li>\n\n\n\n<li>Der gives ingen undtagelser, heller ikke ved fortrydelse af k\u00f8bet.<\/li>\n<\/ul>\n\n\n\n<p><strong>Tilbagebetaling<\/strong><\/p>\n\n\n\n<ul class=\"wp-block-list\">\n<li>Tilbagebetaling sker inden for <strong>14 dage<\/strong> efter modtagelse af returneringen, eller inden for 14 dage efter aftale om delvis tilbagebetaling uden retur.<\/li>\n\n\n\n<li>Tilbagebetalingen inkluderer den oprindelige standardfragt.<\/li>\n<\/ul>\n\n\n\n<p><strong>Returadresse<\/strong><\/p>\n\n\n\n<p>Send venligst returneringer til:<\/p>\n\n\n\n<p><strong>UAB Novtra<\/strong><br>Sveikatos g. 29, Struik\u0173 k., \u0160ilal\u0117s r., Litauen<\/p>\n\n\n\n<p>Har du sp\u00f8rgsm\u00e5l om returnering, kontakt os p\u00e5 <strong><a>info@mekulo.com<\/a><\/strong>.<\/p>\n\n\n\n<p>Alle produkter k\u00f8bt p\u00e5 mekulo.com kan returneres i henhold til disse vilk\u00e5r.<\/p>\n\n\n\n<hr class=\"wp-block-separator has-alpha-channel-opacity\"\/>\n\n\n\n<h3 class=\"wp-block-heading\">Kort overblik<\/h3>\n\n\n\n<ul class=\"wp-block-list\">\n<li>Fragt: 39 kr, gratis ved k\u00f8b over 265 kr<\/li>\n\n\n\n<li>Levering: <strong>2 hverdage behandling + op til 7 hverdage levering<\/strong><\/li>\n\n\n\n<li>Returnering: <strong>14 dage<\/strong>, varen skal v\u00e6re i original stand<\/li>\n\n\n\n<li>Risiko overg\u00e5r ved levering, returfragt betales af kunden<\/li>\n\n\n\n<li>Tilbagebetaling behandles inden for <strong>14 dage<\/strong><\/li>\n<\/ul>\n\n\n\n<p>Vi h\u00e5ber, at dette g\u00f8r din shopping hos os enkel, tryg og gennemsigtig.<\/p>\n\n\n\n<p><\/p>\n","protected":false},"excerpt":{"rendered":"<p>Vi \u00f8nsker, at din k\u00f8bsoplevelse skal v\u00e6re nem og problemfri. Her finder du alle oplysninger om fragt, levering og returnering [&hellip;]<\/p>\n","protected":false},"author":1,"featured_media":0,"parent":0,"menu_order":0,"comment_status":"closed","ping_status":"closed","template":"","meta":{"site-sidebar-layout":"default","site-content-layout":"","ast-site-content-layout":"default","site-content-style":"default","site-sidebar-style":"default","ast-global-header-display":"","ast-banner-title-visibility":"","ast-main-header-display":"","ast-hfb-above-header-display":"","ast-hfb-below-header-display":"","ast-hfb-mobile-header-display":"","site-post-title":"","ast-breadcrumbs-content":"","ast-featured-img":"","footer-sml-layout":"","theme-transparent-header-meta":"","adv-header-id-meta":"","stick-header-meta":"","header-above-stick-meta":"","header-main-stick-meta":"","header-below-stick-meta":"","astra-migrate-meta-layouts":"default","ast-page-background-enabled":"default","ast-page-background-meta":{"desktop":{"background-color":"var(--ast-global-color-5)","background-image":"","background-repeat":"repeat","background-position":"center center","background-size":"auto","background-attachment":"scroll","background-type":"","background-media":"","overlay-type":"","overlay-color":"","overlay-opacity":"","overlay-gradient":""},"tablet":{"background-color":"","background-image":"","background-repeat":"repeat","background-position":"center center","background-size":"auto","background-attachment":"scroll","background-type":"","background-media":"","overlay-type":"","overlay-color":"","overlay-opacity":"","overlay-gradient":""},"mobile":{"background-color":"","background-image":"","background-repeat":"repeat","background-position":"center center","background-size":"auto","background-attachment":"scroll","background-type":"","background-media":"","overlay-type":"","overlay-color":"","overlay-opacity":"","overlay-gradient":""}},"ast-content-background-meta":{"desktop":{"background-color":"var(--ast-global-color-4)","background-image":"","background-repeat":"repeat","background-position":"center center","background-size":"auto","background-attachment":"scroll","background-type":"","background-media":"","overlay-type":"","overlay-color":"","overlay-opacity":"","overlay-gradient":""},"tablet":{"background-color":"var(--ast-global-color-4)","background-image":"","background-repeat":"repeat","background-position":"center center","background-size":"auto","background-attachment":"scroll","background-type":"","background-media":"","overlay-type":"","overlay-color":"","overlay-opacity":"","overlay-gradient":""},"mobile":{"background-color":"var(--ast-global-color-4)","background-image":"","background-repeat":"repeat","background-position":"center center","background-size":"auto","background-attachment":"scroll","background-type":"","background-media":"","overlay-type":"","overlay-color":"","overlay-opacity":"","overlay-gradient":""}},"footnotes":""},"class_list":["post-546","page","type-page","status-publish","hentry"],"yoast_head":"<!-- This site is optimized with the Yoast SEO plugin v26.6 - https:\/\/yoast.com\/wordpress\/plugins\/seo\/ -->\n<title>Forsendelse og returnering - Mekulo DK<\/title>\n<meta name=\"robots\" content=\"index, follow, max-snippet:-1, max-image-preview:large, max-video-preview:-1\" \/>\n<link rel=\"canonical\" href=\"https:\/\/mekulo.com\/dk\/forsendelse-og-returnering\/\" \/>\n<meta property=\"og:locale\" content=\"da_DK\" \/>\n<meta property=\"og:type\" content=\"article\" \/>\n<meta property=\"og:title\" content=\"Forsendelse og returnering - Mekulo DK\" \/>\n<meta property=\"og:description\" content=\"Vi \u00f8nsker, at din k\u00f8bsoplevelse skal v\u00e6re nem og problemfri. Her finder du alle oplysninger om fragt, levering og returnering [&hellip;]\" \/>\n<meta property=\"og:url\" content=\"https:\/\/mekulo.com\/dk\/forsendelse-og-returnering\/\" \/>\n<meta property=\"og:site_name\" content=\"Mekulo DK\" \/>\n<meta property=\"article:modified_time\" content=\"2026-03-30T13:26:50+00:00\" \/>\n<meta name=\"twitter:card\" content=\"summary_large_image\" \/>\n<meta name=\"twitter:label1\" content=\"Estimeret l\u00e6setid\" \/>\n\t<meta name=\"twitter:data1\" content=\"2 minutter\" \/>\n<script type=\"application\/ld+json\" class=\"yoast-schema-graph\">{\"@context\":\"https:\/\/schema.org\",\"@graph\":[{\"@type\":\"WebPage\",\"@id\":\"https:\/\/mekulo.com\/dk\/forsendelse-og-returnering\/\",\"url\":\"https:\/\/mekulo.com\/dk\/forsendelse-og-returnering\/\",\"name\":\"Forsendelse og returnering - Mekulo DK\",\"isPartOf\":{\"@id\":\"https:\/\/mekulo.com\/dk\/#website\"},\"datePublished\":\"2020-10-13T02:48:45+00:00\",\"dateModified\":\"2026-03-30T13:26:50+00:00\",\"breadcrumb\":{\"@id\":\"https:\/\/mekulo.com\/dk\/forsendelse-og-returnering\/#breadcrumb\"},\"inLanguage\":\"da-DK\",\"potentialAction\":[{\"@type\":\"ReadAction\",\"target\":[\"https:\/\/mekulo.com\/dk\/forsendelse-og-returnering\/\"]}]},{\"@type\":\"BreadcrumbList\",\"@id\":\"https:\/\/mekulo.com\/dk\/forsendelse-og-returnering\/#breadcrumb\",\"itemListElement\":[{\"@type\":\"ListItem\",\"position\":1,\"name\":\"Home\",\"item\":\"https:\/\/mekulo.com\/dk\/\"},{\"@type\":\"ListItem\",\"position\":2,\"name\":\"Forsendelse og returnering\"}]},{\"@type\":\"WebSite\",\"@id\":\"https:\/\/mekulo.com\/dk\/#website\",\"url\":\"https:\/\/mekulo.com\/dk\/\",\"name\":\"Mekulo DK\",\"description\":\"\",\"publisher\":{\"@id\":\"https:\/\/mekulo.com\/dk\/#organization\"},\"potentialAction\":[{\"@type\":\"SearchAction\",\"target\":{\"@type\":\"EntryPoint\",\"urlTemplate\":\"https:\/\/mekulo.com\/dk\/?s={search_term_string}\"},\"query-input\":{\"@type\":\"PropertyValueSpecification\",\"valueRequired\":true,\"valueName\":\"search_term_string\"}}],\"inLanguage\":\"da-DK\"},{\"@type\":\"Organization\",\"@id\":\"https:\/\/mekulo.com\/dk\/#organization\",\"name\":\"Mekulo\",\"url\":\"https:\/\/mekulo.com\/dk\/\",\"logo\":{\"@type\":\"ImageObject\",\"inLanguage\":\"da-DK\",\"@id\":\"https:\/\/mekulo.com\/dk\/#\/schema\/logo\/image\/\",\"url\":\"https:\/\/mekulo.com\/dk\/wp-content\/uploads\/sites\/12\/2025\/12\/favicon_mekulo.png\",\"contentUrl\":\"https:\/\/mekulo.com\/dk\/wp-content\/uploads\/sites\/12\/2025\/12\/favicon_mekulo.png\",\"width\":50,\"height\":50,\"caption\":\"Mekulo\"},\"image\":{\"@id\":\"https:\/\/mekulo.com\/dk\/#\/schema\/logo\/image\/\"}}]}<\/script>\n<!-- \/ Yoast SEO plugin. -->","yoast_head_json":{"title":"Forsendelse og returnering - Mekulo DK","robots":{"index":"index","follow":"follow","max-snippet":"max-snippet:-1","max-image-preview":"max-image-preview:large","max-video-preview":"max-video-preview:-1"},"canonical":"https:\/\/mekulo.com\/dk\/forsendelse-og-returnering\/","og_locale":"da_DK","og_type":"article","og_title":"Forsendelse og returnering - Mekulo DK","og_description":"Vi \u00f8nsker, at din k\u00f8bsoplevelse skal v\u00e6re nem og problemfri. Her finder du alle oplysninger om fragt, levering og returnering [&hellip;]","og_url":"https:\/\/mekulo.com\/dk\/forsendelse-og-returnering\/","og_site_name":"Mekulo DK","article_modified_time":"2026-03-30T13:26:50+00:00","twitter_card":"summary_large_image","twitter_misc":{"Estimeret l\u00e6setid":"2 minutter"},"schema":{"@context":"https:\/\/schema.org","@graph":[{"@type":"WebPage","@id":"https:\/\/mekulo.com\/dk\/forsendelse-og-returnering\/","url":"https:\/\/mekulo.com\/dk\/forsendelse-og-returnering\/","name":"Forsendelse og returnering - Mekulo DK","isPartOf":{"@id":"https:\/\/mekulo.com\/dk\/#website"},"datePublished":"2020-10-13T02:48:45+00:00","dateModified":"2026-03-30T13:26:50+00:00","breadcrumb":{"@id":"https:\/\/mekulo.com\/dk\/forsendelse-og-returnering\/#breadcrumb"},"inLanguage":"da-DK","potentialAction":[{"@type":"ReadAction","target":["https:\/\/mekulo.com\/dk\/forsendelse-og-returnering\/"]}]},{"@type":"BreadcrumbList","@id":"https:\/\/mekulo.com\/dk\/forsendelse-og-returnering\/#breadcrumb","itemListElement":[{"@type":"ListItem","position":1,"name":"Home","item":"https:\/\/mekulo.com\/dk\/"},{"@type":"ListItem","position":2,"name":"Forsendelse og returnering"}]},{"@type":"WebSite","@id":"https:\/\/mekulo.com\/dk\/#website","url":"https:\/\/mekulo.com\/dk\/","name":"Mekulo DK","description":"","publisher":{"@id":"https:\/\/mekulo.com\/dk\/#organization"},"potentialAction":[{"@type":"SearchAction","target":{"@type":"EntryPoint","urlTemplate":"https:\/\/mekulo.com\/dk\/?s={search_term_string}"},"query-input":{"@type":"PropertyValueSpecification","valueRequired":true,"valueName":"search_term_string"}}],"inLanguage":"da-DK"},{"@type":"Organization","@id":"https:\/\/mekulo.com\/dk\/#organization","name":"Mekulo","url":"https:\/\/mekulo.com\/dk\/","logo":{"@type":"ImageObject","inLanguage":"da-DK","@id":"https:\/\/mekulo.com\/dk\/#\/schema\/logo\/image\/","url":"https:\/\/mekulo.com\/dk\/wp-content\/uploads\/sites\/12\/2025\/12\/favicon_mekulo.png","contentUrl":"https:\/\/mekulo.com\/dk\/wp-content\/uploads\/sites\/12\/2025\/12\/favicon_mekulo.png","width":50,"height":50,"caption":"Mekulo"},"image":{"@id":"https:\/\/mekulo.com\/dk\/#\/schema\/logo\/image\/"}}]}},"_links":{"self":[{"href":"https:\/\/mekulo.com\/dk\/wp-json\/wp\/v2\/pages\/546","targetHints":{"allow":["GET"]}}],"collection":[{"href":"https:\/\/mekulo.com\/dk\/wp-json\/wp\/v2\/pages"}],"about":[{"href":"https:\/\/mekulo.com\/dk\/wp-json\/wp\/v2\/types\/page"}],"author":[{"embeddable":true,"href":"https:\/\/mekulo.com\/dk\/wp-json\/wp\/v2\/users\/1"}],"replies":[{"embeddable":true,"href":"https:\/\/mekulo.com\/dk\/wp-json\/wp\/v2\/comments?post=546"}],"version-history":[{"count":18,"href":"https:\/\/mekulo.com\/dk\/wp-json\/wp\/v2\/pages\/546\/revisions"}],"predecessor-version":[{"id":26767,"href":"https:\/\/mekulo.com\/dk\/wp-json\/wp\/v2\/pages\/546\/revisions\/26767"}],"wp:attachment":[{"href":"https:\/\/mekulo.com\/dk\/wp-json\/wp\/v2\/media?parent=546"}],"curies":[{"name":"wp","href":"https:\/\/api.w.org\/{rel}","templated":true}]}}