{"id":13873,"date":"2026-01-05T12:41:07","date_gmt":"2026-01-05T10:41:07","guid":{"rendered":"https:\/\/mekulo.com\/de\/produkt\/einstellbarer-umarmungsring-4-stk\/"},"modified":"2026-01-22T17:42:44","modified_gmt":"2026-01-22T15:42:44","slug":"einstellbarer-umarmungsring-4-stk","status":"publish","type":"product","link":"https:\/\/mekulo.com\/de\/produkt\/einstellbarer-umarmungsring-4-stk\/","title":{"rendered":"Einstellbarer Umarmungsring (4 Stk.)"},"content":{"rendered":"<h3 class=\"kuro--showcase-heading\" style=\"text-align: center;\"><span dir=\"auto\">Mit Herz gemacht.<\/span><\/h3>\n<p style=\"text-align: center;\"><img fetchpriority=\"high\" decoding=\"async\" class=\"alignnone wp-image-43541\" src=\"https:\/\/keluvo.com\/template\/wp-content\/uploads\/sites\/5\/2025\/12\/Container.avif\" alt=\"\" width=\"460\" height=\"460\" \/><\/p>\n<h3 style=\"text-align: center;\">Gr\u00f6\u00dfe &amp; fit<\/h3>\n<p style=\"text-align: center;\"><span dir=\"auto\">Gently einstellbar &#8211; passt jeden Finger, unabh\u00e4ngig von der Gr\u00f6\u00dfe.<\/span><br \/>\n<span dir=\"auto\">Sie k\u00f6nnen sorgf\u00e4ltig einstellen, um enger oder lockerer sein, so dass es Ihren Finger perfekt passt.<\/span><\/p>\n<p style=\"text-align: center;\"><img decoding=\"async\" class=\"alignnone wp-image-43542\" src=\"https:\/\/keluvo.com\/template\/wp-content\/uploads\/sites\/5\/2025\/12\/Checkbox-1.avif\" alt=\"\" width=\"459\" height=\"459\" \/><\/p>\n<h3 style=\"text-align: center;\">Material<\/h3>\n<h2><\/h2>\n<p style=\"text-align: center;\"><span dir=\"auto\">Unsere Ringe sind sorgf\u00e4ltig handgefertigt aus <\/span><strong><span dir=\"auto\">hochwertigem Edelstahl<\/span><\/strong><span dir=\"auto\"> und mit <\/span><strong><span dir=\"auto\">18-kar\u00e4tiger Vergoldung<\/span><\/strong><span dir=\"auto\">, um <\/span><strong><span dir=\"auto\">maximale Haltbarkeit zu gew\u00e4hrleisten.<\/span><\/strong><br \/>\n<span dir=\"auto\">Sie sind anlaufgesch\u00fctzt und wasserdicht &#8211; perfekt f\u00fcr m\u00fcheloses t\u00e4gliches Tragen, erfordert keine besondere Pflege.<\/span><\/p>\n<h2 style=\"text-align: center;\"><\/h2>\n","protected":false},"excerpt":{"rendered":"<p style=\"text-align: left;\"><img decoding=\"async\" class=\"alignleft\" src=\"https:\/\/bentiorjewels.com\/cdn\/shop\/files\/gold-ingots.svg?v=1750250833\" width=\"18\" height=\"18\" \/><span dir=\"auto\">Echtvergoldet mit 18 Karat Gold<\/span><\/p>\n<p><img loading=\"lazy\" decoding=\"async\" src=\"https:\/\/bentiorjewels.com\/cdn\/shop\/files\/diamond_014cc5a1-daa3-4752-b248-0463511e943d.svg?v=1750250871\" width=\"18\" height=\"18\" \/><span dir=\"auto\">Einheitsgr\u00f6\u00dfe f\u00fcr alle &#8211; passt auf jeden Finger<\/span><\/p>\n<p><img loading=\"lazy\" decoding=\"async\" src=\"https:\/\/bentiorjewels.com\/cdn\/shop\/files\/drops.svg?v=1750250871\" width=\"18\" height=\"18\" \/><span dir=\"auto\">Wasser- und schwei\u00dfbest\u00e4ndig<\/span><\/p>\n<p><img loading=\"lazy\" decoding=\"async\" src=\"https:\/\/bentiorjewels.com\/cdn\/shop\/files\/gift_2f274339-05cc-4639-a09e-ecad91bfbc18.svg?v=1750250871\" width=\"18\" height=\"18\" \/><span dir=\"auto\">Lieferung in einer Geschenkbox &#8211; Ringbox optional<\/span><\/p>\n","protected":false},"featured_media":13869,"comment_status":"open","ping_status":"closed","template":"","meta":{"site-sidebar-layout":"default","site-content-layout":"","ast-site-content-layout":"default","site-content-style":"default","site-sidebar-style":"default","ast-global-header-display":"","ast-banner-title-visibility":"","ast-main-header-display":"","ast-hfb-above-header-display":"","ast-hfb-below-header-display":"","ast-hfb-mobile-header-display":"","site-post-title":"","ast-breadcrumbs-content":"","ast-featured-img":"","footer-sml-layout":"","ast-disable-related-posts":"","theme-transparent-header-meta":"default","adv-header-id-meta":"","stick-header-meta":"","header-above-stick-meta":"","header-main-stick-meta":"","header-below-stick-meta":"","astra-migrate-meta-layouts":"set","ast-page-background-enabled":"default","ast-page-background-meta":{"desktop":{"background-color":"var(--ast-global-color-5)","background-image":"","background-repeat":"repeat","background-position":"center center","background-size":"auto","background-attachment":"scroll","background-type":"","background-media":"","overlay-type":"","overlay-color":"","overlay-opacity":"","overlay-gradient":""},"tablet":{"background-color":"","background-image":"","background-repeat":"repeat","background-position":"center center","background-size":"auto","background-attachment":"scroll","background-type":"","background-media":"","overlay-type":"","overlay-color":"","overlay-opacity":"","overlay-gradient":""},"mobile":{"background-color":"","background-image":"","background-repeat":"repeat","background-position":"center center","background-size":"auto","background-attachment":"scroll","background-type":"","background-media":"","overlay-type":"","overlay-color":"","overlay-opacity":"","overlay-gradient":""}},"ast-content-background-meta":{"desktop":{"background-color":"var(--ast-global-color-4)","background-image":"","background-repeat":"repeat","background-position":"center center","background-size":"auto","background-attachment":"scroll","background-type":"","background-media":"","overlay-type":"","overlay-color":"","overlay-opacity":"","overlay-gradient":""},"tablet":{"background-color":"var(--ast-global-color-4)","background-image":"","background-repeat":"repeat","background-position":"center center","background-size":"auto","background-attachment":"scroll","background-type":"","background-media":"","overlay-type":"","overlay-color":"","overlay-opacity":"","overlay-gradient":""},"mobile":{"background-color":"var(--ast-global-color-4)","background-image":"","background-repeat":"repeat","background-position":"center center","background-size":"auto","background-attachment":"scroll","background-type":"","background-media":"","overlay-type":"","overlay-color":"","overlay-opacity":"","overlay-gradient":""}}},"product_brand":[],"product_cat":[15],"product_tag":[],"class_list":{"0":"post-13873","1":"product","2":"type-product","3":"status-publish","4":"has-post-thumbnail","6":"product_cat-uncategorized","7":"pa_57594_wcns85va-gold","8":"pa_57594_wcns85va-rosegold","9":"pa_57594_wcns85va-silber","10":"desktop-align-left","11":"tablet-align-left","12":"mobile-align-left","14":"first","15":"instock","16":"shipping-taxable","17":"purchasable","18":"product-type-variable"},"yoast_head":"<!-- This site is optimized with the Yoast SEO plugin v27.4 - https:\/\/yoast.com\/product\/yoast-seo-wordpress\/ -->\n<title>Einstellbarer Umarmungsring (4 Stk.) - Mekulo DE<\/title>\n<meta name=\"robots\" content=\"index, follow, max-snippet:-1, max-image-preview:large, max-video-preview:-1\" \/>\n<link rel=\"canonical\" href=\"https:\/\/mekulo.com\/de\/produkt\/einstellbarer-umarmungsring-4-stk\/\" \/>\n<meta property=\"og:locale\" content=\"de_DE\" \/>\n<meta property=\"og:type\" content=\"article\" \/>\n<meta property=\"og:title\" content=\"Einstellbarer Umarmungsring (4 Stk.) - Mekulo DE\" \/>\n<meta property=\"og:description\" content=\"Echtvergoldet mit 18 Karat Gold Einheitsgr\u00f6\u00dfe f\u00fcr alle - passt auf jeden Finger  Wasser- und schwei\u00dfbest\u00e4ndig  Lieferung in einer Geschenkbox - Ringbox optional\" \/>\n<meta property=\"og:url\" content=\"https:\/\/mekulo.com\/de\/produkt\/einstellbarer-umarmungsring-4-stk\/\" \/>\n<meta property=\"og:site_name\" content=\"Mekulo DE\" \/>\n<meta property=\"article:modified_time\" content=\"2026-01-22T15:42:44+00:00\" \/>\n<meta property=\"og:image\" content=\"https:\/\/mekulo.com\/de\/wp-content\/uploads\/sites\/8\/2026\/01\/xth1s9n-1.jpg\" \/>\n\t<meta property=\"og:image:width\" content=\"1080\" \/>\n\t<meta property=\"og:image:height\" content=\"1080\" \/>\n\t<meta property=\"og:image:type\" content=\"image\/jpeg\" \/>\n<meta name=\"twitter:card\" content=\"summary_large_image\" \/>\n<meta name=\"twitter:label1\" content=\"Gesch\u00e4tzte Lesezeit\" \/>\n\t<meta name=\"twitter:data1\" content=\"1\u00a0Minute\" \/>\n<script type=\"application\/ld+json\" class=\"yoast-schema-graph\">{\"@context\":\"https:\\\/\\\/schema.org\",\"@graph\":[{\"@type\":\"WebPage\",\"@id\":\"https:\\\/\\\/mekulo.com\\\/de\\\/produkt\\\/einstellbarer-umarmungsring-4-stk\\\/\",\"url\":\"https:\\\/\\\/mekulo.com\\\/de\\\/produkt\\\/einstellbarer-umarmungsring-4-stk\\\/\",\"name\":\"Einstellbarer Umarmungsring (4 Stk.) - Mekulo DE\",\"isPartOf\":{\"@id\":\"https:\\\/\\\/mekulo.com\\\/de\\\/#website\"},\"primaryImageOfPage\":{\"@id\":\"https:\\\/\\\/mekulo.com\\\/de\\\/produkt\\\/einstellbarer-umarmungsring-4-stk\\\/#primaryimage\"},\"image\":{\"@id\":\"https:\\\/\\\/mekulo.com\\\/de\\\/produkt\\\/einstellbarer-umarmungsring-4-stk\\\/#primaryimage\"},\"thumbnailUrl\":\"https:\\\/\\\/mekulo.com\\\/de\\\/wp-content\\\/uploads\\\/sites\\\/8\\\/2026\\\/01\\\/xth1s9n-1.jpg\",\"datePublished\":\"2026-01-05T10:41:07+00:00\",\"dateModified\":\"2026-01-22T15:42:44+00:00\",\"breadcrumb\":{\"@id\":\"https:\\\/\\\/mekulo.com\\\/de\\\/produkt\\\/einstellbarer-umarmungsring-4-stk\\\/#breadcrumb\"},\"inLanguage\":\"de\",\"potentialAction\":[{\"@type\":\"ReadAction\",\"target\":[\"https:\\\/\\\/mekulo.com\\\/de\\\/produkt\\\/einstellbarer-umarmungsring-4-stk\\\/\"]}]},{\"@type\":\"ImageObject\",\"inLanguage\":\"de\",\"@id\":\"https:\\\/\\\/mekulo.com\\\/de\\\/produkt\\\/einstellbarer-umarmungsring-4-stk\\\/#primaryimage\",\"url\":\"https:\\\/\\\/mekulo.com\\\/de\\\/wp-content\\\/uploads\\\/sites\\\/8\\\/2026\\\/01\\\/xth1s9n-1.jpg\",\"contentUrl\":\"https:\\\/\\\/mekulo.com\\\/de\\\/wp-content\\\/uploads\\\/sites\\\/8\\\/2026\\\/01\\\/xth1s9n-1.jpg\",\"width\":1080,\"height\":1080},{\"@type\":\"BreadcrumbList\",\"@id\":\"https:\\\/\\\/mekulo.com\\\/de\\\/produkt\\\/einstellbarer-umarmungsring-4-stk\\\/#breadcrumb\",\"itemListElement\":[{\"@type\":\"ListItem\",\"position\":1,\"name\":\"Home\",\"item\":\"https:\\\/\\\/mekulo.com\\\/de\\\/\"},{\"@type\":\"ListItem\",\"position\":2,\"name\":\"Shop\",\"item\":\"https:\\\/\\\/mekulo.com\\\/de\\\/shop\\\/\"},{\"@type\":\"ListItem\",\"position\":3,\"name\":\"Einstellbarer Umarmungsring (4 Stk.)\"}]},{\"@type\":\"WebSite\",\"@id\":\"https:\\\/\\\/mekulo.com\\\/de\\\/#website\",\"url\":\"https:\\\/\\\/mekulo.com\\\/de\\\/\",\"name\":\"Mekulo DE\",\"description\":\"\",\"publisher\":{\"@id\":\"https:\\\/\\\/mekulo.com\\\/de\\\/#organization\"},\"potentialAction\":[{\"@type\":\"SearchAction\",\"target\":{\"@type\":\"EntryPoint\",\"urlTemplate\":\"https:\\\/\\\/mekulo.com\\\/de\\\/?s={search_term_string}\"},\"query-input\":{\"@type\":\"PropertyValueSpecification\",\"valueRequired\":true,\"valueName\":\"search_term_string\"}}],\"inLanguage\":\"de\"},{\"@type\":\"Organization\",\"@id\":\"https:\\\/\\\/mekulo.com\\\/de\\\/#organization\",\"name\":\"Mekulo\",\"url\":\"https:\\\/\\\/mekulo.com\\\/de\\\/\",\"logo\":{\"@type\":\"ImageObject\",\"inLanguage\":\"de\",\"@id\":\"https:\\\/\\\/mekulo.com\\\/de\\\/#\\\/schema\\\/logo\\\/image\\\/\",\"url\":\"https:\\\/\\\/mekulo.com\\\/de\\\/wp-content\\\/uploads\\\/sites\\\/8\\\/2025\\\/12\\\/favicon_mekulo.png\",\"contentUrl\":\"https:\\\/\\\/mekulo.com\\\/de\\\/wp-content\\\/uploads\\\/sites\\\/8\\\/2025\\\/12\\\/favicon_mekulo.png\",\"width\":50,\"height\":50,\"caption\":\"Mekulo\"},\"image\":{\"@id\":\"https:\\\/\\\/mekulo.com\\\/de\\\/#\\\/schema\\\/logo\\\/image\\\/\"}}]}<\/script>\n<!-- \/ Yoast SEO plugin. -->","yoast_head_json":{"title":"Einstellbarer Umarmungsring (4 Stk.) - Mekulo DE","robots":{"index":"index","follow":"follow","max-snippet":"max-snippet:-1","max-image-preview":"max-image-preview:large","max-video-preview":"max-video-preview:-1"},"canonical":"https:\/\/mekulo.com\/de\/produkt\/einstellbarer-umarmungsring-4-stk\/","og_locale":"de_DE","og_type":"article","og_title":"Einstellbarer Umarmungsring (4 Stk.) - Mekulo DE","og_description":"Echtvergoldet mit 18 Karat Gold Einheitsgr\u00f6\u00dfe f\u00fcr alle - passt auf jeden Finger  Wasser- und schwei\u00dfbest\u00e4ndig  Lieferung in einer Geschenkbox - Ringbox optional","og_url":"https:\/\/mekulo.com\/de\/produkt\/einstellbarer-umarmungsring-4-stk\/","og_site_name":"Mekulo DE","article_modified_time":"2026-01-22T15:42:44+00:00","og_image":[{"width":1080,"height":1080,"url":"https:\/\/mekulo.com\/de\/wp-content\/uploads\/sites\/8\/2026\/01\/xth1s9n-1.jpg","type":"image\/jpeg"}],"twitter_card":"summary_large_image","twitter_misc":{"Gesch\u00e4tzte Lesezeit":"1\u00a0Minute"},"schema":{"@context":"https:\/\/schema.org","@graph":[{"@type":"WebPage","@id":"https:\/\/mekulo.com\/de\/produkt\/einstellbarer-umarmungsring-4-stk\/","url":"https:\/\/mekulo.com\/de\/produkt\/einstellbarer-umarmungsring-4-stk\/","name":"Einstellbarer Umarmungsring (4 Stk.) - Mekulo DE","isPartOf":{"@id":"https:\/\/mekulo.com\/de\/#website"},"primaryImageOfPage":{"@id":"https:\/\/mekulo.com\/de\/produkt\/einstellbarer-umarmungsring-4-stk\/#primaryimage"},"image":{"@id":"https:\/\/mekulo.com\/de\/produkt\/einstellbarer-umarmungsring-4-stk\/#primaryimage"},"thumbnailUrl":"https:\/\/mekulo.com\/de\/wp-content\/uploads\/sites\/8\/2026\/01\/xth1s9n-1.jpg","datePublished":"2026-01-05T10:41:07+00:00","dateModified":"2026-01-22T15:42:44+00:00","breadcrumb":{"@id":"https:\/\/mekulo.com\/de\/produkt\/einstellbarer-umarmungsring-4-stk\/#breadcrumb"},"inLanguage":"de","potentialAction":[{"@type":"ReadAction","target":["https:\/\/mekulo.com\/de\/produkt\/einstellbarer-umarmungsring-4-stk\/"]}]},{"@type":"ImageObject","inLanguage":"de","@id":"https:\/\/mekulo.com\/de\/produkt\/einstellbarer-umarmungsring-4-stk\/#primaryimage","url":"https:\/\/mekulo.com\/de\/wp-content\/uploads\/sites\/8\/2026\/01\/xth1s9n-1.jpg","contentUrl":"https:\/\/mekulo.com\/de\/wp-content\/uploads\/sites\/8\/2026\/01\/xth1s9n-1.jpg","width":1080,"height":1080},{"@type":"BreadcrumbList","@id":"https:\/\/mekulo.com\/de\/produkt\/einstellbarer-umarmungsring-4-stk\/#breadcrumb","itemListElement":[{"@type":"ListItem","position":1,"name":"Home","item":"https:\/\/mekulo.com\/de\/"},{"@type":"ListItem","position":2,"name":"Shop","item":"https:\/\/mekulo.com\/de\/shop\/"},{"@type":"ListItem","position":3,"name":"Einstellbarer Umarmungsring (4 Stk.)"}]},{"@type":"WebSite","@id":"https:\/\/mekulo.com\/de\/#website","url":"https:\/\/mekulo.com\/de\/","name":"Mekulo DE","description":"","publisher":{"@id":"https:\/\/mekulo.com\/de\/#organization"},"potentialAction":[{"@type":"SearchAction","target":{"@type":"EntryPoint","urlTemplate":"https:\/\/mekulo.com\/de\/?s={search_term_string}"},"query-input":{"@type":"PropertyValueSpecification","valueRequired":true,"valueName":"search_term_string"}}],"inLanguage":"de"},{"@type":"Organization","@id":"https:\/\/mekulo.com\/de\/#organization","name":"Mekulo","url":"https:\/\/mekulo.com\/de\/","logo":{"@type":"ImageObject","inLanguage":"de","@id":"https:\/\/mekulo.com\/de\/#\/schema\/logo\/image\/","url":"https:\/\/mekulo.com\/de\/wp-content\/uploads\/sites\/8\/2025\/12\/favicon_mekulo.png","contentUrl":"https:\/\/mekulo.com\/de\/wp-content\/uploads\/sites\/8\/2025\/12\/favicon_mekulo.png","width":50,"height":50,"caption":"Mekulo"},"image":{"@id":"https:\/\/mekulo.com\/de\/#\/schema\/logo\/image\/"}}]}},"_links":{"self":[{"href":"https:\/\/mekulo.com\/de\/wp-json\/wp\/v2\/product\/13873","targetHints":{"allow":["GET"]}}],"collection":[{"href":"https:\/\/mekulo.com\/de\/wp-json\/wp\/v2\/product"}],"about":[{"href":"https:\/\/mekulo.com\/de\/wp-json\/wp\/v2\/types\/product"}],"replies":[{"embeddable":true,"href":"https:\/\/mekulo.com\/de\/wp-json\/wp\/v2\/comments?post=13873"}],"wp:featuredmedia":[{"embeddable":true,"href":"https:\/\/mekulo.com\/de\/wp-json\/wp\/v2\/media\/13869"}],"wp:attachment":[{"href":"https:\/\/mekulo.com\/de\/wp-json\/wp\/v2\/media?parent=13873"}],"wp:term":[{"taxonomy":"product_brand","embeddable":true,"href":"https:\/\/mekulo.com\/de\/wp-json\/wp\/v2\/product_brand?post=13873"},{"taxonomy":"product_cat","embeddable":true,"href":"https:\/\/mekulo.com\/de\/wp-json\/wp\/v2\/product_cat?post=13873"},{"taxonomy":"product_tag","embeddable":true,"href":"https:\/\/mekulo.com\/de\/wp-json\/wp\/v2\/product_tag?post=13873"}],"curies":[{"name":"wp","href":"https:\/\/api.w.org\/{rel}","templated":true}]}}