{"id":546,"date":"2020-10-13T02:48:45","date_gmt":"2020-10-13T02:48:45","guid":{"rendered":"http:\/\/localhost\/razzi\/?page_id=546"},"modified":"2026-04-03T10:00:13","modified_gmt":"2026-04-03T07:00:13","slug":"versand-ruecksendungen","status":"publish","type":"page","link":"https:\/\/mekulo.com\/de\/versand-ruecksendungen\/","title":{"rendered":"R\u00fcckerstattungen und R\u00fccksendungen"},"content":{"rendered":"\n<p>Wir m\u00f6chten, dass Ihr Einkaufserlebnis reibungslos und unkompliziert ist. Hier finden Sie alle wichtigen Informationen zu Versand, Lieferung und R\u00fccksendungen bei mekulo.com.<\/p>\n\n\n\n<h2 class=\"wp-block-heading\">Versand<\/h2>\n\n\n\n<p>Wohin wir liefern<\/p>\n\n\n\n<p>Wir liefern in alle europ\u00e4ischen L\u00e4nder. Je nach Standort wird Ihre Bestellung \u00fcber den lokalen Postdienst oder in einigen F\u00e4llen an eine Paketstation geliefert.<\/p>\n\n\n\n<p><strong>Versandkosten<\/strong><\/p>\n\n\n\n<ul class=\"wp-block-list\">\n<li>Standardversand: <strong>3,80 \u20ac<\/strong><\/li>\n\n\n\n<li>Bestellungen \u00fcber <strong>35 \u20ac<\/strong> sind <strong>versandkostenfrei<\/strong><\/li>\n<\/ul>\n\n\n\n<p><strong>Lieferzeiten<\/strong><\/p>\n\n\n\n<ul class=\"wp-block-list\">\n<li>Bearbeitungszeit: <strong>2 Werktage<\/strong><\/li>\n\n\n\n<li>Gesch\u00e4tzte Lieferzeit innerhalb Europas: <strong>bis zu 7 Werktage<\/strong><\/li>\n<\/ul>\n\n\n\n<p><strong>Verantwortung und Risiko<\/strong><\/p>\n\n\n\n<ul class=\"wp-block-list\">\n<li>Sollte Ihre Bestellung verloren gehen, versp\u00e4tet ankommen oder besch\u00e4digt sein, senden wir die Artikel erneut oder erstatten den Kaufbetrag.<\/li>\n\n\n\n<li>Wir \u00fcbernehmen keine Verantwortung f\u00fcr Lieferverz\u00f6gerungen, stellen jedoch stets sicher, dass Ihre Bestellung Sie erreicht.<\/li>\n\n\n\n<li>Das Risiko f\u00fcr Verlust oder Besch\u00e4digung geht mit der Zustellung auf Sie \u00fcber.<\/li>\n\n\n\n<li>Bitte stellen Sie sicher, dass Sie korrekte Lieferinformationen angeben \u2013 hierf\u00fcr sind Sie verantwortlich.<\/li>\n<\/ul>\n\n\n\n<h2 class=\"wp-block-heading\">Stornierung der Bestellung<\/h2>\n\n\n\n<p>Sie k\u00f6nnen Ihre Bestellung innerhalb von 2 Stunden nach der Bestellung stornieren, sofern die Bestellung noch nicht bearbeitet oder versandt wurde.<\/p>\n\n\n\n<p>Bestellungen werden in der Regel innerhalb von 2 Werktagen bearbeitet. Sobald die Bearbeitung begonnen hat oder die Bestellung versandt wurde, ist eine Stornierung nicht mehr m\u00f6glich.<\/p>\n\n\n\n<p>Sollten Sie Ihre Bestellung nicht rechtzeitig stornieren k\u00f6nnen, k\u00f6nnen Sie den Artikel nach der Lieferung gem\u00e4\u00df den unten aufgef\u00fchrten R\u00fcckgabebedingungen zur\u00fccksenden.<\/p>\n\n\n\n<h2 class=\"wp-block-heading\"><strong>R\u00fccksendungen &amp; R\u00fcckerstattungen<\/strong><\/h2>\n\n\n\n<p><strong>R\u00fcckgabefrist<\/strong><\/p>\n\n\n\n<p>Sie k\u00f6nnen Ihre Bestellung innerhalb von 14 Tagen nach Erhalt zur\u00fccksenden.<\/p>\n\n\n\n<p><strong>Zustand der R\u00fccksendung<\/strong><\/p>\n\n\n\n<ul class=\"wp-block-list\">\n<li>Artikel m\u00fcssen unbenutzt, unbesch\u00e4digt und in der Originalverpackung sein.<\/li>\n\n\n\n<li>Sie d\u00fcrfen das Produkt in dem Umfang testen, der notwendig ist, um dessen Beschaffenheit und Funktionalit\u00e4t zu pr\u00fcfen.<\/li>\n<\/ul>\n\n\n\n<p><strong>Teilr\u00fcckerstattungen<\/strong><\/p>\n\n\n\n<ul class=\"wp-block-list\">\n<li>Wenn zur\u00fcckgesendete Artikel benutzt, besch\u00e4digt oder unvollst\u00e4ndig sind, behalten wir uns vor, eine <strong>Teilerstattung<\/strong> vorzunehmen.<\/li>\n\n\n\n<li>Eine Teilerstattung kann auch angeboten werden, wenn Sie nicht zufrieden sind, den Artikel jedoch nicht zur\u00fccksenden.<\/li>\n<\/ul>\n\n\n\n<p><strong>R\u00fccksendekosten<\/strong><\/p>\n\n\n\n<ul class=\"wp-block-list\">\n<li>Wenn die R\u00fccksendung durch den Verbraucher verursacht wurde, hat dieser die Versandkosten zu tragen. Die H\u00f6he der Kosten richtet sich nach dem von Ihnen gew\u00e4hlten Expressdienst.<\/li>\n\n\n\n<li>Wenn die erhaltene Ware aus Gr\u00fcnden, die wir zu vertreten haben, besch\u00e4digt oder falsch ist, hat der Verbraucher die Versandkosten hierf\u00fcr nicht zu tragen.<\/li>\n<\/ul>\n\n\n\n<p><strong>R\u00fcckerstattungszeitraum<\/strong><\/p>\n\n\n\n<ul class=\"wp-block-list\">\n<li>R\u00fcckerstattungen erfolgen innerhalb von <strong>14 Tagen<\/strong> nach Eingang der R\u00fccksendung oder innerhalb von 14 Tagen nach Vereinbarung einer Teilerstattung ohne R\u00fccksendung.<\/li>\n\n\n\n<li>Die R\u00fcckerstattung beinhaltet die urspr\u00fcnglichen Standard-Versandkosten.<\/li>\n<\/ul>\n\n\n\n<p><strong>R\u00fcckerstattungsmethode<\/strong><\/p>\n\n\n\n<p>Alle R\u00fcckerstattungen erfolgen \u00fcber die urspr\u00fcngliche Zahlungsmethode, die der Kunde beim Kauf des Produkts verwendet hat.<\/p>\n\n\n\n<p><strong>R\u00fccksendeadresse<br><\/strong>Bitte senden Sie R\u00fccksendungen an:<br>Novtra HK Limited<\/p>\n\n\n\n<p>Sveikatos g. 29, Struik\u0173 k., \u0160ilal\u0117s r. Litauen<\/p>\n\n\n\n<p>Bei Fragen zu R\u00fccksendungen kontaktieren Sie uns bitte unter: <strong><a>info@mekulo.com<\/a><\/strong><\/p>\n\n\n\n<p>Alle auf mekulo.com gekauften Artikel k\u00f6nnen unter diesen Bedingungen zur\u00fcckgegeben werden.<\/p>\n\n\n\n<hr class=\"wp-block-separator has-alpha-channel-opacity\"\/>\n\n\n\n<h3 class=\"wp-block-heading\">Kurz zusammengefasst:<\/h3>\n\n\n\n<ul class=\"wp-block-list\">\n<li>Versand: <strong>3,80 \u20ac<\/strong>, kostenlos ab <strong>35 \u20ac<\/strong><\/li>\n\n\n\n<li>Lieferung: <strong>2 Tage Bearbeitung + bis zu 7 Tage Versand<\/strong><\/li>\n\n\n\n<li>Stornierung: bis sp\u00e4testens 2 Stunden vor der Behandlung<\/li>\n\n\n\n<li>R\u00fccksendungen: <strong>14 Tage<\/strong>, Originalzustand erforderlich<\/li>\n\n\n\n<li>Risiko geht bei Lieferung auf den K\u00e4ufer \u00fcber, R\u00fccksendekosten tr\u00e4gt der K\u00e4ufer<\/li>\n\n\n\n<li>R\u00fcckerstattungen innerhalb von <strong>14 Tagen<\/strong><\/li>\n<\/ul>\n\n\n\n<p>Wir hoffen, dass dies Ihren Einkauf bei uns einfach und transparent macht!<\/p>\n\n\n\n<p><\/p>\n","protected":false},"excerpt":{"rendered":"<p>Wir m\u00f6chten, dass Ihr Einkaufserlebnis reibungslos und unkompliziert ist. Hier finden Sie alle wichtigen Informationen zu Versand, Lieferung und R\u00fccksendungen [&hellip;]<\/p>\n","protected":false},"author":1,"featured_media":0,"parent":0,"menu_order":0,"comment_status":"closed","ping_status":"closed","template":"","meta":{"site-sidebar-layout":"default","site-content-layout":"","ast-site-content-layout":"default","site-content-style":"default","site-sidebar-style":"default","ast-global-header-display":"","ast-banner-title-visibility":"","ast-main-header-display":"","ast-hfb-above-header-display":"","ast-hfb-below-header-display":"","ast-hfb-mobile-header-display":"","site-post-title":"","ast-breadcrumbs-content":"","ast-featured-img":"","footer-sml-layout":"","theme-transparent-header-meta":"","adv-header-id-meta":"","stick-header-meta":"","header-above-stick-meta":"","header-main-stick-meta":"","header-below-stick-meta":"","astra-migrate-meta-layouts":"default","ast-page-background-enabled":"default","ast-page-background-meta":{"desktop":{"background-color":"var(--ast-global-color-5)","background-image":"","background-repeat":"repeat","background-position":"center center","background-size":"auto","background-attachment":"scroll","background-type":"","background-media":"","overlay-type":"","overlay-color":"","overlay-opacity":"","overlay-gradient":""},"tablet":{"background-color":"","background-image":"","background-repeat":"repeat","background-position":"center center","background-size":"auto","background-attachment":"scroll","background-type":"","background-media":"","overlay-type":"","overlay-color":"","overlay-opacity":"","overlay-gradient":""},"mobile":{"background-color":"","background-image":"","background-repeat":"repeat","background-position":"center center","background-size":"auto","background-attachment":"scroll","background-type":"","background-media":"","overlay-type":"","overlay-color":"","overlay-opacity":"","overlay-gradient":""}},"ast-content-background-meta":{"desktop":{"background-color":"var(--ast-global-color-4)","background-image":"","background-repeat":"repeat","background-position":"center center","background-size":"auto","background-attachment":"scroll","background-type":"","background-media":"","overlay-type":"","overlay-color":"","overlay-opacity":"","overlay-gradient":""},"tablet":{"background-color":"var(--ast-global-color-4)","background-image":"","background-repeat":"repeat","background-position":"center center","background-size":"auto","background-attachment":"scroll","background-type":"","background-media":"","overlay-type":"","overlay-color":"","overlay-opacity":"","overlay-gradient":""},"mobile":{"background-color":"var(--ast-global-color-4)","background-image":"","background-repeat":"repeat","background-position":"center center","background-size":"auto","background-attachment":"scroll","background-type":"","background-media":"","overlay-type":"","overlay-color":"","overlay-opacity":"","overlay-gradient":""}},"footnotes":""},"class_list":["post-546","page","type-page","status-publish","hentry"],"yoast_head":"<!-- This site is optimized with the Yoast SEO plugin v26.6 - https:\/\/yoast.com\/wordpress\/plugins\/seo\/ -->\n<title>R\u00fcckerstattungen und R\u00fccksendungen - Mekulo DE<\/title>\n<meta name=\"robots\" content=\"index, follow, max-snippet:-1, max-image-preview:large, max-video-preview:-1\" \/>\n<link rel=\"canonical\" href=\"https:\/\/mekulo.com\/de\/versand-ruecksendungen\/\" \/>\n<meta property=\"og:locale\" content=\"de_DE\" \/>\n<meta property=\"og:type\" content=\"article\" \/>\n<meta property=\"og:title\" content=\"R\u00fcckerstattungen und R\u00fccksendungen - Mekulo DE\" \/>\n<meta property=\"og:description\" content=\"Wir m\u00f6chten, dass Ihr Einkaufserlebnis reibungslos und unkompliziert ist. Hier finden Sie alle wichtigen Informationen zu Versand, Lieferung und R\u00fccksendungen [&hellip;]\" \/>\n<meta property=\"og:url\" content=\"https:\/\/mekulo.com\/de\/versand-ruecksendungen\/\" \/>\n<meta property=\"og:site_name\" content=\"Mekulo DE\" \/>\n<meta property=\"article:modified_time\" content=\"2026-04-03T07:00:13+00:00\" \/>\n<meta name=\"twitter:card\" content=\"summary_large_image\" \/>\n<meta name=\"twitter:label1\" content=\"Gesch\u00e4tzte Lesezeit\" \/>\n\t<meta name=\"twitter:data1\" content=\"3\u00a0Minuten\" \/>\n<script type=\"application\/ld+json\" class=\"yoast-schema-graph\">{\"@context\":\"https:\/\/schema.org\",\"@graph\":[{\"@type\":\"WebPage\",\"@id\":\"https:\/\/mekulo.com\/de\/versand-ruecksendungen\/\",\"url\":\"https:\/\/mekulo.com\/de\/versand-ruecksendungen\/\",\"name\":\"R\u00fcckerstattungen und R\u00fccksendungen - Mekulo DE\",\"isPartOf\":{\"@id\":\"https:\/\/mekulo.com\/de\/#website\"},\"datePublished\":\"2020-10-13T02:48:45+00:00\",\"dateModified\":\"2026-04-03T07:00:13+00:00\",\"breadcrumb\":{\"@id\":\"https:\/\/mekulo.com\/de\/versand-ruecksendungen\/#breadcrumb\"},\"inLanguage\":\"de\",\"potentialAction\":[{\"@type\":\"ReadAction\",\"target\":[\"https:\/\/mekulo.com\/de\/versand-ruecksendungen\/\"]}]},{\"@type\":\"BreadcrumbList\",\"@id\":\"https:\/\/mekulo.com\/de\/versand-ruecksendungen\/#breadcrumb\",\"itemListElement\":[{\"@type\":\"ListItem\",\"position\":1,\"name\":\"Home\",\"item\":\"https:\/\/mekulo.com\/de\/\"},{\"@type\":\"ListItem\",\"position\":2,\"name\":\"R\u00fcckerstattungen und R\u00fccksendungen\"}]},{\"@type\":\"WebSite\",\"@id\":\"https:\/\/mekulo.com\/de\/#website\",\"url\":\"https:\/\/mekulo.com\/de\/\",\"name\":\"Mekulo DE\",\"description\":\"\",\"publisher\":{\"@id\":\"https:\/\/mekulo.com\/de\/#organization\"},\"potentialAction\":[{\"@type\":\"SearchAction\",\"target\":{\"@type\":\"EntryPoint\",\"urlTemplate\":\"https:\/\/mekulo.com\/de\/?s={search_term_string}\"},\"query-input\":{\"@type\":\"PropertyValueSpecification\",\"valueRequired\":true,\"valueName\":\"search_term_string\"}}],\"inLanguage\":\"de\"},{\"@type\":\"Organization\",\"@id\":\"https:\/\/mekulo.com\/de\/#organization\",\"name\":\"Mekulo\",\"url\":\"https:\/\/mekulo.com\/de\/\",\"logo\":{\"@type\":\"ImageObject\",\"inLanguage\":\"de\",\"@id\":\"https:\/\/mekulo.com\/de\/#\/schema\/logo\/image\/\",\"url\":\"https:\/\/mekulo.com\/de\/wp-content\/uploads\/sites\/8\/2025\/12\/favicon_mekulo.png\",\"contentUrl\":\"https:\/\/mekulo.com\/de\/wp-content\/uploads\/sites\/8\/2025\/12\/favicon_mekulo.png\",\"width\":50,\"height\":50,\"caption\":\"Mekulo\"},\"image\":{\"@id\":\"https:\/\/mekulo.com\/de\/#\/schema\/logo\/image\/\"}}]}<\/script>\n<!-- \/ Yoast SEO plugin. -->","yoast_head_json":{"title":"R\u00fcckerstattungen und R\u00fccksendungen - Mekulo DE","robots":{"index":"index","follow":"follow","max-snippet":"max-snippet:-1","max-image-preview":"max-image-preview:large","max-video-preview":"max-video-preview:-1"},"canonical":"https:\/\/mekulo.com\/de\/versand-ruecksendungen\/","og_locale":"de_DE","og_type":"article","og_title":"R\u00fcckerstattungen und R\u00fccksendungen - Mekulo DE","og_description":"Wir m\u00f6chten, dass Ihr Einkaufserlebnis reibungslos und unkompliziert ist. Hier finden Sie alle wichtigen Informationen zu Versand, Lieferung und R\u00fccksendungen [&hellip;]","og_url":"https:\/\/mekulo.com\/de\/versand-ruecksendungen\/","og_site_name":"Mekulo DE","article_modified_time":"2026-04-03T07:00:13+00:00","twitter_card":"summary_large_image","twitter_misc":{"Gesch\u00e4tzte Lesezeit":"3\u00a0Minuten"},"schema":{"@context":"https:\/\/schema.org","@graph":[{"@type":"WebPage","@id":"https:\/\/mekulo.com\/de\/versand-ruecksendungen\/","url":"https:\/\/mekulo.com\/de\/versand-ruecksendungen\/","name":"R\u00fcckerstattungen und R\u00fccksendungen - Mekulo DE","isPartOf":{"@id":"https:\/\/mekulo.com\/de\/#website"},"datePublished":"2020-10-13T02:48:45+00:00","dateModified":"2026-04-03T07:00:13+00:00","breadcrumb":{"@id":"https:\/\/mekulo.com\/de\/versand-ruecksendungen\/#breadcrumb"},"inLanguage":"de","potentialAction":[{"@type":"ReadAction","target":["https:\/\/mekulo.com\/de\/versand-ruecksendungen\/"]}]},{"@type":"BreadcrumbList","@id":"https:\/\/mekulo.com\/de\/versand-ruecksendungen\/#breadcrumb","itemListElement":[{"@type":"ListItem","position":1,"name":"Home","item":"https:\/\/mekulo.com\/de\/"},{"@type":"ListItem","position":2,"name":"R\u00fcckerstattungen und R\u00fccksendungen"}]},{"@type":"WebSite","@id":"https:\/\/mekulo.com\/de\/#website","url":"https:\/\/mekulo.com\/de\/","name":"Mekulo DE","description":"","publisher":{"@id":"https:\/\/mekulo.com\/de\/#organization"},"potentialAction":[{"@type":"SearchAction","target":{"@type":"EntryPoint","urlTemplate":"https:\/\/mekulo.com\/de\/?s={search_term_string}"},"query-input":{"@type":"PropertyValueSpecification","valueRequired":true,"valueName":"search_term_string"}}],"inLanguage":"de"},{"@type":"Organization","@id":"https:\/\/mekulo.com\/de\/#organization","name":"Mekulo","url":"https:\/\/mekulo.com\/de\/","logo":{"@type":"ImageObject","inLanguage":"de","@id":"https:\/\/mekulo.com\/de\/#\/schema\/logo\/image\/","url":"https:\/\/mekulo.com\/de\/wp-content\/uploads\/sites\/8\/2025\/12\/favicon_mekulo.png","contentUrl":"https:\/\/mekulo.com\/de\/wp-content\/uploads\/sites\/8\/2025\/12\/favicon_mekulo.png","width":50,"height":50,"caption":"Mekulo"},"image":{"@id":"https:\/\/mekulo.com\/de\/#\/schema\/logo\/image\/"}}]}},"_links":{"self":[{"href":"https:\/\/mekulo.com\/de\/wp-json\/wp\/v2\/pages\/546","targetHints":{"allow":["GET"]}}],"collection":[{"href":"https:\/\/mekulo.com\/de\/wp-json\/wp\/v2\/pages"}],"about":[{"href":"https:\/\/mekulo.com\/de\/wp-json\/wp\/v2\/types\/page"}],"author":[{"embeddable":true,"href":"https:\/\/mekulo.com\/de\/wp-json\/wp\/v2\/users\/1"}],"replies":[{"embeddable":true,"href":"https:\/\/mekulo.com\/de\/wp-json\/wp\/v2\/comments?post=546"}],"version-history":[{"count":22,"href":"https:\/\/mekulo.com\/de\/wp-json\/wp\/v2\/pages\/546\/revisions"}],"predecessor-version":[{"id":15169,"href":"https:\/\/mekulo.com\/de\/wp-json\/wp\/v2\/pages\/546\/revisions\/15169"}],"wp:attachment":[{"href":"https:\/\/mekulo.com\/de\/wp-json\/wp\/v2\/media?parent=546"}],"curies":[{"name":"wp","href":"https:\/\/api.w.org\/{rel}","templated":true}]}}