{"id":15144,"date":"2026-04-01T14:56:11","date_gmt":"2026-04-01T11:56:11","guid":{"rendered":"https:\/\/mekulo.com\/de\/?page_id=15144"},"modified":"2026-04-01T14:56:11","modified_gmt":"2026-04-01T11:56:11","slug":"versandbedingungen","status":"publish","type":"page","link":"https:\/\/mekulo.com\/de\/versandbedingungen\/","title":{"rendered":"Versandbedingungen"},"content":{"rendered":"\n<p>Unser Ziel ist es, Ihnen die besten Versandoptionen anzubieten, ganz gleich, wo Sie wohnen. Wir versenden t\u00e4glich an Hunderte von Kunden auf der ganzen Welt und sind bestrebt, Ihnen einen Service von h\u00f6chster Qualit\u00e4t zu bieten.<\/p>\n\n\n\n<p>Die Lieferzeit f\u00fcr eine Bestellung gliedert sich in zwei Teile:<\/p>\n\n\n\n<p>Bearbeitungszeit: 1\u20133 Tage<\/p>\n\n\n\n<p>Versandzeit: 5\u201310 Tage<\/p>\n\n\n\n<p>Versandarten: Je nach Land werden Pakete von DHL oder der \u00f6rtlichen Post zugestellt<\/p>\n\n\n\n<p>Versandkosten: 3.80\u20ac, kostenlos bei Eink\u00e4ufen \u00fcber 35\u20ac<\/p>\n\n\n\n<p><\/p>\n","protected":false},"excerpt":{"rendered":"<p>Unser Ziel ist es, Ihnen die besten Versandoptionen anzubieten, ganz gleich, wo Sie wohnen. Wir versenden t\u00e4glich an Hunderte von [&hellip;]<\/p>\n","protected":false},"author":7,"featured_media":0,"parent":0,"menu_order":0,"comment_status":"closed","ping_status":"closed","template":"","meta":{"site-sidebar-layout":"default","site-content-layout":"","ast-site-content-layout":"default","site-content-style":"default","site-sidebar-style":"default","ast-global-header-display":"","ast-banner-title-visibility":"","ast-main-header-display":"","ast-hfb-above-header-display":"","ast-hfb-below-header-display":"","ast-hfb-mobile-header-display":"","site-post-title":"","ast-breadcrumbs-content":"","ast-featured-img":"","footer-sml-layout":"","theme-transparent-header-meta":"","adv-header-id-meta":"","stick-header-meta":"","header-above-stick-meta":"","header-main-stick-meta":"","header-below-stick-meta":"","astra-migrate-meta-layouts":"default","ast-page-background-enabled":"default","ast-page-background-meta":{"desktop":{"background-color":"var(--ast-global-color-5)","background-image":"","background-repeat":"repeat","background-position":"center center","background-size":"auto","background-attachment":"scroll","background-type":"","background-media":"","overlay-type":"","overlay-color":"","overlay-opacity":"","overlay-gradient":""},"tablet":{"background-color":"","background-image":"","background-repeat":"repeat","background-position":"center center","background-size":"auto","background-attachment":"scroll","background-type":"","background-media":"","overlay-type":"","overlay-color":"","overlay-opacity":"","overlay-gradient":""},"mobile":{"background-color":"","background-image":"","background-repeat":"repeat","background-position":"center center","background-size":"auto","background-attachment":"scroll","background-type":"","background-media":"","overlay-type":"","overlay-color":"","overlay-opacity":"","overlay-gradient":""}},"ast-content-background-meta":{"desktop":{"background-color":"var(--ast-global-color-4)","background-image":"","background-repeat":"repeat","background-position":"center center","background-size":"auto","background-attachment":"scroll","background-type":"","background-media":"","overlay-type":"","overlay-color":"","overlay-opacity":"","overlay-gradient":""},"tablet":{"background-color":"var(--ast-global-color-4)","background-image":"","background-repeat":"repeat","background-position":"center center","background-size":"auto","background-attachment":"scroll","background-type":"","background-media":"","overlay-type":"","overlay-color":"","overlay-opacity":"","overlay-gradient":""},"mobile":{"background-color":"var(--ast-global-color-4)","background-image":"","background-repeat":"repeat","background-position":"center center","background-size":"auto","background-attachment":"scroll","background-type":"","background-media":"","overlay-type":"","overlay-color":"","overlay-opacity":"","overlay-gradient":""}},"footnotes":""},"class_list":["post-15144","page","type-page","status-publish","hentry"],"yoast_head":"<!-- This site is optimized with the Yoast SEO plugin v26.6 - https:\/\/yoast.com\/wordpress\/plugins\/seo\/ -->\n<title>Versandbedingungen - Mekulo DE<\/title>\n<meta name=\"robots\" content=\"index, follow, max-snippet:-1, max-image-preview:large, max-video-preview:-1\" \/>\n<link rel=\"canonical\" href=\"https:\/\/mekulo.com\/de\/versandbedingungen\/\" \/>\n<meta property=\"og:locale\" content=\"de_DE\" \/>\n<meta property=\"og:type\" content=\"article\" \/>\n<meta property=\"og:title\" content=\"Versandbedingungen - Mekulo DE\" \/>\n<meta property=\"og:description\" content=\"Unser Ziel ist es, Ihnen die besten Versandoptionen anzubieten, ganz gleich, wo Sie wohnen. Wir versenden t\u00e4glich an Hunderte von [&hellip;]\" \/>\n<meta property=\"og:url\" content=\"https:\/\/mekulo.com\/de\/versandbedingungen\/\" \/>\n<meta property=\"og:site_name\" content=\"Mekulo DE\" \/>\n<meta name=\"twitter:card\" content=\"summary_large_image\" \/>\n<meta name=\"twitter:label1\" content=\"Gesch\u00e4tzte Lesezeit\" \/>\n\t<meta name=\"twitter:data1\" content=\"1\u00a0Minute\" \/>\n<script type=\"application\/ld+json\" class=\"yoast-schema-graph\">{\"@context\":\"https:\/\/schema.org\",\"@graph\":[{\"@type\":\"WebPage\",\"@id\":\"https:\/\/mekulo.com\/de\/versandbedingungen\/\",\"url\":\"https:\/\/mekulo.com\/de\/versandbedingungen\/\",\"name\":\"Versandbedingungen - Mekulo DE\",\"isPartOf\":{\"@id\":\"https:\/\/mekulo.com\/de\/#website\"},\"datePublished\":\"2026-04-01T11:56:11+00:00\",\"breadcrumb\":{\"@id\":\"https:\/\/mekulo.com\/de\/versandbedingungen\/#breadcrumb\"},\"inLanguage\":\"de\",\"potentialAction\":[{\"@type\":\"ReadAction\",\"target\":[\"https:\/\/mekulo.com\/de\/versandbedingungen\/\"]}]},{\"@type\":\"BreadcrumbList\",\"@id\":\"https:\/\/mekulo.com\/de\/versandbedingungen\/#breadcrumb\",\"itemListElement\":[{\"@type\":\"ListItem\",\"position\":1,\"name\":\"Home\",\"item\":\"https:\/\/mekulo.com\/de\/\"},{\"@type\":\"ListItem\",\"position\":2,\"name\":\"Versandbedingungen\"}]},{\"@type\":\"WebSite\",\"@id\":\"https:\/\/mekulo.com\/de\/#website\",\"url\":\"https:\/\/mekulo.com\/de\/\",\"name\":\"Mekulo DE\",\"description\":\"\",\"publisher\":{\"@id\":\"https:\/\/mekulo.com\/de\/#organization\"},\"potentialAction\":[{\"@type\":\"SearchAction\",\"target\":{\"@type\":\"EntryPoint\",\"urlTemplate\":\"https:\/\/mekulo.com\/de\/?s={search_term_string}\"},\"query-input\":{\"@type\":\"PropertyValueSpecification\",\"valueRequired\":true,\"valueName\":\"search_term_string\"}}],\"inLanguage\":\"de\"},{\"@type\":\"Organization\",\"@id\":\"https:\/\/mekulo.com\/de\/#organization\",\"name\":\"Mekulo\",\"url\":\"https:\/\/mekulo.com\/de\/\",\"logo\":{\"@type\":\"ImageObject\",\"inLanguage\":\"de\",\"@id\":\"https:\/\/mekulo.com\/de\/#\/schema\/logo\/image\/\",\"url\":\"https:\/\/mekulo.com\/de\/wp-content\/uploads\/sites\/8\/2025\/12\/favicon_mekulo.png\",\"contentUrl\":\"https:\/\/mekulo.com\/de\/wp-content\/uploads\/sites\/8\/2025\/12\/favicon_mekulo.png\",\"width\":50,\"height\":50,\"caption\":\"Mekulo\"},\"image\":{\"@id\":\"https:\/\/mekulo.com\/de\/#\/schema\/logo\/image\/\"}}]}<\/script>\n<!-- \/ Yoast SEO plugin. -->","yoast_head_json":{"title":"Versandbedingungen - Mekulo DE","robots":{"index":"index","follow":"follow","max-snippet":"max-snippet:-1","max-image-preview":"max-image-preview:large","max-video-preview":"max-video-preview:-1"},"canonical":"https:\/\/mekulo.com\/de\/versandbedingungen\/","og_locale":"de_DE","og_type":"article","og_title":"Versandbedingungen - Mekulo DE","og_description":"Unser Ziel ist es, Ihnen die besten Versandoptionen anzubieten, ganz gleich, wo Sie wohnen. Wir versenden t\u00e4glich an Hunderte von [&hellip;]","og_url":"https:\/\/mekulo.com\/de\/versandbedingungen\/","og_site_name":"Mekulo DE","twitter_card":"summary_large_image","twitter_misc":{"Gesch\u00e4tzte Lesezeit":"1\u00a0Minute"},"schema":{"@context":"https:\/\/schema.org","@graph":[{"@type":"WebPage","@id":"https:\/\/mekulo.com\/de\/versandbedingungen\/","url":"https:\/\/mekulo.com\/de\/versandbedingungen\/","name":"Versandbedingungen - Mekulo DE","isPartOf":{"@id":"https:\/\/mekulo.com\/de\/#website"},"datePublished":"2026-04-01T11:56:11+00:00","breadcrumb":{"@id":"https:\/\/mekulo.com\/de\/versandbedingungen\/#breadcrumb"},"inLanguage":"de","potentialAction":[{"@type":"ReadAction","target":["https:\/\/mekulo.com\/de\/versandbedingungen\/"]}]},{"@type":"BreadcrumbList","@id":"https:\/\/mekulo.com\/de\/versandbedingungen\/#breadcrumb","itemListElement":[{"@type":"ListItem","position":1,"name":"Home","item":"https:\/\/mekulo.com\/de\/"},{"@type":"ListItem","position":2,"name":"Versandbedingungen"}]},{"@type":"WebSite","@id":"https:\/\/mekulo.com\/de\/#website","url":"https:\/\/mekulo.com\/de\/","name":"Mekulo DE","description":"","publisher":{"@id":"https:\/\/mekulo.com\/de\/#organization"},"potentialAction":[{"@type":"SearchAction","target":{"@type":"EntryPoint","urlTemplate":"https:\/\/mekulo.com\/de\/?s={search_term_string}"},"query-input":{"@type":"PropertyValueSpecification","valueRequired":true,"valueName":"search_term_string"}}],"inLanguage":"de"},{"@type":"Organization","@id":"https:\/\/mekulo.com\/de\/#organization","name":"Mekulo","url":"https:\/\/mekulo.com\/de\/","logo":{"@type":"ImageObject","inLanguage":"de","@id":"https:\/\/mekulo.com\/de\/#\/schema\/logo\/image\/","url":"https:\/\/mekulo.com\/de\/wp-content\/uploads\/sites\/8\/2025\/12\/favicon_mekulo.png","contentUrl":"https:\/\/mekulo.com\/de\/wp-content\/uploads\/sites\/8\/2025\/12\/favicon_mekulo.png","width":50,"height":50,"caption":"Mekulo"},"image":{"@id":"https:\/\/mekulo.com\/de\/#\/schema\/logo\/image\/"}}]}},"_links":{"self":[{"href":"https:\/\/mekulo.com\/de\/wp-json\/wp\/v2\/pages\/15144","targetHints":{"allow":["GET"]}}],"collection":[{"href":"https:\/\/mekulo.com\/de\/wp-json\/wp\/v2\/pages"}],"about":[{"href":"https:\/\/mekulo.com\/de\/wp-json\/wp\/v2\/types\/page"}],"author":[{"embeddable":true,"href":"https:\/\/mekulo.com\/de\/wp-json\/wp\/v2\/users\/7"}],"replies":[{"embeddable":true,"href":"https:\/\/mekulo.com\/de\/wp-json\/wp\/v2\/comments?post=15144"}],"version-history":[{"count":1,"href":"https:\/\/mekulo.com\/de\/wp-json\/wp\/v2\/pages\/15144\/revisions"}],"predecessor-version":[{"id":15145,"href":"https:\/\/mekulo.com\/de\/wp-json\/wp\/v2\/pages\/15144\/revisions\/15145"}],"wp:attachment":[{"href":"https:\/\/mekulo.com\/de\/wp-json\/wp\/v2\/media?parent=15144"}],"curies":[{"name":"wp","href":"https:\/\/api.w.org\/{rel}","templated":true}]}}