{"id":12790,"date":"2025-12-10T13:12:52","date_gmt":"2025-12-10T13:12:52","guid":{"rendered":"https:\/\/mekulo.com\/de\/?page_id=12790"},"modified":"2025-12-29T13:59:04","modified_gmt":"2025-12-29T11:59:04","slug":"haeufig-gestellte-fragen","status":"publish","type":"page","link":"https:\/\/mekulo.com\/de\/haeufig-gestellte-fragen\/","title":{"rendered":"H\u00e4ufig gestellte Fragen"},"content":{"rendered":"\t\t<div data-elementor-type=\"wp-page\" data-elementor-id=\"12790\" class=\"elementor elementor-12790\" data-elementor-post-type=\"page\">\n\t\t\t\t<div class=\"elementor-element elementor-element-21f9d5b animated-slow e-flex e-con-boxed elementor-invisible e-con e-parent\" data-id=\"21f9d5b\" data-element_type=\"container\" data-settings=\"{&quot;animation&quot;:&quot;fadeIn&quot;}\">\n\t\t\t\t\t<div class=\"e-con-inner\">\n\t\t\t\t<div class=\"elementor-element elementor-element-31cb809 elementor-widget elementor-widget-heading\" data-id=\"31cb809\" data-element_type=\"widget\" data-widget_type=\"heading.default\">\n\t\t\t\t\t<h2 class=\"elementor-heading-title elementor-size-default\">H\u00e4ufig gestellte <br>Fragen<\/h2>\t\t\t\t<\/div>\n\t\t\t\t\t<\/div>\n\t\t\t\t<\/div>\n\t\t<div class=\"elementor-element elementor-element-37b82ec e-flex e-con-boxed elementor-invisible e-con e-parent\" data-id=\"37b82ec\" data-element_type=\"container\" data-settings=\"{&quot;animation&quot;:&quot;fadeIn&quot;}\">\n\t\t\t\t\t<div class=\"e-con-inner\">\n\t\t\t\t<div class=\"elementor-element elementor-element-111d583 elementor-widget__width-initial elementor-widget elementor-widget-shortcode\" data-id=\"111d583\" data-element_type=\"widget\" data-widget_type=\"shortcode.default\">\n\t\t\t\t\t\t\t<div class=\"elementor-shortcode\"><style>#sp-ea-13482 .spcollapsing { height: 0; overflow: hidden; transition-property: height;transition-duration: 300ms;}#sp-ea-13482.sp-easy-accordion>.sp-ea-single {margin-bottom: 10px; border: 1px solid #f6f3f0; }#sp-ea-13482.sp-easy-accordion>.sp-ea-single>.ea-header a {color: #444;}#sp-ea-13482.sp-easy-accordion>.sp-ea-single>.sp-collapse>.ea-body {background: #fff; color: #444;}#sp-ea-13482.sp-easy-accordion>.sp-ea-single {background: #f6f3f0;}#sp-ea-13482.sp-easy-accordion>.sp-ea-single>.ea-header a .ea-expand-icon { float: right; color: #444;font-size: 16px;}#sp-ea-13482.sp-easy-accordion>.sp-ea-single>.ea-header a .ea-expand-icon {margin-right: 0;}<\/style><div id=\"sp_easy_accordion-1767008357\"><div id=\"sp-ea-13482\" class=\"sp-ea-one sp-easy-accordion\" data-ea-active=\"ea-click\" data-ea-mode=\"vertical\" data-preloader=\"\" data-scroll-active-item=\"\" data-offset-to-scroll=\"0\"><div class=\"ea-card ea-expand sp-ea-single\"><h3 class=\"ea-header\"><a class=\"collapsed\" id=\"ea-header-134820\" role=\"button\" data-sptoggle=\"spcollapse\" data-sptarget=\"#collapse134820\" aria-controls=\"collapse134820\" href=\"#\" rel=nofollow aria-expanded=\"true\" tabindex=\"0\"><i aria-hidden=\"true\" role=\"presentation\" class=\"ea-expand-icon eap-icon-ea-expand-minus\"><\/i> Wo finde ich meinen Versandcode?<\/a><\/h3><div class=\"sp-collapse spcollapse collapsed show\" id=\"collapse134820\" data-parent=\"#sp-ea-13482\" role=\"region\" aria-labelledby=\"ea-header-134820\"> <div class=\"ea-body\"><p>Sobald Ihre Bestellung versandt wurde, erhalten Sie per E-Mail eine Sendungsverfolgungsnummer. Der Tracking-Code wird in der Regel innerhalb von 1\u20133 Werktagen versandt. Bitte beachten Sie, dass es mehrere Werktage dauern kann, bis der Tracking-Code aktiv wird.<\/p><\/div><\/div><\/div><div class=\"ea-card sp-ea-single\"><h3 class=\"ea-header\"><a class=\"collapsed\" id=\"ea-header-134821\" role=\"button\" data-sptoggle=\"spcollapse\" data-sptarget=\"#collapse134821\" aria-controls=\"collapse134821\" href=\"#\" rel=nofollow aria-expanded=\"false\" tabindex=\"0\"><i aria-hidden=\"true\" role=\"presentation\" class=\"ea-expand-icon eap-icon-ea-expand-plus\"><\/i> Wie kann ich \u00fcberpr\u00fcfen, wo sich meine Bestellung befindet?<\/a><\/h3><div class=\"sp-collapse spcollapse \" id=\"collapse134821\" data-parent=\"#sp-ea-13482\" role=\"region\" aria-labelledby=\"ea-header-134821\"> <div class=\"ea-body\"><p>Verwenden Sie den Tracking-Code, den Sie per E-Mail erhalten haben, um den Status Ihrer Bestellung zu verfolgen. Geben Sie die Tracking-Nummer auf der Tracking-Website\u00a0<a href=\"http:\/\/17track.net\/en\">17track<\/a>\u00a0ein, um den Status der Sendung zu \u00fcberpr\u00fcfen. Wenn angezeigt wird, dass keine Informationen zur Sendung vorliegen, w\u00e4hlen Sie bitte YunExpress als Versanddienstleister aus.<\/p><p>Der Tracking-Code wird mit der E-Mail zur Bestellbest\u00e4tigung versandt, die Sie innerhalb von 1\u20133 Werktagen nach der Bestellung erhalten sollten. Wenn Sie nach 1\u20133 Tagen noch keine Tracking-Nummer erhalten haben, kontaktieren Sie uns bitte.<\/p><\/div><\/div><\/div><div class=\"ea-card sp-ea-single\"><h3 class=\"ea-header\"><a class=\"collapsed\" id=\"ea-header-134822\" role=\"button\" data-sptoggle=\"spcollapse\" data-sptarget=\"#collapse134822\" aria-controls=\"collapse134822\" href=\"#\" rel=nofollow aria-expanded=\"false\" tabindex=\"0\"><i aria-hidden=\"true\" role=\"presentation\" class=\"ea-expand-icon eap-icon-ea-expand-plus\"><\/i> Was passiert, wenn ich mit meiner Bestellung nicht zufrieden bin?<\/a><\/h3><div class=\"sp-collapse spcollapse \" id=\"collapse134822\" data-parent=\"#sp-ea-13482\" role=\"region\" aria-labelledby=\"ea-header-134822\"> <div class=\"ea-body\"><p>Wenn Sie mit Ihrer Bestellung nicht zufrieden sind, kontaktieren Sie uns bitte unter info@mekulo.com. Bitte beschreiben Sie Ihr Problem so detailliert wie m\u00f6glich und f\u00fcgen Sie ein Foto oder Video bei. Nachdem wir das Problem mit dem bestellten Produkt gepr\u00fcft haben, werden wir versuchen, Ihnen so schnell wie m\u00f6glich zu antworten und eine einvernehmliche L\u00f6sung zu finden.<\/p><p>Dar\u00fcber hinaus kann jede Bestellung innerhalb von 14 Werktagen zur\u00fcckerstattet werden. Weitere Informationen finden Sie unter\u00a0<a href=\"https:\/\/mekulo.com\/de\/versand-ruecksendungen\/\">Versand und R\u00fccksendungen<\/a>.<\/p><\/div><\/div><\/div><div class=\"ea-card sp-ea-single\"><h3 class=\"ea-header\"><a class=\"collapsed\" id=\"ea-header-134823\" role=\"button\" data-sptoggle=\"spcollapse\" data-sptarget=\"#collapse134823\" aria-controls=\"collapse134823\" href=\"#\" rel=nofollow aria-expanded=\"false\" tabindex=\"0\"><i aria-hidden=\"true\" role=\"presentation\" class=\"ea-expand-icon eap-icon-ea-expand-plus\"><\/i> Sind meine Zahlungsdaten sicher?<\/a><\/h3><div class=\"sp-collapse spcollapse \" id=\"collapse134823\" data-parent=\"#sp-ea-13482\" role=\"region\" aria-labelledby=\"ea-header-134823\"> <div class=\"ea-body\"><p>Wir verwenden SSL-Verschl\u00fcsselung (Secure Socket Layer), die daf\u00fcr sorgt, dass Ihre Daten sicher zwischen Ihrem Browser und unseren Servern \u00fcbertragen werden. Dies bietet zus\u00e4tzlichen Schutz vor Datendiebstahl und gew\u00e4hrleistet, dass Ihre pers\u00f6nlichen Zahlungsdaten sicher sind.<\/p><\/div><\/div><\/div><div class=\"ea-card sp-ea-single\"><h3 class=\"ea-header\"><a class=\"collapsed\" id=\"ea-header-134824\" role=\"button\" data-sptoggle=\"spcollapse\" data-sptarget=\"#collapse134824\" aria-controls=\"collapse134824\" href=\"#\" rel=nofollow aria-expanded=\"false\" tabindex=\"0\"><i aria-hidden=\"true\" role=\"presentation\" class=\"ea-expand-icon eap-icon-ea-expand-plus\"><\/i> Wie kann ich ein Produkt zur\u00fccksenden?<\/a><\/h3><div class=\"sp-collapse spcollapse \" id=\"collapse134824\" data-parent=\"#sp-ea-13482\" role=\"region\" aria-labelledby=\"ea-header-134824\"> <div class=\"ea-body\"><p>Bitte kontaktieren Sie uns unter info@mekulo.com f\u00fcr weitere Informationen zur R\u00fccksendung von Produkten. Alle Eink\u00e4ufe k\u00f6nnen innerhalb von 14 Werktagen ohne Angabe von Gr\u00fcnden zur\u00fcckgegeben werden. Kontaktieren Sie uns einfach und wir werden Ihnen alle notwendigen Informationen zur R\u00fccksendung des Pakets zukommen lassen.<\/p><p>Unsere R\u00fccksendeadresse lautet:<br \/>Vienyb\u0117s g. 5, \u0160ilal\u0117, LT-75129, Litauen<\/p><p>Weitere Informationen finden Sie unter\u00a0<a href=\"https:\/\/mekulo.com\/de\/versand-ruecksendungen\/\">Versand und R\u00fccksendungen<\/a>.<\/p><\/div><\/div><\/div><div class=\"ea-card sp-ea-single\"><h3 class=\"ea-header\"><a class=\"collapsed\" id=\"ea-header-134825\" role=\"button\" data-sptoggle=\"spcollapse\" data-sptarget=\"#collapse134825\" aria-controls=\"collapse134825\" href=\"#\" rel=nofollow aria-expanded=\"false\" tabindex=\"0\"><i aria-hidden=\"true\" role=\"presentation\" class=\"ea-expand-icon eap-icon-ea-expand-plus\"><\/i> Haben Sie keine Antwort auf Ihre Frage gefunden?<\/a><\/h3><div class=\"sp-collapse spcollapse \" id=\"collapse134825\" data-parent=\"#sp-ea-13482\" role=\"region\" aria-labelledby=\"ea-header-134825\"> <div class=\"ea-body\"><p>Wenn Sie noch Fragen haben oder weitere Informationen ben\u00f6tigen, wenden Sie sich bitte an info@mekulo.com.<\/p><p>Unser Kundenservice-Team steht Ihnen jederzeit gerne zur Verf\u00fcgung und beantwortet Ihre Fragen. Wir beantworten Fragen innerhalb von 24 Stunden.<\/p><\/div><\/div><\/div><\/div><\/div><\/div>\n\t\t\t\t\t\t<\/div>\n\t\t\t\t\t<\/div>\n\t\t\t\t<\/div>\n\t\t\t\t<\/div>\n\t\t","protected":false},"excerpt":{"rendered":"<p>H\u00e4ufig gestellte Fragen<\/p>\n","protected":false},"author":5,"featured_media":0,"parent":0,"menu_order":0,"comment_status":"closed","ping_status":"closed","template":"","meta":{"site-sidebar-layout":"no-sidebar","site-content-layout":"","ast-site-content-layout":"full-width-container","site-content-style":"default","site-sidebar-style":"default","ast-global-header-display":"","ast-banner-title-visibility":"","ast-main-header-display":"","ast-hfb-above-header-display":"","ast-hfb-below-header-display":"","ast-hfb-mobile-header-display":"","site-post-title":"disabled","ast-breadcrumbs-content":"","ast-featured-img":"disabled","footer-sml-layout":"","theme-transparent-header-meta":"","adv-header-id-meta":"","stick-header-meta":"","header-above-stick-meta":"","header-main-stick-meta":"","header-below-stick-meta":"","astra-migrate-meta-layouts":"default","ast-page-background-enabled":"default","ast-page-background-meta":{"desktop":{"background-color":"var(--ast-global-color-5)","background-image":"","background-repeat":"repeat","background-position":"center center","background-size":"auto","background-attachment":"scroll","background-type":"","background-media":"","overlay-type":"","overlay-color":"","overlay-opacity":"","overlay-gradient":""},"tablet":{"background-color":"","background-image":"","background-repeat":"repeat","background-position":"center center","background-size":"auto","background-attachment":"scroll","background-type":"","background-media":"","overlay-type":"","overlay-color":"","overlay-opacity":"","overlay-gradient":""},"mobile":{"background-color":"","background-image":"","background-repeat":"repeat","background-position":"center center","background-size":"auto","background-attachment":"scroll","background-type":"","background-media":"","overlay-type":"","overlay-color":"","overlay-opacity":"","overlay-gradient":""}},"ast-content-background-meta":{"desktop":{"background-color":"var(--ast-global-color-4)","background-image":"","background-repeat":"repeat","background-position":"center center","background-size":"auto","background-attachment":"scroll","background-type":"","background-media":"","overlay-type":"","overlay-color":"","overlay-opacity":"","overlay-gradient":""},"tablet":{"background-color":"var(--ast-global-color-4)","background-image":"","background-repeat":"repeat","background-position":"center center","background-size":"auto","background-attachment":"scroll","background-type":"","background-media":"","overlay-type":"","overlay-color":"","overlay-opacity":"","overlay-gradient":""},"mobile":{"background-color":"var(--ast-global-color-4)","background-image":"","background-repeat":"repeat","background-position":"center center","background-size":"auto","background-attachment":"scroll","background-type":"","background-media":"","overlay-type":"","overlay-color":"","overlay-opacity":"","overlay-gradient":""}},"footnotes":""},"class_list":["post-12790","page","type-page","status-publish","hentry"],"yoast_head":"<!-- This site is optimized with the Yoast SEO plugin v26.6 - https:\/\/yoast.com\/wordpress\/plugins\/seo\/ -->\n<title>H\u00e4ufig gestellte Fragen - Mekulo DE<\/title>\n<meta name=\"robots\" content=\"index, follow, max-snippet:-1, max-image-preview:large, max-video-preview:-1\" \/>\n<link rel=\"canonical\" href=\"https:\/\/mekulo.com\/de\/haeufig-gestellte-fragen\/\" \/>\n<meta property=\"og:locale\" content=\"de_DE\" \/>\n<meta property=\"og:type\" content=\"article\" \/>\n<meta property=\"og:title\" content=\"H\u00e4ufig gestellte Fragen - Mekulo DE\" \/>\n<meta property=\"og:description\" content=\"H\u00e4ufig gestellte Fragen\" \/>\n<meta property=\"og:url\" content=\"https:\/\/mekulo.com\/de\/haeufig-gestellte-fragen\/\" \/>\n<meta property=\"og:site_name\" content=\"Mekulo DE\" \/>\n<meta property=\"article:modified_time\" content=\"2025-12-29T11:59:04+00:00\" \/>\n<meta name=\"twitter:card\" content=\"summary_large_image\" \/>\n<meta name=\"twitter:label1\" content=\"Gesch\u00e4tzte Lesezeit\" \/>\n\t<meta name=\"twitter:data1\" content=\"3\u00a0Minuten\" \/>\n<script type=\"application\/ld+json\" class=\"yoast-schema-graph\">{\"@context\":\"https:\/\/schema.org\",\"@graph\":[{\"@type\":\"WebPage\",\"@id\":\"https:\/\/mekulo.com\/de\/haeufig-gestellte-fragen\/\",\"url\":\"https:\/\/mekulo.com\/de\/haeufig-gestellte-fragen\/\",\"name\":\"H\u00e4ufig gestellte Fragen - Mekulo DE\",\"isPartOf\":{\"@id\":\"https:\/\/mekulo.com\/de\/#website\"},\"datePublished\":\"2025-12-10T13:12:52+00:00\",\"dateModified\":\"2025-12-29T11:59:04+00:00\",\"breadcrumb\":{\"@id\":\"https:\/\/mekulo.com\/de\/haeufig-gestellte-fragen\/#breadcrumb\"},\"inLanguage\":\"de\",\"potentialAction\":[{\"@type\":\"ReadAction\",\"target\":[\"https:\/\/mekulo.com\/de\/haeufig-gestellte-fragen\/\"]}]},{\"@type\":\"BreadcrumbList\",\"@id\":\"https:\/\/mekulo.com\/de\/haeufig-gestellte-fragen\/#breadcrumb\",\"itemListElement\":[{\"@type\":\"ListItem\",\"position\":1,\"name\":\"Home\",\"item\":\"https:\/\/mekulo.com\/de\/\"},{\"@type\":\"ListItem\",\"position\":2,\"name\":\"H\u00e4ufig gestellte Fragen\"}]},{\"@type\":\"WebSite\",\"@id\":\"https:\/\/mekulo.com\/de\/#website\",\"url\":\"https:\/\/mekulo.com\/de\/\",\"name\":\"Mekulo DE\",\"description\":\"\",\"publisher\":{\"@id\":\"https:\/\/mekulo.com\/de\/#organization\"},\"potentialAction\":[{\"@type\":\"SearchAction\",\"target\":{\"@type\":\"EntryPoint\",\"urlTemplate\":\"https:\/\/mekulo.com\/de\/?s={search_term_string}\"},\"query-input\":{\"@type\":\"PropertyValueSpecification\",\"valueRequired\":true,\"valueName\":\"search_term_string\"}}],\"inLanguage\":\"de\"},{\"@type\":\"Organization\",\"@id\":\"https:\/\/mekulo.com\/de\/#organization\",\"name\":\"Mekulo\",\"url\":\"https:\/\/mekulo.com\/de\/\",\"logo\":{\"@type\":\"ImageObject\",\"inLanguage\":\"de\",\"@id\":\"https:\/\/mekulo.com\/de\/#\/schema\/logo\/image\/\",\"url\":\"https:\/\/mekulo.com\/de\/wp-content\/uploads\/sites\/8\/2025\/12\/favicon_mekulo.png\",\"contentUrl\":\"https:\/\/mekulo.com\/de\/wp-content\/uploads\/sites\/8\/2025\/12\/favicon_mekulo.png\",\"width\":50,\"height\":50,\"caption\":\"Mekulo\"},\"image\":{\"@id\":\"https:\/\/mekulo.com\/de\/#\/schema\/logo\/image\/\"}}]}<\/script>\n<!-- \/ Yoast SEO plugin. -->","yoast_head_json":{"title":"H\u00e4ufig gestellte Fragen - Mekulo DE","robots":{"index":"index","follow":"follow","max-snippet":"max-snippet:-1","max-image-preview":"max-image-preview:large","max-video-preview":"max-video-preview:-1"},"canonical":"https:\/\/mekulo.com\/de\/haeufig-gestellte-fragen\/","og_locale":"de_DE","og_type":"article","og_title":"H\u00e4ufig gestellte Fragen - Mekulo DE","og_description":"H\u00e4ufig gestellte Fragen","og_url":"https:\/\/mekulo.com\/de\/haeufig-gestellte-fragen\/","og_site_name":"Mekulo DE","article_modified_time":"2025-12-29T11:59:04+00:00","twitter_card":"summary_large_image","twitter_misc":{"Gesch\u00e4tzte Lesezeit":"3\u00a0Minuten"},"schema":{"@context":"https:\/\/schema.org","@graph":[{"@type":"WebPage","@id":"https:\/\/mekulo.com\/de\/haeufig-gestellte-fragen\/","url":"https:\/\/mekulo.com\/de\/haeufig-gestellte-fragen\/","name":"H\u00e4ufig gestellte Fragen - Mekulo DE","isPartOf":{"@id":"https:\/\/mekulo.com\/de\/#website"},"datePublished":"2025-12-10T13:12:52+00:00","dateModified":"2025-12-29T11:59:04+00:00","breadcrumb":{"@id":"https:\/\/mekulo.com\/de\/haeufig-gestellte-fragen\/#breadcrumb"},"inLanguage":"de","potentialAction":[{"@type":"ReadAction","target":["https:\/\/mekulo.com\/de\/haeufig-gestellte-fragen\/"]}]},{"@type":"BreadcrumbList","@id":"https:\/\/mekulo.com\/de\/haeufig-gestellte-fragen\/#breadcrumb","itemListElement":[{"@type":"ListItem","position":1,"name":"Home","item":"https:\/\/mekulo.com\/de\/"},{"@type":"ListItem","position":2,"name":"H\u00e4ufig gestellte Fragen"}]},{"@type":"WebSite","@id":"https:\/\/mekulo.com\/de\/#website","url":"https:\/\/mekulo.com\/de\/","name":"Mekulo DE","description":"","publisher":{"@id":"https:\/\/mekulo.com\/de\/#organization"},"potentialAction":[{"@type":"SearchAction","target":{"@type":"EntryPoint","urlTemplate":"https:\/\/mekulo.com\/de\/?s={search_term_string}"},"query-input":{"@type":"PropertyValueSpecification","valueRequired":true,"valueName":"search_term_string"}}],"inLanguage":"de"},{"@type":"Organization","@id":"https:\/\/mekulo.com\/de\/#organization","name":"Mekulo","url":"https:\/\/mekulo.com\/de\/","logo":{"@type":"ImageObject","inLanguage":"de","@id":"https:\/\/mekulo.com\/de\/#\/schema\/logo\/image\/","url":"https:\/\/mekulo.com\/de\/wp-content\/uploads\/sites\/8\/2025\/12\/favicon_mekulo.png","contentUrl":"https:\/\/mekulo.com\/de\/wp-content\/uploads\/sites\/8\/2025\/12\/favicon_mekulo.png","width":50,"height":50,"caption":"Mekulo"},"image":{"@id":"https:\/\/mekulo.com\/de\/#\/schema\/logo\/image\/"}}]}},"_links":{"self":[{"href":"https:\/\/mekulo.com\/de\/wp-json\/wp\/v2\/pages\/12790","targetHints":{"allow":["GET"]}}],"collection":[{"href":"https:\/\/mekulo.com\/de\/wp-json\/wp\/v2\/pages"}],"about":[{"href":"https:\/\/mekulo.com\/de\/wp-json\/wp\/v2\/types\/page"}],"author":[{"embeddable":true,"href":"https:\/\/mekulo.com\/de\/wp-json\/wp\/v2\/users\/5"}],"replies":[{"embeddable":true,"href":"https:\/\/mekulo.com\/de\/wp-json\/wp\/v2\/comments?post=12790"}],"version-history":[{"count":38,"href":"https:\/\/mekulo.com\/de\/wp-json\/wp\/v2\/pages\/12790\/revisions"}],"predecessor-version":[{"id":13504,"href":"https:\/\/mekulo.com\/de\/wp-json\/wp\/v2\/pages\/12790\/revisions\/13504"}],"wp:attachment":[{"href":"https:\/\/mekulo.com\/de\/wp-json\/wp\/v2\/media?parent=12790"}],"curies":[{"name":"wp","href":"https:\/\/api.w.org\/{rel}","templated":true}]}}