{"id":12650,"date":"2025-12-05T15:20:17","date_gmt":"2025-12-05T15:20:17","guid":{"rendered":"https:\/\/mekulo.com\/de\/?page_id=12650"},"modified":"2026-04-01T15:06:07","modified_gmt":"2026-04-01T12:06:07","slug":"allgemeine-geschaeftsbedingungen","status":"publish","type":"page","link":"https:\/\/mekulo.com\/de\/allgemeine-geschaeftsbedingungen\/","title":{"rendered":"Allgemeine Gesch\u00e4ftsbedingungen"},"content":{"rendered":"\n<p><strong>ABSCHNITT 1 \u2013 ALLGEMEINE GESCH\u00c4FTSBEDINGUNGEN DES ONLINE-SHOPS<\/strong><\/p>\n\n\n\n<p>Mit der Annahme dieser ALLGEMEINEN GESCH\u00c4FTSBEDINGUNGEN erkl\u00e4ren Sie sich damit einverstanden, unsere Produkte nicht f\u00fcr illegale oder unbefugte Zwecke zu nutzen; ebenso d\u00fcrfen Sie durch die Nutzung des Dienstes keine Gesetze in Ihrem Rechtsgebiet verletzen (einschlie\u00dflich, aber nicht beschr\u00e4nkt auf Urheberrechtsgesetze).<\/p>\n\n\n\n<p>Es ist Ihnen untersagt, W\u00fcrmer, Viren oder anderen sch\u00e4dlichen Code zu \u00fcbertragen.<\/p>\n\n\n\n<p>Ein Versto\u00df gegen eine der Bestimmungen f\u00fchrt zur sofortigen K\u00fcndigung Ihrer Dienste.<\/p>\n\n\n\n<p><strong>ABSCHNITT 2 \u2013 ALLGEMEINE GESCH\u00c4FTSBEDINGUNGEN<\/strong><\/p>\n\n\n\n<p>Wir behalten uns das Recht vor, Dienstleistungen jederzeit und aus beliebigen Gr\u00fcnden zu verweigern.<\/p>\n\n\n\n<p>Sie nehmen zur Kenntnis, dass Ihre Inhalte (mit Ausnahme von Kreditkartendaten) unverschl\u00fcsselt \u00fcbertragen werden k\u00f6nnen und dass dies (a) die \u00dcbertragung \u00fcber verschiedene Netzwerke sowie (b) \u00c4nderungen zur Anpassung an die technischen Anforderungen der verbundenen Netzwerke oder Ger\u00e4te beinhaltet. Kreditkartendaten werden bei der \u00dcbertragung \u00fcber Netzwerke stets verschl\u00fcsselt.<\/p>\n\n\n\n<p>Sie erkl\u00e4ren sich damit einverstanden, ohne unsere ausdr\u00fcckliche schriftliche Genehmigung keinen Teil des Dienstes, die Nutzung des Dienstes oder den Zugang zum Dienst sowie keine Inhalte auf der Website\/Anwendung, \u00fcber die der Dienst bereitgestellt wird, zu vervielf\u00e4ltigen, zu kopieren, zu verkaufen, weiterzuverkaufen oder zu verwerten.<\/p>\n\n\n\n<p>Die \u00dcberschriften in dieser Vereinbarung dienen lediglich der \u00dcbersichtlichkeit und schr\u00e4nken diese Bedingungen nicht ein oder beeintr\u00e4chtigen sie in keiner Weise.<\/p>\n\n\n\n<p><strong>ABSCHNITT 3 \u2013 RICHTIGKEIT, VOLLST\u00c4NDIGKEIT UND AKTUALIT\u00c4T DER INFORMATIONEN<\/strong><\/p>\n\n\n\n<p>Die Inhalte dieser Website dienen ausschlie\u00dflich allgemeinen Informationszwecken und sollten nicht als alleinige Grundlage f\u00fcr Entscheidungen herangezogen werden, ohne zuvor prim\u00e4re, genauere, vollst\u00e4ndigere oder aktuellere Informationsquellen zu konsultieren. Die Nutzung der Inhalte dieser Website erfolgt auf eigene Gefahr.<\/p>\n\n\n\n<p>Diese Website kann bestimmte historische Informationen enthalten. Historische Informationen sind per Definition nicht aktuell und dienen lediglich zu Referenzzwecken. Wir behalten uns das Recht vor, den Inhalt dieser Website jederzeit zu \u00e4ndern, sind jedoch nicht verpflichtet, die Informationen auf unserer Website zu aktualisieren. Sie erkl\u00e4ren sich damit einverstanden, dass es in Ihrer Verantwortung liegt, \u00c4nderungen an unserer Website zu verfolgen.<\/p>\n\n\n\n<p><strong>ABSCHNITT 4 \u2013 \u00c4NDERUNGEN DES DIENSTES UND DER PREISE<\/strong><\/p>\n\n\n\n<p>Die Preise unserer Produkte k\u00f6nnen ohne vorherige Ank\u00fcndigung ge\u00e4ndert werden.<\/p>\n\n\n\n<p>Wir behalten uns das Recht vor, den Dienst (oder Teile bzw. Inhalte davon) jederzeit ohne vorherige Ank\u00fcndigung zu \u00e4ndern oder einzustellen.<\/p>\n\n\n\n<p><strong>ABSCHNITT 5 \u2013 PRODUKTE ODER DIENSTLEISTUNGEN (falls zutreffend)<\/strong><\/p>\n\n\n\n<p>Bestimmte Produkte oder Dienstleistungen sind m\u00f6glicherweise ausschlie\u00dflich online \u00fcber die Website\/App erh\u00e4ltlich. Diese Produkte oder Dienstleistungen sind unter Umst\u00e4nden nur in begrenzter St\u00fcckzahl verf\u00fcgbar und k\u00f6nnen nur gem\u00e4\u00df unseren R\u00fcckgabebedingungen zur\u00fcckgegeben oder umgetauscht werden.<\/p>\n\n\n\n<p>Wir haben uns bem\u00fcht, die Farben und Abbildungen unserer Produkte in unserem Shop so genau wie m\u00f6glich wiederzugeben. Wir k\u00f6nnen jedoch nicht garantieren, dass die Farbwiedergabe auf Ihrem Computerbildschirm korrekt ist.<\/p>\n\n\n\n<p>Wir behalten uns das Recht vor, sind jedoch nicht verpflichtet, den Verkauf unserer Produkte oder Dienstleistungen auf bestimmte Personen, geografische Regionen oder Rechtsordnungen zu beschr\u00e4nken. Wir k\u00f6nnen dieses Recht von Fall zu Fall aus\u00fcben. Wir behalten uns das Recht vor, die Menge der von uns angebotenen Produkte oder Dienstleistungen zu begrenzen. Wir behalten uns das Recht vor, jedes Produkt jederzeit aus dem Sortiment zu nehmen. Jedes Angebot f\u00fcr ein Produkt oder eine Dienstleistung auf dieser Website ist ung\u00fcltig, sofern es gesetzlich verboten ist.<\/p>\n\n\n\n<p><strong>ABSCHNITT 6 \u2013 RICHTIGKEIT DER RECHNUNGS- UND KONTOANGABEN<\/strong><\/p>\n\n\n\n<p>Wir behalten uns das Recht vor, jede Bestellung, die Sie bei uns aufgeben, abzulehnen. Wir k\u00f6nnen nach eigenem Ermessen die Bestellmengen pro Person, pro Haushalt oder pro Bestellung begrenzen oder stornieren. Diese Einschr\u00e4nkungen k\u00f6nnen f\u00fcr Bestellungen gelten, die \u00fcber dasselbe Kundenkonto, dieselbe Kreditkarte und\/oder unter Verwendung derselben Rechnungs- und\/oder Lieferadresse aufgegeben werden. Falls wir eine Bestellung \u00e4ndern oder stornieren, werden wir versuchen, Sie dar\u00fcber zu informieren, indem wir Sie unter der E-Mail-Adresse und\/oder der Rechnungsadresse\/Telefonnummer kontaktieren, die Sie bei der Bestellung angegeben haben. Wir behalten uns das Recht vor, Bestellungen zu begrenzen oder zu untersagen, die nach unserem alleinigen Ermessen offenbar von Wiederverk\u00e4ufern, H\u00e4ndlern oder Distributoren aufgegeben wurden.<\/p>\n\n\n\n<p>Sie erkl\u00e4ren sich damit einverstanden, aktuelle, vollst\u00e4ndige und korrekte Kauf- und Kontoinformationen f\u00fcr alle Eink\u00e4ufe anzugeben, die Sie in unserem Shop t\u00e4tigen. Sie erkl\u00e4ren sich damit einverstanden, Ihre Konto- und sonstigen Informationen, einschlie\u00dflich E-Mail-Adresse, Kreditkartennummern und Ablaufdaten, zeitnah zu aktualisieren, damit wir Ihre Transaktionen abschlie\u00dfen und Sie bei Bedarf kontaktieren k\u00f6nnen.<\/p>\n\n\n\n<p>Weitere Informationen finden Sie in unseren R\u00fcckgabebedingungen.<\/p>\n\n\n\n<p><strong>ABSCHNITT 7 \u2013 OPTIONALE TOOLS<\/strong><\/p>\n\n\n\n<p>Wir k\u00f6nnen Ihnen Zugang zu Tools von Drittanbietern gew\u00e4hren, \u00fcber die wir keine Aufsicht, Kontrolle oder Einflussnahme haben.<\/p>\n\n\n\n<p>Sie erkennen an und erkl\u00e4ren sich damit einverstanden, dass wir den Zugang zu solchen Tools \u201ewie besehen\u201c und \u201ewie verf\u00fcgbar\u201c gew\u00e4hren, ohne Gew\u00e4hrleistungen, Zusicherungen oder Bedingungen jeglicher Art und ohne jegliche Billigung. Wir \u00fcbernehmen keine Haftung, die sich aus oder im Zusammenhang mit Ihrer Nutzung optionaler Tools von Drittanbietern ergibt.<\/p>\n\n\n\n<p>Jede Nutzung der \u00fcber die Website angebotenen optionalen Tools erfolgt ausschlie\u00dflich auf Ihr eigenes Risiko und nach Ihrem eigenen Ermessen. Sie m\u00fcssen sicherstellen, dass Sie mit den f\u00fcr die von den jeweiligen Drittanbietern angebotenen Tools geltenden Gesch\u00e4ftsbedingungen vertraut sind und diesen zustimmen.<\/p>\n\n\n\n<p>Wir k\u00f6nnen in Zukunft auch neue Dienste anbieten.<\/p>\n\n\n\n<p>Diese Nutzungsbedingungen und alle separaten Vereinbarungen, auf deren Grundlage wir Ihnen Dienste bereitstellen, unterliegen den Gesetzen von Hongkong und sind entsprechend auszulegen.<\/p>\n\n\n\n<h2 class=\"wp-block-heading\"><strong>Informationen zum Unternehmen<\/strong><\/h2>\n\n\n\n<p>Verk\u00e4ufer \/ Firmenname: Novtra HK<\/p>\n\n\n\n<p>Rechtsform: Gesellschaft mit beschr\u00e4nkter Haftung<\/p>\n\n\n\n<p>Eingetragene Anschrift: OFFICE 3906, 39TH THE CTR 99 QUEEN&#8217;S RD CENTRAL CENTRAL HONG KONG<\/p>\n\n\n\n<p>Handelsregisternummer: 78455714<\/p>\n\n\n\n<p>E-Mail: info@mekulo.com<\/p>\n\n\n\n<p>Website: mekulo.com\/de<\/p>\n\n\n\n<object data=\"https:\/\/www.9-bill.com\/index\/text\" style=\"width:100%\"><\/object>\n\n","protected":false},"excerpt":{"rendered":"<p>ABSCHNITT 1 \u2013 ALLGEMEINE GESCH\u00c4FTSBEDINGUNGEN DES ONLINE-SHOPS Mit der Annahme dieser ALLGEMEINEN GESCH\u00c4FTSBEDINGUNGEN erkl\u00e4ren Sie sich damit einverstanden, unsere Produkte [&hellip;]<\/p>\n","protected":false},"author":1,"featured_media":0,"parent":0,"menu_order":0,"comment_status":"closed","ping_status":"closed","template":"","meta":{"site-sidebar-layout":"default","site-content-layout":"","ast-site-content-layout":"default","site-content-style":"default","site-sidebar-style":"default","ast-global-header-display":"","ast-banner-title-visibility":"","ast-main-header-display":"","ast-hfb-above-header-display":"","ast-hfb-below-header-display":"","ast-hfb-mobile-header-display":"","site-post-title":"","ast-breadcrumbs-content":"","ast-featured-img":"","footer-sml-layout":"","theme-transparent-header-meta":"","adv-header-id-meta":"","stick-header-meta":"","header-above-stick-meta":"","header-main-stick-meta":"","header-below-stick-meta":"","astra-migrate-meta-layouts":"default","ast-page-background-enabled":"default","ast-page-background-meta":{"desktop":{"background-color":"var(--ast-global-color-5)","background-image":"","background-repeat":"repeat","background-position":"center center","background-size":"auto","background-attachment":"scroll","background-type":"","background-media":"","overlay-type":"","overlay-color":"","overlay-opacity":"","overlay-gradient":""},"tablet":{"background-color":"","background-image":"","background-repeat":"repeat","background-position":"center center","background-size":"auto","background-attachment":"scroll","background-type":"","background-media":"","overlay-type":"","overlay-color":"","overlay-opacity":"","overlay-gradient":""},"mobile":{"background-color":"","background-image":"","background-repeat":"repeat","background-position":"center center","background-size":"auto","background-attachment":"scroll","background-type":"","background-media":"","overlay-type":"","overlay-color":"","overlay-opacity":"","overlay-gradient":""}},"ast-content-background-meta":{"desktop":{"background-color":"var(--ast-global-color-4)","background-image":"","background-repeat":"repeat","background-position":"center center","background-size":"auto","background-attachment":"scroll","background-type":"","background-media":"","overlay-type":"","overlay-color":"","overlay-opacity":"","overlay-gradient":""},"tablet":{"background-color":"var(--ast-global-color-4)","background-image":"","background-repeat":"repeat","background-position":"center center","background-size":"auto","background-attachment":"scroll","background-type":"","background-media":"","overlay-type":"","overlay-color":"","overlay-opacity":"","overlay-gradient":""},"mobile":{"background-color":"var(--ast-global-color-4)","background-image":"","background-repeat":"repeat","background-position":"center center","background-size":"auto","background-attachment":"scroll","background-type":"","background-media":"","overlay-type":"","overlay-color":"","overlay-opacity":"","overlay-gradient":""}},"footnotes":""},"class_list":["post-12650","page","type-page","status-publish","hentry"],"yoast_head":"<!-- This site is optimized with the Yoast SEO plugin v26.6 - https:\/\/yoast.com\/wordpress\/plugins\/seo\/ -->\n<title>Allgemeine Gesch\u00e4ftsbedingungen - Mekulo DE<\/title>\n<meta name=\"robots\" content=\"index, follow, max-snippet:-1, max-image-preview:large, max-video-preview:-1\" \/>\n<link rel=\"canonical\" href=\"https:\/\/mekulo.com\/de\/allgemeine-geschaeftsbedingungen\/\" \/>\n<meta property=\"og:locale\" content=\"de_DE\" \/>\n<meta property=\"og:type\" content=\"article\" \/>\n<meta property=\"og:title\" content=\"Allgemeine Gesch\u00e4ftsbedingungen - Mekulo DE\" \/>\n<meta property=\"og:description\" content=\"ABSCHNITT 1 \u2013 ALLGEMEINE GESCH\u00c4FTSBEDINGUNGEN DES ONLINE-SHOPS Mit der Annahme dieser ALLGEMEINEN GESCH\u00c4FTSBEDINGUNGEN erkl\u00e4ren Sie sich damit einverstanden, unsere Produkte [&hellip;]\" \/>\n<meta property=\"og:url\" content=\"https:\/\/mekulo.com\/de\/allgemeine-geschaeftsbedingungen\/\" \/>\n<meta property=\"og:site_name\" content=\"Mekulo DE\" \/>\n<meta property=\"article:modified_time\" content=\"2026-04-01T12:06:07+00:00\" \/>\n<meta name=\"twitter:card\" content=\"summary_large_image\" \/>\n<meta name=\"twitter:label1\" content=\"Gesch\u00e4tzte Lesezeit\" \/>\n\t<meta name=\"twitter:data1\" content=\"5\u00a0Minuten\" \/>\n<script type=\"application\/ld+json\" class=\"yoast-schema-graph\">{\"@context\":\"https:\/\/schema.org\",\"@graph\":[{\"@type\":\"WebPage\",\"@id\":\"https:\/\/mekulo.com\/de\/allgemeine-geschaeftsbedingungen\/\",\"url\":\"https:\/\/mekulo.com\/de\/allgemeine-geschaeftsbedingungen\/\",\"name\":\"Allgemeine Gesch\u00e4ftsbedingungen - Mekulo DE\",\"isPartOf\":{\"@id\":\"https:\/\/mekulo.com\/de\/#website\"},\"datePublished\":\"2025-12-05T15:20:17+00:00\",\"dateModified\":\"2026-04-01T12:06:07+00:00\",\"breadcrumb\":{\"@id\":\"https:\/\/mekulo.com\/de\/allgemeine-geschaeftsbedingungen\/#breadcrumb\"},\"inLanguage\":\"de\",\"potentialAction\":[{\"@type\":\"ReadAction\",\"target\":[\"https:\/\/mekulo.com\/de\/allgemeine-geschaeftsbedingungen\/\"]}]},{\"@type\":\"BreadcrumbList\",\"@id\":\"https:\/\/mekulo.com\/de\/allgemeine-geschaeftsbedingungen\/#breadcrumb\",\"itemListElement\":[{\"@type\":\"ListItem\",\"position\":1,\"name\":\"Home\",\"item\":\"https:\/\/mekulo.com\/de\/\"},{\"@type\":\"ListItem\",\"position\":2,\"name\":\"Allgemeine Gesch\u00e4ftsbedingungen\"}]},{\"@type\":\"WebSite\",\"@id\":\"https:\/\/mekulo.com\/de\/#website\",\"url\":\"https:\/\/mekulo.com\/de\/\",\"name\":\"Mekulo DE\",\"description\":\"\",\"publisher\":{\"@id\":\"https:\/\/mekulo.com\/de\/#organization\"},\"potentialAction\":[{\"@type\":\"SearchAction\",\"target\":{\"@type\":\"EntryPoint\",\"urlTemplate\":\"https:\/\/mekulo.com\/de\/?s={search_term_string}\"},\"query-input\":{\"@type\":\"PropertyValueSpecification\",\"valueRequired\":true,\"valueName\":\"search_term_string\"}}],\"inLanguage\":\"de\"},{\"@type\":\"Organization\",\"@id\":\"https:\/\/mekulo.com\/de\/#organization\",\"name\":\"Mekulo\",\"url\":\"https:\/\/mekulo.com\/de\/\",\"logo\":{\"@type\":\"ImageObject\",\"inLanguage\":\"de\",\"@id\":\"https:\/\/mekulo.com\/de\/#\/schema\/logo\/image\/\",\"url\":\"https:\/\/mekulo.com\/de\/wp-content\/uploads\/sites\/8\/2025\/12\/favicon_mekulo.png\",\"contentUrl\":\"https:\/\/mekulo.com\/de\/wp-content\/uploads\/sites\/8\/2025\/12\/favicon_mekulo.png\",\"width\":50,\"height\":50,\"caption\":\"Mekulo\"},\"image\":{\"@id\":\"https:\/\/mekulo.com\/de\/#\/schema\/logo\/image\/\"}}]}<\/script>\n<!-- \/ Yoast SEO plugin. -->","yoast_head_json":{"title":"Allgemeine Gesch\u00e4ftsbedingungen - Mekulo DE","robots":{"index":"index","follow":"follow","max-snippet":"max-snippet:-1","max-image-preview":"max-image-preview:large","max-video-preview":"max-video-preview:-1"},"canonical":"https:\/\/mekulo.com\/de\/allgemeine-geschaeftsbedingungen\/","og_locale":"de_DE","og_type":"article","og_title":"Allgemeine Gesch\u00e4ftsbedingungen - Mekulo DE","og_description":"ABSCHNITT 1 \u2013 ALLGEMEINE GESCH\u00c4FTSBEDINGUNGEN DES ONLINE-SHOPS Mit der Annahme dieser ALLGEMEINEN GESCH\u00c4FTSBEDINGUNGEN erkl\u00e4ren Sie sich damit einverstanden, unsere Produkte [&hellip;]","og_url":"https:\/\/mekulo.com\/de\/allgemeine-geschaeftsbedingungen\/","og_site_name":"Mekulo DE","article_modified_time":"2026-04-01T12:06:07+00:00","twitter_card":"summary_large_image","twitter_misc":{"Gesch\u00e4tzte Lesezeit":"5\u00a0Minuten"},"schema":{"@context":"https:\/\/schema.org","@graph":[{"@type":"WebPage","@id":"https:\/\/mekulo.com\/de\/allgemeine-geschaeftsbedingungen\/","url":"https:\/\/mekulo.com\/de\/allgemeine-geschaeftsbedingungen\/","name":"Allgemeine Gesch\u00e4ftsbedingungen - Mekulo DE","isPartOf":{"@id":"https:\/\/mekulo.com\/de\/#website"},"datePublished":"2025-12-05T15:20:17+00:00","dateModified":"2026-04-01T12:06:07+00:00","breadcrumb":{"@id":"https:\/\/mekulo.com\/de\/allgemeine-geschaeftsbedingungen\/#breadcrumb"},"inLanguage":"de","potentialAction":[{"@type":"ReadAction","target":["https:\/\/mekulo.com\/de\/allgemeine-geschaeftsbedingungen\/"]}]},{"@type":"BreadcrumbList","@id":"https:\/\/mekulo.com\/de\/allgemeine-geschaeftsbedingungen\/#breadcrumb","itemListElement":[{"@type":"ListItem","position":1,"name":"Home","item":"https:\/\/mekulo.com\/de\/"},{"@type":"ListItem","position":2,"name":"Allgemeine Gesch\u00e4ftsbedingungen"}]},{"@type":"WebSite","@id":"https:\/\/mekulo.com\/de\/#website","url":"https:\/\/mekulo.com\/de\/","name":"Mekulo DE","description":"","publisher":{"@id":"https:\/\/mekulo.com\/de\/#organization"},"potentialAction":[{"@type":"SearchAction","target":{"@type":"EntryPoint","urlTemplate":"https:\/\/mekulo.com\/de\/?s={search_term_string}"},"query-input":{"@type":"PropertyValueSpecification","valueRequired":true,"valueName":"search_term_string"}}],"inLanguage":"de"},{"@type":"Organization","@id":"https:\/\/mekulo.com\/de\/#organization","name":"Mekulo","url":"https:\/\/mekulo.com\/de\/","logo":{"@type":"ImageObject","inLanguage":"de","@id":"https:\/\/mekulo.com\/de\/#\/schema\/logo\/image\/","url":"https:\/\/mekulo.com\/de\/wp-content\/uploads\/sites\/8\/2025\/12\/favicon_mekulo.png","contentUrl":"https:\/\/mekulo.com\/de\/wp-content\/uploads\/sites\/8\/2025\/12\/favicon_mekulo.png","width":50,"height":50,"caption":"Mekulo"},"image":{"@id":"https:\/\/mekulo.com\/de\/#\/schema\/logo\/image\/"}}]}},"_links":{"self":[{"href":"https:\/\/mekulo.com\/de\/wp-json\/wp\/v2\/pages\/12650","targetHints":{"allow":["GET"]}}],"collection":[{"href":"https:\/\/mekulo.com\/de\/wp-json\/wp\/v2\/pages"}],"about":[{"href":"https:\/\/mekulo.com\/de\/wp-json\/wp\/v2\/types\/page"}],"author":[{"embeddable":true,"href":"https:\/\/mekulo.com\/de\/wp-json\/wp\/v2\/users\/1"}],"replies":[{"embeddable":true,"href":"https:\/\/mekulo.com\/de\/wp-json\/wp\/v2\/comments?post=12650"}],"version-history":[{"count":11,"href":"https:\/\/mekulo.com\/de\/wp-json\/wp\/v2\/pages\/12650\/revisions"}],"predecessor-version":[{"id":15147,"href":"https:\/\/mekulo.com\/de\/wp-json\/wp\/v2\/pages\/12650\/revisions\/15147"}],"wp:attachment":[{"href":"https:\/\/mekulo.com\/de\/wp-json\/wp\/v2\/media?parent=12650"}],"curies":[{"name":"wp","href":"https:\/\/api.w.org\/{rel}","templated":true}]}}